{"id":981,"date":"2022-02-01T19:05:08","date_gmt":"2022-02-01T19:05:08","guid":{"rendered":"https:\/\/innocentia-inviolata.fr\/en\/?page_id=981"},"modified":"2025-09-20T09:47:41","modified_gmt":"2025-09-20T09:47:41","slug":"todos-o-nenhum","status":"publish","type":"page","link":"https:\/\/innocentia-inviolata.fr\/fr\/creations\/todos-o-nenhum\/","title":{"rendered":"Todos O Nenhum 2020"},"content":{"rendered":"<p>Joao Menino Vargas \/\u00a0 C\u00e9line Nogueira<\/p>\n<p>En portugais<\/p>\n<p><img loading=\"lazy\" class=\"alignnone size-medium wp-image-939\" src=\"https:\/\/innocentia-inviolata.fr\/wp-content\/uploads\/DSC_9113-1-410x273.jpg\" alt=\"\" width=\"410\" height=\"273\" srcset=\"https:\/\/innocentia-inviolata.fr\/wp-content\/uploads\/DSC_9113-1-410x273.jpg 410w, https:\/\/innocentia-inviolata.fr\/wp-content\/uploads\/DSC_9113-1-1024x681.jpg 1024w, https:\/\/innocentia-inviolata.fr\/wp-content\/uploads\/DSC_9113-1-768x511.jpg 768w, https:\/\/innocentia-inviolata.fr\/wp-content\/uploads\/DSC_9113-1-1536x1022.jpg 1536w, https:\/\/innocentia-inviolata.fr\/wp-content\/uploads\/DSC_9113-1-2048x1363.jpg 2048w\" sizes=\"(max-width: 410px) 100vw, 410px\" \/> <img loading=\"lazy\" class=\"alignnone size-medium wp-image-942\" src=\"https:\/\/innocentia-inviolata.fr\/wp-content\/uploads\/DSC_9158-1-410x273.jpg\" alt=\"\" width=\"410\" height=\"273\" srcset=\"https:\/\/innocentia-inviolata.fr\/wp-content\/uploads\/DSC_9158-1-410x273.jpg 410w, https:\/\/innocentia-inviolata.fr\/wp-content\/uploads\/DSC_9158-1-1024x681.jpg 1024w, https:\/\/innocentia-inviolata.fr\/wp-content\/uploads\/DSC_9158-1-768x511.jpg 768w, https:\/\/innocentia-inviolata.fr\/wp-content\/uploads\/DSC_9158-1-1536x1022.jpg 1536w, https:\/\/innocentia-inviolata.fr\/wp-content\/uploads\/DSC_9158-1-2048x1363.jpg 2048w\" sizes=\"(max-width: 410px) 100vw, 410px\" \/><\/p>\n<p><img loading=\"lazy\" class=\"alignnone size-medium wp-image-941\" src=\"https:\/\/innocentia-inviolata.fr\/wp-content\/uploads\/DSC_9148-1-410x273.jpg\" alt=\"\" width=\"410\" height=\"273\" srcset=\"https:\/\/innocentia-inviolata.fr\/wp-content\/uploads\/DSC_9148-1-410x273.jpg 410w, https:\/\/innocentia-inviolata.fr\/wp-content\/uploads\/DSC_9148-1-1024x681.jpg 1024w, https:\/\/innocentia-inviolata.fr\/wp-content\/uploads\/DSC_9148-1-768x511.jpg 768w, https:\/\/innocentia-inviolata.fr\/wp-content\/uploads\/DSC_9148-1-1536x1022.jpg 1536w, https:\/\/innocentia-inviolata.fr\/wp-content\/uploads\/DSC_9148-1-2048x1363.jpg 2048w\" sizes=\"(max-width: 410px) 100vw, 410px\" \/> <img loading=\"lazy\" class=\"alignnone size-medium wp-image-940\" src=\"https:\/\/innocentia-inviolata.fr\/wp-content\/uploads\/DSC_9131-1-410x273.jpg\" alt=\"\" width=\"410\" height=\"273\" srcset=\"https:\/\/innocentia-inviolata.fr\/wp-content\/uploads\/DSC_9131-1-410x273.jpg 410w, https:\/\/innocentia-inviolata.fr\/wp-content\/uploads\/DSC_9131-1-1024x681.jpg 1024w, https:\/\/innocentia-inviolata.fr\/wp-content\/uploads\/DSC_9131-1-768x511.jpg 768w, https:\/\/innocentia-inviolata.fr\/wp-content\/uploads\/DSC_9131-1-1536x1022.jpg 1536w, https:\/\/innocentia-inviolata.fr\/wp-content\/uploads\/DSC_9131-1-2048x1363.jpg 2048w\" sizes=\"(max-width: 410px) 100vw, 410px\" \/><\/p>\n<p>Created with BRASTUGAS\u00a0 at the Festival Universc\u00e8nes, Toulouse Jean-Jaur\u00e8s University in 2020 Spectacle cr\u00e9\u00e9 avec BRASTUGAS \u00e0 l&rsquo;occasion du Festival Universc\u00e8nes &#8211; Universit\u00e9 Toulouse Jean Jaur\u00e8s Lumi\u00e8res : Georges Malka<\/p>","protected":false},"excerpt":{"rendered":"<p>Joao Menino Vargas \/\u00a0 C\u00e9line Nogueira En portugais Created with BRASTUGAS\u00a0 at the Festival Universc\u00e8nes, Toulouse Jean-Jaur\u00e8s University in 2020 Spectacle cr\u00e9\u00e9 avec BRASTUGAS \u00e0 l&rsquo;occasion du Festival Universc\u00e8nes &#8211; Universit\u00e9 Toulouse Jean Jaur\u00e8s Lumi\u00e8res : Georges Malka<\/p>\n","protected":false},"author":2,"featured_media":944,"parent":7,"menu_order":10,"comment_status":"closed","ping_status":"closed","template":"cubes.php","meta":[],"categories":[9],"tags":[],"yoast_head":"<!-- This site is optimized with the Yoast SEO plugin v18.1 - https:\/\/yoast.com\/wordpress\/plugins\/seo\/ -->\n<meta name=\"robots\" content=\"index, follow, max-snippet:-1, max-image-preview:large, max-video-preview:-1\" \/>\n<link rel=\"canonical\" href=\"https:\/\/innocentia-inviolata.fr\/fr\/creations\/todos-o-nenhum\/\" \/>\n<meta property=\"og:locale\" content=\"fr_FR\" \/>\n<meta property=\"og:type\" content=\"article\" \/>\n<meta property=\"og:title\" content=\"Todos O Nenhum 2020 - INNOCENTIA INVIOLATA\" \/>\n<meta property=\"og:description\" content=\"Joao Menino Vargas \/\u00a0 C\u00e9line Nogueira En portugais Created with BRASTUGAS\u00a0 at the Festival Universc\u00e8nes, Toulouse Jean-Jaur\u00e8s University in 2020 Spectacle cr\u00e9\u00e9 avec BRASTUGAS \u00e0 l&rsquo;occasion du Festival Universc\u00e8nes &#8211; Universit\u00e9 Toulouse Jean Jaur\u00e8s Lumi\u00e8res : Georges Malka\" \/>\n<meta property=\"og:url\" content=\"https:\/\/innocentia-inviolata.fr\/fr\/creations\/todos-o-nenhum\/\" \/>\n<meta property=\"og:site_name\" content=\"INNOCENTIA INVIOLATA\" \/>\n<meta property=\"article:publisher\" content=\"https:\/\/fr-fr.facebook.com\/innocentia.inviolata.9\" \/>\n<meta property=\"article:modified_time\" content=\"2025-09-20T09:47:41+00:00\" \/>\n<meta property=\"og:image\" content=\"https:\/\/innocentia-inviolata.fr\/wp-content\/uploads\/DSC_9168-scaled.jpg\" \/>\n\t<meta property=\"og:image:width\" content=\"2560\" \/>\n\t<meta property=\"og:image:height\" content=\"1703\" \/>\n\t<meta property=\"og:image:type\" content=\"image\/jpeg\" \/>\n<meta name=\"twitter:card\" content=\"summary_large_image\" \/>\n<script type=\"application\/ld+json\" class=\"yoast-schema-graph\">{\"@context\":\"https:\/\/schema.org\",\"@graph\":[{\"@type\":\"Organization\",\"@id\":\"https:\/\/innocentia-inviolata.fr\/fr\/#organization\",\"name\":\"Innocentia Inviolata\",\"url\":\"https:\/\/innocentia-inviolata.fr\/fr\/\",\"sameAs\":[\"https:\/\/fr-fr.facebook.com\/innocentia.inviolata.9\"],\"logo\":{\"@type\":\"ImageObject\",\"@id\":\"https:\/\/innocentia-inviolata.fr\/fr\/#logo\",\"inLanguage\":\"fr-FR\",\"url\":\"https:\/\/innocentia-inviolata.fr\/wp-content\/uploads\/screenshot.png\",\"contentUrl\":\"https:\/\/innocentia-inviolata.fr\/wp-content\/uploads\/screenshot.png\",\"width\":300,\"height\":225,\"caption\":\"Innocentia Inviolata\"},\"image\":{\"@id\":\"https:\/\/innocentia-inviolata.fr\/fr\/#logo\"}},{\"@type\":\"WebSite\",\"@id\":\"https:\/\/innocentia-inviolata.fr\/fr\/#website\",\"url\":\"https:\/\/innocentia-inviolata.fr\/fr\/\",\"name\":\"INNOCENTIA INVIOLATA\",\"description\":\"Direction C\u00e9line Nogueira\",\"publisher\":{\"@id\":\"https:\/\/innocentia-inviolata.fr\/fr\/#organization\"},\"potentialAction\":[{\"@type\":\"SearchAction\",\"target\":{\"@type\":\"EntryPoint\",\"urlTemplate\":\"https:\/\/innocentia-inviolata.fr\/fr\/?s={search_term_string}\"},\"query-input\":\"required name=search_term_string\"}],\"inLanguage\":\"fr-FR\"},{\"@type\":\"ImageObject\",\"@id\":\"https:\/\/innocentia-inviolata.fr\/fr\/creations\/todos-o-nenhum\/#primaryimage\",\"inLanguage\":\"fr-FR\",\"url\":\"https:\/\/innocentia-inviolata.fr\/wp-content\/uploads\/DSC_9168-scaled.jpg\",\"contentUrl\":\"https:\/\/innocentia-inviolata.fr\/wp-content\/uploads\/DSC_9168-scaled.jpg\",\"width\":2560,\"height\":1703},{\"@type\":\"WebPage\",\"@id\":\"https:\/\/innocentia-inviolata.fr\/fr\/creations\/todos-o-nenhum\/#webpage\",\"url\":\"https:\/\/innocentia-inviolata.fr\/fr\/creations\/todos-o-nenhum\/\",\"name\":\"Todos O Nenhum 2020 - INNOCENTIA INVIOLATA\",\"isPartOf\":{\"@id\":\"https:\/\/innocentia-inviolata.fr\/fr\/#website\"},\"primaryImageOfPage\":{\"@id\":\"https:\/\/innocentia-inviolata.fr\/fr\/creations\/todos-o-nenhum\/#primaryimage\"},\"datePublished\":\"2022-02-01T19:05:08+00:00\",\"dateModified\":\"2025-09-20T09:47:41+00:00\",\"breadcrumb\":{\"@id\":\"https:\/\/innocentia-inviolata.fr\/fr\/creations\/todos-o-nenhum\/#breadcrumb\"},\"inLanguage\":\"fr-FR\",\"potentialAction\":[{\"@type\":\"ReadAction\",\"target\":[[\"https:\/\/innocentia-inviolata.fr\/fr\/creations\/todos-o-nenhum\/\"]]}]},{\"@type\":\"BreadcrumbList\",\"@id\":\"https:\/\/innocentia-inviolata.fr\/fr\/creations\/todos-o-nenhum\/#breadcrumb\",\"itemListElement\":[{\"@type\":\"ListItem\",\"position\":1,\"name\":\"Home\",\"item\":\"https:\/\/innocentia-inviolata.fr\/fr\/\"},{\"@type\":\"ListItem\",\"position\":2,\"name\":\"ALL productions\",\"item\":\"https:\/\/innocentia-inviolata.fr\/fr\/creations\/\"},{\"@type\":\"ListItem\",\"position\":3,\"name\":\"Todos O Nenhum 2020\"}]}]}<\/script>\n<!-- \/ Yoast SEO plugin. -->","yoast_head_json":{"robots":{"index":"index","follow":"follow","max-snippet":"max-snippet:-1","max-image-preview":"max-image-preview:large","max-video-preview":"max-video-preview:-1"},"canonical":"https:\/\/innocentia-inviolata.fr\/fr\/creations\/todos-o-nenhum\/","og_locale":"fr_FR","og_type":"article","og_title":"Todos O Nenhum 2020 - INNOCENTIA INVIOLATA","og_description":"Joao Menino Vargas \/\u00a0 C\u00e9line Nogueira En portugais Created with BRASTUGAS\u00a0 at the Festival Universc\u00e8nes, Toulouse Jean-Jaur\u00e8s University in 2020 Spectacle cr\u00e9\u00e9 avec BRASTUGAS \u00e0 l&rsquo;occasion du Festival Universc\u00e8nes &#8211; Universit\u00e9 Toulouse Jean Jaur\u00e8s Lumi\u00e8res : Georges Malka","og_url":"https:\/\/innocentia-inviolata.fr\/fr\/creations\/todos-o-nenhum\/","og_site_name":"INNOCENTIA INVIOLATA","article_publisher":"https:\/\/fr-fr.facebook.com\/innocentia.inviolata.9","article_modified_time":"2025-09-20T09:47:41+00:00","og_image":[{"width":2560,"height":1703,"url":"https:\/\/innocentia-inviolata.fr\/wp-content\/uploads\/DSC_9168-scaled.jpg","type":"image\/jpeg"}],"twitter_card":"summary_large_image","schema":{"@context":"https:\/\/schema.org","@graph":[{"@type":"Organization","@id":"https:\/\/innocentia-inviolata.fr\/fr\/#organization","name":"Innocentia Inviolata","url":"https:\/\/innocentia-inviolata.fr\/fr\/","sameAs":["https:\/\/fr-fr.facebook.com\/innocentia.inviolata.9"],"logo":{"@type":"ImageObject","@id":"https:\/\/innocentia-inviolata.fr\/fr\/#logo","inLanguage":"fr-FR","url":"https:\/\/innocentia-inviolata.fr\/wp-content\/uploads\/screenshot.png","contentUrl":"https:\/\/innocentia-inviolata.fr\/wp-content\/uploads\/screenshot.png","width":300,"height":225,"caption":"Innocentia Inviolata"},"image":{"@id":"https:\/\/innocentia-inviolata.fr\/fr\/#logo"}},{"@type":"WebSite","@id":"https:\/\/innocentia-inviolata.fr\/fr\/#website","url":"https:\/\/innocentia-inviolata.fr\/fr\/","name":"INNOCENTIA INVIOLATA","description":"Direction C\u00e9line Nogueira","publisher":{"@id":"https:\/\/innocentia-inviolata.fr\/fr\/#organization"},"potentialAction":[{"@type":"SearchAction","target":{"@type":"EntryPoint","urlTemplate":"https:\/\/innocentia-inviolata.fr\/fr\/?s={search_term_string}"},"query-input":"required name=search_term_string"}],"inLanguage":"fr-FR"},{"@type":"ImageObject","@id":"https:\/\/innocentia-inviolata.fr\/fr\/creations\/todos-o-nenhum\/#primaryimage","inLanguage":"fr-FR","url":"https:\/\/innocentia-inviolata.fr\/wp-content\/uploads\/DSC_9168-scaled.jpg","contentUrl":"https:\/\/innocentia-inviolata.fr\/wp-content\/uploads\/DSC_9168-scaled.jpg","width":2560,"height":1703},{"@type":"WebPage","@id":"https:\/\/innocentia-inviolata.fr\/fr\/creations\/todos-o-nenhum\/#webpage","url":"https:\/\/innocentia-inviolata.fr\/fr\/creations\/todos-o-nenhum\/","name":"Todos O Nenhum 2020 - INNOCENTIA INVIOLATA","isPartOf":{"@id":"https:\/\/innocentia-inviolata.fr\/fr\/#website"},"primaryImageOfPage":{"@id":"https:\/\/innocentia-inviolata.fr\/fr\/creations\/todos-o-nenhum\/#primaryimage"},"datePublished":"2022-02-01T19:05:08+00:00","dateModified":"2025-09-20T09:47:41+00:00","breadcrumb":{"@id":"https:\/\/innocentia-inviolata.fr\/fr\/creations\/todos-o-nenhum\/#breadcrumb"},"inLanguage":"fr-FR","potentialAction":[{"@type":"ReadAction","target":[["https:\/\/innocentia-inviolata.fr\/fr\/creations\/todos-o-nenhum\/"]]}]},{"@type":"BreadcrumbList","@id":"https:\/\/innocentia-inviolata.fr\/fr\/creations\/todos-o-nenhum\/#breadcrumb","itemListElement":[{"@type":"ListItem","position":1,"name":"Home","item":"https:\/\/innocentia-inviolata.fr\/fr\/"},{"@type":"ListItem","position":2,"name":"ALL productions","item":"https:\/\/innocentia-inviolata.fr\/fr\/creations\/"},{"@type":"ListItem","position":3,"name":"Todos O Nenhum 2020"}]}]}},"_links":{"self":[{"href":"https:\/\/innocentia-inviolata.fr\/fr\/wp-json\/wp\/v2\/pages\/981"}],"collection":[{"href":"https:\/\/innocentia-inviolata.fr\/fr\/wp-json\/wp\/v2\/pages"}],"about":[{"href":"https:\/\/innocentia-inviolata.fr\/fr\/wp-json\/wp\/v2\/types\/page"}],"author":[{"embeddable":true,"href":"https:\/\/innocentia-inviolata.fr\/fr\/wp-json\/wp\/v2\/users\/2"}],"replies":[{"embeddable":true,"href":"https:\/\/innocentia-inviolata.fr\/fr\/wp-json\/wp\/v2\/comments?post=981"}],"version-history":[{"count":3,"href":"https:\/\/innocentia-inviolata.fr\/fr\/wp-json\/wp\/v2\/pages\/981\/revisions"}],"predecessor-version":[{"id":1010,"href":"https:\/\/innocentia-inviolata.fr\/fr\/wp-json\/wp\/v2\/pages\/981\/revisions\/1010"}],"up":[{"embeddable":true,"href":"https:\/\/innocentia-inviolata.fr\/fr\/wp-json\/wp\/v2\/pages\/7"}],"wp:featuredmedia":[{"embeddable":true,"href":"https:\/\/innocentia-inviolata.fr\/fr\/wp-json\/wp\/v2\/media\/944"}],"wp:attachment":[{"href":"https:\/\/innocentia-inviolata.fr\/fr\/wp-json\/wp\/v2\/media?parent=981"}],"wp:term":[{"taxonomy":"category","embeddable":true,"href":"https:\/\/innocentia-inviolata.fr\/fr\/wp-json\/wp\/v2\/categories?post=981"},{"taxonomy":"post_tag","embeddable":true,"href":"https:\/\/innocentia-inviolata.fr\/fr\/wp-json\/wp\/v2\/tags?post=981"}],"curies":[{"name":"wp","href":"https:\/\/api.w.org\/{rel}","templated":true}]}}