{"id":831,"date":"2022-01-16T20:20:59","date_gmt":"2022-01-16T20:20:59","guid":{"rendered":"https:\/\/innocentia-inviolata.fr\/en\/?page_id=831"},"modified":"2024-12-17T14:44:06","modified_gmt":"2024-12-17T14:44:06","slug":"francais-actions-mediation","status":"publish","type":"page","link":"https:\/\/innocentia-inviolata.fr\/fr\/actions-mediation\/","title":{"rendered":"L&rsquo;Art de l&rsquo;\u00e9mancipation &#8211; Programmes EAC"},"content":{"rendered":"<p><\/p>\n<p class=\"p1\" style=\"text-align: center;\"><span class=\"s1\">Force de proposition pour l\u2019\u00e9galit\u00e9 Femmes-Hommes, la pr\u00e9vention des violences sexistes et sexuelles, <\/span><span class=\"s1\">la lutte contre le harc\u00e8lement, les st\u00e9r\u00e9otypes de genre et les discriminations depuis 2008.<\/span><\/p>\n<p class=\"p1\" style=\"text-align: center;\"><span class=\"s1\">Forte d\u2019une approche artistique, acad\u00e9mique et activiste, C\u00e9line Nogueira, autrice, metteuse en sc\u00e8ne et coach d\u2019interpr\u00e8tes, forge et assume un acte de cr\u00e9ation et une p\u00e9dagogie synonymes d\u2019\u00e9mancipation et d\u2019encapacitation.<\/span><\/p>\n<p class=\"p4\" style=\"text-align: center;\"><span class=\"s1\">Inspir\u00e9e des travaux de Stella Adler et de Rita Laura Segato, C\u00e9line Nogueira met au point une p\u00e9dagogie de l&rsquo;\u00e9mancipation par les outils du th\u00e9\u00e2tre, de la danse et des pratiques somatiques \u00e0 destination des publics scolaires et entreprises.<\/span><\/p>\n<p style=\"text-align: center;\">*<\/p>\n<p>&nbsp;<\/p>\n<p><strong><span class=\"s2\">A<\/span><\/strong><span class=\"s3\"><strong>teliers pratiques &amp; Formation tous publics <\/strong><span class=\"s1\">\u00ab\u00a0<em>Contact, Consentement, Toucher\u00a0\u00bb ; \u00ab L\u2019intime au plateau \u00bb, \u00ab Sexisme et rapports de coercition en entreprise \u00bb\u00a0<\/em><\/span><\/span><\/p>\n<p>&nbsp;<\/p>\n<p><span class=\"s1\"><b><a href=\"https:\/\/innocentia-inviolata.fr\/fr\/actions-mediation\/mon-corps-mon-territoire\/\" target=\"_blank\" rel=\"noopener\">Mon Corps mon territoire !<\/a><\/b><\/span> laur\u00e9at des appels \u00e0 projet de la Ville de Toulouse pour <span class=\"s1\">R\u00e9duire les violences sexistes et sexuelles envers les filles et les jeunes femmes, <\/span><span class=\"s1\">pour d\u00e9construire les st\u00e9r\u00e9otypes de genre \u00e0 travers la pratique sportive, <\/span><span class=\"s1\">pour lutter contre le racisme, l\u2019antis\u00e9mitisme et la haine anti-LGBT \/ Promotion des diversit\u00e9s culturelles.<\/span><\/p>\n<p>&nbsp;<\/p>\n<p><span class=\"s3\"><strong>Journ\u00e9es d\u2019\u00e9tudes\u00a0 &amp; <span class=\"s1\">Tables rondes <\/span><\/strong><em>\u00a0<\/em><\/span><span class=\"s3\"><em>\u00ab\u00a0Violence (in)visibles faites au corps\u00a0\u00bb<span class=\"Apple-converted-space\"> ; <\/span><\/em><\/span><em><span class=\"s1\">\u00ab La place des femmes dans les espace publics \u00bb.<\/span><\/em><\/p>\n<p>&nbsp;<\/p>\n<p class=\"p1\"><span class=\"s1\"><strong>\u00c9ven\u00e8ment f\u00e9d\u00e9rateurs artistiques, scientifiques et militants pour l\u2019\u00e9galit\u00e9 femmes-hommes<\/strong> <\/span><em><span class=\"s1\">Exp\u00e9rience Pa.tri.ar.chy ; American Theatre Project ; Trans. Lab<\/span><\/em><\/p>\n<p>&nbsp;<\/p>\n<p><strong>Cr\u00e9ations en lien <\/strong><span class=\"s1\"><a href=\"https:\/\/www.youtube.com\/watch?v=tpjf1U862iI\" target=\"_blank\" rel=\"noopener\">Pa.tri.ar.chy<\/a>, <a href=\"https:\/\/www.youtube.com\/watch?v=NSHX73McaWI\" target=\"_blank\" rel=\"noopener\">Cr\u00e9atures d&rsquo;Amour et de D\u00e9sirs<\/a>, <a href=\"https:\/\/www.youtube.com\/watch?v=f7s4rkGbimk\" target=\"_blank\" rel=\"noopener\">Le Banquet<\/a><\/span><\/p>\n<p>&nbsp;<\/p>\n<p class=\"p1\"><span class=\"s1\"><strong>Soutien<\/strong> <\/span><em><span class=\"s1\">Drac Occitanie, Ville de Toulouse, Mission \u00e9galit\u00e9 femmes-hommes,\u00a0<i><span style=\"font-weight: 400;\">Mission \u00e9galit\u00e9 diversit\u00e9s<\/span><\/i>, Toulouse Metropole, Conseil d\u00e9partemental de la Haute Garonne, Veho Constructions<\/span><\/em><\/p>\n<p>&nbsp;<\/p>\n<p class=\"p1\"><span class=\"s1\"><strong>Partenaires<\/strong>\u00a0 <\/span><em><span class=\"s1\">Espace Diversit\u00e9s La\u00efcit\u00e9, Centre Culturel Henri Desbals, Centre culturel Bellegarde, Centre culturel Bonnefoy, Centre Culturel Alban Minville<\/span>, Espace Roguet, <span class=\"s1\">L\u2019Usine cnarep \u00e0 Tournefeuille, <\/span><span class=\"s1\"><span class=\"s3\">le Quai des Savoirs, La Cave Po&rsquo;, <span class=\"Apple-converted-space\">Th\u00e9\u00e2tre\u00a0+\u00a0Cin\u00e9ma\u00a0Sc\u00e8ne nationale Grand\u00a0Narbonne, <\/span><\/span><\/span><span class=\"s1\">l&rsquo;<\/span><span class=\"s1\">Inspe de Sorbonne Universit\u00e9, <\/span><span class=\"s1\">Universit\u00e9 Toulouse Jean Jaur\u00e8s, Universit\u00e9 de Pau et des Pays de l&rsquo;Adour (UPPA),<\/span><span class=\"s1\"><span class=\"Apple-converted-space\"> Lyc\u00e9e Ozenne, <\/span><\/span><span class=\"s1\">Lyc\u00e9e Pierre-Paul Riquet, <\/span><span class=\"s1\"><span class=\"Apple-converted-space\">CLAE \u00e9cole \u00e9l\u00e9mentaire Sermet, <\/span><\/span><span class=\"s1\">Coll\u00e8ge les Chalets, <span class=\"s3\">Thales Alenia Space, Radio Radio, Radio ter, Le Petit Cowboy, <\/span><\/span><span class=\"s2\">Marche mondiale des femmes, Osez le f\u00e9minisme 31, Le Mouvement du Nid, Abandon de famille Tol\u00e9rance z\u00e9ro<\/span><\/em><\/p>\n<p class=\"p1\">\n<p><\/p>","protected":false},"excerpt":{"rendered":"<p>Force de proposition pour l\u2019\u00e9galit\u00e9 Femmes-Hommes, la pr\u00e9vention des violences sexistes et sexuelles, la lutte contre le harc\u00e8lement, les st\u00e9r\u00e9otypes de genre et les discriminations depuis 2008. Forte d\u2019une approche artistique, acad\u00e9mique et activiste, C\u00e9line Nogueira, autrice, metteuse en sc\u00e8ne et coach d\u2019interpr\u00e8tes, forge et assume un acte de cr\u00e9ation et une p\u00e9dagogie synonymes d\u2019\u00e9mancipation&nbsp;<a href=\"https:\/\/innocentia-inviolata.fr\/fr\/actions-mediation\/\">Read more<\/a><\/p>\n","protected":false},"author":2,"featured_media":503,"parent":0,"menu_order":2,"comment_status":"closed","ping_status":"closed","template":"","meta":[],"categories":[],"tags":[],"yoast_head":"<!-- This site is optimized with the Yoast SEO plugin v18.1 - https:\/\/yoast.com\/wordpress\/plugins\/seo\/ -->\n<meta name=\"robots\" content=\"index, follow, max-snippet:-1, max-image-preview:large, max-video-preview:-1\" \/>\n<link rel=\"canonical\" href=\"https:\/\/innocentia-inviolata.fr\/fr\/francais-actions-mediation\/\" \/>\n<meta property=\"og:locale\" content=\"fr_FR\" \/>\n<meta property=\"og:type\" content=\"article\" \/>\n<meta property=\"og:title\" content=\"L&#039;Art de l&#039;\u00e9mancipation - Programmes EAC - INNOCENTIA INVIOLATA\" \/>\n<meta property=\"og:description\" content=\"Force de proposition pour l\u2019\u00e9galit\u00e9 Femmes-Hommes, la pr\u00e9vention des violences sexistes et sexuelles, la lutte contre le harc\u00e8lement, les st\u00e9r\u00e9otypes de genre et les discriminations depuis 2008. Forte d\u2019une approche artistique, acad\u00e9mique et activiste, C\u00e9line Nogueira, autrice, metteuse en sc\u00e8ne et coach d\u2019interpr\u00e8tes, forge et assume un acte de cr\u00e9ation et une p\u00e9dagogie synonymes d\u2019\u00e9mancipation&nbsp;Read more\" \/>\n<meta property=\"og:url\" content=\"https:\/\/innocentia-inviolata.fr\/fr\/francais-actions-mediation\/\" \/>\n<meta property=\"og:site_name\" content=\"INNOCENTIA INVIOLATA\" \/>\n<meta property=\"article:publisher\" content=\"https:\/\/fr-fr.facebook.com\/innocentia.inviolata.9\" \/>\n<meta property=\"article:modified_time\" content=\"2024-12-17T14:44:06+00:00\" \/>\n<meta property=\"og:image\" content=\"https:\/\/innocentia-inviolata.fr\/wp-content\/uploads\/DSC_5082.jpg\" \/>\n\t<meta property=\"og:image:width\" content=\"1000\" \/>\n\t<meta property=\"og:image:height\" content=\"1504\" \/>\n\t<meta property=\"og:image:type\" content=\"image\/jpeg\" \/>\n<meta name=\"twitter:card\" content=\"summary_large_image\" \/>\n<meta name=\"twitter:label1\" content=\"Dur\u00e9e de lecture estim\u00e9e\" \/>\n\t<meta name=\"twitter:data1\" content=\"2 minutes\" \/>\n<script type=\"application\/ld+json\" class=\"yoast-schema-graph\">{\"@context\":\"https:\/\/schema.org\",\"@graph\":[{\"@type\":\"Organization\",\"@id\":\"https:\/\/innocentia-inviolata.fr\/fr\/#organization\",\"name\":\"Innocentia Inviolata\",\"url\":\"https:\/\/innocentia-inviolata.fr\/fr\/\",\"sameAs\":[\"https:\/\/fr-fr.facebook.com\/innocentia.inviolata.9\"],\"logo\":{\"@type\":\"ImageObject\",\"@id\":\"https:\/\/innocentia-inviolata.fr\/fr\/#logo\",\"inLanguage\":\"fr-FR\",\"url\":\"https:\/\/innocentia-inviolata.fr\/wp-content\/uploads\/screenshot.png\",\"contentUrl\":\"https:\/\/innocentia-inviolata.fr\/wp-content\/uploads\/screenshot.png\",\"width\":300,\"height\":225,\"caption\":\"Innocentia Inviolata\"},\"image\":{\"@id\":\"https:\/\/innocentia-inviolata.fr\/fr\/#logo\"}},{\"@type\":\"WebSite\",\"@id\":\"https:\/\/innocentia-inviolata.fr\/fr\/#website\",\"url\":\"https:\/\/innocentia-inviolata.fr\/fr\/\",\"name\":\"INNOCENTIA INVIOLATA\",\"description\":\"Direction C\u00e9line Nogueira\",\"publisher\":{\"@id\":\"https:\/\/innocentia-inviolata.fr\/fr\/#organization\"},\"potentialAction\":[{\"@type\":\"SearchAction\",\"target\":{\"@type\":\"EntryPoint\",\"urlTemplate\":\"https:\/\/innocentia-inviolata.fr\/fr\/?s={search_term_string}\"},\"query-input\":\"required name=search_term_string\"}],\"inLanguage\":\"fr-FR\"},{\"@type\":\"ImageObject\",\"@id\":\"https:\/\/innocentia-inviolata.fr\/fr\/francais-actions-mediation\/#primaryimage\",\"inLanguage\":\"fr-FR\",\"url\":\"https:\/\/innocentia-inviolata.fr\/wp-content\/uploads\/DSC_5082.jpg\",\"contentUrl\":\"https:\/\/innocentia-inviolata.fr\/wp-content\/uploads\/DSC_5082.jpg\",\"width\":1000,\"height\":1504},{\"@type\":\"WebPage\",\"@id\":\"https:\/\/innocentia-inviolata.fr\/fr\/francais-actions-mediation\/#webpage\",\"url\":\"https:\/\/innocentia-inviolata.fr\/fr\/francais-actions-mediation\/\",\"name\":\"L'Art de l'\u00e9mancipation - Programmes EAC - INNOCENTIA INVIOLATA\",\"isPartOf\":{\"@id\":\"https:\/\/innocentia-inviolata.fr\/fr\/#website\"},\"primaryImageOfPage\":{\"@id\":\"https:\/\/innocentia-inviolata.fr\/fr\/francais-actions-mediation\/#primaryimage\"},\"datePublished\":\"2022-01-16T20:20:59+00:00\",\"dateModified\":\"2024-12-17T14:44:06+00:00\",\"breadcrumb\":{\"@id\":\"https:\/\/innocentia-inviolata.fr\/fr\/francais-actions-mediation\/#breadcrumb\"},\"inLanguage\":\"fr-FR\",\"potentialAction\":[{\"@type\":\"ReadAction\",\"target\":[[\"https:\/\/innocentia-inviolata.fr\/fr\/francais-actions-mediation\/\"]]}]},{\"@type\":\"BreadcrumbList\",\"@id\":\"https:\/\/innocentia-inviolata.fr\/fr\/francais-actions-mediation\/#breadcrumb\",\"itemListElement\":[{\"@type\":\"ListItem\",\"position\":1,\"name\":\"Home\",\"item\":\"https:\/\/innocentia-inviolata.fr\/fr\/\"},{\"@type\":\"ListItem\",\"position\":2,\"name\":\"The Art of Emancipation &#8211; outreach program\"}]}]}<\/script>\n<!-- \/ Yoast SEO plugin. -->","yoast_head_json":{"robots":{"index":"index","follow":"follow","max-snippet":"max-snippet:-1","max-image-preview":"max-image-preview:large","max-video-preview":"max-video-preview:-1"},"canonical":"https:\/\/innocentia-inviolata.fr\/fr\/francais-actions-mediation\/","og_locale":"fr_FR","og_type":"article","og_title":"L'Art de l'\u00e9mancipation - Programmes EAC - INNOCENTIA INVIOLATA","og_description":"Force de proposition pour l\u2019\u00e9galit\u00e9 Femmes-Hommes, la pr\u00e9vention des violences sexistes et sexuelles, la lutte contre le harc\u00e8lement, les st\u00e9r\u00e9otypes de genre et les discriminations depuis 2008. Forte d\u2019une approche artistique, acad\u00e9mique et activiste, C\u00e9line Nogueira, autrice, metteuse en sc\u00e8ne et coach d\u2019interpr\u00e8tes, forge et assume un acte de cr\u00e9ation et une p\u00e9dagogie synonymes d\u2019\u00e9mancipation&nbsp;Read more","og_url":"https:\/\/innocentia-inviolata.fr\/fr\/francais-actions-mediation\/","og_site_name":"INNOCENTIA INVIOLATA","article_publisher":"https:\/\/fr-fr.facebook.com\/innocentia.inviolata.9","article_modified_time":"2024-12-17T14:44:06+00:00","og_image":[{"width":1000,"height":1504,"url":"https:\/\/innocentia-inviolata.fr\/wp-content\/uploads\/DSC_5082.jpg","type":"image\/jpeg"}],"twitter_card":"summary_large_image","twitter_misc":{"Dur\u00e9e de lecture estim\u00e9e":"2 minutes"},"schema":{"@context":"https:\/\/schema.org","@graph":[{"@type":"Organization","@id":"https:\/\/innocentia-inviolata.fr\/fr\/#organization","name":"Innocentia Inviolata","url":"https:\/\/innocentia-inviolata.fr\/fr\/","sameAs":["https:\/\/fr-fr.facebook.com\/innocentia.inviolata.9"],"logo":{"@type":"ImageObject","@id":"https:\/\/innocentia-inviolata.fr\/fr\/#logo","inLanguage":"fr-FR","url":"https:\/\/innocentia-inviolata.fr\/wp-content\/uploads\/screenshot.png","contentUrl":"https:\/\/innocentia-inviolata.fr\/wp-content\/uploads\/screenshot.png","width":300,"height":225,"caption":"Innocentia Inviolata"},"image":{"@id":"https:\/\/innocentia-inviolata.fr\/fr\/#logo"}},{"@type":"WebSite","@id":"https:\/\/innocentia-inviolata.fr\/fr\/#website","url":"https:\/\/innocentia-inviolata.fr\/fr\/","name":"INNOCENTIA INVIOLATA","description":"Direction C\u00e9line Nogueira","publisher":{"@id":"https:\/\/innocentia-inviolata.fr\/fr\/#organization"},"potentialAction":[{"@type":"SearchAction","target":{"@type":"EntryPoint","urlTemplate":"https:\/\/innocentia-inviolata.fr\/fr\/?s={search_term_string}"},"query-input":"required name=search_term_string"}],"inLanguage":"fr-FR"},{"@type":"ImageObject","@id":"https:\/\/innocentia-inviolata.fr\/fr\/francais-actions-mediation\/#primaryimage","inLanguage":"fr-FR","url":"https:\/\/innocentia-inviolata.fr\/wp-content\/uploads\/DSC_5082.jpg","contentUrl":"https:\/\/innocentia-inviolata.fr\/wp-content\/uploads\/DSC_5082.jpg","width":1000,"height":1504},{"@type":"WebPage","@id":"https:\/\/innocentia-inviolata.fr\/fr\/francais-actions-mediation\/#webpage","url":"https:\/\/innocentia-inviolata.fr\/fr\/francais-actions-mediation\/","name":"L'Art de l'\u00e9mancipation - Programmes EAC - INNOCENTIA INVIOLATA","isPartOf":{"@id":"https:\/\/innocentia-inviolata.fr\/fr\/#website"},"primaryImageOfPage":{"@id":"https:\/\/innocentia-inviolata.fr\/fr\/francais-actions-mediation\/#primaryimage"},"datePublished":"2022-01-16T20:20:59+00:00","dateModified":"2024-12-17T14:44:06+00:00","breadcrumb":{"@id":"https:\/\/innocentia-inviolata.fr\/fr\/francais-actions-mediation\/#breadcrumb"},"inLanguage":"fr-FR","potentialAction":[{"@type":"ReadAction","target":[["https:\/\/innocentia-inviolata.fr\/fr\/francais-actions-mediation\/"]]}]},{"@type":"BreadcrumbList","@id":"https:\/\/innocentia-inviolata.fr\/fr\/francais-actions-mediation\/#breadcrumb","itemListElement":[{"@type":"ListItem","position":1,"name":"Home","item":"https:\/\/innocentia-inviolata.fr\/fr\/"},{"@type":"ListItem","position":2,"name":"The Art of Emancipation &#8211; outreach program"}]}]}},"_links":{"self":[{"href":"https:\/\/innocentia-inviolata.fr\/fr\/wp-json\/wp\/v2\/pages\/831"}],"collection":[{"href":"https:\/\/innocentia-inviolata.fr\/fr\/wp-json\/wp\/v2\/pages"}],"about":[{"href":"https:\/\/innocentia-inviolata.fr\/fr\/wp-json\/wp\/v2\/types\/page"}],"author":[{"embeddable":true,"href":"https:\/\/innocentia-inviolata.fr\/fr\/wp-json\/wp\/v2\/users\/2"}],"replies":[{"embeddable":true,"href":"https:\/\/innocentia-inviolata.fr\/fr\/wp-json\/wp\/v2\/comments?post=831"}],"version-history":[{"count":103,"href":"https:\/\/innocentia-inviolata.fr\/fr\/wp-json\/wp\/v2\/pages\/831\/revisions"}],"predecessor-version":[{"id":1921,"href":"https:\/\/innocentia-inviolata.fr\/fr\/wp-json\/wp\/v2\/pages\/831\/revisions\/1921"}],"wp:featuredmedia":[{"embeddable":true,"href":"https:\/\/innocentia-inviolata.fr\/fr\/wp-json\/wp\/v2\/media\/503"}],"wp:attachment":[{"href":"https:\/\/innocentia-inviolata.fr\/fr\/wp-json\/wp\/v2\/media?parent=831"}],"wp:term":[{"taxonomy":"category","embeddable":true,"href":"https:\/\/innocentia-inviolata.fr\/fr\/wp-json\/wp\/v2\/categories?post=831"},{"taxonomy":"post_tag","embeddable":true,"href":"https:\/\/innocentia-inviolata.fr\/fr\/wp-json\/wp\/v2\/tags?post=831"}],"curies":[{"name":"wp","href":"https:\/\/api.w.org\/{rel}","templated":true}]}}