{"id":797,"date":"2022-01-16T09:41:26","date_gmt":"2022-01-16T09:41:26","guid":{"rendered":"https:\/\/innocentia-inviolata.fr\/en\/?page_id=797"},"modified":"2025-10-29T15:54:21","modified_gmt":"2025-10-29T15:54:21","slug":"francais-centre-choregraphique-james-carles","status":"publish","type":"page","link":"https:\/\/innocentia-inviolata.fr\/fr\/stages-ateliers-coaching\/centre-choregraphique-james-carles\/","title":{"rendered":"Centre Chor\u00e9graphique James Carl\u00e8s"},"content":{"rendered":"<p>https:\/\/www.youtube.com\/watch?time_continue=1&amp;v=v0jKEyMhqec&amp;embeds_referring_euri=https%3A%2F%2Fabc-toulouse.fr%2F<\/p>\n<p><a href=\"https:\/\/numeridanse.com\/publication\/dancers-calling\/\" target=\"_blank\" rel=\"noopener\">Dancer&rsquo;s calling : le documentaire (ENTIER)<\/a><\/p>\n<p class=\"p1\" style=\"text-align: left;\"><span class=\"s1\">Depuis 2015, James Carl\u00e8s, directeur du Centre europ\u00e9en de formation en danse contemporaine <a href=\"https:\/\/jamescarles.com\/\">Centre choreographique James Carl\u00e8s<\/a>\u00a0\u00e0 Toulouse, confie \u00e0 Innocentia Inviolata la formation professionnelle d&rsquo;art dramatique aupr\u00e8s des classes SUP 1, SUP 2 &amp; le Labo.\u00a0<\/span><\/p>\n<p style=\"text-align: left;\">Au terme de leur formation, les interpr\u00e8tes de SUP 2 participent \u00e0 la cr\u00e9ation d&rsquo;une \u0153uvre originale de danse-th\u00e9\u00e2tre \u00e9crite par C\u00e9line Nogueira. L&rsquo;objectif de la cr\u00e9ation est d&rsquo;\u00e9prouver les outils d&rsquo;interpr\u00e9tation et de cr\u00e9ation pour une exp\u00e9rience d&rsquo;\u00e9mancipation.<\/p>\n<p>Le <span class=\"s1\">Centre choreographique James Carl\u00e8s est \u00e9galement partenaire du <a href=\"https:\/\/innocentia-inviolata.fr\/en\/training-courses-workshops-coaching\/american-theatre-project\/\" target=\"_blank\" rel=\"noopener\">American Theatre Project<\/a> produit par Innocentia Inviolata en 2016.<\/span><\/p>\n<p><img loading=\"lazy\" class=\"alignnone size-medium wp-image-1946\" src=\"https:\/\/innocentia-inviolata.fr\/wp-content\/uploads\/IMG_2011-410x271.jpg\" alt=\"\" width=\"410\" height=\"271\" srcset=\"https:\/\/innocentia-inviolata.fr\/wp-content\/uploads\/IMG_2011-410x271.jpg 410w, https:\/\/innocentia-inviolata.fr\/wp-content\/uploads\/IMG_2011-1024x677.jpg 1024w, https:\/\/innocentia-inviolata.fr\/wp-content\/uploads\/IMG_2011-768x508.jpg 768w, https:\/\/innocentia-inviolata.fr\/wp-content\/uploads\/IMG_2011.jpg 1170w\" sizes=\"(max-width: 410px) 100vw, 410px\" \/><\/p>\n<p><strong>CREATIONs\u00a0<\/strong><\/p>\n<p>2025 &#8211; <strong>Matrices<\/strong> (Th\u00e9\u00e2tre La Cit\u00e9)<\/p>\n<p><a href=\"https:\/\/www.instagram.com\/reel\/C8WfDDJo_r1\/?hl=fr\" target=\"_blank\" rel=\"noopener\">2024 &#8211; <strong>Elle est l\u00e0<\/strong> (Th\u00e9\u00e2tre La Cit\u00e9)<\/a><\/p>\n<p><a href=\"https:\/\/www.instagram.com\/reel\/C9MpeCHI-_k\/?hl=fr\" target=\"_blank\" rel=\"noopener\">2023 &#8211;<strong> EXIsT<\/strong> (Theatre Les Mazades)<\/a><\/p>\n<p>2022 &#8211; <strong>Lose yourself<\/strong> (La Grainerie)<\/p>\n<p>2021 &#8211; <strong>So.ro.r\u00e2le<\/strong> (La Grainerie)<\/p>\n<p class=\"p1\"><span class=\"s1\">2020 &#8211; <strong>Dance with me !<\/strong> (La Grainerie)<\/span><\/p>\n<p class=\"p1\"><span class=\"s1\">2019 &#8211; <strong>Demain tout ira bien<\/strong> (La Grainerie)<\/span><\/p>\n<p class=\"p1\"><span class=\"s1\">2018 &#8211; <strong>J\u2019en veux \/ Je t\u2019aime<\/strong> (La Grainerie)<\/span><\/p>\n<p class=\"p1\"><span class=\"s1\">2017 &#8211; <strong>M.O.I &#8211; My Own Identity<\/strong> (La Grainerie)<\/span><\/p>\n<p class=\"p2\"><img loading=\"lazy\" class=\"alignnone wp-image-1037\" src=\"https:\/\/innocentia-inviolata.fr\/wp-content\/uploads\/CCJC-2018-273x410.jpg\" alt=\"\" width=\"182\" height=\"273\" srcset=\"https:\/\/innocentia-inviolata.fr\/wp-content\/uploads\/CCJC-2018-273x410.jpg 273w, https:\/\/innocentia-inviolata.fr\/wp-content\/uploads\/CCJC-2018-683x1024.jpg 683w, https:\/\/innocentia-inviolata.fr\/wp-content\/uploads\/CCJC-2018-768x1152.jpg 768w, https:\/\/innocentia-inviolata.fr\/wp-content\/uploads\/CCJC-2018-1024x1536.jpg 1024w, https:\/\/innocentia-inviolata.fr\/wp-content\/uploads\/CCJC-2018.jpg 1365w\" sizes=\"(max-width: 182px) 100vw, 182px\" \/><img loading=\"lazy\" class=\"alignnone wp-image-1036\" src=\"https:\/\/innocentia-inviolata.fr\/wp-content\/uploads\/CCJC-2018-bis-273x410.jpg\" alt=\"\" width=\"182\" height=\"273\" srcset=\"https:\/\/innocentia-inviolata.fr\/wp-content\/uploads\/CCJC-2018-bis-273x410.jpg 273w, https:\/\/innocentia-inviolata.fr\/wp-content\/uploads\/CCJC-2018-bis-683x1024.jpg 683w, https:\/\/innocentia-inviolata.fr\/wp-content\/uploads\/CCJC-2018-bis-768x1152.jpg 768w, https:\/\/innocentia-inviolata.fr\/wp-content\/uploads\/CCJC-2018-bis-1024x1536.jpg 1024w, https:\/\/innocentia-inviolata.fr\/wp-content\/uploads\/CCJC-2018-bis.jpg 1365w\" sizes=\"(max-width: 182px) 100vw, 182px\" \/><\/p>\n<p><\/p>","protected":false},"excerpt":{"rendered":"<p>https:\/\/www.youtube.com\/watch?time_continue=1&amp;v=v0jKEyMhqec&amp;embeds_referring_euri=https%3A%2F%2Fabc-toulouse.fr%2F Dancer&rsquo;s calling : le documentaire (ENTIER) Depuis 2015, James Carl\u00e8s, directeur du Centre europ\u00e9en de formation en danse contemporaine Centre choreographique James Carl\u00e8s\u00a0\u00e0 Toulouse, confie \u00e0 Innocentia Inviolata la formation professionnelle d&rsquo;art dramatique aupr\u00e8s des classes SUP 1, SUP 2 &amp; le Labo.\u00a0 Au terme de leur formation, les interpr\u00e8tes de SUP 2 participent&nbsp;<a href=\"https:\/\/innocentia-inviolata.fr\/fr\/stages-ateliers-coaching\/centre-choregraphique-james-carles\/\">Read more<\/a><\/p>\n","protected":false},"author":2,"featured_media":0,"parent":44,"menu_order":3,"comment_status":"closed","ping_status":"closed","template":"","meta":[],"categories":[],"tags":[],"yoast_head":"<!-- This site is optimized with the Yoast SEO plugin v18.1 - https:\/\/yoast.com\/wordpress\/plugins\/seo\/ -->\n<meta name=\"robots\" content=\"index, follow, max-snippet:-1, max-image-preview:large, max-video-preview:-1\" \/>\n<link rel=\"canonical\" href=\"https:\/\/innocentia-inviolata.fr\/fr\/training-courses-workshops-coaching\/francais-centre-choregraphique-james-carles\/\" \/>\n<meta property=\"og:locale\" content=\"fr_FR\" \/>\n<meta property=\"og:type\" content=\"article\" \/>\n<meta property=\"og:title\" content=\"Centre Chor\u00e9graphique James Carl\u00e8s - INNOCENTIA INVIOLATA\" \/>\n<meta property=\"og:description\" content=\"https:\/\/www.youtube.com\/watch?time_continue=1&amp;v=v0jKEyMhqec&amp;embeds_referring_euri=https%3A%2F%2Fabc-toulouse.fr%2F Dancer&rsquo;s calling : le documentaire (ENTIER) Depuis 2015, James Carl\u00e8s, directeur du Centre europ\u00e9en de formation en danse contemporaine Centre choreographique James Carl\u00e8s\u00a0\u00e0 Toulouse, confie \u00e0 Innocentia Inviolata la formation professionnelle d&rsquo;art dramatique aupr\u00e8s des classes SUP 1, SUP 2 &amp; le Labo.\u00a0 Au terme de leur formation, les interpr\u00e8tes de SUP 2 participent&nbsp;Read more\" \/>\n<meta property=\"og:url\" content=\"https:\/\/innocentia-inviolata.fr\/fr\/training-courses-workshops-coaching\/francais-centre-choregraphique-james-carles\/\" \/>\n<meta property=\"og:site_name\" content=\"INNOCENTIA INVIOLATA\" \/>\n<meta property=\"article:publisher\" content=\"https:\/\/fr-fr.facebook.com\/innocentia.inviolata.9\" \/>\n<meta property=\"article:modified_time\" content=\"2025-10-29T15:54:21+00:00\" \/>\n<meta property=\"og:image\" content=\"https:\/\/innocentia-inviolata.fr\/wp-content\/uploads\/IMG_2011-410x271.jpg\" \/>\n<meta name=\"twitter:card\" content=\"summary_large_image\" \/>\n<meta name=\"twitter:label1\" content=\"Dur\u00e9e de lecture estim\u00e9e\" \/>\n\t<meta name=\"twitter:data1\" content=\"2 minutes\" \/>\n<script type=\"application\/ld+json\" class=\"yoast-schema-graph\">{\"@context\":\"https:\/\/schema.org\",\"@graph\":[{\"@type\":\"Organization\",\"@id\":\"https:\/\/innocentia-inviolata.fr\/fr\/#organization\",\"name\":\"Innocentia Inviolata\",\"url\":\"https:\/\/innocentia-inviolata.fr\/fr\/\",\"sameAs\":[\"https:\/\/fr-fr.facebook.com\/innocentia.inviolata.9\"],\"logo\":{\"@type\":\"ImageObject\",\"@id\":\"https:\/\/innocentia-inviolata.fr\/fr\/#logo\",\"inLanguage\":\"fr-FR\",\"url\":\"https:\/\/innocentia-inviolata.fr\/wp-content\/uploads\/screenshot.png\",\"contentUrl\":\"https:\/\/innocentia-inviolata.fr\/wp-content\/uploads\/screenshot.png\",\"width\":300,\"height\":225,\"caption\":\"Innocentia Inviolata\"},\"image\":{\"@id\":\"https:\/\/innocentia-inviolata.fr\/fr\/#logo\"}},{\"@type\":\"WebSite\",\"@id\":\"https:\/\/innocentia-inviolata.fr\/fr\/#website\",\"url\":\"https:\/\/innocentia-inviolata.fr\/fr\/\",\"name\":\"INNOCENTIA INVIOLATA\",\"description\":\"Direction C\u00e9line Nogueira\",\"publisher\":{\"@id\":\"https:\/\/innocentia-inviolata.fr\/fr\/#organization\"},\"potentialAction\":[{\"@type\":\"SearchAction\",\"target\":{\"@type\":\"EntryPoint\",\"urlTemplate\":\"https:\/\/innocentia-inviolata.fr\/fr\/?s={search_term_string}\"},\"query-input\":\"required name=search_term_string\"}],\"inLanguage\":\"fr-FR\"},{\"@type\":\"ImageObject\",\"@id\":\"https:\/\/innocentia-inviolata.fr\/fr\/training-courses-workshops-coaching\/francais-centre-choregraphique-james-carles\/#primaryimage\",\"inLanguage\":\"fr-FR\",\"url\":\"https:\/\/innocentia-inviolata.fr\/wp-content\/uploads\/IMG_2011.jpg\",\"contentUrl\":\"https:\/\/innocentia-inviolata.fr\/wp-content\/uploads\/IMG_2011.jpg\",\"width\":1170,\"height\":774},{\"@type\":\"WebPage\",\"@id\":\"https:\/\/innocentia-inviolata.fr\/fr\/training-courses-workshops-coaching\/francais-centre-choregraphique-james-carles\/#webpage\",\"url\":\"https:\/\/innocentia-inviolata.fr\/fr\/training-courses-workshops-coaching\/francais-centre-choregraphique-james-carles\/\",\"name\":\"Centre Chor\u00e9graphique James Carl\u00e8s - INNOCENTIA INVIOLATA\",\"isPartOf\":{\"@id\":\"https:\/\/innocentia-inviolata.fr\/fr\/#website\"},\"primaryImageOfPage\":{\"@id\":\"https:\/\/innocentia-inviolata.fr\/fr\/training-courses-workshops-coaching\/francais-centre-choregraphique-james-carles\/#primaryimage\"},\"datePublished\":\"2022-01-16T09:41:26+00:00\",\"dateModified\":\"2025-10-29T15:54:21+00:00\",\"breadcrumb\":{\"@id\":\"https:\/\/innocentia-inviolata.fr\/fr\/training-courses-workshops-coaching\/francais-centre-choregraphique-james-carles\/#breadcrumb\"},\"inLanguage\":\"fr-FR\",\"potentialAction\":[{\"@type\":\"ReadAction\",\"target\":[[\"https:\/\/innocentia-inviolata.fr\/fr\/training-courses-workshops-coaching\/francais-centre-choregraphique-james-carles\/\"]]}]},{\"@type\":\"BreadcrumbList\",\"@id\":\"https:\/\/innocentia-inviolata.fr\/fr\/training-courses-workshops-coaching\/francais-centre-choregraphique-james-carles\/#breadcrumb\",\"itemListElement\":[{\"@type\":\"ListItem\",\"position\":1,\"name\":\"Home\",\"item\":\"https:\/\/innocentia-inviolata.fr\/fr\/\"},{\"@type\":\"ListItem\",\"position\":2,\"name\":\"International Training Program\",\"item\":\"https:\/\/innocentia-inviolata.fr\/fr\/training-courses-workshops-coaching\/\"},{\"@type\":\"ListItem\",\"position\":3,\"name\":\"James Carl\u00e8s Choreography Center\"}]}]}<\/script>\n<!-- \/ Yoast SEO plugin. -->","yoast_head_json":{"robots":{"index":"index","follow":"follow","max-snippet":"max-snippet:-1","max-image-preview":"max-image-preview:large","max-video-preview":"max-video-preview:-1"},"canonical":"https:\/\/innocentia-inviolata.fr\/fr\/training-courses-workshops-coaching\/francais-centre-choregraphique-james-carles\/","og_locale":"fr_FR","og_type":"article","og_title":"Centre Chor\u00e9graphique James Carl\u00e8s - INNOCENTIA INVIOLATA","og_description":"https:\/\/www.youtube.com\/watch?time_continue=1&amp;v=v0jKEyMhqec&amp;embeds_referring_euri=https%3A%2F%2Fabc-toulouse.fr%2F Dancer&rsquo;s calling : le documentaire (ENTIER) Depuis 2015, James Carl\u00e8s, directeur du Centre europ\u00e9en de formation en danse contemporaine Centre choreographique James Carl\u00e8s\u00a0\u00e0 Toulouse, confie \u00e0 Innocentia Inviolata la formation professionnelle d&rsquo;art dramatique aupr\u00e8s des classes SUP 1, SUP 2 &amp; le Labo.\u00a0 Au terme de leur formation, les interpr\u00e8tes de SUP 2 participent&nbsp;Read more","og_url":"https:\/\/innocentia-inviolata.fr\/fr\/training-courses-workshops-coaching\/francais-centre-choregraphique-james-carles\/","og_site_name":"INNOCENTIA INVIOLATA","article_publisher":"https:\/\/fr-fr.facebook.com\/innocentia.inviolata.9","article_modified_time":"2025-10-29T15:54:21+00:00","og_image":[{"url":"https:\/\/innocentia-inviolata.fr\/wp-content\/uploads\/IMG_2011-410x271.jpg"}],"twitter_card":"summary_large_image","twitter_misc":{"Dur\u00e9e de lecture estim\u00e9e":"2 minutes"},"schema":{"@context":"https:\/\/schema.org","@graph":[{"@type":"Organization","@id":"https:\/\/innocentia-inviolata.fr\/fr\/#organization","name":"Innocentia Inviolata","url":"https:\/\/innocentia-inviolata.fr\/fr\/","sameAs":["https:\/\/fr-fr.facebook.com\/innocentia.inviolata.9"],"logo":{"@type":"ImageObject","@id":"https:\/\/innocentia-inviolata.fr\/fr\/#logo","inLanguage":"fr-FR","url":"https:\/\/innocentia-inviolata.fr\/wp-content\/uploads\/screenshot.png","contentUrl":"https:\/\/innocentia-inviolata.fr\/wp-content\/uploads\/screenshot.png","width":300,"height":225,"caption":"Innocentia Inviolata"},"image":{"@id":"https:\/\/innocentia-inviolata.fr\/fr\/#logo"}},{"@type":"WebSite","@id":"https:\/\/innocentia-inviolata.fr\/fr\/#website","url":"https:\/\/innocentia-inviolata.fr\/fr\/","name":"INNOCENTIA INVIOLATA","description":"Direction C\u00e9line Nogueira","publisher":{"@id":"https:\/\/innocentia-inviolata.fr\/fr\/#organization"},"potentialAction":[{"@type":"SearchAction","target":{"@type":"EntryPoint","urlTemplate":"https:\/\/innocentia-inviolata.fr\/fr\/?s={search_term_string}"},"query-input":"required name=search_term_string"}],"inLanguage":"fr-FR"},{"@type":"ImageObject","@id":"https:\/\/innocentia-inviolata.fr\/fr\/training-courses-workshops-coaching\/francais-centre-choregraphique-james-carles\/#primaryimage","inLanguage":"fr-FR","url":"https:\/\/innocentia-inviolata.fr\/wp-content\/uploads\/IMG_2011.jpg","contentUrl":"https:\/\/innocentia-inviolata.fr\/wp-content\/uploads\/IMG_2011.jpg","width":1170,"height":774},{"@type":"WebPage","@id":"https:\/\/innocentia-inviolata.fr\/fr\/training-courses-workshops-coaching\/francais-centre-choregraphique-james-carles\/#webpage","url":"https:\/\/innocentia-inviolata.fr\/fr\/training-courses-workshops-coaching\/francais-centre-choregraphique-james-carles\/","name":"Centre Chor\u00e9graphique James Carl\u00e8s - INNOCENTIA INVIOLATA","isPartOf":{"@id":"https:\/\/innocentia-inviolata.fr\/fr\/#website"},"primaryImageOfPage":{"@id":"https:\/\/innocentia-inviolata.fr\/fr\/training-courses-workshops-coaching\/francais-centre-choregraphique-james-carles\/#primaryimage"},"datePublished":"2022-01-16T09:41:26+00:00","dateModified":"2025-10-29T15:54:21+00:00","breadcrumb":{"@id":"https:\/\/innocentia-inviolata.fr\/fr\/training-courses-workshops-coaching\/francais-centre-choregraphique-james-carles\/#breadcrumb"},"inLanguage":"fr-FR","potentialAction":[{"@type":"ReadAction","target":[["https:\/\/innocentia-inviolata.fr\/fr\/training-courses-workshops-coaching\/francais-centre-choregraphique-james-carles\/"]]}]},{"@type":"BreadcrumbList","@id":"https:\/\/innocentia-inviolata.fr\/fr\/training-courses-workshops-coaching\/francais-centre-choregraphique-james-carles\/#breadcrumb","itemListElement":[{"@type":"ListItem","position":1,"name":"Home","item":"https:\/\/innocentia-inviolata.fr\/fr\/"},{"@type":"ListItem","position":2,"name":"International Training Program","item":"https:\/\/innocentia-inviolata.fr\/fr\/training-courses-workshops-coaching\/"},{"@type":"ListItem","position":3,"name":"James Carl\u00e8s Choreography Center"}]}]}},"_links":{"self":[{"href":"https:\/\/innocentia-inviolata.fr\/fr\/wp-json\/wp\/v2\/pages\/797"}],"collection":[{"href":"https:\/\/innocentia-inviolata.fr\/fr\/wp-json\/wp\/v2\/pages"}],"about":[{"href":"https:\/\/innocentia-inviolata.fr\/fr\/wp-json\/wp\/v2\/types\/page"}],"author":[{"embeddable":true,"href":"https:\/\/innocentia-inviolata.fr\/fr\/wp-json\/wp\/v2\/users\/2"}],"replies":[{"embeddable":true,"href":"https:\/\/innocentia-inviolata.fr\/fr\/wp-json\/wp\/v2\/comments?post=797"}],"version-history":[{"count":56,"href":"https:\/\/innocentia-inviolata.fr\/fr\/wp-json\/wp\/v2\/pages\/797\/revisions"}],"predecessor-version":[{"id":2029,"href":"https:\/\/innocentia-inviolata.fr\/fr\/wp-json\/wp\/v2\/pages\/797\/revisions\/2029"}],"up":[{"embeddable":true,"href":"https:\/\/innocentia-inviolata.fr\/fr\/wp-json\/wp\/v2\/pages\/44"}],"wp:attachment":[{"href":"https:\/\/innocentia-inviolata.fr\/fr\/wp-json\/wp\/v2\/media?parent=797"}],"wp:term":[{"taxonomy":"category","embeddable":true,"href":"https:\/\/innocentia-inviolata.fr\/fr\/wp-json\/wp\/v2\/categories?post=797"},{"taxonomy":"post_tag","embeddable":true,"href":"https:\/\/innocentia-inviolata.fr\/fr\/wp-json\/wp\/v2\/tags?post=797"}],"curies":[{"name":"wp","href":"https:\/\/api.w.org\/{rel}","templated":true}]}}