{"id":735,"date":"2022-01-15T16:14:15","date_gmt":"2022-01-15T16:14:15","guid":{"rendered":"https:\/\/innocentia-inviolata.fr\/en\/?page_id=735"},"modified":"2025-09-20T09:51:16","modified_gmt":"2025-09-20T09:51:16","slug":"pa-tri-ar-chy","status":"publish","type":"page","link":"https:\/\/innocentia-inviolata.fr\/fr\/creations\/english-pa-tri-ar-chy\/","title":{"rendered":"Pa.tri.ar.chy 2018"},"content":{"rendered":"<p>https:\/\/www.youtube.com\/watch?v=tpjf1U862iI<\/p>\n<p>Production : Les Soeurs Fatales, Universit\u00e9 Toulouse Jean Jaur\u00e8s<\/p>\n<p>Coproduction : Cie Innocentia Inviolata<\/p>\n<p>Centre culturel Alban Minville, 2019 &#8211; Centre culturel Henri Desbalds &#8211; 2018 La Fabrique, 2017<\/p>\n<p>Festival International de Th\u00e9\u00e2tre Universitaire \u00e0 Li\u00e8ge- RITU &#8211; 2017<\/p>\n<p>Avec : Belinda Bluthe, Manon Bocquillon, Louise Colyer, Marie Descharles, J\u00e9r\u00e9my Falconnetty, Serena Guitard, Katya Hodgkinson, L\u00e9ticia Karelle, Georgia Kennedy, Elodie Forestier, Jean-Etienne Marot-Babil\u00e9e, Olivier Montegut, Marion Mucca, Leo Pentec\u00f4te, Damien Royer, Lucille Regnier, Estelle Soulard, Lisa Eloise, Rodrigo Vogel<br \/>\nMerci : Morgane du Lac<br \/>\nSubtitles : Julien Couturier<\/p>","protected":false},"excerpt":{"rendered":"<p>https:\/\/www.youtube.com\/watch?v=tpjf1U862iI Production : Les Soeurs Fatales, Universit\u00e9 Toulouse Jean Jaur\u00e8s Coproduction : Cie Innocentia Inviolata Centre culturel Alban Minville, 2019 &#8211; Centre culturel Henri Desbalds &#8211; 2018 La Fabrique, 2017 Festival International de Th\u00e9\u00e2tre Universitaire \u00e0 Li\u00e8ge- RITU &#8211; 2017 Avec : Belinda Bluthe, Manon Bocquillon, Louise Colyer, Marie Descharles, J\u00e9r\u00e9my Falconnetty, Serena Guitard, Katya&nbsp;<a href=\"https:\/\/innocentia-inviolata.fr\/fr\/creations\/english-pa-tri-ar-chy\/\">Read more<\/a><\/p>\n","protected":false},"author":2,"featured_media":786,"parent":7,"menu_order":4,"comment_status":"closed","ping_status":"closed","template":"cubes.php","meta":[],"categories":[6,9],"tags":[],"yoast_head":"<!-- This site is optimized with the Yoast SEO plugin v18.1 - https:\/\/yoast.com\/wordpress\/plugins\/seo\/ -->\n<meta name=\"robots\" content=\"index, follow, max-snippet:-1, max-image-preview:large, max-video-preview:-1\" \/>\n<link rel=\"canonical\" href=\"https:\/\/innocentia-inviolata.fr\/fr\/creations\/pa-tri-ar-chy\/\" \/>\n<meta property=\"og:locale\" content=\"fr_FR\" \/>\n<meta property=\"og:type\" content=\"article\" \/>\n<meta property=\"og:title\" content=\"Pa.tri.ar.chy 2018 - INNOCENTIA INVIOLATA\" \/>\n<meta property=\"og:description\" content=\"https:\/\/www.youtube.com\/watch?v=tpjf1U862iI Production : Les Soeurs Fatales, Universit\u00e9 Toulouse Jean Jaur\u00e8s Coproduction : Cie Innocentia Inviolata Centre culturel Alban Minville, 2019 &#8211; Centre culturel Henri Desbalds &#8211; 2018 La Fabrique, 2017 Festival International de Th\u00e9\u00e2tre Universitaire \u00e0 Li\u00e8ge- RITU &#8211; 2017 Avec : Belinda Bluthe, Manon Bocquillon, Louise Colyer, Marie Descharles, J\u00e9r\u00e9my Falconnetty, Serena Guitard, Katya&nbsp;Read more\" \/>\n<meta property=\"og:url\" content=\"https:\/\/innocentia-inviolata.fr\/fr\/creations\/pa-tri-ar-chy\/\" \/>\n<meta property=\"og:site_name\" content=\"INNOCENTIA INVIOLATA\" \/>\n<meta property=\"article:publisher\" content=\"https:\/\/fr-fr.facebook.com\/innocentia.inviolata.9\" \/>\n<meta property=\"article:modified_time\" content=\"2025-09-20T09:51:16+00:00\" \/>\n<meta property=\"og:image\" content=\"https:\/\/innocentia-inviolata.fr\/wp-content\/uploads\/patriarchy-Affichefinale-scaled.jpg\" \/>\n\t<meta property=\"og:image:width\" content=\"1810\" \/>\n\t<meta property=\"og:image:height\" content=\"2560\" \/>\n\t<meta property=\"og:image:type\" content=\"image\/jpeg\" \/>\n<meta name=\"twitter:card\" content=\"summary_large_image\" \/>\n<meta name=\"twitter:label1\" content=\"Dur\u00e9e de lecture estim\u00e9e\" \/>\n\t<meta name=\"twitter:data1\" content=\"1 minute\" \/>\n<script type=\"application\/ld+json\" class=\"yoast-schema-graph\">{\"@context\":\"https:\/\/schema.org\",\"@graph\":[{\"@type\":\"Organization\",\"@id\":\"https:\/\/innocentia-inviolata.fr\/fr\/#organization\",\"name\":\"Innocentia Inviolata\",\"url\":\"https:\/\/innocentia-inviolata.fr\/fr\/\",\"sameAs\":[\"https:\/\/fr-fr.facebook.com\/innocentia.inviolata.9\"],\"logo\":{\"@type\":\"ImageObject\",\"@id\":\"https:\/\/innocentia-inviolata.fr\/fr\/#logo\",\"inLanguage\":\"fr-FR\",\"url\":\"https:\/\/innocentia-inviolata.fr\/wp-content\/uploads\/screenshot.png\",\"contentUrl\":\"https:\/\/innocentia-inviolata.fr\/wp-content\/uploads\/screenshot.png\",\"width\":300,\"height\":225,\"caption\":\"Innocentia Inviolata\"},\"image\":{\"@id\":\"https:\/\/innocentia-inviolata.fr\/fr\/#logo\"}},{\"@type\":\"WebSite\",\"@id\":\"https:\/\/innocentia-inviolata.fr\/fr\/#website\",\"url\":\"https:\/\/innocentia-inviolata.fr\/fr\/\",\"name\":\"INNOCENTIA INVIOLATA\",\"description\":\"Direction C\u00e9line Nogueira\",\"publisher\":{\"@id\":\"https:\/\/innocentia-inviolata.fr\/fr\/#organization\"},\"potentialAction\":[{\"@type\":\"SearchAction\",\"target\":{\"@type\":\"EntryPoint\",\"urlTemplate\":\"https:\/\/innocentia-inviolata.fr\/fr\/?s={search_term_string}\"},\"query-input\":\"required name=search_term_string\"}],\"inLanguage\":\"fr-FR\"},{\"@type\":\"ImageObject\",\"@id\":\"https:\/\/innocentia-inviolata.fr\/fr\/creations\/pa-tri-ar-chy\/#primaryimage\",\"inLanguage\":\"fr-FR\",\"url\":\"https:\/\/innocentia-inviolata.fr\/wp-content\/uploads\/patriarchy-Affichefinale-scaled.jpg\",\"contentUrl\":\"https:\/\/innocentia-inviolata.fr\/wp-content\/uploads\/patriarchy-Affichefinale-scaled.jpg\",\"width\":1810,\"height\":2560},{\"@type\":\"WebPage\",\"@id\":\"https:\/\/innocentia-inviolata.fr\/fr\/creations\/pa-tri-ar-chy\/#webpage\",\"url\":\"https:\/\/innocentia-inviolata.fr\/fr\/creations\/pa-tri-ar-chy\/\",\"name\":\"Pa.tri.ar.chy 2018 - INNOCENTIA INVIOLATA\",\"isPartOf\":{\"@id\":\"https:\/\/innocentia-inviolata.fr\/fr\/#website\"},\"primaryImageOfPage\":{\"@id\":\"https:\/\/innocentia-inviolata.fr\/fr\/creations\/pa-tri-ar-chy\/#primaryimage\"},\"datePublished\":\"2022-01-15T16:14:15+00:00\",\"dateModified\":\"2025-09-20T09:51:16+00:00\",\"breadcrumb\":{\"@id\":\"https:\/\/innocentia-inviolata.fr\/fr\/creations\/pa-tri-ar-chy\/#breadcrumb\"},\"inLanguage\":\"fr-FR\",\"potentialAction\":[{\"@type\":\"ReadAction\",\"target\":[[\"https:\/\/innocentia-inviolata.fr\/fr\/creations\/pa-tri-ar-chy\/\"]]}]},{\"@type\":\"BreadcrumbList\",\"@id\":\"https:\/\/innocentia-inviolata.fr\/fr\/creations\/pa-tri-ar-chy\/#breadcrumb\",\"itemListElement\":[{\"@type\":\"ListItem\",\"position\":1,\"name\":\"Home\",\"item\":\"https:\/\/innocentia-inviolata.fr\/fr\/\"},{\"@type\":\"ListItem\",\"position\":2,\"name\":\"ALL productions\",\"item\":\"https:\/\/innocentia-inviolata.fr\/fr\/creations\/\"},{\"@type\":\"ListItem\",\"position\":3,\"name\":\"Pa.tri.ar.chy 2018\"}]}]}<\/script>\n<!-- \/ Yoast SEO plugin. -->","yoast_head_json":{"robots":{"index":"index","follow":"follow","max-snippet":"max-snippet:-1","max-image-preview":"max-image-preview:large","max-video-preview":"max-video-preview:-1"},"canonical":"https:\/\/innocentia-inviolata.fr\/fr\/creations\/pa-tri-ar-chy\/","og_locale":"fr_FR","og_type":"article","og_title":"Pa.tri.ar.chy 2018 - INNOCENTIA INVIOLATA","og_description":"https:\/\/www.youtube.com\/watch?v=tpjf1U862iI Production : Les Soeurs Fatales, Universit\u00e9 Toulouse Jean Jaur\u00e8s Coproduction : Cie Innocentia Inviolata Centre culturel Alban Minville, 2019 &#8211; Centre culturel Henri Desbalds &#8211; 2018 La Fabrique, 2017 Festival International de Th\u00e9\u00e2tre Universitaire \u00e0 Li\u00e8ge- RITU &#8211; 2017 Avec : Belinda Bluthe, Manon Bocquillon, Louise Colyer, Marie Descharles, J\u00e9r\u00e9my Falconnetty, Serena Guitard, Katya&nbsp;Read more","og_url":"https:\/\/innocentia-inviolata.fr\/fr\/creations\/pa-tri-ar-chy\/","og_site_name":"INNOCENTIA INVIOLATA","article_publisher":"https:\/\/fr-fr.facebook.com\/innocentia.inviolata.9","article_modified_time":"2025-09-20T09:51:16+00:00","og_image":[{"width":1810,"height":2560,"url":"https:\/\/innocentia-inviolata.fr\/wp-content\/uploads\/patriarchy-Affichefinale-scaled.jpg","type":"image\/jpeg"}],"twitter_card":"summary_large_image","twitter_misc":{"Dur\u00e9e de lecture estim\u00e9e":"1 minute"},"schema":{"@context":"https:\/\/schema.org","@graph":[{"@type":"Organization","@id":"https:\/\/innocentia-inviolata.fr\/fr\/#organization","name":"Innocentia Inviolata","url":"https:\/\/innocentia-inviolata.fr\/fr\/","sameAs":["https:\/\/fr-fr.facebook.com\/innocentia.inviolata.9"],"logo":{"@type":"ImageObject","@id":"https:\/\/innocentia-inviolata.fr\/fr\/#logo","inLanguage":"fr-FR","url":"https:\/\/innocentia-inviolata.fr\/wp-content\/uploads\/screenshot.png","contentUrl":"https:\/\/innocentia-inviolata.fr\/wp-content\/uploads\/screenshot.png","width":300,"height":225,"caption":"Innocentia Inviolata"},"image":{"@id":"https:\/\/innocentia-inviolata.fr\/fr\/#logo"}},{"@type":"WebSite","@id":"https:\/\/innocentia-inviolata.fr\/fr\/#website","url":"https:\/\/innocentia-inviolata.fr\/fr\/","name":"INNOCENTIA INVIOLATA","description":"Direction C\u00e9line Nogueira","publisher":{"@id":"https:\/\/innocentia-inviolata.fr\/fr\/#organization"},"potentialAction":[{"@type":"SearchAction","target":{"@type":"EntryPoint","urlTemplate":"https:\/\/innocentia-inviolata.fr\/fr\/?s={search_term_string}"},"query-input":"required name=search_term_string"}],"inLanguage":"fr-FR"},{"@type":"ImageObject","@id":"https:\/\/innocentia-inviolata.fr\/fr\/creations\/pa-tri-ar-chy\/#primaryimage","inLanguage":"fr-FR","url":"https:\/\/innocentia-inviolata.fr\/wp-content\/uploads\/patriarchy-Affichefinale-scaled.jpg","contentUrl":"https:\/\/innocentia-inviolata.fr\/wp-content\/uploads\/patriarchy-Affichefinale-scaled.jpg","width":1810,"height":2560},{"@type":"WebPage","@id":"https:\/\/innocentia-inviolata.fr\/fr\/creations\/pa-tri-ar-chy\/#webpage","url":"https:\/\/innocentia-inviolata.fr\/fr\/creations\/pa-tri-ar-chy\/","name":"Pa.tri.ar.chy 2018 - INNOCENTIA INVIOLATA","isPartOf":{"@id":"https:\/\/innocentia-inviolata.fr\/fr\/#website"},"primaryImageOfPage":{"@id":"https:\/\/innocentia-inviolata.fr\/fr\/creations\/pa-tri-ar-chy\/#primaryimage"},"datePublished":"2022-01-15T16:14:15+00:00","dateModified":"2025-09-20T09:51:16+00:00","breadcrumb":{"@id":"https:\/\/innocentia-inviolata.fr\/fr\/creations\/pa-tri-ar-chy\/#breadcrumb"},"inLanguage":"fr-FR","potentialAction":[{"@type":"ReadAction","target":[["https:\/\/innocentia-inviolata.fr\/fr\/creations\/pa-tri-ar-chy\/"]]}]},{"@type":"BreadcrumbList","@id":"https:\/\/innocentia-inviolata.fr\/fr\/creations\/pa-tri-ar-chy\/#breadcrumb","itemListElement":[{"@type":"ListItem","position":1,"name":"Home","item":"https:\/\/innocentia-inviolata.fr\/fr\/"},{"@type":"ListItem","position":2,"name":"ALL productions","item":"https:\/\/innocentia-inviolata.fr\/fr\/creations\/"},{"@type":"ListItem","position":3,"name":"Pa.tri.ar.chy 2018"}]}]}},"_links":{"self":[{"href":"https:\/\/innocentia-inviolata.fr\/fr\/wp-json\/wp\/v2\/pages\/735"}],"collection":[{"href":"https:\/\/innocentia-inviolata.fr\/fr\/wp-json\/wp\/v2\/pages"}],"about":[{"href":"https:\/\/innocentia-inviolata.fr\/fr\/wp-json\/wp\/v2\/types\/page"}],"author":[{"embeddable":true,"href":"https:\/\/innocentia-inviolata.fr\/fr\/wp-json\/wp\/v2\/users\/2"}],"replies":[{"embeddable":true,"href":"https:\/\/innocentia-inviolata.fr\/fr\/wp-json\/wp\/v2\/comments?post=735"}],"version-history":[{"count":19,"href":"https:\/\/innocentia-inviolata.fr\/fr\/wp-json\/wp\/v2\/pages\/735\/revisions"}],"predecessor-version":[{"id":1960,"href":"https:\/\/innocentia-inviolata.fr\/fr\/wp-json\/wp\/v2\/pages\/735\/revisions\/1960"}],"up":[{"embeddable":true,"href":"https:\/\/innocentia-inviolata.fr\/fr\/wp-json\/wp\/v2\/pages\/7"}],"wp:featuredmedia":[{"embeddable":true,"href":"https:\/\/innocentia-inviolata.fr\/fr\/wp-json\/wp\/v2\/media\/786"}],"wp:attachment":[{"href":"https:\/\/innocentia-inviolata.fr\/fr\/wp-json\/wp\/v2\/media?parent=735"}],"wp:term":[{"taxonomy":"category","embeddable":true,"href":"https:\/\/innocentia-inviolata.fr\/fr\/wp-json\/wp\/v2\/categories?post=735"},{"taxonomy":"post_tag","embeddable":true,"href":"https:\/\/innocentia-inviolata.fr\/fr\/wp-json\/wp\/v2\/tags?post=735"}],"curies":[{"name":"wp","href":"https:\/\/api.w.org\/{rel}","templated":true}]}}