{"id":702,"date":"2022-01-14T17:20:44","date_gmt":"2022-01-14T17:20:44","guid":{"rendered":"https:\/\/innocentia-inviolata.fr\/en\/?page_id=702"},"modified":"2024-12-03T11:27:05","modified_gmt":"2024-12-03T11:27:05","slug":"francais-creatures-damour-et-de-desirs","status":"publish","type":"page","link":"https:\/\/innocentia-inviolata.fr\/fr\/creations\/creatures-damour-et-de-desirs\/","title":{"rendered":"Creatures d&rsquo;Amour et de D\u00e9sirs 2021"},"content":{"rendered":"<p>https:\/\/www.youtube.com\/watch?v=NSHX73McaWI<\/p>\n<p>Cr\u00e9ation 2021 : Le Quai des Savoir\u00a0 \/ Diffusion: C. Culturel Bonnefoy, 2021 \/ Cave Po\u00e9sie, 2022<\/p>\n<p>Production : Innocentia Inviolata<br \/>\nCo-production : L&rsquo;Usine cnarep Tournefeuille, le Quai des Savoirs- Toulouse Metropole<br \/>\nAvec le soutien de la Ville de Toulouse, le Conseil d\u00e9partemental de la Haute Garonne<br \/>\nPartenariats : Radio Radio, Veho Constructions, Cacaofages<\/p>\n<p>Conception \/ Textes \/ Direction : C\u00e9line Nogueira<\/p>\n<p>Avec : Marie Ausina, C\u00e9line Cohen, H\u00e9l\u00e8ne Hiquily, Lucie Muratet, C\u00e9line Nogueira, Emilie Perrin, Wilfried Tisseyre<\/p>\n<p class=\"p7\"><span class=\"s2\">Musique Cabaret : C\u00e9line Cohen, C\u00e9line Nogueira, Wilfried Tisseyre<\/span><\/p>\n<p class=\"p7\"><span class=\"s2\">Son Cabaret : Thomas Gouaz\u00e9<\/span><\/p>\n<p class=\"p7\"><span class=\"s2\">Administration\/ production : Louis Gry<\/span><\/p>\n<p><a href=\"https:\/\/www.mixcloud.com\/RadioRadioToulouse\/a-suivre-la-nuit-bleue-de-celine-nogueira-et-ses-creatures\/\">Documentaire Radio Radio<\/a><\/p>\n<p><a href=\"https:\/\/www.lusine.net\/entretiens\/celine-nogueira-nuit-bleue-7\/\">Entretien avec Celine Nogueira<\/a><\/p>\n<p><em><span class=\"s1\">\u00ab\u00a0Ce confinement n\u2019est rien. C\u2019est la vulgarit\u00e9 du sentiment qui fait tourment : celui d\u2019\u00eatre blas\u00e9e de ne plus d\u00e9sirer et ne plus toucher \u00ab assez \u00bb, craindre de n\u2019\u00eatre plus d\u00e9sir\u00e9e et n\u2019\u00eatre plus touch\u00e9e \u00ab assez \u00bb, jusque sentir ma peau fondre dans son inutilit\u00e9 en un \u00e9tat de pourrissement avanc\u00e9. (&#8230;) <\/span><\/em><span class=\"s1\"><em>Sauf que, moi, je veux d\u00e9sirer en continu, \u00e0 dur\u00e9e ind\u00e9termin\u00e9 ! Te d\u00e9sirer \u00e0 te d\u00e9chirer les art\u00e8res, \u00e0 te sonder plus que tu ne l\u2019esp\u00e8res, \u00e0 te bouffer et marquer tes restes au fer. C\u2019est clair ?\u00a0\u00bb<\/em> Cr\u00e9ature du Manque et de l&rsquo;Exc\u00e8s- extrait<\/span><\/p>\n<blockquote><p><img loading=\"lazy\" class=\"alignnone size-medium wp-image-1077\" src=\"https:\/\/innocentia-inviolata.fr\/wp-content\/uploads\/3P0A4588-273x410.jpg\" alt=\"\" width=\"273\" height=\"410\" srcset=\"https:\/\/innocentia-inviolata.fr\/wp-content\/uploads\/3P0A4588-273x410.jpg 273w, https:\/\/innocentia-inviolata.fr\/wp-content\/uploads\/3P0A4588-683x1024.jpg 683w, https:\/\/innocentia-inviolata.fr\/wp-content\/uploads\/3P0A4588-768x1152.jpg 768w, https:\/\/innocentia-inviolata.fr\/wp-content\/uploads\/3P0A4588-1024x1536.jpg 1024w, https:\/\/innocentia-inviolata.fr\/wp-content\/uploads\/3P0A4588-1365x2048.jpg 1365w, https:\/\/innocentia-inviolata.fr\/wp-content\/uploads\/3P0A4588-scaled.jpg 1707w\" sizes=\"(max-width: 273px) 100vw, 273px\" \/><\/p><\/blockquote>\n<p class=\"p1\"><em><span class=\"s1\">\u00ab\u00a0Paresseuse ou femmes lascive d\u2019une autre soci\u00e9t\u00e9, femme charnelle et licencieuse d\u2019un si\u00e8cle d\u00e9suet, femme \u00e9rotique et luxurieuse d\u2019un palais aux murs de velours \u00e9carlat\u00e9s, aux murs \u00e0 l\u2019odeur de poudre comme une poudre interdite, une poudre magique, une poudre que l\u2019on pose \u00e0 l\u2019exc\u00e8s sur une joue trop impudique sur une joue passionn\u00e9e dans un bordel tol\u00e9r\u00e9. <\/span><\/em><span class=\"s1\"><em>Je suis ph\u00e9nom\u00e9nale!\u00a0\u00bb<\/em> Cr\u00e9ature Sauvage #1- extrait<\/span><\/p>\n<blockquote><p>&nbsp;<\/p><\/blockquote>\n<p class=\"p1\"><img loading=\"lazy\" class=\"alignnone size-medium wp-image-1076\" src=\"https:\/\/innocentia-inviolata.fr\/wp-content\/uploads\/3P0A1729-410x273.jpg\" alt=\"\" width=\"410\" height=\"273\" srcset=\"https:\/\/innocentia-inviolata.fr\/wp-content\/uploads\/3P0A1729-410x273.jpg 410w, https:\/\/innocentia-inviolata.fr\/wp-content\/uploads\/3P0A1729-1024x683.jpg 1024w, https:\/\/innocentia-inviolata.fr\/wp-content\/uploads\/3P0A1729-768x512.jpg 768w, https:\/\/innocentia-inviolata.fr\/wp-content\/uploads\/3P0A1729-1536x1024.jpg 1536w\" sizes=\"(max-width: 410px) 100vw, 410px\" \/><\/p>\n<p class=\"p1\"><em><span class=\"s1\">\u00ab\u00a0Je veux des d\u00eeners de Noel en famille. Avec ta famille, avec ma famille, avec notre famille. Je veux cr\u00e9er \u00ab notre \u00bb famille. Une famille d\u00e9jant\u00e9e, \u00e9clat\u00e9e, hors-norme. Une famille \u00e0 inventer. Une famille qui nous ressemble, une famille qui n\u2019existe pas encore, une famille qui n\u2019a jamais exist\u00e9. Une tribu. Un cercle. Sacr\u00e9.\u00a0 <\/span><\/em><span class=\"s1\"><em>Je veux construire le temple de nous avec toi.\u00a0\u00bb<\/em> Cr\u00e9ature Sauvage #2- extrait<\/span><\/p>\n<p><\/p>","protected":false},"excerpt":{"rendered":"<p>https:\/\/www.youtube.com\/watch?v=NSHX73McaWI Cr\u00e9ation 2021 : Le Quai des Savoir\u00a0 \/ Diffusion: C. Culturel Bonnefoy, 2021 \/ Cave Po\u00e9sie, 2022 Production : Innocentia Inviolata Co-production : L&rsquo;Usine cnarep Tournefeuille, le Quai des Savoirs- Toulouse Metropole Avec le soutien de la Ville de Toulouse, le Conseil d\u00e9partemental de la Haute Garonne Partenariats : Radio Radio, Veho Constructions, Cacaofages&nbsp;<a href=\"https:\/\/innocentia-inviolata.fr\/fr\/creations\/creatures-damour-et-de-desirs\/\">Read more<\/a><\/p>\n","protected":false},"author":2,"featured_media":1602,"parent":7,"menu_order":2,"comment_status":"closed","ping_status":"closed","template":"cubes.php","meta":[],"categories":[6],"tags":[],"yoast_head":"<!-- This site is optimized with the Yoast SEO plugin v18.1 - https:\/\/yoast.com\/wordpress\/plugins\/seo\/ -->\n<meta name=\"robots\" content=\"index, follow, max-snippet:-1, max-image-preview:large, max-video-preview:-1\" \/>\n<link rel=\"canonical\" href=\"https:\/\/innocentia-inviolata.fr\/fr\/creations\/francais-creatures-damour-et-de-desirs\/\" \/>\n<meta property=\"og:locale\" content=\"fr_FR\" \/>\n<meta property=\"og:type\" content=\"article\" \/>\n<meta property=\"og:title\" content=\"Creatures d&#039;Amour et de D\u00e9sirs 2021 - INNOCENTIA INVIOLATA\" \/>\n<meta property=\"og:description\" content=\"https:\/\/www.youtube.com\/watch?v=NSHX73McaWI Cr\u00e9ation 2021 : Le Quai des Savoir\u00a0 \/ Diffusion: C. Culturel Bonnefoy, 2021 \/ Cave Po\u00e9sie, 2022 Production : Innocentia Inviolata Co-production : L&rsquo;Usine cnarep Tournefeuille, le Quai des Savoirs- Toulouse Metropole Avec le soutien de la Ville de Toulouse, le Conseil d\u00e9partemental de la Haute Garonne Partenariats : Radio Radio, Veho Constructions, Cacaofages&nbsp;Read more\" \/>\n<meta property=\"og:url\" content=\"https:\/\/innocentia-inviolata.fr\/fr\/creations\/francais-creatures-damour-et-de-desirs\/\" \/>\n<meta property=\"og:site_name\" content=\"INNOCENTIA INVIOLATA\" \/>\n<meta property=\"article:publisher\" content=\"https:\/\/fr-fr.facebook.com\/innocentia.inviolata.9\" \/>\n<meta property=\"article:modified_time\" content=\"2024-12-03T11:27:05+00:00\" \/>\n<meta property=\"og:image\" content=\"https:\/\/innocentia-inviolata.fr\/wp-content\/uploads\/PIC-Loran-Creatures-img64.jpg\" \/>\n\t<meta property=\"og:image:width\" content=\"641\" \/>\n\t<meta property=\"og:image:height\" content=\"1005\" \/>\n\t<meta property=\"og:image:type\" content=\"image\/jpeg\" \/>\n<meta name=\"twitter:card\" content=\"summary_large_image\" \/>\n<meta name=\"twitter:label1\" content=\"Dur\u00e9e de lecture estim\u00e9e\" \/>\n\t<meta name=\"twitter:data1\" content=\"2 minutes\" \/>\n<script type=\"application\/ld+json\" class=\"yoast-schema-graph\">{\"@context\":\"https:\/\/schema.org\",\"@graph\":[{\"@type\":\"Organization\",\"@id\":\"https:\/\/innocentia-inviolata.fr\/fr\/#organization\",\"name\":\"Innocentia Inviolata\",\"url\":\"https:\/\/innocentia-inviolata.fr\/fr\/\",\"sameAs\":[\"https:\/\/fr-fr.facebook.com\/innocentia.inviolata.9\"],\"logo\":{\"@type\":\"ImageObject\",\"@id\":\"https:\/\/innocentia-inviolata.fr\/fr\/#logo\",\"inLanguage\":\"fr-FR\",\"url\":\"https:\/\/innocentia-inviolata.fr\/wp-content\/uploads\/screenshot.png\",\"contentUrl\":\"https:\/\/innocentia-inviolata.fr\/wp-content\/uploads\/screenshot.png\",\"width\":300,\"height\":225,\"caption\":\"Innocentia Inviolata\"},\"image\":{\"@id\":\"https:\/\/innocentia-inviolata.fr\/fr\/#logo\"}},{\"@type\":\"WebSite\",\"@id\":\"https:\/\/innocentia-inviolata.fr\/fr\/#website\",\"url\":\"https:\/\/innocentia-inviolata.fr\/fr\/\",\"name\":\"INNOCENTIA INVIOLATA\",\"description\":\"Direction C\u00e9line Nogueira\",\"publisher\":{\"@id\":\"https:\/\/innocentia-inviolata.fr\/fr\/#organization\"},\"potentialAction\":[{\"@type\":\"SearchAction\",\"target\":{\"@type\":\"EntryPoint\",\"urlTemplate\":\"https:\/\/innocentia-inviolata.fr\/fr\/?s={search_term_string}\"},\"query-input\":\"required name=search_term_string\"}],\"inLanguage\":\"fr-FR\"},{\"@type\":\"ImageObject\",\"@id\":\"https:\/\/innocentia-inviolata.fr\/fr\/creations\/francais-creatures-damour-et-de-desirs\/#primaryimage\",\"inLanguage\":\"fr-FR\",\"url\":\"https:\/\/innocentia-inviolata.fr\/wp-content\/uploads\/PIC-Loran-Creatures-img64.jpg\",\"contentUrl\":\"https:\/\/innocentia-inviolata.fr\/wp-content\/uploads\/PIC-Loran-Creatures-img64.jpg\",\"width\":641,\"height\":1005},{\"@type\":\"WebPage\",\"@id\":\"https:\/\/innocentia-inviolata.fr\/fr\/creations\/francais-creatures-damour-et-de-desirs\/#webpage\",\"url\":\"https:\/\/innocentia-inviolata.fr\/fr\/creations\/francais-creatures-damour-et-de-desirs\/\",\"name\":\"Creatures d'Amour et de D\u00e9sirs 2021 - INNOCENTIA INVIOLATA\",\"isPartOf\":{\"@id\":\"https:\/\/innocentia-inviolata.fr\/fr\/#website\"},\"primaryImageOfPage\":{\"@id\":\"https:\/\/innocentia-inviolata.fr\/fr\/creations\/francais-creatures-damour-et-de-desirs\/#primaryimage\"},\"datePublished\":\"2022-01-14T17:20:44+00:00\",\"dateModified\":\"2024-12-03T11:27:05+00:00\",\"breadcrumb\":{\"@id\":\"https:\/\/innocentia-inviolata.fr\/fr\/creations\/francais-creatures-damour-et-de-desirs\/#breadcrumb\"},\"inLanguage\":\"fr-FR\",\"potentialAction\":[{\"@type\":\"ReadAction\",\"target\":[[\"https:\/\/innocentia-inviolata.fr\/fr\/creations\/francais-creatures-damour-et-de-desirs\/\"]]}]},{\"@type\":\"BreadcrumbList\",\"@id\":\"https:\/\/innocentia-inviolata.fr\/fr\/creations\/francais-creatures-damour-et-de-desirs\/#breadcrumb\",\"itemListElement\":[{\"@type\":\"ListItem\",\"position\":1,\"name\":\"Home\",\"item\":\"https:\/\/innocentia-inviolata.fr\/fr\/\"},{\"@type\":\"ListItem\",\"position\":2,\"name\":\"ALL productions\",\"item\":\"https:\/\/innocentia-inviolata.fr\/fr\/creations\/\"},{\"@type\":\"ListItem\",\"position\":3,\"name\":\"Creatures of Love and Desire 2021\"}]}]}<\/script>\n<!-- \/ Yoast SEO plugin. -->","yoast_head_json":{"robots":{"index":"index","follow":"follow","max-snippet":"max-snippet:-1","max-image-preview":"max-image-preview:large","max-video-preview":"max-video-preview:-1"},"canonical":"https:\/\/innocentia-inviolata.fr\/fr\/creations\/francais-creatures-damour-et-de-desirs\/","og_locale":"fr_FR","og_type":"article","og_title":"Creatures d'Amour et de D\u00e9sirs 2021 - INNOCENTIA INVIOLATA","og_description":"https:\/\/www.youtube.com\/watch?v=NSHX73McaWI Cr\u00e9ation 2021 : Le Quai des Savoir\u00a0 \/ Diffusion: C. Culturel Bonnefoy, 2021 \/ Cave Po\u00e9sie, 2022 Production : Innocentia Inviolata Co-production : L&rsquo;Usine cnarep Tournefeuille, le Quai des Savoirs- Toulouse Metropole Avec le soutien de la Ville de Toulouse, le Conseil d\u00e9partemental de la Haute Garonne Partenariats : Radio Radio, Veho Constructions, Cacaofages&nbsp;Read more","og_url":"https:\/\/innocentia-inviolata.fr\/fr\/creations\/francais-creatures-damour-et-de-desirs\/","og_site_name":"INNOCENTIA INVIOLATA","article_publisher":"https:\/\/fr-fr.facebook.com\/innocentia.inviolata.9","article_modified_time":"2024-12-03T11:27:05+00:00","og_image":[{"width":641,"height":1005,"url":"https:\/\/innocentia-inviolata.fr\/wp-content\/uploads\/PIC-Loran-Creatures-img64.jpg","type":"image\/jpeg"}],"twitter_card":"summary_large_image","twitter_misc":{"Dur\u00e9e de lecture estim\u00e9e":"2 minutes"},"schema":{"@context":"https:\/\/schema.org","@graph":[{"@type":"Organization","@id":"https:\/\/innocentia-inviolata.fr\/fr\/#organization","name":"Innocentia Inviolata","url":"https:\/\/innocentia-inviolata.fr\/fr\/","sameAs":["https:\/\/fr-fr.facebook.com\/innocentia.inviolata.9"],"logo":{"@type":"ImageObject","@id":"https:\/\/innocentia-inviolata.fr\/fr\/#logo","inLanguage":"fr-FR","url":"https:\/\/innocentia-inviolata.fr\/wp-content\/uploads\/screenshot.png","contentUrl":"https:\/\/innocentia-inviolata.fr\/wp-content\/uploads\/screenshot.png","width":300,"height":225,"caption":"Innocentia Inviolata"},"image":{"@id":"https:\/\/innocentia-inviolata.fr\/fr\/#logo"}},{"@type":"WebSite","@id":"https:\/\/innocentia-inviolata.fr\/fr\/#website","url":"https:\/\/innocentia-inviolata.fr\/fr\/","name":"INNOCENTIA INVIOLATA","description":"Direction C\u00e9line Nogueira","publisher":{"@id":"https:\/\/innocentia-inviolata.fr\/fr\/#organization"},"potentialAction":[{"@type":"SearchAction","target":{"@type":"EntryPoint","urlTemplate":"https:\/\/innocentia-inviolata.fr\/fr\/?s={search_term_string}"},"query-input":"required name=search_term_string"}],"inLanguage":"fr-FR"},{"@type":"ImageObject","@id":"https:\/\/innocentia-inviolata.fr\/fr\/creations\/francais-creatures-damour-et-de-desirs\/#primaryimage","inLanguage":"fr-FR","url":"https:\/\/innocentia-inviolata.fr\/wp-content\/uploads\/PIC-Loran-Creatures-img64.jpg","contentUrl":"https:\/\/innocentia-inviolata.fr\/wp-content\/uploads\/PIC-Loran-Creatures-img64.jpg","width":641,"height":1005},{"@type":"WebPage","@id":"https:\/\/innocentia-inviolata.fr\/fr\/creations\/francais-creatures-damour-et-de-desirs\/#webpage","url":"https:\/\/innocentia-inviolata.fr\/fr\/creations\/francais-creatures-damour-et-de-desirs\/","name":"Creatures d'Amour et de D\u00e9sirs 2021 - INNOCENTIA INVIOLATA","isPartOf":{"@id":"https:\/\/innocentia-inviolata.fr\/fr\/#website"},"primaryImageOfPage":{"@id":"https:\/\/innocentia-inviolata.fr\/fr\/creations\/francais-creatures-damour-et-de-desirs\/#primaryimage"},"datePublished":"2022-01-14T17:20:44+00:00","dateModified":"2024-12-03T11:27:05+00:00","breadcrumb":{"@id":"https:\/\/innocentia-inviolata.fr\/fr\/creations\/francais-creatures-damour-et-de-desirs\/#breadcrumb"},"inLanguage":"fr-FR","potentialAction":[{"@type":"ReadAction","target":[["https:\/\/innocentia-inviolata.fr\/fr\/creations\/francais-creatures-damour-et-de-desirs\/"]]}]},{"@type":"BreadcrumbList","@id":"https:\/\/innocentia-inviolata.fr\/fr\/creations\/francais-creatures-damour-et-de-desirs\/#breadcrumb","itemListElement":[{"@type":"ListItem","position":1,"name":"Home","item":"https:\/\/innocentia-inviolata.fr\/fr\/"},{"@type":"ListItem","position":2,"name":"ALL productions","item":"https:\/\/innocentia-inviolata.fr\/fr\/creations\/"},{"@type":"ListItem","position":3,"name":"Creatures of Love and Desire 2021"}]}]}},"_links":{"self":[{"href":"https:\/\/innocentia-inviolata.fr\/fr\/wp-json\/wp\/v2\/pages\/702"}],"collection":[{"href":"https:\/\/innocentia-inviolata.fr\/fr\/wp-json\/wp\/v2\/pages"}],"about":[{"href":"https:\/\/innocentia-inviolata.fr\/fr\/wp-json\/wp\/v2\/types\/page"}],"author":[{"embeddable":true,"href":"https:\/\/innocentia-inviolata.fr\/fr\/wp-json\/wp\/v2\/users\/2"}],"replies":[{"embeddable":true,"href":"https:\/\/innocentia-inviolata.fr\/fr\/wp-json\/wp\/v2\/comments?post=702"}],"version-history":[{"count":41,"href":"https:\/\/innocentia-inviolata.fr\/fr\/wp-json\/wp\/v2\/pages\/702\/revisions"}],"predecessor-version":[{"id":1865,"href":"https:\/\/innocentia-inviolata.fr\/fr\/wp-json\/wp\/v2\/pages\/702\/revisions\/1865"}],"up":[{"embeddable":true,"href":"https:\/\/innocentia-inviolata.fr\/fr\/wp-json\/wp\/v2\/pages\/7"}],"wp:featuredmedia":[{"embeddable":true,"href":"https:\/\/innocentia-inviolata.fr\/fr\/wp-json\/wp\/v2\/media\/1602"}],"wp:attachment":[{"href":"https:\/\/innocentia-inviolata.fr\/fr\/wp-json\/wp\/v2\/media?parent=702"}],"wp:term":[{"taxonomy":"category","embeddable":true,"href":"https:\/\/innocentia-inviolata.fr\/fr\/wp-json\/wp\/v2\/categories?post=702"},{"taxonomy":"post_tag","embeddable":true,"href":"https:\/\/innocentia-inviolata.fr\/fr\/wp-json\/wp\/v2\/tags?post=702"}],"curies":[{"name":"wp","href":"https:\/\/api.w.org\/{rel}","templated":true}]}}