{"id":7,"date":"2013-06-17T20:18:04","date_gmt":"2013-06-17T20:18:04","guid":{"rendered":"https:\/\/innocentia-inviolata.fr\/?page_id=7"},"modified":"2025-09-20T10:03:14","modified_gmt":"2025-09-20T10:03:14","slug":"creations","status":"publish","type":"page","link":"https:\/\/innocentia-inviolata.fr\/fr\/creations\/","title":{"rendered":"Toutes les Cr\u00e9ations"},"content":{"rendered":"<p><em>\u00ab Je suis fascine\u0301e par la mue- sa violence et sa beaute\u0301.<\/em><\/p>\n<p><em>La me\u0301tamorphose, en tant que passage d&rsquo;un e\u0301tat de corps et de conscience a\u0300 un autre, a fonde\u0301 et inspire\u0301 ma vision d\u2019oeuvres plurales, en co-cre\u0301ation, en patchwork de sensorialite\u0301s.<\/em><br \/>\n<em>Je crois au geste artistique cathartique et au the\u0301a\u0302tre comme ce\u0301re\u0301monie chamanique capable de nous modifier.<\/em><\/p>\n<p><em>La repre\u0301sentation artistique et la rencontre intime ont en commun la capacite\u0301 de pe\u0301ne\u0301trer l\u2019invisible de nos intentions et nos de\u0301sirs et cre\u0301er le trouble, secouer nos ide\u0301es rec\u0327ues, nos habitudes, nos croyances jusque nos sche\u0301mas archai\u0308ques profonds. Quand ce bouleversement a lieu en nous, tout peut basculer. La mue peut avoir lieu. C\u2019est un phe\u0301nome\u0300ne puissant, violent, et tout le monde n\u2019aime pas y e\u0302tre confronte\u0301.<\/em><\/p>\n<p><em>Pourtant, en invitant les publics a\u0300 la rencontre de ces freaks- e\u0302tres insolites e\u0301gare\u0301s dans des centres de l&rsquo;exclusion- c&rsquo;est bien a\u0300 ce phe\u0301nome\u0300ne de mue que je souhaite les confronter. \u00bb<\/em><\/p>\n<blockquote><p>Ce\u0301line Nogueira<\/p>\n<p><img loading=\"lazy\" class=\"alignnone size-medium wp-image-1049\" src=\"https:\/\/innocentia-inviolata.fr\/wp-content\/uploads\/Portrait-273x410.jpg\" alt=\"\" width=\"273\" height=\"410\" srcset=\"https:\/\/innocentia-inviolata.fr\/wp-content\/uploads\/Portrait-273x410.jpg 273w, https:\/\/innocentia-inviolata.fr\/wp-content\/uploads\/Portrait-682x1024.jpg 682w, https:\/\/innocentia-inviolata.fr\/wp-content\/uploads\/Portrait-768x1153.jpg 768w, https:\/\/innocentia-inviolata.fr\/wp-content\/uploads\/Portrait-1023x1536.jpg 1023w, https:\/\/innocentia-inviolata.fr\/wp-content\/uploads\/Portrait-1364x2048.jpg 1364w, https:\/\/innocentia-inviolata.fr\/wp-content\/uploads\/Portrait-scaled.jpg 1705w\" sizes=\"(max-width: 273px) 100vw, 273px\" \/><\/p><\/blockquote>\n<p><a href=\"https:\/\/www.youtube.com\/user\/innocentiainviolata\">VIDEOS on Youtube<\/a><\/p>\n<p><em>Mon approche artistique s\u2019accompagne d\u2019un souci de cr\u00e9er un langage th\u00e9\u00e2tral capable de trouver un \u00e9cho physique, sensoriel chez le spectateur. Provoquer son corps, c\u2019est chercher \u00e0 stimuler ses sens afin que lui seul y trouve son sens. Je propose de \u00ab faire l\u2019exp\u00e9rience de \u00bb. M\u00eame s\u2019il s\u2019agit de provoquer, parfois, des r\u00e9actions d\u2019 inconfort et de douleur.<\/em><\/p>\n<p><em>Le caract\u00e8re visc\u00e9ral et physique de mon th\u00e9\u00e2tre et de mon \u00e9criture d\u00e9finit ma vision m\u00eame du th\u00e9\u00e2tre : une vision qui se rapproche de celle de la Renaissance, du Th\u00e9\u00e2tre de la cruaut\u00e9 et une d\u00e9marche cathartique, th\u00e9rapeutique, o\u00f9 interpr\u00e8tes invitent les publics dans un imaginaire o\u00f9 la r\u00e9alit\u00e9 est plus facile \u00e0 reconna\u00eetre, \u00e0 appr\u00e9hender ou \u00e0 \u00e9viter.<\/em><\/p>\n<p><em>De cet h\u00e9ritage et de mon exp\u00e9rience , j\u2019ai la conviction que des actions et situations inhabituelles, non conventionnelles ou extr\u00eames sur le plateau peuvent provoquer, chez les spectateurs, une r\u00e9v\u00e9lation ou un changement.<\/em><\/p>\n<p><em>Tel est ce th\u00e9\u00e2tre vivant auquel je crois.<\/em><\/p>\n<p>Nos Cr\u00e9ations s&rsquo;appuient sur des textes classiques ou contemporains autant que sur le jeu, la danse, la musique live, la vid\u00e9o.<\/p>\n<p>&nbsp;<\/p>\n<p><em>\u00ab\u00a0C\u00e9line&rsquo;s directing style is a unique blend of humor and strictness, or as we say, a mix of the nice and the kill.\u00a0\u00bb<\/em> Alina Zotova, film student<\/p>","protected":false},"excerpt":{"rendered":"<p>\u00ab Je suis fascine\u0301e par la mue- sa violence et sa beaute\u0301. La me\u0301tamorphose, en tant que passage d&rsquo;un e\u0301tat de corps et de conscience a\u0300 un autre, a fonde\u0301 et inspire\u0301 ma vision d\u2019oeuvres plurales, en co-cre\u0301ation, en patchwork de sensorialite\u0301s. Je crois au geste artistique cathartique et au the\u0301a\u0302tre comme ce\u0301re\u0301monie chamanique capable&nbsp;<a href=\"https:\/\/innocentia-inviolata.fr\/fr\/creations\/\">Read more<\/a><\/p>\n","protected":false},"author":1,"featured_media":795,"parent":0,"menu_order":1,"comment_status":"closed","ping_status":"open","template":"cubes.php","meta":[],"categories":[],"tags":[],"yoast_head":"<!-- This site is optimized with the Yoast SEO plugin v18.1 - https:\/\/yoast.com\/wordpress\/plugins\/seo\/ -->\n<meta name=\"robots\" content=\"index, follow, max-snippet:-1, max-image-preview:large, max-video-preview:-1\" \/>\n<link rel=\"canonical\" href=\"https:\/\/innocentia-inviolata.fr\/fr\/creations\/\" \/>\n<meta property=\"og:locale\" content=\"fr_FR\" \/>\n<meta property=\"og:type\" content=\"article\" \/>\n<meta property=\"og:title\" content=\"Toutes les Cr\u00e9ations - INNOCENTIA INVIOLATA\" \/>\n<meta property=\"og:description\" content=\"\u00ab Je suis fascine\u0301e par la mue- sa violence et sa beaute\u0301. La me\u0301tamorphose, en tant que passage d&rsquo;un e\u0301tat de corps et de conscience a\u0300 un autre, a fonde\u0301 et inspire\u0301 ma vision d\u2019oeuvres plurales, en co-cre\u0301ation, en patchwork de sensorialite\u0301s. Je crois au geste artistique cathartique et au the\u0301a\u0302tre comme ce\u0301re\u0301monie chamanique capable&nbsp;Read more\" \/>\n<meta property=\"og:url\" content=\"https:\/\/innocentia-inviolata.fr\/fr\/creations\/\" \/>\n<meta property=\"og:site_name\" content=\"INNOCENTIA INVIOLATA\" \/>\n<meta property=\"article:publisher\" content=\"https:\/\/fr-fr.facebook.com\/innocentia.inviolata.9\" \/>\n<meta property=\"article:modified_time\" content=\"2025-09-20T10:03:14+00:00\" \/>\n<meta property=\"og:image\" content=\"https:\/\/innocentia-inviolata.fr\/wp-content\/uploads\/The-Crucible-2018-11-15-a\u0300-21.37.39.png\" \/>\n\t<meta property=\"og:image:width\" content=\"712\" \/>\n\t<meta property=\"og:image:height\" content=\"1012\" \/>\n\t<meta property=\"og:image:type\" content=\"image\/png\" \/>\n<meta name=\"twitter:card\" content=\"summary_large_image\" \/>\n<meta name=\"twitter:label1\" content=\"Dur\u00e9e de lecture estim\u00e9e\" \/>\n\t<meta name=\"twitter:data1\" content=\"2 minutes\" \/>\n<script type=\"application\/ld+json\" class=\"yoast-schema-graph\">{\"@context\":\"https:\/\/schema.org\",\"@graph\":[{\"@type\":\"Organization\",\"@id\":\"https:\/\/innocentia-inviolata.fr\/fr\/#organization\",\"name\":\"Innocentia Inviolata\",\"url\":\"https:\/\/innocentia-inviolata.fr\/fr\/\",\"sameAs\":[\"https:\/\/fr-fr.facebook.com\/innocentia.inviolata.9\"],\"logo\":{\"@type\":\"ImageObject\",\"@id\":\"https:\/\/innocentia-inviolata.fr\/fr\/#logo\",\"inLanguage\":\"fr-FR\",\"url\":\"https:\/\/innocentia-inviolata.fr\/wp-content\/uploads\/screenshot.png\",\"contentUrl\":\"https:\/\/innocentia-inviolata.fr\/wp-content\/uploads\/screenshot.png\",\"width\":300,\"height\":225,\"caption\":\"Innocentia Inviolata\"},\"image\":{\"@id\":\"https:\/\/innocentia-inviolata.fr\/fr\/#logo\"}},{\"@type\":\"WebSite\",\"@id\":\"https:\/\/innocentia-inviolata.fr\/fr\/#website\",\"url\":\"https:\/\/innocentia-inviolata.fr\/fr\/\",\"name\":\"INNOCENTIA INVIOLATA\",\"description\":\"Direction C\u00e9line Nogueira\",\"publisher\":{\"@id\":\"https:\/\/innocentia-inviolata.fr\/fr\/#organization\"},\"potentialAction\":[{\"@type\":\"SearchAction\",\"target\":{\"@type\":\"EntryPoint\",\"urlTemplate\":\"https:\/\/innocentia-inviolata.fr\/fr\/?s={search_term_string}\"},\"query-input\":\"required name=search_term_string\"}],\"inLanguage\":\"fr-FR\"},{\"@type\":\"ImageObject\",\"@id\":\"https:\/\/innocentia-inviolata.fr\/fr\/creations\/#primaryimage\",\"inLanguage\":\"fr-FR\",\"url\":\"https:\/\/innocentia-inviolata.fr\/wp-content\/uploads\/The-Crucible-2018-11-15-a\u0300-21.37.39.png\",\"contentUrl\":\"https:\/\/innocentia-inviolata.fr\/wp-content\/uploads\/The-Crucible-2018-11-15-a\u0300-21.37.39.png\",\"width\":712,\"height\":1012},{\"@type\":\"WebPage\",\"@id\":\"https:\/\/innocentia-inviolata.fr\/fr\/creations\/#webpage\",\"url\":\"https:\/\/innocentia-inviolata.fr\/fr\/creations\/\",\"name\":\"Toutes les Cr\u00e9ations - INNOCENTIA INVIOLATA\",\"isPartOf\":{\"@id\":\"https:\/\/innocentia-inviolata.fr\/fr\/#website\"},\"primaryImageOfPage\":{\"@id\":\"https:\/\/innocentia-inviolata.fr\/fr\/creations\/#primaryimage\"},\"datePublished\":\"2013-06-17T20:18:04+00:00\",\"dateModified\":\"2025-09-20T10:03:14+00:00\",\"breadcrumb\":{\"@id\":\"https:\/\/innocentia-inviolata.fr\/fr\/creations\/#breadcrumb\"},\"inLanguage\":\"fr-FR\",\"potentialAction\":[{\"@type\":\"ReadAction\",\"target\":[[\"https:\/\/innocentia-inviolata.fr\/fr\/creations\/\"]]}]},{\"@type\":\"BreadcrumbList\",\"@id\":\"https:\/\/innocentia-inviolata.fr\/fr\/creations\/#breadcrumb\",\"itemListElement\":[{\"@type\":\"ListItem\",\"position\":1,\"name\":\"Home\",\"item\":\"https:\/\/innocentia-inviolata.fr\/fr\/\"},{\"@type\":\"ListItem\",\"position\":2,\"name\":\"ALL productions\"}]}]}<\/script>\n<!-- \/ Yoast SEO plugin. -->","yoast_head_json":{"robots":{"index":"index","follow":"follow","max-snippet":"max-snippet:-1","max-image-preview":"max-image-preview:large","max-video-preview":"max-video-preview:-1"},"canonical":"https:\/\/innocentia-inviolata.fr\/fr\/creations\/","og_locale":"fr_FR","og_type":"article","og_title":"Toutes les Cr\u00e9ations - INNOCENTIA INVIOLATA","og_description":"\u00ab Je suis fascine\u0301e par la mue- sa violence et sa beaute\u0301. La me\u0301tamorphose, en tant que passage d&rsquo;un e\u0301tat de corps et de conscience a\u0300 un autre, a fonde\u0301 et inspire\u0301 ma vision d\u2019oeuvres plurales, en co-cre\u0301ation, en patchwork de sensorialite\u0301s. Je crois au geste artistique cathartique et au the\u0301a\u0302tre comme ce\u0301re\u0301monie chamanique capable&nbsp;Read more","og_url":"https:\/\/innocentia-inviolata.fr\/fr\/creations\/","og_site_name":"INNOCENTIA INVIOLATA","article_publisher":"https:\/\/fr-fr.facebook.com\/innocentia.inviolata.9","article_modified_time":"2025-09-20T10:03:14+00:00","og_image":[{"width":712,"height":1012,"url":"https:\/\/innocentia-inviolata.fr\/wp-content\/uploads\/The-Crucible-2018-11-15-a\u0300-21.37.39.png","type":"image\/png"}],"twitter_card":"summary_large_image","twitter_misc":{"Dur\u00e9e de lecture estim\u00e9e":"2 minutes"},"schema":{"@context":"https:\/\/schema.org","@graph":[{"@type":"Organization","@id":"https:\/\/innocentia-inviolata.fr\/fr\/#organization","name":"Innocentia Inviolata","url":"https:\/\/innocentia-inviolata.fr\/fr\/","sameAs":["https:\/\/fr-fr.facebook.com\/innocentia.inviolata.9"],"logo":{"@type":"ImageObject","@id":"https:\/\/innocentia-inviolata.fr\/fr\/#logo","inLanguage":"fr-FR","url":"https:\/\/innocentia-inviolata.fr\/wp-content\/uploads\/screenshot.png","contentUrl":"https:\/\/innocentia-inviolata.fr\/wp-content\/uploads\/screenshot.png","width":300,"height":225,"caption":"Innocentia Inviolata"},"image":{"@id":"https:\/\/innocentia-inviolata.fr\/fr\/#logo"}},{"@type":"WebSite","@id":"https:\/\/innocentia-inviolata.fr\/fr\/#website","url":"https:\/\/innocentia-inviolata.fr\/fr\/","name":"INNOCENTIA INVIOLATA","description":"Direction C\u00e9line Nogueira","publisher":{"@id":"https:\/\/innocentia-inviolata.fr\/fr\/#organization"},"potentialAction":[{"@type":"SearchAction","target":{"@type":"EntryPoint","urlTemplate":"https:\/\/innocentia-inviolata.fr\/fr\/?s={search_term_string}"},"query-input":"required name=search_term_string"}],"inLanguage":"fr-FR"},{"@type":"ImageObject","@id":"https:\/\/innocentia-inviolata.fr\/fr\/creations\/#primaryimage","inLanguage":"fr-FR","url":"https:\/\/innocentia-inviolata.fr\/wp-content\/uploads\/The-Crucible-2018-11-15-a\u0300-21.37.39.png","contentUrl":"https:\/\/innocentia-inviolata.fr\/wp-content\/uploads\/The-Crucible-2018-11-15-a\u0300-21.37.39.png","width":712,"height":1012},{"@type":"WebPage","@id":"https:\/\/innocentia-inviolata.fr\/fr\/creations\/#webpage","url":"https:\/\/innocentia-inviolata.fr\/fr\/creations\/","name":"Toutes les Cr\u00e9ations - INNOCENTIA INVIOLATA","isPartOf":{"@id":"https:\/\/innocentia-inviolata.fr\/fr\/#website"},"primaryImageOfPage":{"@id":"https:\/\/innocentia-inviolata.fr\/fr\/creations\/#primaryimage"},"datePublished":"2013-06-17T20:18:04+00:00","dateModified":"2025-09-20T10:03:14+00:00","breadcrumb":{"@id":"https:\/\/innocentia-inviolata.fr\/fr\/creations\/#breadcrumb"},"inLanguage":"fr-FR","potentialAction":[{"@type":"ReadAction","target":[["https:\/\/innocentia-inviolata.fr\/fr\/creations\/"]]}]},{"@type":"BreadcrumbList","@id":"https:\/\/innocentia-inviolata.fr\/fr\/creations\/#breadcrumb","itemListElement":[{"@type":"ListItem","position":1,"name":"Home","item":"https:\/\/innocentia-inviolata.fr\/fr\/"},{"@type":"ListItem","position":2,"name":"ALL productions"}]}]}},"_links":{"self":[{"href":"https:\/\/innocentia-inviolata.fr\/fr\/wp-json\/wp\/v2\/pages\/7"}],"collection":[{"href":"https:\/\/innocentia-inviolata.fr\/fr\/wp-json\/wp\/v2\/pages"}],"about":[{"href":"https:\/\/innocentia-inviolata.fr\/fr\/wp-json\/wp\/v2\/types\/page"}],"author":[{"embeddable":true,"href":"https:\/\/innocentia-inviolata.fr\/fr\/wp-json\/wp\/v2\/users\/1"}],"replies":[{"embeddable":true,"href":"https:\/\/innocentia-inviolata.fr\/fr\/wp-json\/wp\/v2\/comments?post=7"}],"version-history":[{"count":30,"href":"https:\/\/innocentia-inviolata.fr\/fr\/wp-json\/wp\/v2\/pages\/7\/revisions"}],"predecessor-version":[{"id":1968,"href":"https:\/\/innocentia-inviolata.fr\/fr\/wp-json\/wp\/v2\/pages\/7\/revisions\/1968"}],"wp:featuredmedia":[{"embeddable":true,"href":"https:\/\/innocentia-inviolata.fr\/fr\/wp-json\/wp\/v2\/media\/795"}],"wp:attachment":[{"href":"https:\/\/innocentia-inviolata.fr\/fr\/wp-json\/wp\/v2\/media?parent=7"}],"wp:term":[{"taxonomy":"category","embeddable":true,"href":"https:\/\/innocentia-inviolata.fr\/fr\/wp-json\/wp\/v2\/categories?post=7"},{"taxonomy":"post_tag","embeddable":true,"href":"https:\/\/innocentia-inviolata.fr\/fr\/wp-json\/wp\/v2\/tags?post=7"}],"curies":[{"name":"wp","href":"https:\/\/api.w.org\/{rel}","templated":true}]}}