{"id":44,"date":"2013-06-17T22:38:21","date_gmt":"2013-06-17T22:38:21","guid":{"rendered":"https:\/\/innocentia-inviolata.fr\/?page_id=44"},"modified":"2025-10-29T15:30:39","modified_gmt":"2025-10-29T15:30:39","slug":"training-courses-workshops-coaching","status":"publish","type":"page","link":"https:\/\/innocentia-inviolata.fr\/fr\/stages-ateliers-coaching\/","title":{"rendered":"FORMATION : Acting Coaching international"},"content":{"rendered":"<p><\/p>\n<pre style=\"padding-left: 40px;\">\u00ab C\u00e9line Nogueira est une p\u00e9dagogue-n\u00e9e. Elle a initi\u00e9 de nombreux stages avec le <em data-start=\"109\" data-end=\"140\">Stella Adler Studio of Acting<\/em>, en collaboration \u00e9troite avec nos professeurs \u00e9m\u00e9rites. Je la compte parmi les rares personnes qui comprennent et honorent l\u2019esprit et l\u2019h\u00e9ritage de Stella Adler.\u00bb<\/pre>\n<article class=\"text-token-text-primary w-full focus:outline-none [--shadow-height:45px] has-data-writing-block:pointer-events-none has-data-writing-block:-mt-(--shadow-height) has-data-writing-block:pt-(--shadow-height) [&amp;:has([data-writing-block])&gt;*]:pointer-events-auto [content-visibility:auto] supports-[content-visibility:auto]:[contain-intrinsic-size:auto_100lvh] scroll-mt-[calc(var(--header-height)+min(200px,max(70px,20svh)))]\" dir=\"auto\" tabindex=\"-1\" data-turn-id=\"75d43358-7f65-4a5f-b933-3e6780623973\" data-testid=\"conversation-turn-2\" data-scroll-anchor=\"true\" data-turn=\"assistant\">\n<div class=\"text-base my-auto mx-auto pb-10 [--thread-content-margin:--spacing(4)] thread-sm:[--thread-content-margin:--spacing(6)] thread-lg:[--thread-content-margin:--spacing(16)] px-(--thread-content-margin)\">\n<div class=\"[--thread-content-max-width:40rem] thread-lg:[--thread-content-max-width:48rem] mx-auto max-w-(--thread-content-max-width) flex-1 group\/turn-messages focus-visible:outline-hidden relative flex w-full min-w-0 flex-col agent-turn\" tabindex=\"-1\">\n<div class=\"flex max-w-full flex-col grow\">\n<div class=\"min-h-8 text-message relative flex w-full flex-col items-end gap-2 text-start break-words whitespace-normal [.text-message+&amp;]:mt-1\" dir=\"auto\" data-message-author-role=\"assistant\" data-message-id=\"84ef2e68-e16e-48ce-b588-9da73d5c54a3\" data-message-model-slug=\"gpt-5\">\n<div class=\"flex w-full flex-col gap-1 empty:hidden first:pt-[1px]\">\n<div class=\"markdown prose dark:prose-invert w-full break-words light markdown-new-styling\">\n<p style=\"padding-left: 40px;\" data-start=\"0\" data-end=\"394\" data-is-last-node=\"\" data-is-only-node=\"\">\u2014 <em data-start=\"324\" data-end=\"394\" data-is-last-node=\"\">Tom Oppenheim, directeur artistique du Stella Adler Studio of Acting<\/em><\/p>\n<p><iframe loading=\"lazy\" title=\"Rencontre avec Jacques Demange et C\u00e9line Nogueira\" width=\"410\" height=\"231\" src=\"https:\/\/www.youtube.com\/embed\/GgCzTlhJU_U?feature=oembed\" frameborder=\"0\" allow=\"accelerometer; autoplay; clipboard-write; encrypted-media; gyroscope; picture-in-picture; web-share\" referrerpolicy=\"strict-origin-when-cross-origin\" allowfullscreen><\/iframe><\/p>\n<\/div>\n<\/div>\n<\/div>\n<\/div>\n<\/div>\n<\/div>\n<\/article>\n<p>&nbsp;<\/p>\n<p><img loading=\"lazy\" class=\"alignnone wp-image-1524\" src=\"https:\/\/innocentia-inviolata.fr\/wp-content\/uploads\/PIC-stage-Ron6-308x410.jpeg\" alt=\"\" width=\"196\" height=\"261\" srcset=\"https:\/\/innocentia-inviolata.fr\/wp-content\/uploads\/PIC-stage-Ron6-308x410.jpeg 308w, https:\/\/innocentia-inviolata.fr\/wp-content\/uploads\/PIC-stage-Ron6-768x1024.jpeg 768w, https:\/\/innocentia-inviolata.fr\/wp-content\/uploads\/PIC-stage-Ron6-1152x1536.jpeg 1152w, https:\/\/innocentia-inviolata.fr\/wp-content\/uploads\/PIC-stage-Ron6.jpeg 1512w\" sizes=\"(max-width: 196px) 100vw, 196px\" \/><img loading=\"lazy\" class=\"alignnone wp-image-1519\" src=\"https:\/\/innocentia-inviolata.fr\/wp-content\/uploads\/PIC-Stage-ron--410x403.jpeg\" alt=\"\" width=\"264\" height=\"259\" srcset=\"https:\/\/innocentia-inviolata.fr\/wp-content\/uploads\/PIC-Stage-ron--410x403.jpeg 410w, https:\/\/innocentia-inviolata.fr\/wp-content\/uploads\/PIC-Stage-ron--1024x1006.jpeg 1024w, https:\/\/innocentia-inviolata.fr\/wp-content\/uploads\/PIC-Stage-ron--768x755.jpeg 768w, https:\/\/innocentia-inviolata.fr\/wp-content\/uploads\/PIC-Stage-ron--1536x1510.jpeg 1536w, https:\/\/innocentia-inviolata.fr\/wp-content\/uploads\/PIC-Stage-ron-.jpeg 1923w\" sizes=\"(max-width: 264px) 100vw, 264px\" \/><span style=\"color: #993366;\">C\u00e9line Nogueira &amp; Ron Burrus<\/span><img loading=\"lazy\" class=\"alignnone wp-image-1523\" src=\"https:\/\/innocentia-inviolata.fr\/wp-content\/uploads\/pic-stage-ron-5-410x308.jpeg\" alt=\"\" width=\"344\" height=\"258\" srcset=\"https:\/\/innocentia-inviolata.fr\/wp-content\/uploads\/pic-stage-ron-5-410x308.jpeg 410w, https:\/\/innocentia-inviolata.fr\/wp-content\/uploads\/pic-stage-ron-5-1024x768.jpeg 1024w, https:\/\/innocentia-inviolata.fr\/wp-content\/uploads\/pic-stage-ron-5-768x576.jpeg 768w, https:\/\/innocentia-inviolata.fr\/wp-content\/uploads\/pic-stage-ron-5-1536x1152.jpeg 1536w, https:\/\/innocentia-inviolata.fr\/wp-content\/uploads\/pic-stage-ron-5.jpeg 2016w\" sizes=\"(max-width: 344px) 100vw, 344px\" \/><span style=\"color: #993366;\">\u00a0<\/span><\/p>\n<p>Traductrice en fran\u00e7ais des techniques du jeu d&rsquo;acteur sp\u00e9cifiques \u00e0 Stella Adler elle enseigne les outils d&rsquo;interpr\u00e9tation \u00e0 travers des cours, stages, master-class et conf\u00e9rences : La Cin\u00e9math\u00e8que de Toulouse, Th\u00e9\u00e2tre La Cit\u00e9, Conservatoire d&rsquo;Art Dramatique de Toulouse, Centre chor\u00e9graphique James Carl\u00e8s, Universit\u00e9 Toulouse Jean Jaur\u00e8s, L&rsquo;Universit\u00e9 de Pau et des Pays de l&rsquo;Adour, Th\u00e9\u00e2tre Le Ring, La Sc\u00e8ne Nationale d&rsquo;ALBI-Tarn, HEC Paris, Inspe Sorbonne Universit\u00e9, Th\u00e9\u00e2tre Les Th\u00e9nardiers, Paris.<\/p>\n<p>Son enseignement est inspir\u00e9 de ses exp\u00e9riences aupr\u00e8s de Ron Burrus, Yoshi Oida, Slava Dolgatchev, Jimmy Tripp, Philip Seymour Hoffman, Fay Simpson, Ariane Mnouchkine, Ehrard Stiefel, Heddy Maalem.<\/p>\n<p><a href=\"https:\/\/blog.culture31.com\/2016\/05\/31\/acteur-mode-demploi\/\" target=\"_blank\" rel=\"noopener\"><strong>Acteur, mode d&#8217;emploi !<\/strong><\/a><\/p>\n<p>&nbsp;<\/p>\n<p style=\"text-align: center;\"><em>\u00ab\u00a0L&rsquo;approche de C\u00e9line est toute en puissance et discipline. Le projet a \u00e9t\u00e9 pour moi une source d&rsquo;inspiration que j&rsquo;avais oubli\u00e9e.\u00a0\u00bb &#8211;<\/em> Ritesh Rajan, Acteur<\/p>\n<p style=\"text-align: center;\"><em>\u00ab\u00a0Il y a une m\u00e9thode dans sa folie. Et pr\u00e9cis\u00e9ment la dose qu&rsquo;il faut de folie dans sa m\u00e9thode.\u00a0\u00bb<\/em> &#8211; Luke Askance, musicien, po\u00e8te, slammeur<\/p>\n<p>&nbsp;<\/p>\n<p><iframe loading=\"lazy\" title=\"Rencontre avec \u00c9meline Jouve et C\u00e9line Nogueira\" width=\"410\" height=\"231\" src=\"https:\/\/www.youtube.com\/embed\/4EBqjrksmVU?feature=oembed\" frameborder=\"0\" allow=\"accelerometer; autoplay; clipboard-write; encrypted-media; gyroscope; picture-in-picture; web-share\" referrerpolicy=\"strict-origin-when-cross-origin\" allowfullscreen><\/iframe><\/p>\n<p>&nbsp;<\/p>\n<p style=\"text-align: center;\"><strong>contact@innocentia-inviolata.fr<\/strong><\/p>\n<p><\/p>","protected":false},"excerpt":{"rendered":"<p>\u00ab C\u00e9line Nogueira est une p\u00e9dagogue-n\u00e9e. Elle a initi\u00e9 de nombreux stages avec le Stella Adler Studio of Acting, en collaboration \u00e9troite avec nos professeurs \u00e9m\u00e9rites. Je la compte parmi les rares personnes qui comprennent et honorent l\u2019esprit et l\u2019h\u00e9ritage de Stella Adler.\u00bb \u2014 Tom Oppenheim, directeur artistique du Stella Adler Studio of Acting &nbsp;&nbsp;<a href=\"https:\/\/innocentia-inviolata.fr\/fr\/stages-ateliers-coaching\/\">Read more<\/a><\/p>\n","protected":false},"author":1,"featured_media":1520,"parent":0,"menu_order":2,"comment_status":"closed","ping_status":"open","template":"","meta":[],"categories":[],"tags":[],"yoast_head":"<!-- This site is optimized with the Yoast SEO plugin v18.1 - https:\/\/yoast.com\/wordpress\/plugins\/seo\/ -->\n<meta name=\"robots\" content=\"index, follow, max-snippet:-1, max-image-preview:large, max-video-preview:-1\" \/>\n<link rel=\"canonical\" href=\"https:\/\/innocentia-inviolata.fr\/fr\/training-courses-workshops-coaching\/\" \/>\n<meta property=\"og:locale\" content=\"fr_FR\" \/>\n<meta property=\"og:type\" content=\"article\" \/>\n<meta property=\"og:title\" content=\"FORMATION : Acting Coaching international - INNOCENTIA INVIOLATA\" \/>\n<meta property=\"og:description\" content=\"\u00ab C\u00e9line Nogueira est une p\u00e9dagogue-n\u00e9e. Elle a initi\u00e9 de nombreux stages avec le Stella Adler Studio of Acting, en collaboration \u00e9troite avec nos professeurs \u00e9m\u00e9rites. Je la compte parmi les rares personnes qui comprennent et honorent l\u2019esprit et l\u2019h\u00e9ritage de Stella Adler.\u00bb \u2014 Tom Oppenheim, directeur artistique du Stella Adler Studio of Acting &nbsp;&nbsp;Read more\" \/>\n<meta property=\"og:url\" content=\"https:\/\/innocentia-inviolata.fr\/fr\/training-courses-workshops-coaching\/\" \/>\n<meta property=\"og:site_name\" content=\"INNOCENTIA INVIOLATA\" \/>\n<meta property=\"article:publisher\" content=\"https:\/\/fr-fr.facebook.com\/innocentia.inviolata.9\" \/>\n<meta property=\"article:modified_time\" content=\"2025-10-29T15:30:39+00:00\" \/>\n<meta property=\"og:image\" content=\"https:\/\/innocentia-inviolata.fr\/wp-content\/uploads\/PIC-stage-ron-2.jpeg\" \/>\n\t<meta property=\"og:image:width\" content=\"1891\" \/>\n\t<meta property=\"og:image:height\" content=\"1512\" \/>\n\t<meta property=\"og:image:type\" content=\"image\/jpeg\" \/>\n<meta name=\"twitter:card\" content=\"summary_large_image\" \/>\n<meta name=\"twitter:label1\" content=\"Dur\u00e9e de lecture estim\u00e9e\" \/>\n\t<meta name=\"twitter:data1\" content=\"2 minutes\" \/>\n<script type=\"application\/ld+json\" class=\"yoast-schema-graph\">{\"@context\":\"https:\/\/schema.org\",\"@graph\":[{\"@type\":\"Organization\",\"@id\":\"https:\/\/innocentia-inviolata.fr\/fr\/#organization\",\"name\":\"Innocentia Inviolata\",\"url\":\"https:\/\/innocentia-inviolata.fr\/fr\/\",\"sameAs\":[\"https:\/\/fr-fr.facebook.com\/innocentia.inviolata.9\"],\"logo\":{\"@type\":\"ImageObject\",\"@id\":\"https:\/\/innocentia-inviolata.fr\/fr\/#logo\",\"inLanguage\":\"fr-FR\",\"url\":\"https:\/\/innocentia-inviolata.fr\/wp-content\/uploads\/screenshot.png\",\"contentUrl\":\"https:\/\/innocentia-inviolata.fr\/wp-content\/uploads\/screenshot.png\",\"width\":300,\"height\":225,\"caption\":\"Innocentia Inviolata\"},\"image\":{\"@id\":\"https:\/\/innocentia-inviolata.fr\/fr\/#logo\"}},{\"@type\":\"WebSite\",\"@id\":\"https:\/\/innocentia-inviolata.fr\/fr\/#website\",\"url\":\"https:\/\/innocentia-inviolata.fr\/fr\/\",\"name\":\"INNOCENTIA INVIOLATA\",\"description\":\"Direction C\u00e9line Nogueira\",\"publisher\":{\"@id\":\"https:\/\/innocentia-inviolata.fr\/fr\/#organization\"},\"potentialAction\":[{\"@type\":\"SearchAction\",\"target\":{\"@type\":\"EntryPoint\",\"urlTemplate\":\"https:\/\/innocentia-inviolata.fr\/fr\/?s={search_term_string}\"},\"query-input\":\"required name=search_term_string\"}],\"inLanguage\":\"fr-FR\"},{\"@type\":\"ImageObject\",\"@id\":\"https:\/\/innocentia-inviolata.fr\/fr\/training-courses-workshops-coaching\/#primaryimage\",\"inLanguage\":\"fr-FR\",\"url\":\"https:\/\/innocentia-inviolata.fr\/wp-content\/uploads\/PIC-stage-ron-2.jpeg\",\"contentUrl\":\"https:\/\/innocentia-inviolata.fr\/wp-content\/uploads\/PIC-stage-ron-2.jpeg\",\"width\":1891,\"height\":1512},{\"@type\":\"WebPage\",\"@id\":\"https:\/\/innocentia-inviolata.fr\/fr\/training-courses-workshops-coaching\/#webpage\",\"url\":\"https:\/\/innocentia-inviolata.fr\/fr\/training-courses-workshops-coaching\/\",\"name\":\"FORMATION : Acting Coaching international - INNOCENTIA INVIOLATA\",\"isPartOf\":{\"@id\":\"https:\/\/innocentia-inviolata.fr\/fr\/#website\"},\"primaryImageOfPage\":{\"@id\":\"https:\/\/innocentia-inviolata.fr\/fr\/training-courses-workshops-coaching\/#primaryimage\"},\"datePublished\":\"2013-06-17T22:38:21+00:00\",\"dateModified\":\"2025-10-29T15:30:39+00:00\",\"breadcrumb\":{\"@id\":\"https:\/\/innocentia-inviolata.fr\/fr\/training-courses-workshops-coaching\/#breadcrumb\"},\"inLanguage\":\"fr-FR\",\"potentialAction\":[{\"@type\":\"ReadAction\",\"target\":[[\"https:\/\/innocentia-inviolata.fr\/fr\/training-courses-workshops-coaching\/\"]]}]},{\"@type\":\"BreadcrumbList\",\"@id\":\"https:\/\/innocentia-inviolata.fr\/fr\/training-courses-workshops-coaching\/#breadcrumb\",\"itemListElement\":[{\"@type\":\"ListItem\",\"position\":1,\"name\":\"Home\",\"item\":\"https:\/\/innocentia-inviolata.fr\/fr\/\"},{\"@type\":\"ListItem\",\"position\":2,\"name\":\"International Training Program\"}]}]}<\/script>\n<!-- \/ Yoast SEO plugin. -->","yoast_head_json":{"robots":{"index":"index","follow":"follow","max-snippet":"max-snippet:-1","max-image-preview":"max-image-preview:large","max-video-preview":"max-video-preview:-1"},"canonical":"https:\/\/innocentia-inviolata.fr\/fr\/training-courses-workshops-coaching\/","og_locale":"fr_FR","og_type":"article","og_title":"FORMATION : Acting Coaching international - INNOCENTIA INVIOLATA","og_description":"\u00ab C\u00e9line Nogueira est une p\u00e9dagogue-n\u00e9e. Elle a initi\u00e9 de nombreux stages avec le Stella Adler Studio of Acting, en collaboration \u00e9troite avec nos professeurs \u00e9m\u00e9rites. Je la compte parmi les rares personnes qui comprennent et honorent l\u2019esprit et l\u2019h\u00e9ritage de Stella Adler.\u00bb \u2014 Tom Oppenheim, directeur artistique du Stella Adler Studio of Acting &nbsp;&nbsp;Read more","og_url":"https:\/\/innocentia-inviolata.fr\/fr\/training-courses-workshops-coaching\/","og_site_name":"INNOCENTIA INVIOLATA","article_publisher":"https:\/\/fr-fr.facebook.com\/innocentia.inviolata.9","article_modified_time":"2025-10-29T15:30:39+00:00","og_image":[{"width":1891,"height":1512,"url":"https:\/\/innocentia-inviolata.fr\/wp-content\/uploads\/PIC-stage-ron-2.jpeg","type":"image\/jpeg"}],"twitter_card":"summary_large_image","twitter_misc":{"Dur\u00e9e de lecture estim\u00e9e":"2 minutes"},"schema":{"@context":"https:\/\/schema.org","@graph":[{"@type":"Organization","@id":"https:\/\/innocentia-inviolata.fr\/fr\/#organization","name":"Innocentia Inviolata","url":"https:\/\/innocentia-inviolata.fr\/fr\/","sameAs":["https:\/\/fr-fr.facebook.com\/innocentia.inviolata.9"],"logo":{"@type":"ImageObject","@id":"https:\/\/innocentia-inviolata.fr\/fr\/#logo","inLanguage":"fr-FR","url":"https:\/\/innocentia-inviolata.fr\/wp-content\/uploads\/screenshot.png","contentUrl":"https:\/\/innocentia-inviolata.fr\/wp-content\/uploads\/screenshot.png","width":300,"height":225,"caption":"Innocentia Inviolata"},"image":{"@id":"https:\/\/innocentia-inviolata.fr\/fr\/#logo"}},{"@type":"WebSite","@id":"https:\/\/innocentia-inviolata.fr\/fr\/#website","url":"https:\/\/innocentia-inviolata.fr\/fr\/","name":"INNOCENTIA INVIOLATA","description":"Direction C\u00e9line Nogueira","publisher":{"@id":"https:\/\/innocentia-inviolata.fr\/fr\/#organization"},"potentialAction":[{"@type":"SearchAction","target":{"@type":"EntryPoint","urlTemplate":"https:\/\/innocentia-inviolata.fr\/fr\/?s={search_term_string}"},"query-input":"required name=search_term_string"}],"inLanguage":"fr-FR"},{"@type":"ImageObject","@id":"https:\/\/innocentia-inviolata.fr\/fr\/training-courses-workshops-coaching\/#primaryimage","inLanguage":"fr-FR","url":"https:\/\/innocentia-inviolata.fr\/wp-content\/uploads\/PIC-stage-ron-2.jpeg","contentUrl":"https:\/\/innocentia-inviolata.fr\/wp-content\/uploads\/PIC-stage-ron-2.jpeg","width":1891,"height":1512},{"@type":"WebPage","@id":"https:\/\/innocentia-inviolata.fr\/fr\/training-courses-workshops-coaching\/#webpage","url":"https:\/\/innocentia-inviolata.fr\/fr\/training-courses-workshops-coaching\/","name":"FORMATION : Acting Coaching international - INNOCENTIA INVIOLATA","isPartOf":{"@id":"https:\/\/innocentia-inviolata.fr\/fr\/#website"},"primaryImageOfPage":{"@id":"https:\/\/innocentia-inviolata.fr\/fr\/training-courses-workshops-coaching\/#primaryimage"},"datePublished":"2013-06-17T22:38:21+00:00","dateModified":"2025-10-29T15:30:39+00:00","breadcrumb":{"@id":"https:\/\/innocentia-inviolata.fr\/fr\/training-courses-workshops-coaching\/#breadcrumb"},"inLanguage":"fr-FR","potentialAction":[{"@type":"ReadAction","target":[["https:\/\/innocentia-inviolata.fr\/fr\/training-courses-workshops-coaching\/"]]}]},{"@type":"BreadcrumbList","@id":"https:\/\/innocentia-inviolata.fr\/fr\/training-courses-workshops-coaching\/#breadcrumb","itemListElement":[{"@type":"ListItem","position":1,"name":"Home","item":"https:\/\/innocentia-inviolata.fr\/fr\/"},{"@type":"ListItem","position":2,"name":"International Training Program"}]}]}},"_links":{"self":[{"href":"https:\/\/innocentia-inviolata.fr\/fr\/wp-json\/wp\/v2\/pages\/44"}],"collection":[{"href":"https:\/\/innocentia-inviolata.fr\/fr\/wp-json\/wp\/v2\/pages"}],"about":[{"href":"https:\/\/innocentia-inviolata.fr\/fr\/wp-json\/wp\/v2\/types\/page"}],"author":[{"embeddable":true,"href":"https:\/\/innocentia-inviolata.fr\/fr\/wp-json\/wp\/v2\/users\/1"}],"replies":[{"embeddable":true,"href":"https:\/\/innocentia-inviolata.fr\/fr\/wp-json\/wp\/v2\/comments?post=44"}],"version-history":[{"count":97,"href":"https:\/\/innocentia-inviolata.fr\/fr\/wp-json\/wp\/v2\/pages\/44\/revisions"}],"predecessor-version":[{"id":2012,"href":"https:\/\/innocentia-inviolata.fr\/fr\/wp-json\/wp\/v2\/pages\/44\/revisions\/2012"}],"wp:featuredmedia":[{"embeddable":true,"href":"https:\/\/innocentia-inviolata.fr\/fr\/wp-json\/wp\/v2\/media\/1520"}],"wp:attachment":[{"href":"https:\/\/innocentia-inviolata.fr\/fr\/wp-json\/wp\/v2\/media?parent=44"}],"wp:term":[{"taxonomy":"category","embeddable":true,"href":"https:\/\/innocentia-inviolata.fr\/fr\/wp-json\/wp\/v2\/categories?post=44"},{"taxonomy":"post_tag","embeddable":true,"href":"https:\/\/innocentia-inviolata.fr\/fr\/wp-json\/wp\/v2\/tags?post=44"}],"curies":[{"name":"wp","href":"https:\/\/api.w.org\/{rel}","templated":true}]}}