{"id":41,"date":"2013-06-17T22:30:30","date_gmt":"2013-06-17T22:30:30","guid":{"rendered":"https:\/\/innocentia-inviolata.fr\/?page_id=41"},"modified":"2025-09-20T09:57:21","modified_gmt":"2025-09-20T09:57:21","slug":"universities","status":"publish","type":"page","link":"https:\/\/innocentia-inviolata.fr\/fr\/stages-ateliers-coaching\/universites\/","title":{"rendered":"Toulouse Jean Jaur\u00e8s University (VOST)"},"content":{"rendered":"<p><\/p>\n<blockquote><p><span class=\"s1\">\u00ab\u00a0<em>These productions were not merely performances; they were transformative journeys that have marked me deeply. Through C\u00e9line\u2019s encouragement and guidance, I have begun to discover something of my creative potential. She constantly encourages me to explore new perspectives, to go beyond the limits of my vulnerability, and to strive for excellence on and off the stage.<\/em>\u00a0\u00bb (Richard, actor &amp; former teacher)<\/span><\/p><\/blockquote>\n<p style=\"text-align: center;\">*<\/p>\n<p style=\"text-align: left;\">Dans le cadre du Festival universitaire \u00ab\u00a0Universc\u00e8nes\u00a0\u00bb, la Compagnie de th\u00e9\u00e2tre en anglais <strong>Les Soeurs Fatales<\/strong> a confi\u00e9 \u00e0 C\u00e9line Nogueira et Innocentia Inviolata la direction artistique de 12 cr\u00e9ations \u00e0 ce jour<\/p>\n<p style=\"text-align: left;\">Avec la troupe portugaise <strong>Brastugas<\/strong>, C\u00e9line Nogueira a dirig\u00e9 \u00ab\u00a0Todos o Nenhum\u00a0\u00bb de Joao Menino Vargas.<\/p>\n<p style=\"text-align: left;\">Les \u00e9tudiants sont form\u00e9s\u00a0 et accompagn\u00e9s dans l&rsquo;exigence professionnelle durant 6 mois avec l&rsquo;objectif de jouer une pi\u00e8ce du r\u00e9pertoire anglophone.<\/p>\n<p style=\"text-align: left;\">Repr\u00e9sentations\u00a0: Th\u00e9\u00e2tre Les Mazades, CIAM-La Fabrique, Th\u00e9\u00e2tre Sorano, Mac Chapou (Toulouse), La Gare aux Artistes (Montrab\u00e9), Ritu (Li\u00e8ge, Belgium), Fitut (Tanger, Morroco).<\/p>\n<p><img loading=\"lazy\" class=\"alignnone size-medium wp-image-1442 aligncenter\" src=\"https:\/\/innocentia-inviolata.fr\/wp-content\/uploads\/Hamlet-Valentino-Cocks-bis-404x410.jpeg\" alt=\"\" width=\"404\" height=\"410\" srcset=\"https:\/\/innocentia-inviolata.fr\/wp-content\/uploads\/Hamlet-Valentino-Cocks-bis-404x410.jpeg 404w, https:\/\/innocentia-inviolata.fr\/wp-content\/uploads\/Hamlet-Valentino-Cocks-bis-768x780.jpeg 768w, https:\/\/innocentia-inviolata.fr\/wp-content\/uploads\/Hamlet-Valentino-Cocks-bis.jpeg 780w\" sizes=\"(max-width: 404px) 100vw, 404px\" \/><\/p>\n<p><em>\u00ab\u00a0C\u00e9line&rsquo;s directing has nurtured my journey toward emancipation of the mind, body and spirit.<\/em><br \/>\n<em>Her keen eye for detail, akin to that of an eagle, has inspired me to cultivate a similar level of<\/em><br \/>\n<em>attention. Under her wing, what began as a simple curiosity has since incubated, hatched, and<\/em><br \/>\n<em>taken flight, evolving into a way of life both on and off the stage. For that, I am truly grateful.\u00a0\u00bb<\/em><\/p>\n<p>Valentino, acteur en formation, Prix du Meilleur Acteur au Festival International de Theatre Universitaire \u00e0\u00a0 Tanger, 2023.<\/p>\n<p><iframe loading=\"lazy\" title=\"Macbeth  \/ Celine Nogueira \/ cie les soeurs fatales\" width=\"410\" height=\"231\" src=\"https:\/\/www.youtube.com\/embed\/tlkQI--42tU?feature=oembed\" frameborder=\"0\" allow=\"accelerometer; autoplay; clipboard-write; encrypted-media; gyroscope; picture-in-picture; web-share\" referrerpolicy=\"strict-origin-when-cross-origin\" allowfullscreen><\/iframe><\/p>\n<p><iframe loading=\"lazy\" title=\"Patriarchy (Trailer VOstFR) Dir. C\u00e9line Nogueira\" width=\"410\" height=\"231\" src=\"https:\/\/www.youtube.com\/embed\/tpjf1U862iI?feature=oembed\" frameborder=\"0\" allow=\"accelerometer; autoplay; clipboard-write; encrypted-media; gyroscope; picture-in-picture; web-share\" referrerpolicy=\"strict-origin-when-cross-origin\" allowfullscreen><\/iframe><\/p>\n<p><iframe loading=\"lazy\" title=\"STAND UP FOR BASTARDS ! (Trailer VO) Dir. C\u00e9line Nogueira\" width=\"410\" height=\"231\" src=\"https:\/\/www.youtube.com\/embed\/A-CaiSMkTGI?feature=oembed\" frameborder=\"0\" allow=\"accelerometer; autoplay; clipboard-write; encrypted-media; gyroscope; picture-in-picture; web-share\" referrerpolicy=\"strict-origin-when-cross-origin\" allowfullscreen><\/iframe><\/p>\n<p>https:\/\/www.youtube.com\/watch?v=_3yq0t2vnFE<\/p>","protected":false},"excerpt":{"rendered":"<p>\u00ab\u00a0These productions were not merely performances; they were transformative journeys that have marked me deeply. Through C\u00e9line\u2019s encouragement and guidance, I have begun to discover something of my creative potential. She constantly encourages me to explore new perspectives, to go beyond the limits of my vulnerability, and to strive for excellence on and off the&nbsp;<a href=\"https:\/\/innocentia-inviolata.fr\/fr\/stages-ateliers-coaching\/universites\/\">Read more<\/a><\/p>\n","protected":false},"author":1,"featured_media":667,"parent":44,"menu_order":4,"comment_status":"closed","ping_status":"closed","template":"home.php","meta":[],"categories":[17],"tags":[],"yoast_head":"<!-- This site is optimized with the Yoast SEO plugin v18.1 - https:\/\/yoast.com\/wordpress\/plugins\/seo\/ -->\n<meta name=\"robots\" content=\"index, follow, max-snippet:-1, max-image-preview:large, max-video-preview:-1\" \/>\n<link rel=\"canonical\" href=\"https:\/\/innocentia-inviolata.fr\/fr\/training-courses-workshops-coaching\/universities\/\" \/>\n<meta property=\"og:locale\" content=\"fr_FR\" \/>\n<meta property=\"og:type\" content=\"article\" \/>\n<meta property=\"og:title\" content=\"Toulouse Jean Jaur\u00e8s University (VOST) - INNOCENTIA INVIOLATA\" \/>\n<meta property=\"og:description\" content=\"\u00ab\u00a0These productions were not merely performances; they were transformative journeys that have marked me deeply. Through C\u00e9line\u2019s encouragement and guidance, I have begun to discover something of my creative potential. She constantly encourages me to explore new perspectives, to go beyond the limits of my vulnerability, and to strive for excellence on and off the&nbsp;Read more\" \/>\n<meta property=\"og:url\" content=\"https:\/\/innocentia-inviolata.fr\/fr\/training-courses-workshops-coaching\/universities\/\" \/>\n<meta property=\"og:site_name\" content=\"INNOCENTIA INVIOLATA\" \/>\n<meta property=\"article:publisher\" content=\"https:\/\/fr-fr.facebook.com\/innocentia.inviolata.9\" \/>\n<meta property=\"article:modified_time\" content=\"2025-09-20T09:57:21+00:00\" \/>\n<meta property=\"og:image\" content=\"https:\/\/innocentia-inviolata.fr\/wp-content\/uploads\/thetalkingcure.gif\" \/>\n\t<meta property=\"og:image:width\" content=\"1143\" \/>\n\t<meta property=\"og:image:height\" content=\"703\" \/>\n\t<meta property=\"og:image:type\" content=\"image\/gif\" \/>\n<meta name=\"twitter:card\" content=\"summary_large_image\" \/>\n<meta name=\"twitter:label1\" content=\"Dur\u00e9e de lecture estim\u00e9e\" \/>\n\t<meta name=\"twitter:data1\" content=\"1 minute\" \/>\n<script type=\"application\/ld+json\" class=\"yoast-schema-graph\">{\"@context\":\"https:\/\/schema.org\",\"@graph\":[{\"@type\":\"Organization\",\"@id\":\"https:\/\/innocentia-inviolata.fr\/fr\/#organization\",\"name\":\"Innocentia Inviolata\",\"url\":\"https:\/\/innocentia-inviolata.fr\/fr\/\",\"sameAs\":[\"https:\/\/fr-fr.facebook.com\/innocentia.inviolata.9\"],\"logo\":{\"@type\":\"ImageObject\",\"@id\":\"https:\/\/innocentia-inviolata.fr\/fr\/#logo\",\"inLanguage\":\"fr-FR\",\"url\":\"https:\/\/innocentia-inviolata.fr\/wp-content\/uploads\/screenshot.png\",\"contentUrl\":\"https:\/\/innocentia-inviolata.fr\/wp-content\/uploads\/screenshot.png\",\"width\":300,\"height\":225,\"caption\":\"Innocentia Inviolata\"},\"image\":{\"@id\":\"https:\/\/innocentia-inviolata.fr\/fr\/#logo\"}},{\"@type\":\"WebSite\",\"@id\":\"https:\/\/innocentia-inviolata.fr\/fr\/#website\",\"url\":\"https:\/\/innocentia-inviolata.fr\/fr\/\",\"name\":\"INNOCENTIA INVIOLATA\",\"description\":\"Direction C\u00e9line Nogueira\",\"publisher\":{\"@id\":\"https:\/\/innocentia-inviolata.fr\/fr\/#organization\"},\"potentialAction\":[{\"@type\":\"SearchAction\",\"target\":{\"@type\":\"EntryPoint\",\"urlTemplate\":\"https:\/\/innocentia-inviolata.fr\/fr\/?s={search_term_string}\"},\"query-input\":\"required name=search_term_string\"}],\"inLanguage\":\"fr-FR\"},{\"@type\":\"ImageObject\",\"@id\":\"https:\/\/innocentia-inviolata.fr\/fr\/training-courses-workshops-coaching\/universities\/#primaryimage\",\"inLanguage\":\"fr-FR\",\"url\":\"https:\/\/innocentia-inviolata.fr\/wp-content\/uploads\/thetalkingcure.gif\",\"contentUrl\":\"https:\/\/innocentia-inviolata.fr\/wp-content\/uploads\/thetalkingcure.gif\",\"width\":1143,\"height\":703},{\"@type\":\"WebPage\",\"@id\":\"https:\/\/innocentia-inviolata.fr\/fr\/training-courses-workshops-coaching\/universities\/#webpage\",\"url\":\"https:\/\/innocentia-inviolata.fr\/fr\/training-courses-workshops-coaching\/universities\/\",\"name\":\"Toulouse Jean Jaur\u00e8s University (VOST) - INNOCENTIA INVIOLATA\",\"isPartOf\":{\"@id\":\"https:\/\/innocentia-inviolata.fr\/fr\/#website\"},\"primaryImageOfPage\":{\"@id\":\"https:\/\/innocentia-inviolata.fr\/fr\/training-courses-workshops-coaching\/universities\/#primaryimage\"},\"datePublished\":\"2013-06-17T22:30:30+00:00\",\"dateModified\":\"2025-09-20T09:57:21+00:00\",\"breadcrumb\":{\"@id\":\"https:\/\/innocentia-inviolata.fr\/fr\/training-courses-workshops-coaching\/universities\/#breadcrumb\"},\"inLanguage\":\"fr-FR\",\"potentialAction\":[{\"@type\":\"ReadAction\",\"target\":[[\"https:\/\/innocentia-inviolata.fr\/fr\/training-courses-workshops-coaching\/universities\/\"]]}]},{\"@type\":\"BreadcrumbList\",\"@id\":\"https:\/\/innocentia-inviolata.fr\/fr\/training-courses-workshops-coaching\/universities\/#breadcrumb\",\"itemListElement\":[{\"@type\":\"ListItem\",\"position\":1,\"name\":\"Home\",\"item\":\"https:\/\/innocentia-inviolata.fr\/fr\/\"},{\"@type\":\"ListItem\",\"position\":2,\"name\":\"International Training Program\",\"item\":\"https:\/\/innocentia-inviolata.fr\/fr\/training-courses-workshops-coaching\/\"},{\"@type\":\"ListItem\",\"position\":3,\"name\":\"Toulouse Jean Jaur\u00e8s University (VOST)\"}]}]}<\/script>\n<!-- \/ Yoast SEO plugin. -->","yoast_head_json":{"robots":{"index":"index","follow":"follow","max-snippet":"max-snippet:-1","max-image-preview":"max-image-preview:large","max-video-preview":"max-video-preview:-1"},"canonical":"https:\/\/innocentia-inviolata.fr\/fr\/training-courses-workshops-coaching\/universities\/","og_locale":"fr_FR","og_type":"article","og_title":"Toulouse Jean Jaur\u00e8s University (VOST) - INNOCENTIA INVIOLATA","og_description":"\u00ab\u00a0These productions were not merely performances; they were transformative journeys that have marked me deeply. Through C\u00e9line\u2019s encouragement and guidance, I have begun to discover something of my creative potential. She constantly encourages me to explore new perspectives, to go beyond the limits of my vulnerability, and to strive for excellence on and off the&nbsp;Read more","og_url":"https:\/\/innocentia-inviolata.fr\/fr\/training-courses-workshops-coaching\/universities\/","og_site_name":"INNOCENTIA INVIOLATA","article_publisher":"https:\/\/fr-fr.facebook.com\/innocentia.inviolata.9","article_modified_time":"2025-09-20T09:57:21+00:00","og_image":[{"width":1143,"height":703,"url":"https:\/\/innocentia-inviolata.fr\/wp-content\/uploads\/thetalkingcure.gif","type":"image\/gif"}],"twitter_card":"summary_large_image","twitter_misc":{"Dur\u00e9e de lecture estim\u00e9e":"1 minute"},"schema":{"@context":"https:\/\/schema.org","@graph":[{"@type":"Organization","@id":"https:\/\/innocentia-inviolata.fr\/fr\/#organization","name":"Innocentia Inviolata","url":"https:\/\/innocentia-inviolata.fr\/fr\/","sameAs":["https:\/\/fr-fr.facebook.com\/innocentia.inviolata.9"],"logo":{"@type":"ImageObject","@id":"https:\/\/innocentia-inviolata.fr\/fr\/#logo","inLanguage":"fr-FR","url":"https:\/\/innocentia-inviolata.fr\/wp-content\/uploads\/screenshot.png","contentUrl":"https:\/\/innocentia-inviolata.fr\/wp-content\/uploads\/screenshot.png","width":300,"height":225,"caption":"Innocentia Inviolata"},"image":{"@id":"https:\/\/innocentia-inviolata.fr\/fr\/#logo"}},{"@type":"WebSite","@id":"https:\/\/innocentia-inviolata.fr\/fr\/#website","url":"https:\/\/innocentia-inviolata.fr\/fr\/","name":"INNOCENTIA INVIOLATA","description":"Direction C\u00e9line Nogueira","publisher":{"@id":"https:\/\/innocentia-inviolata.fr\/fr\/#organization"},"potentialAction":[{"@type":"SearchAction","target":{"@type":"EntryPoint","urlTemplate":"https:\/\/innocentia-inviolata.fr\/fr\/?s={search_term_string}"},"query-input":"required name=search_term_string"}],"inLanguage":"fr-FR"},{"@type":"ImageObject","@id":"https:\/\/innocentia-inviolata.fr\/fr\/training-courses-workshops-coaching\/universities\/#primaryimage","inLanguage":"fr-FR","url":"https:\/\/innocentia-inviolata.fr\/wp-content\/uploads\/thetalkingcure.gif","contentUrl":"https:\/\/innocentia-inviolata.fr\/wp-content\/uploads\/thetalkingcure.gif","width":1143,"height":703},{"@type":"WebPage","@id":"https:\/\/innocentia-inviolata.fr\/fr\/training-courses-workshops-coaching\/universities\/#webpage","url":"https:\/\/innocentia-inviolata.fr\/fr\/training-courses-workshops-coaching\/universities\/","name":"Toulouse Jean Jaur\u00e8s University (VOST) - INNOCENTIA INVIOLATA","isPartOf":{"@id":"https:\/\/innocentia-inviolata.fr\/fr\/#website"},"primaryImageOfPage":{"@id":"https:\/\/innocentia-inviolata.fr\/fr\/training-courses-workshops-coaching\/universities\/#primaryimage"},"datePublished":"2013-06-17T22:30:30+00:00","dateModified":"2025-09-20T09:57:21+00:00","breadcrumb":{"@id":"https:\/\/innocentia-inviolata.fr\/fr\/training-courses-workshops-coaching\/universities\/#breadcrumb"},"inLanguage":"fr-FR","potentialAction":[{"@type":"ReadAction","target":[["https:\/\/innocentia-inviolata.fr\/fr\/training-courses-workshops-coaching\/universities\/"]]}]},{"@type":"BreadcrumbList","@id":"https:\/\/innocentia-inviolata.fr\/fr\/training-courses-workshops-coaching\/universities\/#breadcrumb","itemListElement":[{"@type":"ListItem","position":1,"name":"Home","item":"https:\/\/innocentia-inviolata.fr\/fr\/"},{"@type":"ListItem","position":2,"name":"International Training Program","item":"https:\/\/innocentia-inviolata.fr\/fr\/training-courses-workshops-coaching\/"},{"@type":"ListItem","position":3,"name":"Toulouse Jean Jaur\u00e8s University (VOST)"}]}]}},"_links":{"self":[{"href":"https:\/\/innocentia-inviolata.fr\/fr\/wp-json\/wp\/v2\/pages\/41"}],"collection":[{"href":"https:\/\/innocentia-inviolata.fr\/fr\/wp-json\/wp\/v2\/pages"}],"about":[{"href":"https:\/\/innocentia-inviolata.fr\/fr\/wp-json\/wp\/v2\/types\/page"}],"author":[{"embeddable":true,"href":"https:\/\/innocentia-inviolata.fr\/fr\/wp-json\/wp\/v2\/users\/1"}],"replies":[{"embeddable":true,"href":"https:\/\/innocentia-inviolata.fr\/fr\/wp-json\/wp\/v2\/comments?post=41"}],"version-history":[{"count":90,"href":"https:\/\/innocentia-inviolata.fr\/fr\/wp-json\/wp\/v2\/pages\/41\/revisions"}],"predecessor-version":[{"id":1962,"href":"https:\/\/innocentia-inviolata.fr\/fr\/wp-json\/wp\/v2\/pages\/41\/revisions\/1962"}],"up":[{"embeddable":true,"href":"https:\/\/innocentia-inviolata.fr\/fr\/wp-json\/wp\/v2\/pages\/44"}],"wp:featuredmedia":[{"embeddable":true,"href":"https:\/\/innocentia-inviolata.fr\/fr\/wp-json\/wp\/v2\/media\/667"}],"wp:attachment":[{"href":"https:\/\/innocentia-inviolata.fr\/fr\/wp-json\/wp\/v2\/media?parent=41"}],"wp:term":[{"taxonomy":"category","embeddable":true,"href":"https:\/\/innocentia-inviolata.fr\/fr\/wp-json\/wp\/v2\/categories?post=41"},{"taxonomy":"post_tag","embeddable":true,"href":"https:\/\/innocentia-inviolata.fr\/fr\/wp-json\/wp\/v2\/tags?post=41"}],"curies":[{"name":"wp","href":"https:\/\/api.w.org\/{rel}","templated":true}]}}