{"id":4,"date":"2013-06-17T20:12:50","date_gmt":"2013-06-17T20:12:50","guid":{"rendered":"https:\/\/innocentia-inviolata.fr\/?page_id=4"},"modified":"2025-09-20T10:01:47","modified_gmt":"2025-09-20T10:01:47","slug":"home","status":"publish","type":"page","link":"https:\/\/innocentia-inviolata.fr\/fr\/","title":{"rendered":"Innocentia inviolata \/ C\u00e9line Nogueira"},"content":{"rendered":"<p><\/p>\n<div class=\"page\" title=\"Page 3\">\n<div class=\"section\">\n<div class=\"layoutArea\">\n<div class=\"column\">\n<p>INNOCENTIA INVIOLATA s\u2019exprime par la cr\u00e9ation Th\u00e9\u00e2tre et Mouvement, l\u2019\u00e9criture, la formation, les manifestations artistiques &amp; p\u00e9dagogiques f\u00e9d\u00e9ratrices, et les actions d&rsquo;\u00e9ducation artistiques et culturelle.<\/p>\n<\/div>\n<\/div>\n<\/div>\n<\/div>\n<p>La compagnie s&rsquo;inscrit dans une d\u00e9marche hybride pour cr\u00e9er des \u00ab\u00a0exp\u00e9riences\u00a0\u00bb dans l&rsquo;esprit \u00e9clectique et transdisciplinaire de la metteuse en sc\u00e8ne et autrice C\u00e9line Nogueira qui pose une loupe sur le corps en crise, les relations d&rsquo;\u00e9galit\u00e9 femmes\/hommes, et qui s&rsquo;attache \u00e0 soulever les enjeux sociaux-politiques de territoires, d&rsquo;identit\u00e9, de pouvoirs et de m\u00e9tamorphoses de soi.<\/p>\n<p><span class=\"s1\">Dans une d\u00e9marche assum\u00e9e d&rsquo;exp\u00e9rience th\u00e9\u00e2trale cathartique, elle s&rsquo;appuie sur des textes contemporains et classiques et invite le mouvement, la musique live, les tableaux vivants et la vid\u00e9o pour repousser et brouiller les fronti\u00e8res entre culture savante et populaire, artistes et non-artistes, interpr\u00e8tes et publics.<\/span><\/p>\n<p>Notre recherche artistique nourrit \u00e9galement une p\u00e9dagogique de l&rsquo;\u00e9mancipation par les outils du th\u00e9\u00e2tre, de la dans et des pratiques somatiques.<\/p>\n<p><a href=\"https:\/\/strongerperipheries.eu\/repository\/celine-nogueira-innocentia-inviolata\/\" target=\"_blank\" rel=\"noopener\">Portrait C\u00e9line Nogueira &#8211; Europe Creative<\/a><\/p>\n<p><img loading=\"lazy\" class=\"alignnone size-medium wp-image-1240\" src=\"https:\/\/innocentia-inviolata.fr\/wp-content\/uploads\/890F795D-4246-41F0-BA12-586D2F6E2270_1_201_a-410x280.jpeg\" alt=\"\" width=\"410\" height=\"280\" srcset=\"https:\/\/innocentia-inviolata.fr\/wp-content\/uploads\/890F795D-4246-41F0-BA12-586D2F6E2270_1_201_a-410x280.jpeg 410w, https:\/\/innocentia-inviolata.fr\/wp-content\/uploads\/890F795D-4246-41F0-BA12-586D2F6E2270_1_201_a-1024x699.jpeg 1024w, https:\/\/innocentia-inviolata.fr\/wp-content\/uploads\/890F795D-4246-41F0-BA12-586D2F6E2270_1_201_a-768x524.jpeg 768w, https:\/\/innocentia-inviolata.fr\/wp-content\/uploads\/890F795D-4246-41F0-BA12-586D2F6E2270_1_201_a-1536x1048.jpeg 1536w, https:\/\/innocentia-inviolata.fr\/wp-content\/uploads\/890F795D-4246-41F0-BA12-586D2F6E2270_1_201_a-2048x1397.jpeg 2048w\" sizes=\"(max-width: 410px) 100vw, 410px\" \/><\/p>\n<p>&nbsp;<\/p>\n<p><a href=\"https:\/\/www.instagram.com\/cie.innocentia.inviolata\/?hl=fr\" target=\"_blank\" rel=\"noopener\">Instagram<\/a><\/p>\n<p><a href=\"mailto:contact@innocentia-inviolata.fr\" target=\"_blank\" rel=\"noopener\">contact@innocentia-inviolata.fr<\/a><\/p>\n<p><a href=\"https:\/\/www.youtube.com\/@innocentiainviolata\/videos\" target=\"_blank\" rel=\"noopener\">Youtube<\/a><\/p>\n<p>&nbsp;<\/p>\n<p>&nbsp;<\/p>\n<p>&nbsp;<\/p>","protected":false},"excerpt":{"rendered":"<p>INNOCENTIA INVIOLATA s\u2019exprime par la cr\u00e9ation Th\u00e9\u00e2tre et Mouvement, l\u2019\u00e9criture, la formation, les manifestations artistiques &amp; p\u00e9dagogiques f\u00e9d\u00e9ratrices, et les actions d&rsquo;\u00e9ducation artistiques et culturelle. La compagnie s&rsquo;inscrit dans une d\u00e9marche hybride pour cr\u00e9er des \u00ab\u00a0exp\u00e9riences\u00a0\u00bb dans l&rsquo;esprit \u00e9clectique et transdisciplinaire de la metteuse en sc\u00e8ne et autrice C\u00e9line Nogueira qui pose une loupe sur&nbsp;<a href=\"https:\/\/innocentia-inviolata.fr\/fr\/\">Read more<\/a><\/p>\n","protected":false},"author":1,"featured_media":1078,"parent":0,"menu_order":0,"comment_status":"closed","ping_status":"open","template":"home.php","meta":[],"categories":[],"tags":[],"yoast_head":"<!-- This site is optimized with the Yoast SEO plugin v18.1 - https:\/\/yoast.com\/wordpress\/plugins\/seo\/ -->\n<meta name=\"robots\" content=\"index, follow, max-snippet:-1, max-image-preview:large, max-video-preview:-1\" \/>\n<link rel=\"canonical\" href=\"https:\/\/innocentia-inviolata.fr\/fr\/\" \/>\n<meta property=\"og:locale\" content=\"fr_FR\" \/>\n<meta property=\"og:type\" content=\"article\" \/>\n<meta property=\"og:title\" content=\"Innocentia inviolata \/ C\u00e9line Nogueira - INNOCENTIA INVIOLATA\" \/>\n<meta property=\"og:description\" content=\"INNOCENTIA INVIOLATA s\u2019exprime par la cr\u00e9ation Th\u00e9\u00e2tre et Mouvement, l\u2019\u00e9criture, la formation, les manifestations artistiques &amp; p\u00e9dagogiques f\u00e9d\u00e9ratrices, et les actions d&rsquo;\u00e9ducation artistiques et culturelle. La compagnie s&rsquo;inscrit dans une d\u00e9marche hybride pour cr\u00e9er des \u00ab\u00a0exp\u00e9riences\u00a0\u00bb dans l&rsquo;esprit \u00e9clectique et transdisciplinaire de la metteuse en sc\u00e8ne et autrice C\u00e9line Nogueira qui pose une loupe sur&nbsp;Read more\" \/>\n<meta property=\"og:url\" content=\"https:\/\/innocentia-inviolata.fr\/fr\/\" \/>\n<meta property=\"og:site_name\" content=\"INNOCENTIA INVIOLATA\" \/>\n<meta property=\"article:publisher\" content=\"https:\/\/fr-fr.facebook.com\/innocentia.inviolata.9\" \/>\n<meta property=\"article:modified_time\" content=\"2025-09-20T10:01:47+00:00\" \/>\n<meta property=\"og:image\" content=\"https:\/\/innocentia-inviolata.fr\/wp-content\/uploads\/3P0A4718-scaled-e1644657350691.jpg\" \/>\n\t<meta property=\"og:image:width\" content=\"1439\" \/>\n\t<meta property=\"og:image:height\" content=\"928\" \/>\n\t<meta property=\"og:image:type\" content=\"image\/jpeg\" \/>\n<meta name=\"twitter:card\" content=\"summary_large_image\" \/>\n<meta name=\"twitter:label1\" content=\"Dur\u00e9e de lecture estim\u00e9e\" \/>\n\t<meta name=\"twitter:data1\" content=\"1 minute\" \/>\n<script type=\"application\/ld+json\" class=\"yoast-schema-graph\">{\"@context\":\"https:\/\/schema.org\",\"@graph\":[{\"@type\":\"Organization\",\"@id\":\"https:\/\/innocentia-inviolata.fr\/fr\/#organization\",\"name\":\"Innocentia Inviolata\",\"url\":\"https:\/\/innocentia-inviolata.fr\/fr\/\",\"sameAs\":[\"https:\/\/fr-fr.facebook.com\/innocentia.inviolata.9\"],\"logo\":{\"@type\":\"ImageObject\",\"@id\":\"https:\/\/innocentia-inviolata.fr\/fr\/#logo\",\"inLanguage\":\"fr-FR\",\"url\":\"https:\/\/innocentia-inviolata.fr\/wp-content\/uploads\/screenshot.png\",\"contentUrl\":\"https:\/\/innocentia-inviolata.fr\/wp-content\/uploads\/screenshot.png\",\"width\":300,\"height\":225,\"caption\":\"Innocentia Inviolata\"},\"image\":{\"@id\":\"https:\/\/innocentia-inviolata.fr\/fr\/#logo\"}},{\"@type\":\"WebSite\",\"@id\":\"https:\/\/innocentia-inviolata.fr\/fr\/#website\",\"url\":\"https:\/\/innocentia-inviolata.fr\/fr\/\",\"name\":\"INNOCENTIA INVIOLATA\",\"description\":\"Direction C\u00e9line Nogueira\",\"publisher\":{\"@id\":\"https:\/\/innocentia-inviolata.fr\/fr\/#organization\"},\"potentialAction\":[{\"@type\":\"SearchAction\",\"target\":{\"@type\":\"EntryPoint\",\"urlTemplate\":\"https:\/\/innocentia-inviolata.fr\/fr\/?s={search_term_string}\"},\"query-input\":\"required name=search_term_string\"}],\"inLanguage\":\"fr-FR\"},{\"@type\":\"ImageObject\",\"@id\":\"https:\/\/innocentia-inviolata.fr\/fr\/#primaryimage\",\"inLanguage\":\"fr-FR\",\"url\":\"https:\/\/innocentia-inviolata.fr\/wp-content\/uploads\/3P0A4718-scaled-e1644657350691.jpg\",\"contentUrl\":\"https:\/\/innocentia-inviolata.fr\/wp-content\/uploads\/3P0A4718-scaled-e1644657350691.jpg\",\"width\":1439,\"height\":928},{\"@type\":\"WebPage\",\"@id\":\"https:\/\/innocentia-inviolata.fr\/fr\/#webpage\",\"url\":\"https:\/\/innocentia-inviolata.fr\/fr\/\",\"name\":\"Innocentia inviolata \/ C\u00e9line Nogueira - INNOCENTIA INVIOLATA\",\"isPartOf\":{\"@id\":\"https:\/\/innocentia-inviolata.fr\/fr\/#website\"},\"primaryImageOfPage\":{\"@id\":\"https:\/\/innocentia-inviolata.fr\/fr\/#primaryimage\"},\"datePublished\":\"2013-06-17T20:12:50+00:00\",\"dateModified\":\"2025-09-20T10:01:47+00:00\",\"breadcrumb\":{\"@id\":\"https:\/\/innocentia-inviolata.fr\/fr\/#breadcrumb\"},\"inLanguage\":\"fr-FR\",\"potentialAction\":[{\"@type\":\"ReadAction\",\"target\":[[\"https:\/\/innocentia-inviolata.fr\/fr\/\"]]}]},{\"@type\":\"BreadcrumbList\",\"@id\":\"https:\/\/innocentia-inviolata.fr\/fr\/#breadcrumb\",\"itemListElement\":[{\"@type\":\"ListItem\",\"position\":1,\"name\":\"Home\",\"item\":\"https:\/\/innocentia-inviolata.fr\/fr\/\"},{\"@type\":\"ListItem\",\"position\":2,\"name\":\"Innocentia inviolata \/ C\u00e9line Nogueira\"}]}]}<\/script>\n<!-- \/ Yoast SEO plugin. -->","yoast_head_json":{"robots":{"index":"index","follow":"follow","max-snippet":"max-snippet:-1","max-image-preview":"max-image-preview:large","max-video-preview":"max-video-preview:-1"},"canonical":"https:\/\/innocentia-inviolata.fr\/fr\/","og_locale":"fr_FR","og_type":"article","og_title":"Innocentia inviolata \/ C\u00e9line Nogueira - INNOCENTIA INVIOLATA","og_description":"INNOCENTIA INVIOLATA s\u2019exprime par la cr\u00e9ation Th\u00e9\u00e2tre et Mouvement, l\u2019\u00e9criture, la formation, les manifestations artistiques &amp; p\u00e9dagogiques f\u00e9d\u00e9ratrices, et les actions d&rsquo;\u00e9ducation artistiques et culturelle. La compagnie s&rsquo;inscrit dans une d\u00e9marche hybride pour cr\u00e9er des \u00ab\u00a0exp\u00e9riences\u00a0\u00bb dans l&rsquo;esprit \u00e9clectique et transdisciplinaire de la metteuse en sc\u00e8ne et autrice C\u00e9line Nogueira qui pose une loupe sur&nbsp;Read more","og_url":"https:\/\/innocentia-inviolata.fr\/fr\/","og_site_name":"INNOCENTIA INVIOLATA","article_publisher":"https:\/\/fr-fr.facebook.com\/innocentia.inviolata.9","article_modified_time":"2025-09-20T10:01:47+00:00","og_image":[{"width":1439,"height":928,"url":"https:\/\/innocentia-inviolata.fr\/wp-content\/uploads\/3P0A4718-scaled-e1644657350691.jpg","type":"image\/jpeg"}],"twitter_card":"summary_large_image","twitter_misc":{"Dur\u00e9e de lecture estim\u00e9e":"1 minute"},"schema":{"@context":"https:\/\/schema.org","@graph":[{"@type":"Organization","@id":"https:\/\/innocentia-inviolata.fr\/fr\/#organization","name":"Innocentia Inviolata","url":"https:\/\/innocentia-inviolata.fr\/fr\/","sameAs":["https:\/\/fr-fr.facebook.com\/innocentia.inviolata.9"],"logo":{"@type":"ImageObject","@id":"https:\/\/innocentia-inviolata.fr\/fr\/#logo","inLanguage":"fr-FR","url":"https:\/\/innocentia-inviolata.fr\/wp-content\/uploads\/screenshot.png","contentUrl":"https:\/\/innocentia-inviolata.fr\/wp-content\/uploads\/screenshot.png","width":300,"height":225,"caption":"Innocentia Inviolata"},"image":{"@id":"https:\/\/innocentia-inviolata.fr\/fr\/#logo"}},{"@type":"WebSite","@id":"https:\/\/innocentia-inviolata.fr\/fr\/#website","url":"https:\/\/innocentia-inviolata.fr\/fr\/","name":"INNOCENTIA INVIOLATA","description":"Direction C\u00e9line Nogueira","publisher":{"@id":"https:\/\/innocentia-inviolata.fr\/fr\/#organization"},"potentialAction":[{"@type":"SearchAction","target":{"@type":"EntryPoint","urlTemplate":"https:\/\/innocentia-inviolata.fr\/fr\/?s={search_term_string}"},"query-input":"required name=search_term_string"}],"inLanguage":"fr-FR"},{"@type":"ImageObject","@id":"https:\/\/innocentia-inviolata.fr\/fr\/#primaryimage","inLanguage":"fr-FR","url":"https:\/\/innocentia-inviolata.fr\/wp-content\/uploads\/3P0A4718-scaled-e1644657350691.jpg","contentUrl":"https:\/\/innocentia-inviolata.fr\/wp-content\/uploads\/3P0A4718-scaled-e1644657350691.jpg","width":1439,"height":928},{"@type":"WebPage","@id":"https:\/\/innocentia-inviolata.fr\/fr\/#webpage","url":"https:\/\/innocentia-inviolata.fr\/fr\/","name":"Innocentia inviolata \/ C\u00e9line Nogueira - INNOCENTIA INVIOLATA","isPartOf":{"@id":"https:\/\/innocentia-inviolata.fr\/fr\/#website"},"primaryImageOfPage":{"@id":"https:\/\/innocentia-inviolata.fr\/fr\/#primaryimage"},"datePublished":"2013-06-17T20:12:50+00:00","dateModified":"2025-09-20T10:01:47+00:00","breadcrumb":{"@id":"https:\/\/innocentia-inviolata.fr\/fr\/#breadcrumb"},"inLanguage":"fr-FR","potentialAction":[{"@type":"ReadAction","target":[["https:\/\/innocentia-inviolata.fr\/fr\/"]]}]},{"@type":"BreadcrumbList","@id":"https:\/\/innocentia-inviolata.fr\/fr\/#breadcrumb","itemListElement":[{"@type":"ListItem","position":1,"name":"Home","item":"https:\/\/innocentia-inviolata.fr\/fr\/"},{"@type":"ListItem","position":2,"name":"Innocentia inviolata \/ C\u00e9line Nogueira"}]}]}},"_links":{"self":[{"href":"https:\/\/innocentia-inviolata.fr\/fr\/wp-json\/wp\/v2\/pages\/4"}],"collection":[{"href":"https:\/\/innocentia-inviolata.fr\/fr\/wp-json\/wp\/v2\/pages"}],"about":[{"href":"https:\/\/innocentia-inviolata.fr\/fr\/wp-json\/wp\/v2\/types\/page"}],"author":[{"embeddable":true,"href":"https:\/\/innocentia-inviolata.fr\/fr\/wp-json\/wp\/v2\/users\/1"}],"replies":[{"embeddable":true,"href":"https:\/\/innocentia-inviolata.fr\/fr\/wp-json\/wp\/v2\/comments?post=4"}],"version-history":[{"count":51,"href":"https:\/\/innocentia-inviolata.fr\/fr\/wp-json\/wp\/v2\/pages\/4\/revisions"}],"predecessor-version":[{"id":1966,"href":"https:\/\/innocentia-inviolata.fr\/fr\/wp-json\/wp\/v2\/pages\/4\/revisions\/1966"}],"wp:featuredmedia":[{"embeddable":true,"href":"https:\/\/innocentia-inviolata.fr\/fr\/wp-json\/wp\/v2\/media\/1078"}],"wp:attachment":[{"href":"https:\/\/innocentia-inviolata.fr\/fr\/wp-json\/wp\/v2\/media?parent=4"}],"wp:term":[{"taxonomy":"category","embeddable":true,"href":"https:\/\/innocentia-inviolata.fr\/fr\/wp-json\/wp\/v2\/categories?post=4"},{"taxonomy":"post_tag","embeddable":true,"href":"https:\/\/innocentia-inviolata.fr\/fr\/wp-json\/wp\/v2\/tags?post=4"}],"curies":[{"name":"wp","href":"https:\/\/api.w.org\/{rel}","templated":true}]}}