{"id":39,"date":"2013-06-17T22:24:18","date_gmt":"2013-06-17T22:24:18","guid":{"rendered":"https:\/\/innocentia-inviolata.fr\/?page_id=39"},"modified":"2024-09-30T12:39:19","modified_gmt":"2024-09-30T12:39:19","slug":"stella-adler-studio-new-york-university-nyu","status":"publish","type":"page","link":"https:\/\/innocentia-inviolata.fr\/fr\/creations\/stella-adler-studio-new-york-university-nyu\/","title":{"rendered":"Stella Adler Studio \/ New-York University (NYU)"},"content":{"rendered":"<p>C\u00e9line Nogueira a import\u00e9 les techniques de Stella Adler\u00a0 en France, d\u00e8s 2002 apr\u00e8s avoir obtenu son dipl\u00f4me au Stella Adler Conservatory de New York. Depuis, elle a enseign\u00e9 et cr\u00e9e deux pi\u00e8ces pour le Studio \u00e0 New York avec les acteurs en formation de la New York University et enseigne les outils\u00a0 techniques de Stella Adler en \u00e9cole, universit\u00e9s au travers de stages, cours et conf\u00e9rences.<\/p>\n<p>Inspir\u00e9e du Outreach Program du Studio, dans lequel elle intervient en 2003, elle \u00e9labore depuis une dizaine d&rsquo;ann\u00e9es une p\u00e9dagogie de l&rsquo;\u00e9mancipation destin\u00e9e \u00e0 tous les publics et utilise les outils d&rsquo;interpr\u00e9tation au service du vivre ensemble. Elle fonde en 2021 le programme d&rsquo;Actions culturelles \u00ab\u00a0Mon Corps, mon territoire!\u00a0\u00bb, laur\u00e9at de l&rsquo;appel \u00e0 Projet de la Ville de Toulouse.<\/p>\n<p>\u00ab\u00a0<em>C\u00e9line Nogueira est la partenaire parfaite pour nous.\u00a0 En plus d&rsquo;\u00eatre une actrice exceptionnelle, c&rsquo;est une metteure en sc\u00e8ne et cr\u00e9atrice solide qui poss\u00e8de la qualit\u00e9 de penser et d&rsquo;\u00e9crire le th\u00e9\u00e2tre\u00a0\u00bb.<\/em>&#8211; Tom Oppenheim, directeur du Stella Adler Studio of Acting de New York.<\/p>\n<p><a href=\"http:\/\/www.stellaadler.com\/\">http:\/\/www.stellaadler.com\/<\/a><\/p>\n<p><a href=\"http:\/\/www.stellaadler.com\/cultural-center\/stella-adler-i-center\/\">http:\/\/www.stellaadler.com\/cultural-center\/stella-adler-i-center\/<\/a><\/p>\n<p><em>\u00ab\u00a0Lapproche de C\u00e9line est toute en puissance et discipline. Le projet m&rsquo;a donn\u00e9 une source d&rsquo;inspiration que j&rsquo;avais oubli\u00e9e.\u00a0\u00bb<\/em> &#8211; Ritesh, NYU Student<\/p>\n<p><em><strong><img loading=\"lazy\" class=\"alignnone size-medium wp-image-306\" src=\"https:\/\/innocentia-inviolata.fr\/wp-content\/uploads\/The-Rites-of-Duende-185x300.jpg\" alt=\"The Rites of Duende\" width=\"185\" height=\"300\" srcset=\"https:\/\/innocentia-inviolata.fr\/wp-content\/uploads\/The-Rites-of-Duende-185x300.jpg 185w, https:\/\/innocentia-inviolata.fr\/wp-content\/uploads\/The-Rites-of-Duende.jpg 395w\" sizes=\"(max-width: 185px) 100vw, 185px\" \/><\/strong><\/em><\/p>\n<h2>The Rites of Duende <em>(2010)<\/em><b><\/b><\/h2>\n<p><i>En anglais, avec les acteurs en formation de 3\u00e8me ann\u00e9e de la NEW YORK UNIVERSITY<\/i><b><i><br \/>\n<\/i><\/b><\/p>\n<p>Ecriture plateau sur 2 mois \u00e0 partir de l\u2019article de Weingarten \u00ab\u00a0Pearls before breakfast\u00a0\u00bb (Washington Post, avril 2007), Lorca, Barthes, Nijinski, M. Marin, M. Graham&#8230;<\/p>\n<h2>Humanhattan <em>(2008)<b><br \/>\n<\/b><\/em><\/h2>\n<p><i>En anglais, avec les acteurs en formation de 3\u00e8me ann\u00e9e de la NEW YORK UNIVERSITY<\/i><\/p>\n<p>Ecriture plateau sur 2 mois autour de la construction et crise d\u2019identit\u00e9 \u00e0 Manhattan<\/p>\n<p><em><strong><img loading=\"lazy\" src=\"https:\/\/innocentia-inviolata.fr\/wp-content\/uploads\/CIMG7940-300x225.jpg\" alt=\"CIMG7940\" width=\"300\" height=\"225\" \/><\/strong><\/em><\/p>\n<p><em><strong><img loading=\"lazy\" src=\"https:\/\/innocentia-inviolata.fr\/wp-content\/uploads\/CIMG7939_2-300x225.jpg\" alt=\"CIMG7939_2\" width=\"300\" height=\"225\" \/><\/strong><\/em><\/p>\n<p><em><strong><img loading=\"lazy\" src=\"https:\/\/innocentia-inviolata.fr\/wp-content\/uploads\/CIMG8049-300x225.jpg\" alt=\"CIMG8049\" width=\"300\" height=\"225\" \/><img loading=\"lazy\" src=\"https:\/\/innocentia-inviolata.fr\/wp-content\/uploads\/SafeRedirect-5-300x199.jpg\" alt=\"SafeRedirect-5\" width=\"300\" height=\"199\" \/> <img loading=\"lazy\" src=\"https:\/\/innocentia-inviolata.fr\/wp-content\/uploads\/SafeRedirect-6-300x199.jpg\" alt=\"SafeRedirect-6\" width=\"300\" height=\"199\" \/><img loading=\"lazy\" src=\"https:\/\/innocentia-inviolata.fr\/wp-content\/uploads\/SafeRedirect-7-300x199.jpg\" alt=\"SafeRedirect-7\" width=\"300\" height=\"199\" \/><\/strong><\/em><em><strong><img loading=\"lazy\" src=\"https:\/\/innocentia-inviolata.fr\/wp-content\/uploads\/SafeRedirect-300x199.jpg\" alt=\"SafeRedirect\" width=\"300\" height=\"199\" \/><\/strong><\/em><em><strong><img loading=\"lazy\" src=\"https:\/\/innocentia-inviolata.fr\/wp-content\/uploads\/CIMG8026_2-300x225.jpg\" alt=\"CIMG8026_2\" width=\"300\" height=\"225\" \/><img loading=\"lazy\" src=\"https:\/\/innocentia-inviolata.fr\/wp-content\/uploads\/Ra4zjC-211x300.jpg\" alt=\"Ra4zjC\" width=\"211\" height=\"300\" \/><\/strong><\/em><\/p>","protected":false},"excerpt":{"rendered":"<p>C\u00e9line Nogueira a import\u00e9 les techniques de Stella Adler\u00a0 en France, d\u00e8s 2002 apr\u00e8s avoir obtenu son dipl\u00f4me au Stella Adler Conservatory de New York. Depuis, elle a enseign\u00e9 et cr\u00e9e deux pi\u00e8ces pour le Studio \u00e0 New York avec les acteurs en formation de la New York University et enseigne les outils\u00a0 techniques de&nbsp;<a href=\"https:\/\/innocentia-inviolata.fr\/fr\/creations\/stella-adler-studio-new-york-university-nyu\/\">Read more<\/a><\/p>\n","protected":false},"author":1,"featured_media":665,"parent":7,"menu_order":3,"comment_status":"closed","ping_status":"closed","template":"cubes.php","meta":[],"categories":[],"tags":[],"yoast_head":"<!-- This site is optimized with the Yoast SEO plugin v18.1 - https:\/\/yoast.com\/wordpress\/plugins\/seo\/ -->\n<meta name=\"robots\" content=\"index, follow, max-snippet:-1, max-image-preview:large, max-video-preview:-1\" \/>\n<link rel=\"canonical\" href=\"https:\/\/innocentia-inviolata.fr\/fr\/creations\/stella-adler-studio-nyu\/\" \/>\n<meta property=\"og:locale\" content=\"fr_FR\" \/>\n<meta property=\"og:type\" content=\"article\" \/>\n<meta property=\"og:title\" content=\"Stella Adler Studio \/ New-York University (NYU) - INNOCENTIA INVIOLATA\" \/>\n<meta property=\"og:description\" content=\"C\u00e9line Nogueira a import\u00e9 les techniques de Stella Adler\u00a0 en France, d\u00e8s 2002 apr\u00e8s avoir obtenu son dipl\u00f4me au Stella Adler Conservatory de New York. Depuis, elle a enseign\u00e9 et cr\u00e9e deux pi\u00e8ces pour le Studio \u00e0 New York avec les acteurs en formation de la New York University et enseigne les outils\u00a0 techniques de&nbsp;Read more\" \/>\n<meta property=\"og:url\" content=\"https:\/\/innocentia-inviolata.fr\/fr\/creations\/stella-adler-studio-nyu\/\" \/>\n<meta property=\"og:site_name\" content=\"INNOCENTIA INVIOLATA\" \/>\n<meta property=\"article:publisher\" content=\"https:\/\/fr-fr.facebook.com\/innocentia.inviolata.9\" \/>\n<meta property=\"article:modified_time\" content=\"2024-09-30T12:39:19+00:00\" \/>\n<meta property=\"og:image\" content=\"https:\/\/innocentia-inviolata.fr\/wp-content\/uploads\/humanhattan.gif\" \/>\n\t<meta property=\"og:image:width\" content=\"600\" \/>\n\t<meta property=\"og:image:height\" content=\"450\" \/>\n\t<meta property=\"og:image:type\" content=\"image\/gif\" \/>\n<meta name=\"twitter:card\" content=\"summary_large_image\" \/>\n<meta name=\"twitter:label1\" content=\"Dur\u00e9e de lecture estim\u00e9e\" \/>\n\t<meta name=\"twitter:data1\" content=\"3 minutes\" \/>\n<script type=\"application\/ld+json\" class=\"yoast-schema-graph\">{\"@context\":\"https:\/\/schema.org\",\"@graph\":[{\"@type\":\"Organization\",\"@id\":\"https:\/\/innocentia-inviolata.fr\/fr\/#organization\",\"name\":\"Innocentia Inviolata\",\"url\":\"https:\/\/innocentia-inviolata.fr\/fr\/\",\"sameAs\":[\"https:\/\/fr-fr.facebook.com\/innocentia.inviolata.9\"],\"logo\":{\"@type\":\"ImageObject\",\"@id\":\"https:\/\/innocentia-inviolata.fr\/fr\/#logo\",\"inLanguage\":\"fr-FR\",\"url\":\"https:\/\/innocentia-inviolata.fr\/wp-content\/uploads\/screenshot.png\",\"contentUrl\":\"https:\/\/innocentia-inviolata.fr\/wp-content\/uploads\/screenshot.png\",\"width\":300,\"height\":225,\"caption\":\"Innocentia Inviolata\"},\"image\":{\"@id\":\"https:\/\/innocentia-inviolata.fr\/fr\/#logo\"}},{\"@type\":\"WebSite\",\"@id\":\"https:\/\/innocentia-inviolata.fr\/fr\/#website\",\"url\":\"https:\/\/innocentia-inviolata.fr\/fr\/\",\"name\":\"INNOCENTIA INVIOLATA\",\"description\":\"Direction C\u00e9line Nogueira\",\"publisher\":{\"@id\":\"https:\/\/innocentia-inviolata.fr\/fr\/#organization\"},\"potentialAction\":[{\"@type\":\"SearchAction\",\"target\":{\"@type\":\"EntryPoint\",\"urlTemplate\":\"https:\/\/innocentia-inviolata.fr\/fr\/?s={search_term_string}\"},\"query-input\":\"required name=search_term_string\"}],\"inLanguage\":\"fr-FR\"},{\"@type\":\"ImageObject\",\"@id\":\"https:\/\/innocentia-inviolata.fr\/fr\/creations\/stella-adler-studio-nyu\/#primaryimage\",\"inLanguage\":\"fr-FR\",\"url\":\"https:\/\/innocentia-inviolata.fr\/wp-content\/uploads\/humanhattan.gif\",\"contentUrl\":\"https:\/\/innocentia-inviolata.fr\/wp-content\/uploads\/humanhattan.gif\",\"width\":600,\"height\":450},{\"@type\":\"WebPage\",\"@id\":\"https:\/\/innocentia-inviolata.fr\/fr\/creations\/stella-adler-studio-nyu\/#webpage\",\"url\":\"https:\/\/innocentia-inviolata.fr\/fr\/creations\/stella-adler-studio-nyu\/\",\"name\":\"Stella Adler Studio \/ New-York University (NYU) - INNOCENTIA INVIOLATA\",\"isPartOf\":{\"@id\":\"https:\/\/innocentia-inviolata.fr\/fr\/#website\"},\"primaryImageOfPage\":{\"@id\":\"https:\/\/innocentia-inviolata.fr\/fr\/creations\/stella-adler-studio-nyu\/#primaryimage\"},\"datePublished\":\"2013-06-17T22:24:18+00:00\",\"dateModified\":\"2024-09-30T12:39:19+00:00\",\"breadcrumb\":{\"@id\":\"https:\/\/innocentia-inviolata.fr\/fr\/creations\/stella-adler-studio-nyu\/#breadcrumb\"},\"inLanguage\":\"fr-FR\",\"potentialAction\":[{\"@type\":\"ReadAction\",\"target\":[[\"https:\/\/innocentia-inviolata.fr\/fr\/creations\/stella-adler-studio-nyu\/\"]]}]},{\"@type\":\"BreadcrumbList\",\"@id\":\"https:\/\/innocentia-inviolata.fr\/fr\/creations\/stella-adler-studio-nyu\/#breadcrumb\",\"itemListElement\":[{\"@type\":\"ListItem\",\"position\":1,\"name\":\"Home\",\"item\":\"https:\/\/innocentia-inviolata.fr\/fr\/\"},{\"@type\":\"ListItem\",\"position\":2,\"name\":\"ALL productions\",\"item\":\"https:\/\/innocentia-inviolata.fr\/fr\/creations\/\"},{\"@type\":\"ListItem\",\"position\":3,\"name\":\"Stella Adler Studio Of Acting \/ New-York University (NYU)\"}]}]}<\/script>\n<!-- \/ Yoast SEO plugin. -->","yoast_head_json":{"robots":{"index":"index","follow":"follow","max-snippet":"max-snippet:-1","max-image-preview":"max-image-preview:large","max-video-preview":"max-video-preview:-1"},"canonical":"https:\/\/innocentia-inviolata.fr\/fr\/creations\/stella-adler-studio-nyu\/","og_locale":"fr_FR","og_type":"article","og_title":"Stella Adler Studio \/ New-York University (NYU) - INNOCENTIA INVIOLATA","og_description":"C\u00e9line Nogueira a import\u00e9 les techniques de Stella Adler\u00a0 en France, d\u00e8s 2002 apr\u00e8s avoir obtenu son dipl\u00f4me au Stella Adler Conservatory de New York. Depuis, elle a enseign\u00e9 et cr\u00e9e deux pi\u00e8ces pour le Studio \u00e0 New York avec les acteurs en formation de la New York University et enseigne les outils\u00a0 techniques de&nbsp;Read more","og_url":"https:\/\/innocentia-inviolata.fr\/fr\/creations\/stella-adler-studio-nyu\/","og_site_name":"INNOCENTIA INVIOLATA","article_publisher":"https:\/\/fr-fr.facebook.com\/innocentia.inviolata.9","article_modified_time":"2024-09-30T12:39:19+00:00","og_image":[{"width":600,"height":450,"url":"https:\/\/innocentia-inviolata.fr\/wp-content\/uploads\/humanhattan.gif","type":"image\/gif"}],"twitter_card":"summary_large_image","twitter_misc":{"Dur\u00e9e de lecture estim\u00e9e":"3 minutes"},"schema":{"@context":"https:\/\/schema.org","@graph":[{"@type":"Organization","@id":"https:\/\/innocentia-inviolata.fr\/fr\/#organization","name":"Innocentia Inviolata","url":"https:\/\/innocentia-inviolata.fr\/fr\/","sameAs":["https:\/\/fr-fr.facebook.com\/innocentia.inviolata.9"],"logo":{"@type":"ImageObject","@id":"https:\/\/innocentia-inviolata.fr\/fr\/#logo","inLanguage":"fr-FR","url":"https:\/\/innocentia-inviolata.fr\/wp-content\/uploads\/screenshot.png","contentUrl":"https:\/\/innocentia-inviolata.fr\/wp-content\/uploads\/screenshot.png","width":300,"height":225,"caption":"Innocentia Inviolata"},"image":{"@id":"https:\/\/innocentia-inviolata.fr\/fr\/#logo"}},{"@type":"WebSite","@id":"https:\/\/innocentia-inviolata.fr\/fr\/#website","url":"https:\/\/innocentia-inviolata.fr\/fr\/","name":"INNOCENTIA INVIOLATA","description":"Direction C\u00e9line Nogueira","publisher":{"@id":"https:\/\/innocentia-inviolata.fr\/fr\/#organization"},"potentialAction":[{"@type":"SearchAction","target":{"@type":"EntryPoint","urlTemplate":"https:\/\/innocentia-inviolata.fr\/fr\/?s={search_term_string}"},"query-input":"required name=search_term_string"}],"inLanguage":"fr-FR"},{"@type":"ImageObject","@id":"https:\/\/innocentia-inviolata.fr\/fr\/creations\/stella-adler-studio-nyu\/#primaryimage","inLanguage":"fr-FR","url":"https:\/\/innocentia-inviolata.fr\/wp-content\/uploads\/humanhattan.gif","contentUrl":"https:\/\/innocentia-inviolata.fr\/wp-content\/uploads\/humanhattan.gif","width":600,"height":450},{"@type":"WebPage","@id":"https:\/\/innocentia-inviolata.fr\/fr\/creations\/stella-adler-studio-nyu\/#webpage","url":"https:\/\/innocentia-inviolata.fr\/fr\/creations\/stella-adler-studio-nyu\/","name":"Stella Adler Studio \/ New-York University (NYU) - INNOCENTIA INVIOLATA","isPartOf":{"@id":"https:\/\/innocentia-inviolata.fr\/fr\/#website"},"primaryImageOfPage":{"@id":"https:\/\/innocentia-inviolata.fr\/fr\/creations\/stella-adler-studio-nyu\/#primaryimage"},"datePublished":"2013-06-17T22:24:18+00:00","dateModified":"2024-09-30T12:39:19+00:00","breadcrumb":{"@id":"https:\/\/innocentia-inviolata.fr\/fr\/creations\/stella-adler-studio-nyu\/#breadcrumb"},"inLanguage":"fr-FR","potentialAction":[{"@type":"ReadAction","target":[["https:\/\/innocentia-inviolata.fr\/fr\/creations\/stella-adler-studio-nyu\/"]]}]},{"@type":"BreadcrumbList","@id":"https:\/\/innocentia-inviolata.fr\/fr\/creations\/stella-adler-studio-nyu\/#breadcrumb","itemListElement":[{"@type":"ListItem","position":1,"name":"Home","item":"https:\/\/innocentia-inviolata.fr\/fr\/"},{"@type":"ListItem","position":2,"name":"ALL productions","item":"https:\/\/innocentia-inviolata.fr\/fr\/creations\/"},{"@type":"ListItem","position":3,"name":"Stella Adler Studio Of Acting \/ New-York University (NYU)"}]}]}},"_links":{"self":[{"href":"https:\/\/innocentia-inviolata.fr\/fr\/wp-json\/wp\/v2\/pages\/39"}],"collection":[{"href":"https:\/\/innocentia-inviolata.fr\/fr\/wp-json\/wp\/v2\/pages"}],"about":[{"href":"https:\/\/innocentia-inviolata.fr\/fr\/wp-json\/wp\/v2\/types\/page"}],"author":[{"embeddable":true,"href":"https:\/\/innocentia-inviolata.fr\/fr\/wp-json\/wp\/v2\/users\/1"}],"replies":[{"embeddable":true,"href":"https:\/\/innocentia-inviolata.fr\/fr\/wp-json\/wp\/v2\/comments?post=39"}],"version-history":[{"count":64,"href":"https:\/\/innocentia-inviolata.fr\/fr\/wp-json\/wp\/v2\/pages\/39\/revisions"}],"predecessor-version":[{"id":1300,"href":"https:\/\/innocentia-inviolata.fr\/fr\/wp-json\/wp\/v2\/pages\/39\/revisions\/1300"}],"up":[{"embeddable":true,"href":"https:\/\/innocentia-inviolata.fr\/fr\/wp-json\/wp\/v2\/pages\/7"}],"wp:featuredmedia":[{"embeddable":true,"href":"https:\/\/innocentia-inviolata.fr\/fr\/wp-json\/wp\/v2\/media\/665"}],"wp:attachment":[{"href":"https:\/\/innocentia-inviolata.fr\/fr\/wp-json\/wp\/v2\/media?parent=39"}],"wp:term":[{"taxonomy":"category","embeddable":true,"href":"https:\/\/innocentia-inviolata.fr\/fr\/wp-json\/wp\/v2\/categories?post=39"},{"taxonomy":"post_tag","embeddable":true,"href":"https:\/\/innocentia-inviolata.fr\/fr\/wp-json\/wp\/v2\/tags?post=39"}],"curies":[{"name":"wp","href":"https:\/\/api.w.org\/{rel}","templated":true}]}}