{"id":33,"date":"2013-06-17T22:17:03","date_gmt":"2013-06-17T22:17:03","guid":{"rendered":"https:\/\/innocentia-inviolata.fr\/?page_id=33"},"modified":"2024-02-09T10:35:49","modified_gmt":"2024-02-09T10:35:49","slug":"of-kings-and-men","status":"publish","type":"page","link":"https:\/\/innocentia-inviolata.fr\/fr\/creations\/of-kings-and-men\/","title":{"rendered":"Of Kings and Men 2008"},"content":{"rendered":"<p>W.Shakespeare\/C. Nogueira<\/p>\n<p>Avec : Haka Resic\/S.Nogueira\/C.Bardouil<\/p>\n<p>Repr\u00e9sentations : Th\u00e9\u00e2tre Garonne, Toulouse, 2008<br \/>\nCo-production : Th\u00e9\u00e2tre Garonne-Toulouse, Th\u00e9\u00e2tre de La Digue Toulouse<br \/>\nSoutien : Th\u00e9\u00e2tre National de Toulouse, la Gare aux Artistes \u00e0 Montrab\u00e9.<\/p>\n<p>Ce montage est une \u00e9tude sc\u00e9nique sur la transformation du Roi en homme dans les trag\u00e9dies de Shakespeare : une r\u00e9flexion sur les m\u00e9canismes du pouvoir et le r\u00f4le de la femme avec la mise en abime de la cr\u00e9ation th\u00e9\u00e2trale. A travers Mc Beth, Richard II, Le Roi Lear\u2026 on y d\u00e9veloppe la notion de passage : du roi en homme, de l\u2019acteur au personnage, de l\u2019acteur d\u00e9butant \u00e0 l\u2019artiste, de l\u2019anglais au fran\u00e7ais.<\/p>\n<div>\n<p><em>\u00ab\u00a0C\u00e9line Nogueira s&rsquo;adresse au public des curieux invit\u00e9s \u00e0 d\u00e9couvrir son travail dans un atelier du <a href=\"http:\/\/www.theatregaronne.com\/\">Th\u00e9\u00e2tre Garonne<\/a>, je suis impatient d&rsquo;assister au fruit de ce chantier issu d&rsquo;une r\u00e9flexion en cours autour de trois pi\u00e8ces de Shakespeare: \u00ab\u00a0Mac Beth\u00a0\u00bb, \u00ab\u00a0Richard II\u00a0\u00bb et \u00ab\u00a0King Lear\u00a0\u00bb (\u2026) Sandrine Nogueira vide un seau d&rsquo;eau sur sa t\u00eate et se roule par terre, je suis \u00e9tourdit par tant d&rsquo;\u00e9nergie lib\u00e9r\u00e9e en si peu de temps.\u00a0\u00bb blog.jjw.gayattitude.com\/2008<\/em><\/p>\n<p align=\"center\"><b><i>Of Kings and Men<\/i><\/b><\/p>\n<p align=\"center\"><b><i>27 et 28 mars 2008\u00a0: Th\u00e9\u00e2tre Garonne<\/i><\/b><\/p>\n<div>\n<p><img loading=\"lazy\" src=\"https:\/\/innocentia-inviolata.fr\/wp-content\/uploads\/2008_03_Of_kings_and_men_117-300x199.jpg\" alt=\"SONY DSC\" width=\"300\" height=\"199\" \/><\/p>\n<p><em>\u00ab\u00a0Le th\u00e9\u00e2tre Garonne s\u2019associe au Th\u00e9\u00e2tre de la Digue pour accompagner et soutenir les projets artistiques de plusieurs \u00e9quipes. C\u00e9line Nogueira est encore dans cette p\u00e9riode de gr\u00e2ce qui suit une exp\u00e9rience tout juste achev\u00e9e. Durant quinze jours, elle a pr\u00e9par\u00e9 son Kings and Men, qu\u2019elle a ensuite jou\u00e9 sur les planches du Th\u00e9\u00e2tre Garonne\u00a0: \u00ab\u00a0L\u2019accumulation de choix artistiques et d\u2019exp\u00e9riences humaines professionnelles semble se rencontrer \u00e0 ce moment l\u00e0 de mon parcours, explique-t-elle. En un temps, budget et d\u00e9cor minimum, j\u2019ai tout de m\u00eame eu l\u2019occasion d\u2019exp\u00e9rimenter sur le plateau mon imaginaire, de risquer mes id\u00e9es et propositions techniques. J\u2019ai pu me consacrer \u00e0 mon r\u00f4le, celui d\u2019un guide, d\u2019une femme qui cherche sa place, d\u2019un directeur tranchant et arbitraire \u00e0 la mani\u00e8re d\u2019un roi qui ne voudrait pas se laisser d\u00e9tr\u00f4ner\u2026 Cette r\u00e9sidence me permet de proposer ma signature singuli\u00e8re. Le soutien et l\u2019encouragement rassurant de l\u2019\u00e9quipe de Garonne stimulent de toute \u00e9vidence l\u2019\u00e9quipe au complet et malgr\u00e9 les fragilit\u00e9s techniques, cette exp\u00e9rience favorise l\u2019expression de mon engagement visc\u00e9ral, une \u00e9tude textuelle rigoureuse et une r\u00e9flexion sc\u00e9nique sur les enjeux de pouvoir au th\u00e9\u00e2tre comme au monde. Elle constitue surtout une premi\u00e8re \u00e9tape de travail, une maquette, un accompagnement constructif vis-\u00e0-vis de ma pens\u00e9e, ma pratique, et l\u2019\u00e9veil de la compagnie.\u00a0\u00bb <\/em><b><i>TOULOUSE CULTURE<\/i><\/b> n\u00b0 24 \u2013 Mai 2008.<\/p>\n<p><img loading=\"lazy\" src=\"https:\/\/innocentia-inviolata.fr\/wp-content\/uploads\/2008_03_Of_kings_and_men_054-200x300.jpg\" alt=\"SONY DSC\" width=\"200\" height=\"300\" \/><img loading=\"lazy\" src=\"https:\/\/innocentia-inviolata.fr\/wp-content\/uploads\/2008_03_Of_kings_and_men_059-300x200.jpg\" alt=\"SONY DSC\" width=\"300\" height=\"200\" \/> \u00a0\u00a0 \u00a0<img loading=\"lazy\" src=\"https:\/\/innocentia-inviolata.fr\/wp-content\/uploads\/2008_03_Of_kings_and_men_075-300x200.jpg\" alt=\"SONY DSC\" width=\"300\" height=\"200\" \/> \u00a0\u00a0\u00a0 \u00a0 \u00a0\u00a0\u00a0 \u00a0<img loading=\"lazy\" src=\"https:\/\/innocentia-inviolata.fr\/wp-content\/uploads\/2008_03_Of_kings_and_men_085-300x199.jpg\" alt=\"SONY DSC\" width=\"300\" height=\"199\" \/> \u00a0\u00a0\u00a0 \u00a0 \u00a0 \u00a0\u00a0<img loading=\"lazy\" src=\"https:\/\/innocentia-inviolata.fr\/wp-content\/uploads\/2008_03_Of_kings_and_men_102-300x199.jpg\" alt=\"SONY DSC\" width=\"300\" height=\"199\" \/><img loading=\"lazy\" src=\"https:\/\/innocentia-inviolata.fr\/wp-content\/uploads\/2008_03_Of_kings_and_men_105-199x300.jpg\" alt=\"SONY DSC\" width=\"199\" height=\"300\" \/>\u00a0\u00a0\u00a0 <img loading=\"lazy\" src=\"https:\/\/innocentia-inviolata.fr\/wp-content\/uploads\/2008_03_Of_kings_and_men_106-300x200.jpg\" alt=\"SONY DSC\" width=\"300\" height=\"200\" \/>\u00a0\u00a0\u00a0 <img loading=\"lazy\" src=\"https:\/\/innocentia-inviolata.fr\/wp-content\/uploads\/2008_03_Of_kings_and_men_109-300x200.jpg\" alt=\"SONY DSC\" width=\"300\" height=\"200\" \/>\u00a0\u00a0\u00a0\u00a0 <img loading=\"lazy\" src=\"https:\/\/innocentia-inviolata.fr\/wp-content\/uploads\/2008_03_Of_kings_and_men_118-300x199.jpg\" alt=\"SONY DSC\" width=\"300\" height=\"199\" \/><img loading=\"lazy\" src=\"https:\/\/innocentia-inviolata.fr\/wp-content\/uploads\/2008_03_Of_kings_and_men_122-300x200.jpg\" alt=\"SONY DSC\" width=\"300\" height=\"200\" \/><img loading=\"lazy\" src=\"https:\/\/innocentia-inviolata.fr\/wp-content\/uploads\/2008_03_Of_kings_and_men_132-200x300.jpg\" alt=\"SONY DSC\" width=\"200\" height=\"300\" \/><\/p>\n<\/div>\n<\/div>\n<p><\/p>","protected":false},"excerpt":{"rendered":"<p>W.Shakespeare\/C. Nogueira Avec : Haka Resic\/S.Nogueira\/C.Bardouil Repr\u00e9sentations : Th\u00e9\u00e2tre Garonne, Toulouse, 2008 Co-production : Th\u00e9\u00e2tre Garonne-Toulouse, Th\u00e9\u00e2tre de La Digue Toulouse Soutien : Th\u00e9\u00e2tre National de Toulouse, la Gare aux Artistes \u00e0 Montrab\u00e9. Ce montage est une \u00e9tude sc\u00e9nique sur la transformation du Roi en homme dans les trag\u00e9dies de Shakespeare : une r\u00e9flexion sur&nbsp;<a href=\"https:\/\/innocentia-inviolata.fr\/fr\/creations\/of-kings-and-men\/\">Read more<\/a><\/p>\n","protected":false},"author":1,"featured_media":602,"parent":7,"menu_order":6,"comment_status":"closed","ping_status":"closed","template":"cubes.php","meta":[],"categories":[6],"tags":[],"yoast_head":"<!-- This site is optimized with the Yoast SEO plugin v18.1 - https:\/\/yoast.com\/wordpress\/plugins\/seo\/ -->\n<meta name=\"robots\" content=\"index, follow, max-snippet:-1, max-image-preview:large, max-video-preview:-1\" \/>\n<link rel=\"canonical\" href=\"https:\/\/innocentia-inviolata.fr\/fr\/creations\/of-kings-and-men\/\" \/>\n<meta property=\"og:locale\" content=\"fr_FR\" \/>\n<meta property=\"og:type\" content=\"article\" \/>\n<meta property=\"og:title\" content=\"Of Kings and Men 2008 - INNOCENTIA INVIOLATA\" \/>\n<meta property=\"og:description\" content=\"W.Shakespeare\/C. Nogueira Avec : Haka Resic\/S.Nogueira\/C.Bardouil Repr\u00e9sentations : Th\u00e9\u00e2tre Garonne, Toulouse, 2008 Co-production : Th\u00e9\u00e2tre Garonne-Toulouse, Th\u00e9\u00e2tre de La Digue Toulouse Soutien : Th\u00e9\u00e2tre National de Toulouse, la Gare aux Artistes \u00e0 Montrab\u00e9. Ce montage est une \u00e9tude sc\u00e9nique sur la transformation du Roi en homme dans les trag\u00e9dies de Shakespeare : une r\u00e9flexion sur&nbsp;Read more\" \/>\n<meta property=\"og:url\" content=\"https:\/\/innocentia-inviolata.fr\/fr\/creations\/of-kings-and-men\/\" \/>\n<meta property=\"og:site_name\" content=\"INNOCENTIA INVIOLATA\" \/>\n<meta property=\"article:publisher\" content=\"https:\/\/fr-fr.facebook.com\/innocentia.inviolata.9\" \/>\n<meta property=\"article:modified_time\" content=\"2024-02-09T10:35:49+00:00\" \/>\n<meta property=\"og:image\" content=\"https:\/\/innocentia-inviolata.fr\/wp-content\/uploads\/2008_03_Of_kings_and_men_122-scaled.jpg\" \/>\n\t<meta property=\"og:image:width\" content=\"2560\" \/>\n\t<meta property=\"og:image:height\" content=\"1707\" \/>\n\t<meta property=\"og:image:type\" content=\"image\/jpeg\" \/>\n<meta name=\"twitter:card\" content=\"summary_large_image\" \/>\n<meta name=\"twitter:label1\" content=\"Dur\u00e9e de lecture estim\u00e9e\" \/>\n\t<meta name=\"twitter:data1\" content=\"2 minutes\" \/>\n<script type=\"application\/ld+json\" class=\"yoast-schema-graph\">{\"@context\":\"https:\/\/schema.org\",\"@graph\":[{\"@type\":\"Organization\",\"@id\":\"https:\/\/innocentia-inviolata.fr\/fr\/#organization\",\"name\":\"Innocentia Inviolata\",\"url\":\"https:\/\/innocentia-inviolata.fr\/fr\/\",\"sameAs\":[\"https:\/\/fr-fr.facebook.com\/innocentia.inviolata.9\"],\"logo\":{\"@type\":\"ImageObject\",\"@id\":\"https:\/\/innocentia-inviolata.fr\/fr\/#logo\",\"inLanguage\":\"fr-FR\",\"url\":\"https:\/\/innocentia-inviolata.fr\/wp-content\/uploads\/screenshot.png\",\"contentUrl\":\"https:\/\/innocentia-inviolata.fr\/wp-content\/uploads\/screenshot.png\",\"width\":300,\"height\":225,\"caption\":\"Innocentia Inviolata\"},\"image\":{\"@id\":\"https:\/\/innocentia-inviolata.fr\/fr\/#logo\"}},{\"@type\":\"WebSite\",\"@id\":\"https:\/\/innocentia-inviolata.fr\/fr\/#website\",\"url\":\"https:\/\/innocentia-inviolata.fr\/fr\/\",\"name\":\"INNOCENTIA INVIOLATA\",\"description\":\"Direction C\u00e9line Nogueira\",\"publisher\":{\"@id\":\"https:\/\/innocentia-inviolata.fr\/fr\/#organization\"},\"potentialAction\":[{\"@type\":\"SearchAction\",\"target\":{\"@type\":\"EntryPoint\",\"urlTemplate\":\"https:\/\/innocentia-inviolata.fr\/fr\/?s={search_term_string}\"},\"query-input\":\"required name=search_term_string\"}],\"inLanguage\":\"fr-FR\"},{\"@type\":\"ImageObject\",\"@id\":\"https:\/\/innocentia-inviolata.fr\/fr\/creations\/of-kings-and-men\/#primaryimage\",\"inLanguage\":\"fr-FR\",\"url\":\"https:\/\/innocentia-inviolata.fr\/wp-content\/uploads\/2008_03_Of_kings_and_men_122-scaled.jpg\",\"contentUrl\":\"https:\/\/innocentia-inviolata.fr\/wp-content\/uploads\/2008_03_Of_kings_and_men_122-scaled.jpg\",\"width\":2560,\"height\":1707},{\"@type\":\"WebPage\",\"@id\":\"https:\/\/innocentia-inviolata.fr\/fr\/creations\/of-kings-and-men\/#webpage\",\"url\":\"https:\/\/innocentia-inviolata.fr\/fr\/creations\/of-kings-and-men\/\",\"name\":\"Of Kings and Men 2008 - INNOCENTIA INVIOLATA\",\"isPartOf\":{\"@id\":\"https:\/\/innocentia-inviolata.fr\/fr\/#website\"},\"primaryImageOfPage\":{\"@id\":\"https:\/\/innocentia-inviolata.fr\/fr\/creations\/of-kings-and-men\/#primaryimage\"},\"datePublished\":\"2013-06-17T22:17:03+00:00\",\"dateModified\":\"2024-02-09T10:35:49+00:00\",\"breadcrumb\":{\"@id\":\"https:\/\/innocentia-inviolata.fr\/fr\/creations\/of-kings-and-men\/#breadcrumb\"},\"inLanguage\":\"fr-FR\",\"potentialAction\":[{\"@type\":\"ReadAction\",\"target\":[[\"https:\/\/innocentia-inviolata.fr\/fr\/creations\/of-kings-and-men\/\"]]}]},{\"@type\":\"BreadcrumbList\",\"@id\":\"https:\/\/innocentia-inviolata.fr\/fr\/creations\/of-kings-and-men\/#breadcrumb\",\"itemListElement\":[{\"@type\":\"ListItem\",\"position\":1,\"name\":\"Home\",\"item\":\"https:\/\/innocentia-inviolata.fr\/fr\/\"},{\"@type\":\"ListItem\",\"position\":2,\"name\":\"ALL productions\",\"item\":\"https:\/\/innocentia-inviolata.fr\/fr\/creations\/\"},{\"@type\":\"ListItem\",\"position\":3,\"name\":\"Of Kings and Men 2008\"}]}]}<\/script>\n<!-- \/ Yoast SEO plugin. -->","yoast_head_json":{"robots":{"index":"index","follow":"follow","max-snippet":"max-snippet:-1","max-image-preview":"max-image-preview:large","max-video-preview":"max-video-preview:-1"},"canonical":"https:\/\/innocentia-inviolata.fr\/fr\/creations\/of-kings-and-men\/","og_locale":"fr_FR","og_type":"article","og_title":"Of Kings and Men 2008 - INNOCENTIA INVIOLATA","og_description":"W.Shakespeare\/C. Nogueira Avec : Haka Resic\/S.Nogueira\/C.Bardouil Repr\u00e9sentations : Th\u00e9\u00e2tre Garonne, Toulouse, 2008 Co-production : Th\u00e9\u00e2tre Garonne-Toulouse, Th\u00e9\u00e2tre de La Digue Toulouse Soutien : Th\u00e9\u00e2tre National de Toulouse, la Gare aux Artistes \u00e0 Montrab\u00e9. Ce montage est une \u00e9tude sc\u00e9nique sur la transformation du Roi en homme dans les trag\u00e9dies de Shakespeare : une r\u00e9flexion sur&nbsp;Read more","og_url":"https:\/\/innocentia-inviolata.fr\/fr\/creations\/of-kings-and-men\/","og_site_name":"INNOCENTIA INVIOLATA","article_publisher":"https:\/\/fr-fr.facebook.com\/innocentia.inviolata.9","article_modified_time":"2024-02-09T10:35:49+00:00","og_image":[{"width":2560,"height":1707,"url":"https:\/\/innocentia-inviolata.fr\/wp-content\/uploads\/2008_03_Of_kings_and_men_122-scaled.jpg","type":"image\/jpeg"}],"twitter_card":"summary_large_image","twitter_misc":{"Dur\u00e9e de lecture estim\u00e9e":"2 minutes"},"schema":{"@context":"https:\/\/schema.org","@graph":[{"@type":"Organization","@id":"https:\/\/innocentia-inviolata.fr\/fr\/#organization","name":"Innocentia Inviolata","url":"https:\/\/innocentia-inviolata.fr\/fr\/","sameAs":["https:\/\/fr-fr.facebook.com\/innocentia.inviolata.9"],"logo":{"@type":"ImageObject","@id":"https:\/\/innocentia-inviolata.fr\/fr\/#logo","inLanguage":"fr-FR","url":"https:\/\/innocentia-inviolata.fr\/wp-content\/uploads\/screenshot.png","contentUrl":"https:\/\/innocentia-inviolata.fr\/wp-content\/uploads\/screenshot.png","width":300,"height":225,"caption":"Innocentia Inviolata"},"image":{"@id":"https:\/\/innocentia-inviolata.fr\/fr\/#logo"}},{"@type":"WebSite","@id":"https:\/\/innocentia-inviolata.fr\/fr\/#website","url":"https:\/\/innocentia-inviolata.fr\/fr\/","name":"INNOCENTIA INVIOLATA","description":"Direction C\u00e9line Nogueira","publisher":{"@id":"https:\/\/innocentia-inviolata.fr\/fr\/#organization"},"potentialAction":[{"@type":"SearchAction","target":{"@type":"EntryPoint","urlTemplate":"https:\/\/innocentia-inviolata.fr\/fr\/?s={search_term_string}"},"query-input":"required name=search_term_string"}],"inLanguage":"fr-FR"},{"@type":"ImageObject","@id":"https:\/\/innocentia-inviolata.fr\/fr\/creations\/of-kings-and-men\/#primaryimage","inLanguage":"fr-FR","url":"https:\/\/innocentia-inviolata.fr\/wp-content\/uploads\/2008_03_Of_kings_and_men_122-scaled.jpg","contentUrl":"https:\/\/innocentia-inviolata.fr\/wp-content\/uploads\/2008_03_Of_kings_and_men_122-scaled.jpg","width":2560,"height":1707},{"@type":"WebPage","@id":"https:\/\/innocentia-inviolata.fr\/fr\/creations\/of-kings-and-men\/#webpage","url":"https:\/\/innocentia-inviolata.fr\/fr\/creations\/of-kings-and-men\/","name":"Of Kings and Men 2008 - INNOCENTIA INVIOLATA","isPartOf":{"@id":"https:\/\/innocentia-inviolata.fr\/fr\/#website"},"primaryImageOfPage":{"@id":"https:\/\/innocentia-inviolata.fr\/fr\/creations\/of-kings-and-men\/#primaryimage"},"datePublished":"2013-06-17T22:17:03+00:00","dateModified":"2024-02-09T10:35:49+00:00","breadcrumb":{"@id":"https:\/\/innocentia-inviolata.fr\/fr\/creations\/of-kings-and-men\/#breadcrumb"},"inLanguage":"fr-FR","potentialAction":[{"@type":"ReadAction","target":[["https:\/\/innocentia-inviolata.fr\/fr\/creations\/of-kings-and-men\/"]]}]},{"@type":"BreadcrumbList","@id":"https:\/\/innocentia-inviolata.fr\/fr\/creations\/of-kings-and-men\/#breadcrumb","itemListElement":[{"@type":"ListItem","position":1,"name":"Home","item":"https:\/\/innocentia-inviolata.fr\/fr\/"},{"@type":"ListItem","position":2,"name":"ALL productions","item":"https:\/\/innocentia-inviolata.fr\/fr\/creations\/"},{"@type":"ListItem","position":3,"name":"Of Kings and Men 2008"}]}]}},"_links":{"self":[{"href":"https:\/\/innocentia-inviolata.fr\/fr\/wp-json\/wp\/v2\/pages\/33"}],"collection":[{"href":"https:\/\/innocentia-inviolata.fr\/fr\/wp-json\/wp\/v2\/pages"}],"about":[{"href":"https:\/\/innocentia-inviolata.fr\/fr\/wp-json\/wp\/v2\/types\/page"}],"author":[{"embeddable":true,"href":"https:\/\/innocentia-inviolata.fr\/fr\/wp-json\/wp\/v2\/users\/1"}],"replies":[{"embeddable":true,"href":"https:\/\/innocentia-inviolata.fr\/fr\/wp-json\/wp\/v2\/comments?post=33"}],"version-history":[{"count":25,"href":"https:\/\/innocentia-inviolata.fr\/fr\/wp-json\/wp\/v2\/pages\/33\/revisions"}],"predecessor-version":[{"id":1114,"href":"https:\/\/innocentia-inviolata.fr\/fr\/wp-json\/wp\/v2\/pages\/33\/revisions\/1114"}],"up":[{"embeddable":true,"href":"https:\/\/innocentia-inviolata.fr\/fr\/wp-json\/wp\/v2\/pages\/7"}],"wp:featuredmedia":[{"embeddable":true,"href":"https:\/\/innocentia-inviolata.fr\/fr\/wp-json\/wp\/v2\/media\/602"}],"wp:attachment":[{"href":"https:\/\/innocentia-inviolata.fr\/fr\/wp-json\/wp\/v2\/media?parent=33"}],"wp:term":[{"taxonomy":"category","embeddable":true,"href":"https:\/\/innocentia-inviolata.fr\/fr\/wp-json\/wp\/v2\/categories?post=33"},{"taxonomy":"post_tag","embeddable":true,"href":"https:\/\/innocentia-inviolata.fr\/fr\/wp-json\/wp\/v2\/tags?post=33"}],"curies":[{"name":"wp","href":"https:\/\/api.w.org\/{rel}","templated":true}]}}