{"id":31,"date":"2013-06-17T22:15:42","date_gmt":"2013-06-17T22:15:42","guid":{"rendered":"https:\/\/innocentia-inviolata.fr\/?page_id=31"},"modified":"2024-02-09T10:35:23","modified_gmt":"2024-02-09T10:35:23","slug":"noli-me-tangere","status":"publish","type":"page","link":"https:\/\/innocentia-inviolata.fr\/fr\/creations\/noli-me-tangere\/","title":{"rendered":"Noli me tangere 2009-10"},"content":{"rendered":"<p>Texte : C\u00e9line Nogueira<br \/>\nAvec en alternance : C\u00e9line Nogueira &amp; Lucie Muratet<\/p>\n<p>Repr\u00e9sentations : La Cave Po\u00e9sie \u2013 Toulouse (mai &#8211; juin 2009), Gare aux Artistes mars 2007-08)<br \/>\nTh\u00e9\u00e2tre Le Ring &#8211; Toulouse (juin 2008), Th\u00e9\u00e2tre National de Toulouse (mai 2007)<\/p>\n<p>Soutien : la Ville de Toulouse, le Conseil G\u00e9n\u00e9ral Haute Garonne<br \/>\nPartenaires : Decl\u00e9or Cosm\u00e9tiques, CB Construction<\/p>\n<p><a href=\"https:\/\/www.librairie-gallimard.com\/livre\/9782352600893-ne-me-touche-pas-noli-me-tangere-celine-nogueira\/\" target=\"_blank\" rel=\"noopener\">Noli me tangere en librairie<\/a><\/p>\n<p>Jou\u00e9 et dirig\u00e9 sur le plateau par C\u00e9line Nogueira en alternance avec Lucie Muratet, ce solo f\u00e9minin d\u00e9voile les espoirs et turpitudes d&rsquo;une femme tourment\u00e9e par des figures masculines id\u00e9alis\u00e9es qui ressurgissent pour lui permettre la lib\u00e9ration dans la prise de conscience de leur source m\u00eame : l\u2019attouchement de ses dix ans.<\/p>\n<p><img loading=\"lazy\" class=\"alignnone size-medium wp-image-877\" src=\"https:\/\/innocentia-inviolata.fr\/wp-content\/uploads\/NOli-410x274.png\" alt=\"\" width=\"410\" height=\"274\" srcset=\"https:\/\/innocentia-inviolata.fr\/wp-content\/uploads\/NOli-410x274.png 410w, https:\/\/innocentia-inviolata.fr\/wp-content\/uploads\/NOli.png 640w\" sizes=\"(max-width: 410px) 100vw, 410px\" \/><\/p>\n<p><strong>PRESSE<\/strong><\/p>\n<div>\n<p><em><b>\u00ab\u00a0Noli me tangere\u00a0: La femme g\u00e2ch\u00e9e <\/b><\/em><\/p>\n<p><em>Au commencement est une salle tr\u00e8s vide, tr\u00e8s nue, une chaise pos\u00e9e, rien de plus. La lumi\u00e8re, devant. L&rsquo;obscurit\u00e9, derri\u00e8re. La vie y na\u00eet comme en cachette, tout au fond, dans un chuchotement lointain et plein d&rsquo;\u00e9chos, le mouvement d&rsquo;une forme vague et claire : une femme. <b>Elle parle \u00e0 voix montante, livre \u00e0 l&rsquo;homme absent tout ce que c\u0153ur, sexe et tripes contiennent d&rsquo;amour et de d\u00e9chirements. Elle livre \u00e0 l&rsquo;homme absent tout ce que c\u0153ur, sexe et tripes contiennent d&rsquo;amour et de d\u00e9chirements. Elle chuchote, geint, hurle, jouit, vomit les mots, creuse par la parole sa propre chair<\/b> jusqu&rsquo;\u00e0 toucher l&rsquo;os, l&rsquo;ivoire de ce moment o\u00f9, \u00e0 dix ans, le cours de sa vie fut d\u00e9termin\u00e9 et d\u00e9truit &#8211; en un geste, un instant.<b> <\/b><\/em><\/p>\n<p><em><b>C&rsquo;est un fouaillement sans piti\u00e9 que cette parole partag\u00e9e entre le d\u00e9sir et la r\u00e9vulsion<\/b>, \u00e9cartel\u00e9e par le temps et le besoin d&rsquo;aller au plus profond, au plus douloureux, pour comprendre et, peut-\u00eatre, accepter. Les mots y tombent comme des pierres &#8211; attendre, \u00e9puiser, culpabilit\u00e9, affam\u00e9e &#8211; flottent, s&rsquo;\u00e9tonnent : \u00ab\u00a0Je suis une femme.\u00a0\u00bb Mordent : \u00ab\u00a0Ton entrejambe vaut mieux que la libert\u00e9.\u00a0\u00bb Regrettent : \u00ab\u00a0nous nous sommes pleur\u00e9.\u00a0\u00bb Accueillent et rejettent en deux souffles affront\u00e9s &#8211; \u00ab\u00a0tu me plais beaucoup\u00a0\u00bb \/ \u00ab\u00a0tu ne m&rsquo;auras pas.\u00a0\u00bb<\/em><\/p>\n<p><em>Le mouvement ? Partag\u00e9 entre l&rsquo;immobilit\u00e9 et une fr\u00e9n\u00e9sie de mouche bourdonnant \u00e0 la vitre. Pas de lib\u00e9ration, sinon celles de la chute et de l&rsquo;\u00e9puisement.<b> <\/b><\/em><\/p>\n<p><em><b>Le texte de C\u00e9line Nogueira est beau,<\/b><b> fort, difficile<\/b>. Bringuebalant par les temps de la m\u00e9moire, changeant sans cesse d&rsquo;humeur, de rythme et de pied, il \u00e9vite comme en se jouant les faux-semblants contemporains, ces mots de plomb pos\u00e9s entre deux points comme autant de d\u00e9monstrations. <b>Il est, pour tout dire, f\u00e9minin au possible, et terrible dans ses d\u00e9tresses, \u00e2pre m\u00eame dans la douceur. L&rsquo;interpr\u00e9tation qu&rsquo;assure C\u00e9line Nogueira en \u00e9pouse avec justesse toutes les variations jusqu&rsquo;\u00e0 jouer avec le public m\u00eame, cet amant muet et retir\u00e9, d&rsquo;un mouvement d&rsquo;attirance et de r\u00e9pulsion.<\/b><\/em><\/p>\n<p><em>Le silence&#8230; Il ne dure pas, bris\u00e9 au premier noir par le fracas de longs applaudissements.\u00a0\u00bb<\/em><\/p>\n<p>http:\/\/www.lecloudanslaplanche.com\/accueil.html<b> <\/b><b>Jacques-Olivier Badia<\/b>, le 18\/06\/2008<\/p>\n<p><img loading=\"lazy\" class=\"alignnone size-medium wp-image-875\" src=\"https:\/\/innocentia-inviolata.fr\/wp-content\/uploads\/NOLI-Jerome-gac--410x318.png\" alt=\"\" width=\"410\" height=\"318\" srcset=\"https:\/\/innocentia-inviolata.fr\/wp-content\/uploads\/NOLI-Jerome-gac--410x318.png 410w, https:\/\/innocentia-inviolata.fr\/wp-content\/uploads\/NOLI-Jerome-gac--1024x794.png 1024w, https:\/\/innocentia-inviolata.fr\/wp-content\/uploads\/NOLI-Jerome-gac--768x596.png 768w, https:\/\/innocentia-inviolata.fr\/wp-content\/uploads\/NOLI-Jerome-gac--1536x1192.png 1536w, https:\/\/innocentia-inviolata.fr\/wp-content\/uploads\/NOLI-Jerome-gac-.png 1686w\" sizes=\"(max-width: 410px) 100vw, 410px\" \/><\/p>\n<\/div>\n<div>\n<table cellspacing=\"0\" cellpadding=\"0\" align=\"left\">\n<tbody>\n<tr>\n<td valign=\"top\">\n<div>\n<p><em>On ne s&rsquo;improvise pas toujours auteur avec le m\u00eame bonheur que l&rsquo;on met en sc\u00e8ne ou que l&rsquo;on joue les pi\u00e8ces des autres. Le texte qu&rsquo;a \u00e9crit C\u00e9line en est un beau contre-exemple : j&rsquo;ai assist\u00e9 \u00e0 un grand moment de th\u00e9\u00e2tre, tr\u00e8s fort, tr\u00e8s douloureux, magnifiquement \u00e9crit et interpr\u00e9t\u00e9. <\/em><a href=\"http:\/\/patrickmollphoto.com\/index.php\">http:\/\/patrickmollphoto.com\/index.php<\/a><\/p>\n<\/div>\n<\/td>\n<\/tr>\n<\/tbody>\n<\/table>\n<\/div>\n<p><\/p>","protected":false},"excerpt":{"rendered":"<p>Texte : C\u00e9line Nogueira Avec en alternance : C\u00e9line Nogueira &amp; Lucie Muratet Repr\u00e9sentations : La Cave Po\u00e9sie \u2013 Toulouse (mai &#8211; juin 2009), Gare aux Artistes mars 2007-08) Th\u00e9\u00e2tre Le Ring &#8211; Toulouse (juin 2008), Th\u00e9\u00e2tre National de Toulouse (mai 2007) Soutien : la Ville de Toulouse, le Conseil G\u00e9n\u00e9ral Haute Garonne Partenaires :&nbsp;<a href=\"https:\/\/innocentia-inviolata.fr\/fr\/creations\/noli-me-tangere\/\">Read more<\/a><\/p>\n","protected":false},"author":1,"featured_media":672,"parent":7,"menu_order":5,"comment_status":"closed","ping_status":"closed","template":"cubes.php","meta":[],"categories":[6],"tags":[],"yoast_head":"<!-- This site is optimized with the Yoast SEO plugin v18.1 - https:\/\/yoast.com\/wordpress\/plugins\/seo\/ -->\n<meta name=\"robots\" content=\"index, follow, max-snippet:-1, max-image-preview:large, max-video-preview:-1\" \/>\n<link rel=\"canonical\" href=\"https:\/\/innocentia-inviolata.fr\/fr\/creations\/noli-me-tangere\/\" \/>\n<meta property=\"og:locale\" content=\"fr_FR\" \/>\n<meta property=\"og:type\" content=\"article\" \/>\n<meta property=\"og:title\" content=\"Noli me tangere 2009-10 - INNOCENTIA INVIOLATA\" \/>\n<meta property=\"og:description\" content=\"Texte : C\u00e9line Nogueira Avec en alternance : C\u00e9line Nogueira &amp; Lucie Muratet Repr\u00e9sentations : La Cave Po\u00e9sie \u2013 Toulouse (mai &#8211; juin 2009), Gare aux Artistes mars 2007-08) Th\u00e9\u00e2tre Le Ring &#8211; Toulouse (juin 2008), Th\u00e9\u00e2tre National de Toulouse (mai 2007) Soutien : la Ville de Toulouse, le Conseil G\u00e9n\u00e9ral Haute Garonne Partenaires :&nbsp;Read more\" \/>\n<meta property=\"og:url\" content=\"https:\/\/innocentia-inviolata.fr\/fr\/creations\/noli-me-tangere\/\" \/>\n<meta property=\"og:site_name\" content=\"INNOCENTIA INVIOLATA\" \/>\n<meta property=\"article:publisher\" content=\"https:\/\/fr-fr.facebook.com\/innocentia.inviolata.9\" \/>\n<meta property=\"article:modified_time\" content=\"2024-02-09T10:35:23+00:00\" \/>\n<meta property=\"og:image\" content=\"https:\/\/innocentia-inviolata.fr\/wp-content\/uploads\/noli3.gif\" \/>\n\t<meta property=\"og:image:width\" content=\"965\" \/>\n\t<meta property=\"og:image:height\" content=\"590\" \/>\n\t<meta property=\"og:image:type\" content=\"image\/gif\" \/>\n<meta name=\"twitter:card\" content=\"summary_large_image\" \/>\n<meta name=\"twitter:label1\" content=\"Dur\u00e9e de lecture estim\u00e9e\" \/>\n\t<meta name=\"twitter:data1\" content=\"6 minutes\" \/>\n<script type=\"application\/ld+json\" class=\"yoast-schema-graph\">{\"@context\":\"https:\/\/schema.org\",\"@graph\":[{\"@type\":\"Organization\",\"@id\":\"https:\/\/innocentia-inviolata.fr\/fr\/#organization\",\"name\":\"Innocentia Inviolata\",\"url\":\"https:\/\/innocentia-inviolata.fr\/fr\/\",\"sameAs\":[\"https:\/\/fr-fr.facebook.com\/innocentia.inviolata.9\"],\"logo\":{\"@type\":\"ImageObject\",\"@id\":\"https:\/\/innocentia-inviolata.fr\/fr\/#logo\",\"inLanguage\":\"fr-FR\",\"url\":\"https:\/\/innocentia-inviolata.fr\/wp-content\/uploads\/screenshot.png\",\"contentUrl\":\"https:\/\/innocentia-inviolata.fr\/wp-content\/uploads\/screenshot.png\",\"width\":300,\"height\":225,\"caption\":\"Innocentia Inviolata\"},\"image\":{\"@id\":\"https:\/\/innocentia-inviolata.fr\/fr\/#logo\"}},{\"@type\":\"WebSite\",\"@id\":\"https:\/\/innocentia-inviolata.fr\/fr\/#website\",\"url\":\"https:\/\/innocentia-inviolata.fr\/fr\/\",\"name\":\"INNOCENTIA INVIOLATA\",\"description\":\"Direction C\u00e9line Nogueira\",\"publisher\":{\"@id\":\"https:\/\/innocentia-inviolata.fr\/fr\/#organization\"},\"potentialAction\":[{\"@type\":\"SearchAction\",\"target\":{\"@type\":\"EntryPoint\",\"urlTemplate\":\"https:\/\/innocentia-inviolata.fr\/fr\/?s={search_term_string}\"},\"query-input\":\"required name=search_term_string\"}],\"inLanguage\":\"fr-FR\"},{\"@type\":\"ImageObject\",\"@id\":\"https:\/\/innocentia-inviolata.fr\/fr\/creations\/noli-me-tangere\/#primaryimage\",\"inLanguage\":\"fr-FR\",\"url\":\"https:\/\/innocentia-inviolata.fr\/wp-content\/uploads\/noli3.gif\",\"contentUrl\":\"https:\/\/innocentia-inviolata.fr\/wp-content\/uploads\/noli3.gif\",\"width\":965,\"height\":590},{\"@type\":\"WebPage\",\"@id\":\"https:\/\/innocentia-inviolata.fr\/fr\/creations\/noli-me-tangere\/#webpage\",\"url\":\"https:\/\/innocentia-inviolata.fr\/fr\/creations\/noli-me-tangere\/\",\"name\":\"Noli me tangere 2009-10 - INNOCENTIA INVIOLATA\",\"isPartOf\":{\"@id\":\"https:\/\/innocentia-inviolata.fr\/fr\/#website\"},\"primaryImageOfPage\":{\"@id\":\"https:\/\/innocentia-inviolata.fr\/fr\/creations\/noli-me-tangere\/#primaryimage\"},\"datePublished\":\"2013-06-17T22:15:42+00:00\",\"dateModified\":\"2024-02-09T10:35:23+00:00\",\"breadcrumb\":{\"@id\":\"https:\/\/innocentia-inviolata.fr\/fr\/creations\/noli-me-tangere\/#breadcrumb\"},\"inLanguage\":\"fr-FR\",\"potentialAction\":[{\"@type\":\"ReadAction\",\"target\":[[\"https:\/\/innocentia-inviolata.fr\/fr\/creations\/noli-me-tangere\/\"]]}]},{\"@type\":\"BreadcrumbList\",\"@id\":\"https:\/\/innocentia-inviolata.fr\/fr\/creations\/noli-me-tangere\/#breadcrumb\",\"itemListElement\":[{\"@type\":\"ListItem\",\"position\":1,\"name\":\"Home\",\"item\":\"https:\/\/innocentia-inviolata.fr\/fr\/\"},{\"@type\":\"ListItem\",\"position\":2,\"name\":\"ALL productions\",\"item\":\"https:\/\/innocentia-inviolata.fr\/fr\/creations\/\"},{\"@type\":\"ListItem\",\"position\":3,\"name\":\"Noli me tangere 2009-10\"}]}]}<\/script>\n<!-- \/ Yoast SEO plugin. -->","yoast_head_json":{"robots":{"index":"index","follow":"follow","max-snippet":"max-snippet:-1","max-image-preview":"max-image-preview:large","max-video-preview":"max-video-preview:-1"},"canonical":"https:\/\/innocentia-inviolata.fr\/fr\/creations\/noli-me-tangere\/","og_locale":"fr_FR","og_type":"article","og_title":"Noli me tangere 2009-10 - INNOCENTIA INVIOLATA","og_description":"Texte : C\u00e9line Nogueira Avec en alternance : C\u00e9line Nogueira &amp; Lucie Muratet Repr\u00e9sentations : La Cave Po\u00e9sie \u2013 Toulouse (mai &#8211; juin 2009), Gare aux Artistes mars 2007-08) Th\u00e9\u00e2tre Le Ring &#8211; Toulouse (juin 2008), Th\u00e9\u00e2tre National de Toulouse (mai 2007) Soutien : la Ville de Toulouse, le Conseil G\u00e9n\u00e9ral Haute Garonne Partenaires :&nbsp;Read more","og_url":"https:\/\/innocentia-inviolata.fr\/fr\/creations\/noli-me-tangere\/","og_site_name":"INNOCENTIA INVIOLATA","article_publisher":"https:\/\/fr-fr.facebook.com\/innocentia.inviolata.9","article_modified_time":"2024-02-09T10:35:23+00:00","og_image":[{"width":965,"height":590,"url":"https:\/\/innocentia-inviolata.fr\/wp-content\/uploads\/noli3.gif","type":"image\/gif"}],"twitter_card":"summary_large_image","twitter_misc":{"Dur\u00e9e de lecture estim\u00e9e":"6 minutes"},"schema":{"@context":"https:\/\/schema.org","@graph":[{"@type":"Organization","@id":"https:\/\/innocentia-inviolata.fr\/fr\/#organization","name":"Innocentia Inviolata","url":"https:\/\/innocentia-inviolata.fr\/fr\/","sameAs":["https:\/\/fr-fr.facebook.com\/innocentia.inviolata.9"],"logo":{"@type":"ImageObject","@id":"https:\/\/innocentia-inviolata.fr\/fr\/#logo","inLanguage":"fr-FR","url":"https:\/\/innocentia-inviolata.fr\/wp-content\/uploads\/screenshot.png","contentUrl":"https:\/\/innocentia-inviolata.fr\/wp-content\/uploads\/screenshot.png","width":300,"height":225,"caption":"Innocentia Inviolata"},"image":{"@id":"https:\/\/innocentia-inviolata.fr\/fr\/#logo"}},{"@type":"WebSite","@id":"https:\/\/innocentia-inviolata.fr\/fr\/#website","url":"https:\/\/innocentia-inviolata.fr\/fr\/","name":"INNOCENTIA INVIOLATA","description":"Direction C\u00e9line Nogueira","publisher":{"@id":"https:\/\/innocentia-inviolata.fr\/fr\/#organization"},"potentialAction":[{"@type":"SearchAction","target":{"@type":"EntryPoint","urlTemplate":"https:\/\/innocentia-inviolata.fr\/fr\/?s={search_term_string}"},"query-input":"required name=search_term_string"}],"inLanguage":"fr-FR"},{"@type":"ImageObject","@id":"https:\/\/innocentia-inviolata.fr\/fr\/creations\/noli-me-tangere\/#primaryimage","inLanguage":"fr-FR","url":"https:\/\/innocentia-inviolata.fr\/wp-content\/uploads\/noli3.gif","contentUrl":"https:\/\/innocentia-inviolata.fr\/wp-content\/uploads\/noli3.gif","width":965,"height":590},{"@type":"WebPage","@id":"https:\/\/innocentia-inviolata.fr\/fr\/creations\/noli-me-tangere\/#webpage","url":"https:\/\/innocentia-inviolata.fr\/fr\/creations\/noli-me-tangere\/","name":"Noli me tangere 2009-10 - INNOCENTIA INVIOLATA","isPartOf":{"@id":"https:\/\/innocentia-inviolata.fr\/fr\/#website"},"primaryImageOfPage":{"@id":"https:\/\/innocentia-inviolata.fr\/fr\/creations\/noli-me-tangere\/#primaryimage"},"datePublished":"2013-06-17T22:15:42+00:00","dateModified":"2024-02-09T10:35:23+00:00","breadcrumb":{"@id":"https:\/\/innocentia-inviolata.fr\/fr\/creations\/noli-me-tangere\/#breadcrumb"},"inLanguage":"fr-FR","potentialAction":[{"@type":"ReadAction","target":[["https:\/\/innocentia-inviolata.fr\/fr\/creations\/noli-me-tangere\/"]]}]},{"@type":"BreadcrumbList","@id":"https:\/\/innocentia-inviolata.fr\/fr\/creations\/noli-me-tangere\/#breadcrumb","itemListElement":[{"@type":"ListItem","position":1,"name":"Home","item":"https:\/\/innocentia-inviolata.fr\/fr\/"},{"@type":"ListItem","position":2,"name":"ALL productions","item":"https:\/\/innocentia-inviolata.fr\/fr\/creations\/"},{"@type":"ListItem","position":3,"name":"Noli me tangere 2009-10"}]}]}},"_links":{"self":[{"href":"https:\/\/innocentia-inviolata.fr\/fr\/wp-json\/wp\/v2\/pages\/31"}],"collection":[{"href":"https:\/\/innocentia-inviolata.fr\/fr\/wp-json\/wp\/v2\/pages"}],"about":[{"href":"https:\/\/innocentia-inviolata.fr\/fr\/wp-json\/wp\/v2\/types\/page"}],"author":[{"embeddable":true,"href":"https:\/\/innocentia-inviolata.fr\/fr\/wp-json\/wp\/v2\/users\/1"}],"replies":[{"embeddable":true,"href":"https:\/\/innocentia-inviolata.fr\/fr\/wp-json\/wp\/v2\/comments?post=31"}],"version-history":[{"count":35,"href":"https:\/\/innocentia-inviolata.fr\/fr\/wp-json\/wp\/v2\/pages\/31\/revisions"}],"predecessor-version":[{"id":1115,"href":"https:\/\/innocentia-inviolata.fr\/fr\/wp-json\/wp\/v2\/pages\/31\/revisions\/1115"}],"up":[{"embeddable":true,"href":"https:\/\/innocentia-inviolata.fr\/fr\/wp-json\/wp\/v2\/pages\/7"}],"wp:featuredmedia":[{"embeddable":true,"href":"https:\/\/innocentia-inviolata.fr\/fr\/wp-json\/wp\/v2\/media\/672"}],"wp:attachment":[{"href":"https:\/\/innocentia-inviolata.fr\/fr\/wp-json\/wp\/v2\/media?parent=31"}],"wp:term":[{"taxonomy":"category","embeddable":true,"href":"https:\/\/innocentia-inviolata.fr\/fr\/wp-json\/wp\/v2\/categories?post=31"},{"taxonomy":"post_tag","embeddable":true,"href":"https:\/\/innocentia-inviolata.fr\/fr\/wp-json\/wp\/v2\/tags?post=31"}],"curies":[{"name":"wp","href":"https:\/\/api.w.org\/{rel}","templated":true}]}}