{"id":25,"date":"2013-06-17T21:51:57","date_gmt":"2013-06-17T21:51:57","guid":{"rendered":"https:\/\/innocentia-inviolata.fr\/?page_id=25"},"modified":"2022-02-09T19:03:36","modified_gmt":"2022-02-09T19:03:36","slug":"phaedras-love","status":"publish","type":"page","link":"https:\/\/innocentia-inviolata.fr\/fr\/creations\/phaedras-love\/","title":{"rendered":"Ph\u00e6dra&rsquo;s Love 2005-06"},"content":{"rendered":"<p><em>\u00ab Ph\u00e6dra&rsquo;s love \/ L&rsquo;Amour de Ph\u00e8dre \u00bb<\/em><br \/>\n<em>Sarah Kane\/C\u00e9line Nogueira<\/em><br \/>\n<em>Co-production : Th\u00e9\u00e2tre Le Colombier, Cordes (Tarn)<\/em><br \/>\n<em>@Th\u00e9\u00e2tre Le Colombier\u00a0 4,5,6 f\u00e9vrier 2005<\/em><br \/>\n<em>@Th\u00e9\u00e2tre Les Mazades : 13,14 avril 2006<\/em><\/p>\n<p>Soutien : la Ville de Toulouse, le Conseil G\u00e9n\u00e9ral de la Haute Garonne<br \/>\nPartenaires : Th\u00e9\u00e2tre National de Toulouse, Th\u00e9\u00e2tre Sorano Toulouse , ECAM, CB Constructions.<br \/>\nPrix de La Fondation jeune Cr\u00e9dit Agricole \u00ab Projet artistique de l\u2019ann\u00e9e \u00bb (2005)<\/p>\n<p><iframe loading=\"lazy\" title=\"Phaedra&#039;s love \/ L&#039;Amour de Ph\u00e8dre (Trailer) Dir. C\u00e9line Nogueira\" width=\"410\" height=\"308\" src=\"https:\/\/www.youtube.com\/embed\/7NfQo5TFk8s?feature=oembed\" frameborder=\"0\" allow=\"accelerometer; autoplay; clipboard-write; encrypted-media; gyroscope; picture-in-picture\" allowfullscreen><\/iframe><\/p>\n<p>C&rsquo;est \u00e0 New York, que C\u00e9line Nogueira r\u00e9unit en 2002 un groupe de recherche sur la version originale Phaedra&rsquo;s love. Deux ans plus tard, voici dans un d\u00e9cor de cartons en perp\u00e9tuel mouvement, un spectacle qui rassemble vid\u00e9o, musique live, jeu r\u00e9aliste et transpos\u00e9 pour une cause brutale et directe : le d\u00e9sir opprim\u00e9.<\/p>\n<p><em>\u00ab\u00a0Phaedra&rsquo;s Love par C\u00e9line Nogueira ou quand les Sex Pistols rencontrent Bernanos : Le spectacle est clairement divis\u00e9 en deux parties, l&rsquo;une plut\u00f4t retenue et sobre, l&rsquo;autre flirtant avec le \u00ab\u00a0grand guignol\u00a0\u00bb sans jamais y tomber compl\u00e8tement (on pense parfois \u00e0 du Monty Python) alors que le d\u00e9but fait penser \u00e0 du bon Bertrand Blier (celui des ann\u00e9es 70-80). Le spectateur ressent une g\u00eane, un malaise tout au long de la pi\u00e8ce et c&rsquo;est tr\u00e8s bien comme \u00e7\u00e0, du coup lorsque le spectacle bascule dans le grotesque on ne sait plus s&rsquo;il faut rire ou pleurer.\u00a0\u00bb <strong>Hervacblog<\/strong>, Wednesday, April 12, 2006<\/em><\/p>\n<p><em>\u00ab\u00a0Accrochez-vous bien car du d\u00e9but au mot fin, vous risquez de prendre des coups au foie, sinon d\u2019avoir les foies. Le metteur en sc\u00e8ne C\u00e9line Nogueira et la troupe toulousaine Innocentia Inviolata rel\u00e8ve un vertigineux challenge. D\u2019entr\u00e9e de jeu, \u00ab\u00a0L\u2019amour de Ph\u00e8dre\u00a0\u00bb bouscule, s\u2019insurge sans concession. Vous ne perdez rien pour attendre. Provocante, chaotique, \u00ab\u00a0L\u2019Amour de Ph\u00e8dre\u00a0\u00bb, scand\u00e9e par les accords plaqu\u00e9s-m\u00e9tal d\u2019une guitare \u00e9lectrique, d\u00e9cortique le m\u00e9canisme de la barbarie, jouant sur les ressorts de la d\u00e9rision et de l\u2019outrance. Elle ne se met pas au chevet des sentiments et les incise avec une patience souvent cruelle. Electrochocs garantis.\u00a0\u00bb <\/em><b><i>La D\u00e9p\u00eache- Tarnscope<\/i><\/b><b>, <\/b>Henri Beulay, 5 f\u00e9vrier 2005.<\/p>","protected":false},"excerpt":{"rendered":"<p>\u00ab Ph\u00e6dra&rsquo;s love \/ L&rsquo;Amour de Ph\u00e8dre \u00bb Sarah Kane\/C\u00e9line Nogueira Co-production : Th\u00e9\u00e2tre Le Colombier, Cordes (Tarn) @Th\u00e9\u00e2tre Le Colombier\u00a0 4,5,6 f\u00e9vrier 2005 @Th\u00e9\u00e2tre Les Mazades : 13,14 avril 2006 Soutien : la Ville de Toulouse, le Conseil G\u00e9n\u00e9ral de la Haute Garonne Partenaires : Th\u00e9\u00e2tre National de Toulouse, Th\u00e9\u00e2tre Sorano Toulouse , ECAM,&nbsp;<a href=\"https:\/\/innocentia-inviolata.fr\/fr\/creations\/phaedras-love\/\">Read more<\/a><\/p>\n","protected":false},"author":1,"featured_media":670,"parent":7,"menu_order":7,"comment_status":"closed","ping_status":"closed","template":"cubes.php","meta":[],"categories":[6],"tags":[],"yoast_head":"<!-- This site is optimized with the Yoast SEO plugin v18.1 - https:\/\/yoast.com\/wordpress\/plugins\/seo\/ -->\n<meta name=\"robots\" content=\"index, follow, max-snippet:-1, max-image-preview:large, max-video-preview:-1\" \/>\n<link rel=\"canonical\" href=\"https:\/\/innocentia-inviolata.fr\/fr\/creations\/phaedras-love\/\" \/>\n<meta property=\"og:locale\" content=\"fr_FR\" \/>\n<meta property=\"og:type\" content=\"article\" \/>\n<meta property=\"og:title\" content=\"Ph\u00e6dra&#039;s Love 2005-06 - INNOCENTIA INVIOLATA\" \/>\n<meta property=\"og:description\" content=\"\u00ab Ph\u00e6dra&rsquo;s love \/ L&rsquo;Amour de Ph\u00e8dre \u00bb Sarah Kane\/C\u00e9line Nogueira Co-production : Th\u00e9\u00e2tre Le Colombier, Cordes (Tarn) @Th\u00e9\u00e2tre Le Colombier\u00a0 4,5,6 f\u00e9vrier 2005 @Th\u00e9\u00e2tre Les Mazades : 13,14 avril 2006 Soutien : la Ville de Toulouse, le Conseil G\u00e9n\u00e9ral de la Haute Garonne Partenaires : Th\u00e9\u00e2tre National de Toulouse, Th\u00e9\u00e2tre Sorano Toulouse , ECAM,&nbsp;Read more\" \/>\n<meta property=\"og:url\" content=\"https:\/\/innocentia-inviolata.fr\/fr\/creations\/phaedras-love\/\" \/>\n<meta property=\"og:site_name\" content=\"INNOCENTIA INVIOLATA\" \/>\n<meta property=\"article:publisher\" content=\"https:\/\/fr-fr.facebook.com\/innocentia.inviolata.9\" \/>\n<meta property=\"article:modified_time\" content=\"2022-02-09T19:03:36+00:00\" \/>\n<meta property=\"og:image\" content=\"https:\/\/innocentia-inviolata.fr\/wp-content\/uploads\/phedre2.gif\" \/>\n\t<meta property=\"og:image:width\" content=\"720\" \/>\n\t<meta property=\"og:image:height\" content=\"457\" \/>\n\t<meta property=\"og:image:type\" content=\"image\/gif\" \/>\n<meta name=\"twitter:card\" content=\"summary_large_image\" \/>\n<meta name=\"twitter:label1\" content=\"Dur\u00e9e de lecture estim\u00e9e\" \/>\n\t<meta name=\"twitter:data1\" content=\"2 minutes\" \/>\n<script type=\"application\/ld+json\" class=\"yoast-schema-graph\">{\"@context\":\"https:\/\/schema.org\",\"@graph\":[{\"@type\":\"Organization\",\"@id\":\"https:\/\/innocentia-inviolata.fr\/fr\/#organization\",\"name\":\"Innocentia Inviolata\",\"url\":\"https:\/\/innocentia-inviolata.fr\/fr\/\",\"sameAs\":[\"https:\/\/fr-fr.facebook.com\/innocentia.inviolata.9\"],\"logo\":{\"@type\":\"ImageObject\",\"@id\":\"https:\/\/innocentia-inviolata.fr\/fr\/#logo\",\"inLanguage\":\"fr-FR\",\"url\":\"https:\/\/innocentia-inviolata.fr\/wp-content\/uploads\/screenshot.png\",\"contentUrl\":\"https:\/\/innocentia-inviolata.fr\/wp-content\/uploads\/screenshot.png\",\"width\":300,\"height\":225,\"caption\":\"Innocentia Inviolata\"},\"image\":{\"@id\":\"https:\/\/innocentia-inviolata.fr\/fr\/#logo\"}},{\"@type\":\"WebSite\",\"@id\":\"https:\/\/innocentia-inviolata.fr\/fr\/#website\",\"url\":\"https:\/\/innocentia-inviolata.fr\/fr\/\",\"name\":\"INNOCENTIA INVIOLATA\",\"description\":\"Direction C\u00e9line Nogueira\",\"publisher\":{\"@id\":\"https:\/\/innocentia-inviolata.fr\/fr\/#organization\"},\"potentialAction\":[{\"@type\":\"SearchAction\",\"target\":{\"@type\":\"EntryPoint\",\"urlTemplate\":\"https:\/\/innocentia-inviolata.fr\/fr\/?s={search_term_string}\"},\"query-input\":\"required name=search_term_string\"}],\"inLanguage\":\"fr-FR\"},{\"@type\":\"ImageObject\",\"@id\":\"https:\/\/innocentia-inviolata.fr\/fr\/creations\/phaedras-love\/#primaryimage\",\"inLanguage\":\"fr-FR\",\"url\":\"https:\/\/innocentia-inviolata.fr\/wp-content\/uploads\/phedre2.gif\",\"contentUrl\":\"https:\/\/innocentia-inviolata.fr\/wp-content\/uploads\/phedre2.gif\",\"width\":720,\"height\":457},{\"@type\":\"WebPage\",\"@id\":\"https:\/\/innocentia-inviolata.fr\/fr\/creations\/phaedras-love\/#webpage\",\"url\":\"https:\/\/innocentia-inviolata.fr\/fr\/creations\/phaedras-love\/\",\"name\":\"Ph\u00e6dra's Love 2005-06 - INNOCENTIA INVIOLATA\",\"isPartOf\":{\"@id\":\"https:\/\/innocentia-inviolata.fr\/fr\/#website\"},\"primaryImageOfPage\":{\"@id\":\"https:\/\/innocentia-inviolata.fr\/fr\/creations\/phaedras-love\/#primaryimage\"},\"datePublished\":\"2013-06-17T21:51:57+00:00\",\"dateModified\":\"2022-02-09T19:03:36+00:00\",\"breadcrumb\":{\"@id\":\"https:\/\/innocentia-inviolata.fr\/fr\/creations\/phaedras-love\/#breadcrumb\"},\"inLanguage\":\"fr-FR\",\"potentialAction\":[{\"@type\":\"ReadAction\",\"target\":[[\"https:\/\/innocentia-inviolata.fr\/fr\/creations\/phaedras-love\/\"]]}]},{\"@type\":\"BreadcrumbList\",\"@id\":\"https:\/\/innocentia-inviolata.fr\/fr\/creations\/phaedras-love\/#breadcrumb\",\"itemListElement\":[{\"@type\":\"ListItem\",\"position\":1,\"name\":\"Home\",\"item\":\"https:\/\/innocentia-inviolata.fr\/fr\/\"},{\"@type\":\"ListItem\",\"position\":2,\"name\":\"ALL productions\",\"item\":\"https:\/\/innocentia-inviolata.fr\/fr\/creations\/\"},{\"@type\":\"ListItem\",\"position\":3,\"name\":\"Ph\u00e6dra&#8217;s Love 2005-06\"}]}]}<\/script>\n<!-- \/ Yoast SEO plugin. -->","yoast_head_json":{"robots":{"index":"index","follow":"follow","max-snippet":"max-snippet:-1","max-image-preview":"max-image-preview:large","max-video-preview":"max-video-preview:-1"},"canonical":"https:\/\/innocentia-inviolata.fr\/fr\/creations\/phaedras-love\/","og_locale":"fr_FR","og_type":"article","og_title":"Ph\u00e6dra's Love 2005-06 - INNOCENTIA INVIOLATA","og_description":"\u00ab Ph\u00e6dra&rsquo;s love \/ L&rsquo;Amour de Ph\u00e8dre \u00bb Sarah Kane\/C\u00e9line Nogueira Co-production : Th\u00e9\u00e2tre Le Colombier, Cordes (Tarn) @Th\u00e9\u00e2tre Le Colombier\u00a0 4,5,6 f\u00e9vrier 2005 @Th\u00e9\u00e2tre Les Mazades : 13,14 avril 2006 Soutien : la Ville de Toulouse, le Conseil G\u00e9n\u00e9ral de la Haute Garonne Partenaires : Th\u00e9\u00e2tre National de Toulouse, Th\u00e9\u00e2tre Sorano Toulouse , ECAM,&nbsp;Read more","og_url":"https:\/\/innocentia-inviolata.fr\/fr\/creations\/phaedras-love\/","og_site_name":"INNOCENTIA INVIOLATA","article_publisher":"https:\/\/fr-fr.facebook.com\/innocentia.inviolata.9","article_modified_time":"2022-02-09T19:03:36+00:00","og_image":[{"width":720,"height":457,"url":"https:\/\/innocentia-inviolata.fr\/wp-content\/uploads\/phedre2.gif","type":"image\/gif"}],"twitter_card":"summary_large_image","twitter_misc":{"Dur\u00e9e de lecture estim\u00e9e":"2 minutes"},"schema":{"@context":"https:\/\/schema.org","@graph":[{"@type":"Organization","@id":"https:\/\/innocentia-inviolata.fr\/fr\/#organization","name":"Innocentia Inviolata","url":"https:\/\/innocentia-inviolata.fr\/fr\/","sameAs":["https:\/\/fr-fr.facebook.com\/innocentia.inviolata.9"],"logo":{"@type":"ImageObject","@id":"https:\/\/innocentia-inviolata.fr\/fr\/#logo","inLanguage":"fr-FR","url":"https:\/\/innocentia-inviolata.fr\/wp-content\/uploads\/screenshot.png","contentUrl":"https:\/\/innocentia-inviolata.fr\/wp-content\/uploads\/screenshot.png","width":300,"height":225,"caption":"Innocentia Inviolata"},"image":{"@id":"https:\/\/innocentia-inviolata.fr\/fr\/#logo"}},{"@type":"WebSite","@id":"https:\/\/innocentia-inviolata.fr\/fr\/#website","url":"https:\/\/innocentia-inviolata.fr\/fr\/","name":"INNOCENTIA INVIOLATA","description":"Direction C\u00e9line Nogueira","publisher":{"@id":"https:\/\/innocentia-inviolata.fr\/fr\/#organization"},"potentialAction":[{"@type":"SearchAction","target":{"@type":"EntryPoint","urlTemplate":"https:\/\/innocentia-inviolata.fr\/fr\/?s={search_term_string}"},"query-input":"required name=search_term_string"}],"inLanguage":"fr-FR"},{"@type":"ImageObject","@id":"https:\/\/innocentia-inviolata.fr\/fr\/creations\/phaedras-love\/#primaryimage","inLanguage":"fr-FR","url":"https:\/\/innocentia-inviolata.fr\/wp-content\/uploads\/phedre2.gif","contentUrl":"https:\/\/innocentia-inviolata.fr\/wp-content\/uploads\/phedre2.gif","width":720,"height":457},{"@type":"WebPage","@id":"https:\/\/innocentia-inviolata.fr\/fr\/creations\/phaedras-love\/#webpage","url":"https:\/\/innocentia-inviolata.fr\/fr\/creations\/phaedras-love\/","name":"Ph\u00e6dra's Love 2005-06 - INNOCENTIA INVIOLATA","isPartOf":{"@id":"https:\/\/innocentia-inviolata.fr\/fr\/#website"},"primaryImageOfPage":{"@id":"https:\/\/innocentia-inviolata.fr\/fr\/creations\/phaedras-love\/#primaryimage"},"datePublished":"2013-06-17T21:51:57+00:00","dateModified":"2022-02-09T19:03:36+00:00","breadcrumb":{"@id":"https:\/\/innocentia-inviolata.fr\/fr\/creations\/phaedras-love\/#breadcrumb"},"inLanguage":"fr-FR","potentialAction":[{"@type":"ReadAction","target":[["https:\/\/innocentia-inviolata.fr\/fr\/creations\/phaedras-love\/"]]}]},{"@type":"BreadcrumbList","@id":"https:\/\/innocentia-inviolata.fr\/fr\/creations\/phaedras-love\/#breadcrumb","itemListElement":[{"@type":"ListItem","position":1,"name":"Home","item":"https:\/\/innocentia-inviolata.fr\/fr\/"},{"@type":"ListItem","position":2,"name":"ALL productions","item":"https:\/\/innocentia-inviolata.fr\/fr\/creations\/"},{"@type":"ListItem","position":3,"name":"Ph\u00e6dra&#8217;s Love 2005-06"}]}]}},"_links":{"self":[{"href":"https:\/\/innocentia-inviolata.fr\/fr\/wp-json\/wp\/v2\/pages\/25"}],"collection":[{"href":"https:\/\/innocentia-inviolata.fr\/fr\/wp-json\/wp\/v2\/pages"}],"about":[{"href":"https:\/\/innocentia-inviolata.fr\/fr\/wp-json\/wp\/v2\/types\/page"}],"author":[{"embeddable":true,"href":"https:\/\/innocentia-inviolata.fr\/fr\/wp-json\/wp\/v2\/users\/1"}],"replies":[{"embeddable":true,"href":"https:\/\/innocentia-inviolata.fr\/fr\/wp-json\/wp\/v2\/comments?post=25"}],"version-history":[{"count":20,"href":"https:\/\/innocentia-inviolata.fr\/fr\/wp-json\/wp\/v2\/pages\/25\/revisions"}],"predecessor-version":[{"id":1119,"href":"https:\/\/innocentia-inviolata.fr\/fr\/wp-json\/wp\/v2\/pages\/25\/revisions\/1119"}],"up":[{"embeddable":true,"href":"https:\/\/innocentia-inviolata.fr\/fr\/wp-json\/wp\/v2\/pages\/7"}],"wp:featuredmedia":[{"embeddable":true,"href":"https:\/\/innocentia-inviolata.fr\/fr\/wp-json\/wp\/v2\/media\/670"}],"wp:attachment":[{"href":"https:\/\/innocentia-inviolata.fr\/fr\/wp-json\/wp\/v2\/media?parent=25"}],"wp:term":[{"taxonomy":"category","embeddable":true,"href":"https:\/\/innocentia-inviolata.fr\/fr\/wp-json\/wp\/v2\/categories?post=25"},{"taxonomy":"post_tag","embeddable":true,"href":"https:\/\/innocentia-inviolata.fr\/fr\/wp-json\/wp\/v2\/tags?post=25"}],"curies":[{"name":"wp","href":"https:\/\/api.w.org\/{rel}","templated":true}]}}