{"id":1659,"date":"2024-04-09T09:49:07","date_gmt":"2024-04-09T09:49:07","guid":{"rendered":"https:\/\/innocentia-inviolata.fr\/en\/?page_id=1659"},"modified":"2024-10-17T12:53:43","modified_gmt":"2024-10-17T12:53:43","slug":"my-body-my-territory","status":"publish","type":"page","link":"https:\/\/innocentia-inviolata.fr\/fr\/actions-mediation\/mon-corps-mon-territoire\/","title":{"rendered":"EAC &#8211; Mon corps, mon territoire"},"content":{"rendered":"<p>&nbsp;<\/p>\n<p><em><span class=\"s1\"><b>Mon Corps mon territoire !\u00a0 (depuis 2021)<\/b><\/span><\/em><\/p>\n<p><span class=\"s1\">&gt; Programme encapacitant d&rsquo;actions culturelles (ateliers corps -voix &#8211; \u00e9criture-cr\u00e9ation) en vue de r\u00e9duire les violences sexistes et sexuelles &amp; les discriminations, favoriser le vivre ensemble &amp; la communication non violente<\/span><\/p>\n<p><iframe loading=\"lazy\" title=\"A Suivre - Mon Corps Mon Territoire ! - Lycee Ozenne 2022-2023\" width=\"100%\" height=\"120\" src=\"https:\/\/www.mixcloud.com\/widget\/iframe\/?feed=https%3A%2F%2Fwww.mixcloud.com%2FRadioRadioToulouse%2Fa-suivre-mon-corps-mon-territoire-lycee-ozenne-2022-2023%2F&amp;hide_cover=1\" frameborder=\"0\"><\/iframe><\/p>\n<p>&nbsp;<\/p>\n<ul>\n<li class=\"p1\"><span class=\"s1\"><span class=\"s2\">Partenariat avec l&rsquo;Inspe-La Sorbonne dans le cadre du programme de MEEF de Irma Velez : <a href=\"https:\/\/irmavelez07.wixsite.com\/lecinemadeleducation\/about-4\" target=\"_blank\" rel=\"noopener\">Le Cin\u00e9ma de l&rsquo;Education<\/a><\/span><\/span><\/li>\n<\/ul>\n<p>&nbsp;<\/p>\n<p class=\"p1\"><span class=\"s1\"><span class=\"s2\">Projets collaboratifs, d\u2019\u00e9coute, d\u2019encapacitation, d\u2019action et de cr\u00e9ation<span class=\"Apple-converted-space\">\u00a0 <\/span>incluant mixte et non-mixte qui<\/span><\/span><span class=\"s1\"> oeuvre pour la reconstruction, l\u2019autonomisation et la cr\u00e9ativit\u00e9 des jeunes filles et gar\u00e7ons. <\/span><span class=\"s1\">Les accompagner, les valoriser par la parole, l\u2019\u00e9criture, la lecture publique. L\u00e0 se trouve l\u2019\u00a0\u00bbempowerment\u00a0\u00bb.\u00a0<\/span><\/p>\n<p><iframe loading=\"lazy\" title=\"A Suivre - Mon Corps Mon Territoire ! - Ecole Sermet  2022-2023\" width=\"100%\" height=\"120\" src=\"https:\/\/www.mixcloud.com\/widget\/iframe\/?feed=https%3A%2F%2Fwww.mixcloud.com%2FRadioRadioToulouse%2Fa-suivre-mon-corps-mon-territoire-ecole-sermet-2022-2023%2F&amp;hide_cover=1\" frameborder=\"0\"><\/iframe><\/p>\n<p>&nbsp;<\/p>\n<p>Pi\u00e8ce radiophonique <a href=\"https:\/\/soundcloud.com\/radiocavepo\/pad-01-lmt23-16h49-17h04-clae?in=radiocavepo\/sets\/love-me-tender-2023&amp;utm_source=clipboard&amp;utm_medium=text&amp;utm_campaign=social_sharing\" target=\"_blank\" rel=\"noopener\">\u00ab\u00a0Love me oui, mais love me bien\u00a0\u00bb<\/a> \u00e0 l&rsquo;occasion de l&rsquo;\u00e9v\u00e8nement Love me Tender de la Cave Po\u00e9sie \u00e0 Toulouse.<\/p>\n<p>&nbsp;<\/p>\n<p><span class=\"s1\">Se r\u00e9approprier le corps en tant que territoire et envisager sa participation cr\u00e9ative dans le territoire g\u00e9ographique- oeuvrer pour une \u00e9galit\u00e9 des occupations d\u2019espace, des activit\u00e9s, des responsabilit\u00e9s en un espace d\u00e9fini.<\/span><\/p>\n<p>En 2021 et 2022, la Cie Innocentia Inviolata est laur\u00e9ate des appels \u00e0 projet de la Ville de Toulouse pour r\u00e9duire les violences sexistes et sexuelles <span class=\"s1\"><span class=\"s2\">\u00e0 l&rsquo;encontre des filles et jeunes femmes et en milieu festif.<\/span><\/span><\/p>\n<p><em><strong>Mon Corps, mon Territoire ! #1 <\/strong><\/em>avec les CM1 et CM2 de l&rsquo;\u00e9cole \u00e9l\u00e9mentaire Sermet, <a href=\"http:\/\/www.cave-poesie.com\/\" target=\"_blank\" rel=\"noopener\">La Cave Po\u00e9sie<\/a>, la Marche mondiale des Femmes<\/p>\n<p><em><strong>Mon Corps, mon Territoire ! #2 <\/strong><\/em>avec les \u00e9l\u00e8ves de BTS du Lyc\u00e9e Ozenne et les d\u00e9l\u00e9gu\u00e9.es des classes de l&rsquo;\u00e9tablissement<\/p>\n<p>&nbsp;<\/p>","protected":false},"excerpt":{"rendered":"<p>&nbsp; Mon Corps mon territoire !\u00a0 (depuis 2021) &gt; Programme encapacitant d&rsquo;actions culturelles (ateliers corps -voix &#8211; \u00e9criture-cr\u00e9ation) en vue de r\u00e9duire les violences sexistes et sexuelles &amp; les discriminations, favoriser le vivre ensemble &amp; la communication non violente &nbsp; Partenariat avec l&rsquo;Inspe-La Sorbonne dans le cadre du programme de MEEF de Irma Velez :&nbsp;<a href=\"https:\/\/innocentia-inviolata.fr\/fr\/actions-mediation\/mon-corps-mon-territoire\/\">Read more<\/a><\/p>\n","protected":false},"author":2,"featured_media":0,"parent":831,"menu_order":1,"comment_status":"closed","ping_status":"closed","template":"","meta":[],"categories":[],"tags":[],"yoast_head":"<!-- This site is optimized with the Yoast SEO plugin v18.1 - https:\/\/yoast.com\/wordpress\/plugins\/seo\/ -->\n<meta name=\"robots\" content=\"index, follow, max-snippet:-1, max-image-preview:large, max-video-preview:-1\" \/>\n<link rel=\"canonical\" href=\"https:\/\/innocentia-inviolata.fr\/fr\/francais-actions-mediation\/my-body-my-territory\/\" \/>\n<meta property=\"og:locale\" content=\"fr_FR\" \/>\n<meta property=\"og:type\" content=\"article\" \/>\n<meta property=\"og:title\" content=\"EAC - Mon corps, mon territoire - INNOCENTIA INVIOLATA\" \/>\n<meta property=\"og:description\" content=\"&nbsp; Mon Corps mon territoire !\u00a0 (depuis 2021) &gt; Programme encapacitant d&rsquo;actions culturelles (ateliers corps -voix &#8211; \u00e9criture-cr\u00e9ation) en vue de r\u00e9duire les violences sexistes et sexuelles &amp; les discriminations, favoriser le vivre ensemble &amp; la communication non violente &nbsp; Partenariat avec l&rsquo;Inspe-La Sorbonne dans le cadre du programme de MEEF de Irma Velez :&nbsp;Read more\" \/>\n<meta property=\"og:url\" content=\"https:\/\/innocentia-inviolata.fr\/fr\/francais-actions-mediation\/my-body-my-territory\/\" \/>\n<meta property=\"og:site_name\" content=\"INNOCENTIA INVIOLATA\" \/>\n<meta property=\"article:publisher\" content=\"https:\/\/fr-fr.facebook.com\/innocentia.inviolata.9\" \/>\n<meta property=\"article:modified_time\" content=\"2024-10-17T12:53:43+00:00\" \/>\n<meta property=\"og:image\" content=\"https:\/\/innocentia-inviolata.fr\/wp-content\/uploads\/screenshot.png\" \/>\n\t<meta property=\"og:image:width\" content=\"300\" \/>\n\t<meta property=\"og:image:height\" content=\"225\" \/>\n\t<meta property=\"og:image:type\" content=\"image\/png\" \/>\n<meta name=\"twitter:card\" content=\"summary_large_image\" \/>\n<meta name=\"twitter:label1\" content=\"Dur\u00e9e de lecture estim\u00e9e\" \/>\n\t<meta name=\"twitter:data1\" content=\"2 minutes\" \/>\n<script type=\"application\/ld+json\" class=\"yoast-schema-graph\">{\"@context\":\"https:\/\/schema.org\",\"@graph\":[{\"@type\":\"Organization\",\"@id\":\"https:\/\/innocentia-inviolata.fr\/fr\/#organization\",\"name\":\"Innocentia Inviolata\",\"url\":\"https:\/\/innocentia-inviolata.fr\/fr\/\",\"sameAs\":[\"https:\/\/fr-fr.facebook.com\/innocentia.inviolata.9\"],\"logo\":{\"@type\":\"ImageObject\",\"@id\":\"https:\/\/innocentia-inviolata.fr\/fr\/#logo\",\"inLanguage\":\"fr-FR\",\"url\":\"https:\/\/innocentia-inviolata.fr\/wp-content\/uploads\/screenshot.png\",\"contentUrl\":\"https:\/\/innocentia-inviolata.fr\/wp-content\/uploads\/screenshot.png\",\"width\":300,\"height\":225,\"caption\":\"Innocentia Inviolata\"},\"image\":{\"@id\":\"https:\/\/innocentia-inviolata.fr\/fr\/#logo\"}},{\"@type\":\"WebSite\",\"@id\":\"https:\/\/innocentia-inviolata.fr\/fr\/#website\",\"url\":\"https:\/\/innocentia-inviolata.fr\/fr\/\",\"name\":\"INNOCENTIA INVIOLATA\",\"description\":\"Direction C\u00e9line Nogueira\",\"publisher\":{\"@id\":\"https:\/\/innocentia-inviolata.fr\/fr\/#organization\"},\"potentialAction\":[{\"@type\":\"SearchAction\",\"target\":{\"@type\":\"EntryPoint\",\"urlTemplate\":\"https:\/\/innocentia-inviolata.fr\/fr\/?s={search_term_string}\"},\"query-input\":\"required name=search_term_string\"}],\"inLanguage\":\"fr-FR\"},{\"@type\":\"WebPage\",\"@id\":\"https:\/\/innocentia-inviolata.fr\/fr\/francais-actions-mediation\/my-body-my-territory\/#webpage\",\"url\":\"https:\/\/innocentia-inviolata.fr\/fr\/francais-actions-mediation\/my-body-my-territory\/\",\"name\":\"EAC - Mon corps, mon territoire - INNOCENTIA INVIOLATA\",\"isPartOf\":{\"@id\":\"https:\/\/innocentia-inviolata.fr\/fr\/#website\"},\"datePublished\":\"2024-04-09T09:49:07+00:00\",\"dateModified\":\"2024-10-17T12:53:43+00:00\",\"breadcrumb\":{\"@id\":\"https:\/\/innocentia-inviolata.fr\/fr\/francais-actions-mediation\/my-body-my-territory\/#breadcrumb\"},\"inLanguage\":\"fr-FR\",\"potentialAction\":[{\"@type\":\"ReadAction\",\"target\":[[\"https:\/\/innocentia-inviolata.fr\/fr\/francais-actions-mediation\/my-body-my-territory\/\"]]}]},{\"@type\":\"BreadcrumbList\",\"@id\":\"https:\/\/innocentia-inviolata.fr\/fr\/francais-actions-mediation\/my-body-my-territory\/#breadcrumb\",\"itemListElement\":[{\"@type\":\"ListItem\",\"position\":1,\"name\":\"Home\",\"item\":\"https:\/\/innocentia-inviolata.fr\/fr\/\"},{\"@type\":\"ListItem\",\"position\":2,\"name\":\"The Art of Emancipation &#8211; outreach program\",\"item\":\"https:\/\/innocentia-inviolata.fr\/fr\/francais-actions-mediation\/\"},{\"@type\":\"ListItem\",\"position\":3,\"name\":\"Outreach program &#8211; My body, my territory !\"}]}]}<\/script>\n<!-- \/ Yoast SEO plugin. -->","yoast_head_json":{"robots":{"index":"index","follow":"follow","max-snippet":"max-snippet:-1","max-image-preview":"max-image-preview:large","max-video-preview":"max-video-preview:-1"},"canonical":"https:\/\/innocentia-inviolata.fr\/fr\/francais-actions-mediation\/my-body-my-territory\/","og_locale":"fr_FR","og_type":"article","og_title":"EAC - Mon corps, mon territoire - INNOCENTIA INVIOLATA","og_description":"&nbsp; Mon Corps mon territoire !\u00a0 (depuis 2021) &gt; Programme encapacitant d&rsquo;actions culturelles (ateliers corps -voix &#8211; \u00e9criture-cr\u00e9ation) en vue de r\u00e9duire les violences sexistes et sexuelles &amp; les discriminations, favoriser le vivre ensemble &amp; la communication non violente &nbsp; Partenariat avec l&rsquo;Inspe-La Sorbonne dans le cadre du programme de MEEF de Irma Velez :&nbsp;Read more","og_url":"https:\/\/innocentia-inviolata.fr\/fr\/francais-actions-mediation\/my-body-my-territory\/","og_site_name":"INNOCENTIA INVIOLATA","article_publisher":"https:\/\/fr-fr.facebook.com\/innocentia.inviolata.9","article_modified_time":"2024-10-17T12:53:43+00:00","og_image":[{"width":300,"height":225,"url":"https:\/\/innocentia-inviolata.fr\/wp-content\/uploads\/screenshot.png","type":"image\/png"}],"twitter_card":"summary_large_image","twitter_misc":{"Dur\u00e9e de lecture estim\u00e9e":"2 minutes"},"schema":{"@context":"https:\/\/schema.org","@graph":[{"@type":"Organization","@id":"https:\/\/innocentia-inviolata.fr\/fr\/#organization","name":"Innocentia Inviolata","url":"https:\/\/innocentia-inviolata.fr\/fr\/","sameAs":["https:\/\/fr-fr.facebook.com\/innocentia.inviolata.9"],"logo":{"@type":"ImageObject","@id":"https:\/\/innocentia-inviolata.fr\/fr\/#logo","inLanguage":"fr-FR","url":"https:\/\/innocentia-inviolata.fr\/wp-content\/uploads\/screenshot.png","contentUrl":"https:\/\/innocentia-inviolata.fr\/wp-content\/uploads\/screenshot.png","width":300,"height":225,"caption":"Innocentia Inviolata"},"image":{"@id":"https:\/\/innocentia-inviolata.fr\/fr\/#logo"}},{"@type":"WebSite","@id":"https:\/\/innocentia-inviolata.fr\/fr\/#website","url":"https:\/\/innocentia-inviolata.fr\/fr\/","name":"INNOCENTIA INVIOLATA","description":"Direction C\u00e9line Nogueira","publisher":{"@id":"https:\/\/innocentia-inviolata.fr\/fr\/#organization"},"potentialAction":[{"@type":"SearchAction","target":{"@type":"EntryPoint","urlTemplate":"https:\/\/innocentia-inviolata.fr\/fr\/?s={search_term_string}"},"query-input":"required name=search_term_string"}],"inLanguage":"fr-FR"},{"@type":"WebPage","@id":"https:\/\/innocentia-inviolata.fr\/fr\/francais-actions-mediation\/my-body-my-territory\/#webpage","url":"https:\/\/innocentia-inviolata.fr\/fr\/francais-actions-mediation\/my-body-my-territory\/","name":"EAC - Mon corps, mon territoire - INNOCENTIA INVIOLATA","isPartOf":{"@id":"https:\/\/innocentia-inviolata.fr\/fr\/#website"},"datePublished":"2024-04-09T09:49:07+00:00","dateModified":"2024-10-17T12:53:43+00:00","breadcrumb":{"@id":"https:\/\/innocentia-inviolata.fr\/fr\/francais-actions-mediation\/my-body-my-territory\/#breadcrumb"},"inLanguage":"fr-FR","potentialAction":[{"@type":"ReadAction","target":[["https:\/\/innocentia-inviolata.fr\/fr\/francais-actions-mediation\/my-body-my-territory\/"]]}]},{"@type":"BreadcrumbList","@id":"https:\/\/innocentia-inviolata.fr\/fr\/francais-actions-mediation\/my-body-my-territory\/#breadcrumb","itemListElement":[{"@type":"ListItem","position":1,"name":"Home","item":"https:\/\/innocentia-inviolata.fr\/fr\/"},{"@type":"ListItem","position":2,"name":"The Art of Emancipation &#8211; outreach program","item":"https:\/\/innocentia-inviolata.fr\/fr\/francais-actions-mediation\/"},{"@type":"ListItem","position":3,"name":"Outreach program &#8211; My body, my territory !"}]}]}},"_links":{"self":[{"href":"https:\/\/innocentia-inviolata.fr\/fr\/wp-json\/wp\/v2\/pages\/1659"}],"collection":[{"href":"https:\/\/innocentia-inviolata.fr\/fr\/wp-json\/wp\/v2\/pages"}],"about":[{"href":"https:\/\/innocentia-inviolata.fr\/fr\/wp-json\/wp\/v2\/types\/page"}],"author":[{"embeddable":true,"href":"https:\/\/innocentia-inviolata.fr\/fr\/wp-json\/wp\/v2\/users\/2"}],"replies":[{"embeddable":true,"href":"https:\/\/innocentia-inviolata.fr\/fr\/wp-json\/wp\/v2\/comments?post=1659"}],"version-history":[{"count":9,"href":"https:\/\/innocentia-inviolata.fr\/fr\/wp-json\/wp\/v2\/pages\/1659\/revisions"}],"predecessor-version":[{"id":1827,"href":"https:\/\/innocentia-inviolata.fr\/fr\/wp-json\/wp\/v2\/pages\/1659\/revisions\/1827"}],"up":[{"embeddable":true,"href":"https:\/\/innocentia-inviolata.fr\/fr\/wp-json\/wp\/v2\/pages\/831"}],"wp:attachment":[{"href":"https:\/\/innocentia-inviolata.fr\/fr\/wp-json\/wp\/v2\/media?parent=1659"}],"wp:term":[{"taxonomy":"category","embeddable":true,"href":"https:\/\/innocentia-inviolata.fr\/fr\/wp-json\/wp\/v2\/categories?post=1659"},{"taxonomy":"post_tag","embeddable":true,"href":"https:\/\/innocentia-inviolata.fr\/fr\/wp-json\/wp\/v2\/tags?post=1659"}],"curies":[{"name":"wp","href":"https:\/\/api.w.org\/{rel}","templated":true}]}}