{"id":1608,"date":"2024-03-21T20:59:16","date_gmt":"2024-03-21T20:59:16","guid":{"rendered":"https:\/\/innocentia-inviolata.fr\/en\/?page_id=1608"},"modified":"2025-09-20T09:45:10","modified_gmt":"2025-09-20T09:45:10","slug":"macbeth","status":"publish","type":"page","link":"https:\/\/innocentia-inviolata.fr\/fr\/creations\/english-macbeth\/","title":{"rendered":"Macbeth 2024"},"content":{"rendered":"<p>https:\/\/www.youtube.com\/watch?v=tlkQI&#8211;42tU<\/p>\n<p>Production : Les Soeurs Fatales, Universit\u00e9 Toulouse Jean Jaur\u00e8s<\/p>\n<p>@Th\u00e9\u00e2tre des Mazades, Toulouse<\/p>\n<p>Adapation \/ Direction : C\u00e9line Nogueira<\/p>\n<p><img loading=\"lazy\" class=\"alignnone wp-image-1613\" src=\"https:\/\/innocentia-inviolata.fr\/wp-content\/uploads\/DSC07683-410x241.jpeg\" alt=\"\" width=\"471\" height=\"277\" srcset=\"https:\/\/innocentia-inviolata.fr\/wp-content\/uploads\/DSC07683-410x241.jpeg 410w, https:\/\/innocentia-inviolata.fr\/wp-content\/uploads\/DSC07683-1024x601.jpeg 1024w, https:\/\/innocentia-inviolata.fr\/wp-content\/uploads\/DSC07683-768x451.jpeg 768w, https:\/\/innocentia-inviolata.fr\/wp-content\/uploads\/DSC07683-1536x902.jpeg 1536w, https:\/\/innocentia-inviolata.fr\/wp-content\/uploads\/DSC07683-2048x1203.jpeg 2048w\" sizes=\"(max-width: 471px) 100vw, 471px\" \/><img loading=\"lazy\" class=\"alignnone wp-image-1614\" src=\"https:\/\/innocentia-inviolata.fr\/wp-content\/uploads\/DSC07701-410x273.jpeg\" alt=\"\" width=\"414\" height=\"276\" srcset=\"https:\/\/innocentia-inviolata.fr\/wp-content\/uploads\/DSC07701-410x273.jpeg 410w, https:\/\/innocentia-inviolata.fr\/wp-content\/uploads\/DSC07701-1024x683.jpeg 1024w, https:\/\/innocentia-inviolata.fr\/wp-content\/uploads\/DSC07701-768x512.jpeg 768w, https:\/\/innocentia-inviolata.fr\/wp-content\/uploads\/DSC07701-1536x1024.jpeg 1536w, https:\/\/innocentia-inviolata.fr\/wp-content\/uploads\/DSC07701-2048x1365.jpeg 2048w\" sizes=\"(max-width: 414px) 100vw, 414px\" \/><\/p>\n<p>&nbsp;<\/p>\n<p>Assistante \u00e0 la mise \u00e0 sc\u00e8ne : Elizabeth Burbudge<\/p>\n<p>Avec : Harper Arellano, Zo\u00e9 Baraton, Emma Bateman, Vanille Robalinho Bourgouin, Elizabeth Burbudge, Natalia Nicole Campa\u00f1a Acosta, Anne-Sophie Debrabant, Ilya-Thomas Garcia, Am\u00e9lie Malby, Imogen Maslin, Celia Luna Maziere, Axelle M\u00e9tivier, Kate McBurnie Soda Ndieguene, Valentino Cocks, Richard Oates, Annick Verdalle<\/p>\n<p><img loading=\"lazy\" class=\"size-medium wp-image-1620 aligncenter\" src=\"https:\/\/innocentia-inviolata.fr\/wp-content\/uploads\/DSC07600-273x410.jpeg\" alt=\"\" width=\"273\" height=\"410\" srcset=\"https:\/\/innocentia-inviolata.fr\/wp-content\/uploads\/DSC07600-273x410.jpeg 273w, https:\/\/innocentia-inviolata.fr\/wp-content\/uploads\/DSC07600-683x1024.jpeg 683w, https:\/\/innocentia-inviolata.fr\/wp-content\/uploads\/DSC07600-768x1152.jpeg 768w, https:\/\/innocentia-inviolata.fr\/wp-content\/uploads\/DSC07600-1024x1536.jpeg 1024w, https:\/\/innocentia-inviolata.fr\/wp-content\/uploads\/DSC07600-1365x2048.jpeg 1365w, https:\/\/innocentia-inviolata.fr\/wp-content\/uploads\/DSC07600-scaled.jpeg 1707w\" sizes=\"(max-width: 273px) 100vw, 273px\" \/><img loading=\"lazy\" class=\"wp-image-1615 aligncenter\" src=\"https:\/\/innocentia-inviolata.fr\/wp-content\/uploads\/DSC07713-410x273.jpeg\" alt=\"\" width=\"490\" height=\"326\" srcset=\"https:\/\/innocentia-inviolata.fr\/wp-content\/uploads\/DSC07713-410x273.jpeg 410w, https:\/\/innocentia-inviolata.fr\/wp-content\/uploads\/DSC07713-1024x683.jpeg 1024w, https:\/\/innocentia-inviolata.fr\/wp-content\/uploads\/DSC07713-768x512.jpeg 768w, https:\/\/innocentia-inviolata.fr\/wp-content\/uploads\/DSC07713-1536x1024.jpeg 1536w, https:\/\/innocentia-inviolata.fr\/wp-content\/uploads\/DSC07713-2048x1365.jpeg 2048w\" sizes=\"(max-width: 490px) 100vw, 490px\" \/><\/p>\n<p><img loading=\"lazy\" class=\"wp-image-1609 aligncenter\" src=\"https:\/\/innocentia-inviolata.fr\/wp-content\/uploads\/DSC07462-410x273.jpeg\" alt=\"\" width=\"499\" height=\"332\" srcset=\"https:\/\/innocentia-inviolata.fr\/wp-content\/uploads\/DSC07462-410x273.jpeg 410w, https:\/\/innocentia-inviolata.fr\/wp-content\/uploads\/DSC07462-1024x683.jpeg 1024w, https:\/\/innocentia-inviolata.fr\/wp-content\/uploads\/DSC07462-768x512.jpeg 768w, https:\/\/innocentia-inviolata.fr\/wp-content\/uploads\/DSC07462-1536x1024.jpeg 1536w, https:\/\/innocentia-inviolata.fr\/wp-content\/uploads\/DSC07462-2048x1365.jpeg 2048w\" sizes=\"(max-width: 499px) 100vw, 499px\" \/><img loading=\"lazy\" class=\"wp-image-1619 aligncenter\" src=\"https:\/\/innocentia-inviolata.fr\/wp-content\/uploads\/DSC07547-410x273.jpeg\" alt=\"\" width=\"496\" height=\"330\" srcset=\"https:\/\/innocentia-inviolata.fr\/wp-content\/uploads\/DSC07547-410x273.jpeg 410w, https:\/\/innocentia-inviolata.fr\/wp-content\/uploads\/DSC07547-1024x683.jpeg 1024w, https:\/\/innocentia-inviolata.fr\/wp-content\/uploads\/DSC07547-768x512.jpeg 768w, https:\/\/innocentia-inviolata.fr\/wp-content\/uploads\/DSC07547-1536x1024.jpeg 1536w, https:\/\/innocentia-inviolata.fr\/wp-content\/uploads\/DSC07547-2048x1365.jpeg 2048w\" sizes=\"(max-width: 496px) 100vw, 496px\" \/><img loading=\"lazy\" class=\"wp-image-1617 aligncenter\" src=\"https:\/\/innocentia-inviolata.fr\/wp-content\/uploads\/DSC07758-410x273.jpeg\" alt=\"\" width=\"490\" height=\"326\" srcset=\"https:\/\/innocentia-inviolata.fr\/wp-content\/uploads\/DSC07758-410x273.jpeg 410w, https:\/\/innocentia-inviolata.fr\/wp-content\/uploads\/DSC07758-1024x683.jpeg 1024w, https:\/\/innocentia-inviolata.fr\/wp-content\/uploads\/DSC07758-768x512.jpeg 768w, https:\/\/innocentia-inviolata.fr\/wp-content\/uploads\/DSC07758-1536x1024.jpeg 1536w, https:\/\/innocentia-inviolata.fr\/wp-content\/uploads\/DSC07758-2048x1365.jpeg 2048w\" sizes=\"(max-width: 490px) 100vw, 490px\" \/><\/p>\n<p>&nbsp;<\/p>\n<p>&nbsp;<\/p>\n<p>Lumi\u00e8res : Yarol Stuber<\/p>\n<p>Traduction &amp; Surtitres : Celine Nogueira &amp; les \u00e9tudiantes du DETIM : Leslie Debernard, Mathilde Laup, Carolann Ragot, Lucile Ricci, Dana\u00e9 Tomas, coordonn\u00e9es par Sophie Maruejouls-Koch.<\/p>","protected":false},"excerpt":{"rendered":"<p>https:\/\/www.youtube.com\/watch?v=tlkQI&#8211;42tU Production : Les Soeurs Fatales, Universit\u00e9 Toulouse Jean Jaur\u00e8s @Th\u00e9\u00e2tre des Mazades, Toulouse Adapation \/ Direction : C\u00e9line Nogueira &nbsp; Assistante \u00e0 la mise \u00e0 sc\u00e8ne : Elizabeth Burbudge Avec : Harper Arellano, Zo\u00e9 Baraton, Emma Bateman, Vanille Robalinho Bourgouin, Elizabeth Burbudge, Natalia Nicole Campa\u00f1a Acosta, Anne-Sophie Debrabant, Ilya-Thomas Garcia, Am\u00e9lie Malby, Imogen Maslin,&nbsp;<a href=\"https:\/\/innocentia-inviolata.fr\/fr\/creations\/english-macbeth\/\">Read more<\/a><\/p>\n","protected":false},"author":2,"featured_media":1612,"parent":7,"menu_order":1,"comment_status":"closed","ping_status":"closed","template":"cubes.php","meta":[],"categories":[9],"tags":[],"yoast_head":"<!-- This site is optimized with the Yoast SEO plugin v18.1 - https:\/\/yoast.com\/wordpress\/plugins\/seo\/ -->\n<meta name=\"robots\" content=\"index, follow, max-snippet:-1, max-image-preview:large, max-video-preview:-1\" \/>\n<link rel=\"canonical\" href=\"https:\/\/innocentia-inviolata.fr\/fr\/creations\/macbeth\/\" \/>\n<meta property=\"og:locale\" content=\"fr_FR\" \/>\n<meta property=\"og:type\" content=\"article\" \/>\n<meta property=\"og:title\" content=\"Macbeth 2024 - INNOCENTIA INVIOLATA\" \/>\n<meta property=\"og:description\" content=\"https:\/\/www.youtube.com\/watch?v=tlkQI&#8211;42tU Production : Les Soeurs Fatales, Universit\u00e9 Toulouse Jean Jaur\u00e8s @Th\u00e9\u00e2tre des Mazades, Toulouse Adapation \/ Direction : C\u00e9line Nogueira &nbsp; Assistante \u00e0 la mise \u00e0 sc\u00e8ne : Elizabeth Burbudge Avec : Harper Arellano, Zo\u00e9 Baraton, Emma Bateman, Vanille Robalinho Bourgouin, Elizabeth Burbudge, Natalia Nicole Campa\u00f1a Acosta, Anne-Sophie Debrabant, Ilya-Thomas Garcia, Am\u00e9lie Malby, Imogen Maslin,&nbsp;Read more\" \/>\n<meta property=\"og:url\" content=\"https:\/\/innocentia-inviolata.fr\/fr\/creations\/macbeth\/\" \/>\n<meta property=\"og:site_name\" content=\"INNOCENTIA INVIOLATA\" \/>\n<meta property=\"article:publisher\" content=\"https:\/\/fr-fr.facebook.com\/innocentia.inviolata.9\" \/>\n<meta property=\"article:modified_time\" content=\"2025-09-20T09:45:10+00:00\" \/>\n<meta property=\"og:image\" content=\"https:\/\/innocentia-inviolata.fr\/wp-content\/uploads\/DSC07671-scaled.jpeg\" \/>\n\t<meta property=\"og:image:width\" content=\"1778\" \/>\n\t<meta property=\"og:image:height\" content=\"2560\" \/>\n\t<meta property=\"og:image:type\" content=\"image\/jpeg\" \/>\n<meta name=\"twitter:card\" content=\"summary_large_image\" \/>\n<meta name=\"twitter:label1\" content=\"Dur\u00e9e de lecture estim\u00e9e\" \/>\n\t<meta name=\"twitter:data1\" content=\"2 minutes\" \/>\n<script type=\"application\/ld+json\" class=\"yoast-schema-graph\">{\"@context\":\"https:\/\/schema.org\",\"@graph\":[{\"@type\":\"Organization\",\"@id\":\"https:\/\/innocentia-inviolata.fr\/fr\/#organization\",\"name\":\"Innocentia Inviolata\",\"url\":\"https:\/\/innocentia-inviolata.fr\/fr\/\",\"sameAs\":[\"https:\/\/fr-fr.facebook.com\/innocentia.inviolata.9\"],\"logo\":{\"@type\":\"ImageObject\",\"@id\":\"https:\/\/innocentia-inviolata.fr\/fr\/#logo\",\"inLanguage\":\"fr-FR\",\"url\":\"https:\/\/innocentia-inviolata.fr\/wp-content\/uploads\/screenshot.png\",\"contentUrl\":\"https:\/\/innocentia-inviolata.fr\/wp-content\/uploads\/screenshot.png\",\"width\":300,\"height\":225,\"caption\":\"Innocentia Inviolata\"},\"image\":{\"@id\":\"https:\/\/innocentia-inviolata.fr\/fr\/#logo\"}},{\"@type\":\"WebSite\",\"@id\":\"https:\/\/innocentia-inviolata.fr\/fr\/#website\",\"url\":\"https:\/\/innocentia-inviolata.fr\/fr\/\",\"name\":\"INNOCENTIA INVIOLATA\",\"description\":\"Direction C\u00e9line Nogueira\",\"publisher\":{\"@id\":\"https:\/\/innocentia-inviolata.fr\/fr\/#organization\"},\"potentialAction\":[{\"@type\":\"SearchAction\",\"target\":{\"@type\":\"EntryPoint\",\"urlTemplate\":\"https:\/\/innocentia-inviolata.fr\/fr\/?s={search_term_string}\"},\"query-input\":\"required name=search_term_string\"}],\"inLanguage\":\"fr-FR\"},{\"@type\":\"ImageObject\",\"@id\":\"https:\/\/innocentia-inviolata.fr\/fr\/creations\/macbeth\/#primaryimage\",\"inLanguage\":\"fr-FR\",\"url\":\"https:\/\/innocentia-inviolata.fr\/wp-content\/uploads\/DSC07671-scaled.jpeg\",\"contentUrl\":\"https:\/\/innocentia-inviolata.fr\/wp-content\/uploads\/DSC07671-scaled.jpeg\",\"width\":1778,\"height\":2560},{\"@type\":\"WebPage\",\"@id\":\"https:\/\/innocentia-inviolata.fr\/fr\/creations\/macbeth\/#webpage\",\"url\":\"https:\/\/innocentia-inviolata.fr\/fr\/creations\/macbeth\/\",\"name\":\"Macbeth 2024 - INNOCENTIA INVIOLATA\",\"isPartOf\":{\"@id\":\"https:\/\/innocentia-inviolata.fr\/fr\/#website\"},\"primaryImageOfPage\":{\"@id\":\"https:\/\/innocentia-inviolata.fr\/fr\/creations\/macbeth\/#primaryimage\"},\"datePublished\":\"2024-03-21T20:59:16+00:00\",\"dateModified\":\"2025-09-20T09:45:10+00:00\",\"breadcrumb\":{\"@id\":\"https:\/\/innocentia-inviolata.fr\/fr\/creations\/macbeth\/#breadcrumb\"},\"inLanguage\":\"fr-FR\",\"potentialAction\":[{\"@type\":\"ReadAction\",\"target\":[[\"https:\/\/innocentia-inviolata.fr\/fr\/creations\/macbeth\/\"]]}]},{\"@type\":\"BreadcrumbList\",\"@id\":\"https:\/\/innocentia-inviolata.fr\/fr\/creations\/macbeth\/#breadcrumb\",\"itemListElement\":[{\"@type\":\"ListItem\",\"position\":1,\"name\":\"Home\",\"item\":\"https:\/\/innocentia-inviolata.fr\/fr\/\"},{\"@type\":\"ListItem\",\"position\":2,\"name\":\"ALL productions\",\"item\":\"https:\/\/innocentia-inviolata.fr\/fr\/creations\/\"},{\"@type\":\"ListItem\",\"position\":3,\"name\":\"Macbeth 2024\"}]}]}<\/script>\n<!-- \/ Yoast SEO plugin. -->","yoast_head_json":{"robots":{"index":"index","follow":"follow","max-snippet":"max-snippet:-1","max-image-preview":"max-image-preview:large","max-video-preview":"max-video-preview:-1"},"canonical":"https:\/\/innocentia-inviolata.fr\/fr\/creations\/macbeth\/","og_locale":"fr_FR","og_type":"article","og_title":"Macbeth 2024 - INNOCENTIA INVIOLATA","og_description":"https:\/\/www.youtube.com\/watch?v=tlkQI&#8211;42tU Production : Les Soeurs Fatales, Universit\u00e9 Toulouse Jean Jaur\u00e8s @Th\u00e9\u00e2tre des Mazades, Toulouse Adapation \/ Direction : C\u00e9line Nogueira &nbsp; Assistante \u00e0 la mise \u00e0 sc\u00e8ne : Elizabeth Burbudge Avec : Harper Arellano, Zo\u00e9 Baraton, Emma Bateman, Vanille Robalinho Bourgouin, Elizabeth Burbudge, Natalia Nicole Campa\u00f1a Acosta, Anne-Sophie Debrabant, Ilya-Thomas Garcia, Am\u00e9lie Malby, Imogen Maslin,&nbsp;Read more","og_url":"https:\/\/innocentia-inviolata.fr\/fr\/creations\/macbeth\/","og_site_name":"INNOCENTIA INVIOLATA","article_publisher":"https:\/\/fr-fr.facebook.com\/innocentia.inviolata.9","article_modified_time":"2025-09-20T09:45:10+00:00","og_image":[{"width":1778,"height":2560,"url":"https:\/\/innocentia-inviolata.fr\/wp-content\/uploads\/DSC07671-scaled.jpeg","type":"image\/jpeg"}],"twitter_card":"summary_large_image","twitter_misc":{"Dur\u00e9e de lecture estim\u00e9e":"2 minutes"},"schema":{"@context":"https:\/\/schema.org","@graph":[{"@type":"Organization","@id":"https:\/\/innocentia-inviolata.fr\/fr\/#organization","name":"Innocentia Inviolata","url":"https:\/\/innocentia-inviolata.fr\/fr\/","sameAs":["https:\/\/fr-fr.facebook.com\/innocentia.inviolata.9"],"logo":{"@type":"ImageObject","@id":"https:\/\/innocentia-inviolata.fr\/fr\/#logo","inLanguage":"fr-FR","url":"https:\/\/innocentia-inviolata.fr\/wp-content\/uploads\/screenshot.png","contentUrl":"https:\/\/innocentia-inviolata.fr\/wp-content\/uploads\/screenshot.png","width":300,"height":225,"caption":"Innocentia Inviolata"},"image":{"@id":"https:\/\/innocentia-inviolata.fr\/fr\/#logo"}},{"@type":"WebSite","@id":"https:\/\/innocentia-inviolata.fr\/fr\/#website","url":"https:\/\/innocentia-inviolata.fr\/fr\/","name":"INNOCENTIA INVIOLATA","description":"Direction C\u00e9line Nogueira","publisher":{"@id":"https:\/\/innocentia-inviolata.fr\/fr\/#organization"},"potentialAction":[{"@type":"SearchAction","target":{"@type":"EntryPoint","urlTemplate":"https:\/\/innocentia-inviolata.fr\/fr\/?s={search_term_string}"},"query-input":"required name=search_term_string"}],"inLanguage":"fr-FR"},{"@type":"ImageObject","@id":"https:\/\/innocentia-inviolata.fr\/fr\/creations\/macbeth\/#primaryimage","inLanguage":"fr-FR","url":"https:\/\/innocentia-inviolata.fr\/wp-content\/uploads\/DSC07671-scaled.jpeg","contentUrl":"https:\/\/innocentia-inviolata.fr\/wp-content\/uploads\/DSC07671-scaled.jpeg","width":1778,"height":2560},{"@type":"WebPage","@id":"https:\/\/innocentia-inviolata.fr\/fr\/creations\/macbeth\/#webpage","url":"https:\/\/innocentia-inviolata.fr\/fr\/creations\/macbeth\/","name":"Macbeth 2024 - INNOCENTIA INVIOLATA","isPartOf":{"@id":"https:\/\/innocentia-inviolata.fr\/fr\/#website"},"primaryImageOfPage":{"@id":"https:\/\/innocentia-inviolata.fr\/fr\/creations\/macbeth\/#primaryimage"},"datePublished":"2024-03-21T20:59:16+00:00","dateModified":"2025-09-20T09:45:10+00:00","breadcrumb":{"@id":"https:\/\/innocentia-inviolata.fr\/fr\/creations\/macbeth\/#breadcrumb"},"inLanguage":"fr-FR","potentialAction":[{"@type":"ReadAction","target":[["https:\/\/innocentia-inviolata.fr\/fr\/creations\/macbeth\/"]]}]},{"@type":"BreadcrumbList","@id":"https:\/\/innocentia-inviolata.fr\/fr\/creations\/macbeth\/#breadcrumb","itemListElement":[{"@type":"ListItem","position":1,"name":"Home","item":"https:\/\/innocentia-inviolata.fr\/fr\/"},{"@type":"ListItem","position":2,"name":"ALL productions","item":"https:\/\/innocentia-inviolata.fr\/fr\/creations\/"},{"@type":"ListItem","position":3,"name":"Macbeth 2024"}]}]}},"_links":{"self":[{"href":"https:\/\/innocentia-inviolata.fr\/fr\/wp-json\/wp\/v2\/pages\/1608"}],"collection":[{"href":"https:\/\/innocentia-inviolata.fr\/fr\/wp-json\/wp\/v2\/pages"}],"about":[{"href":"https:\/\/innocentia-inviolata.fr\/fr\/wp-json\/wp\/v2\/types\/page"}],"author":[{"embeddable":true,"href":"https:\/\/innocentia-inviolata.fr\/fr\/wp-json\/wp\/v2\/users\/2"}],"replies":[{"embeddable":true,"href":"https:\/\/innocentia-inviolata.fr\/fr\/wp-json\/wp\/v2\/comments?post=1608"}],"version-history":[{"count":17,"href":"https:\/\/innocentia-inviolata.fr\/fr\/wp-json\/wp\/v2\/pages\/1608\/revisions"}],"predecessor-version":[{"id":1741,"href":"https:\/\/innocentia-inviolata.fr\/fr\/wp-json\/wp\/v2\/pages\/1608\/revisions\/1741"}],"up":[{"embeddable":true,"href":"https:\/\/innocentia-inviolata.fr\/fr\/wp-json\/wp\/v2\/pages\/7"}],"wp:featuredmedia":[{"embeddable":true,"href":"https:\/\/innocentia-inviolata.fr\/fr\/wp-json\/wp\/v2\/media\/1612"}],"wp:attachment":[{"href":"https:\/\/innocentia-inviolata.fr\/fr\/wp-json\/wp\/v2\/media?parent=1608"}],"wp:term":[{"taxonomy":"category","embeddable":true,"href":"https:\/\/innocentia-inviolata.fr\/fr\/wp-json\/wp\/v2\/categories?post=1608"},{"taxonomy":"post_tag","embeddable":true,"href":"https:\/\/innocentia-inviolata.fr\/fr\/wp-json\/wp\/v2\/tags?post=1608"}],"curies":[{"name":"wp","href":"https:\/\/api.w.org\/{rel}","templated":true}]}}