{"id":1409,"date":"2023-11-05T06:06:34","date_gmt":"2023-11-05T06:06:34","guid":{"rendered":"https:\/\/innocentia-inviolata.fr\/en\/?page_id=1409"},"modified":"2025-09-20T10:11:04","modified_gmt":"2025-09-20T10:11:04","slug":"the-banquet","status":"publish","type":"page","link":"https:\/\/innocentia-inviolata.fr\/fr\/creations\/le-banquet\/","title":{"rendered":"Le Banquet 2024"},"content":{"rendered":"<p>https:\/\/www.youtube.com\/watch?v=f7s4rkGbimk<\/p>\n<p class=\"p2\"><span class=\"s1\"><b>Le Banquet.<\/b><\/span><\/p>\n<p class=\"p3\"><span class=\"s1\"><i>Cr\u00e9ation 2023-24<\/i><\/span><\/p>\n<p class=\"p5\"><span class=\"s1\"><span class=\"s2\">Conception \/ \u00c9criture \/ Mise en sc\u00e8ne : <b>C\u00e9line Nogueira<\/b><\/span><\/span><\/p>\n<p><span class=\"s2\">Interpr\u00e9tation : <b>C\u00e9line Cohen, Julie Gallifet, Lucie Muratet, C\u00e9line Nogueira, Emilie Perrin, Haka Haris Resic, Wilfried Tisseyre<\/b><\/span><\/p>\n<p class=\"p5\"><span class=\"s1\">Co-production \/ Partenaires : L\u2019Usine Cnarep Tournefeuille, l\u2019Espace Roguet Toulouse, l\u2019Uppa &amp; le Bel Ordinaire \u00e0 Pau <\/span><\/p>\n<p class=\"p5\"><span class=\"s1\">Soutien :\u00a0 Drac Occitanie, Conseil d\u00e9partemental de la Haute Garonne, la Ville de Toulouse, VEHO Constructions.<\/span><\/p>\n<p>&nbsp;<\/p>\n<p>Cette cr\u00e9ation hybride explose le cadre conventionnel du th\u00e9\u00e2tre et invite \u00e0 se rencontrer autrement \u00e0 travers une exp\u00e9rience en immersion entre public et artistes. C\u00e9line Nogueira invite \u00e0 un banquet existentiel, un drame musical organique et choral en sc\u00e8nes fragment\u00e9es, pour donner \u00e0 sentir les \u00e9tats de l\u2019intime. Vibrant !<\/p>\n<p>&nbsp;<\/p>\n<p><img loading=\"lazy\" class=\"alignnone wp-image-1412\" src=\"https:\/\/innocentia-inviolata.fr\/wp-content\/uploads\/Capture-de\u0301cran-2023-11-05-a\u0300-07.08.51-287x410.png\" alt=\"\" width=\"215\" height=\"307\" srcset=\"https:\/\/innocentia-inviolata.fr\/wp-content\/uploads\/Capture-de\u0301cran-2023-11-05-a\u0300-07.08.51-287x410.png 287w, https:\/\/innocentia-inviolata.fr\/wp-content\/uploads\/Capture-de\u0301cran-2023-11-05-a\u0300-07.08.51-717x1024.png 717w, https:\/\/innocentia-inviolata.fr\/wp-content\/uploads\/Capture-de\u0301cran-2023-11-05-a\u0300-07.08.51-768x1097.png 768w, https:\/\/innocentia-inviolata.fr\/wp-content\/uploads\/Capture-de\u0301cran-2023-11-05-a\u0300-07.08.51.png 788w\" sizes=\"(max-width: 215px) 100vw, 215px\" \/><img loading=\"lazy\" class=\"alignnone wp-image-1592\" src=\"https:\/\/innocentia-inviolata.fr\/wp-content\/uploads\/3P0A9223-273x410.jpg\" alt=\"\" width=\"205\" height=\"308\" srcset=\"https:\/\/innocentia-inviolata.fr\/wp-content\/uploads\/3P0A9223-273x410.jpg 273w, https:\/\/innocentia-inviolata.fr\/wp-content\/uploads\/3P0A9223-683x1024.jpg 683w, https:\/\/innocentia-inviolata.fr\/wp-content\/uploads\/3P0A9223-768x1152.jpg 768w, https:\/\/innocentia-inviolata.fr\/wp-content\/uploads\/3P0A9223-1024x1536.jpg 1024w, https:\/\/innocentia-inviolata.fr\/wp-content\/uploads\/3P0A9223-1365x2048.jpg 1365w, https:\/\/innocentia-inviolata.fr\/wp-content\/uploads\/3P0A9223-scaled.jpg 1707w\" sizes=\"(max-width: 205px) 100vw, 205px\" \/><\/p>\n<p><span style=\"color: #ff9900;\"><a style=\"color: #ff9900;\" href=\"https:\/\/www.lusine.net\/saison\/cie-innocentia-inviolata-celine-nogueira-le-banquet\/\" target=\"_blank\" rel=\"noopener\">Plus d&rsquo;info\u00a0<\/a><\/span><\/p>\n<p><span style=\"color: #ff9900;\"><a style=\"color: #ff9900;\" href=\"https:\/\/innocentia-inviolata.fr\/wp-content\/uploads\/Intramuros-Le-Banquet-ITW-481-page-7.pdf\" target=\"_blank\" rel=\"noopener\">Intramuros Le Banquet Interview<\/a><\/span><\/p>\n<p><img loading=\"lazy\" class=\"alignnone size-medium wp-image-1573\" src=\"https:\/\/innocentia-inviolata.fr\/wp-content\/uploads\/Visuel-Le-banquet-mail-410x308.jpeg\" alt=\"\" width=\"410\" height=\"308\" srcset=\"https:\/\/innocentia-inviolata.fr\/wp-content\/uploads\/Visuel-Le-banquet-mail-410x308.jpeg 410w, https:\/\/innocentia-inviolata.fr\/wp-content\/uploads\/Visuel-Le-banquet-mail-768x576.jpeg 768w, https:\/\/innocentia-inviolata.fr\/wp-content\/uploads\/Visuel-Le-banquet-mail.jpeg 800w\" sizes=\"(max-width: 410px) 100vw, 410px\" \/><\/p>\n<p class=\"p7\"><span class=\"s2\">Musique : <b>C\u00e9line Cohen, Haka Haris Resic, Wilfried Tisseyre, <\/b><\/span><\/p>\n<p class=\"p7\"><span class=\"s2\">Lumi\u00e8res :<b> Philippe Ferreira<\/b><\/span><\/p>\n<p class=\"p7\"><span class=\"s2\">Son : <b>Thomas Gouaz\u00e9<\/b><\/span><\/p>\n<p class=\"p7\"><span class=\"s2\">Charg\u00e9 d\u2019administration\/ production : <b>Louis Gry<\/b><\/span><\/p>\n<p><img loading=\"lazy\" class=\"alignnone wp-image-1591\" src=\"https:\/\/innocentia-inviolata.fr\/wp-content\/uploads\/3P0A9312-410x273.jpg\" alt=\"\" width=\"460\" height=\"306\" srcset=\"https:\/\/innocentia-inviolata.fr\/wp-content\/uploads\/3P0A9312-410x273.jpg 410w, https:\/\/innocentia-inviolata.fr\/wp-content\/uploads\/3P0A9312-1024x683.jpg 1024w, https:\/\/innocentia-inviolata.fr\/wp-content\/uploads\/3P0A9312-768x512.jpg 768w, https:\/\/innocentia-inviolata.fr\/wp-content\/uploads\/3P0A9312-1536x1024.jpg 1536w, https:\/\/innocentia-inviolata.fr\/wp-content\/uploads\/3P0A9312-2048x1365.jpg 2048w\" sizes=\"(max-width: 460px) 100vw, 460px\" \/><\/p>\n<p><img loading=\"lazy\" class=\"alignnone wp-image-1593\" src=\"https:\/\/innocentia-inviolata.fr\/wp-content\/uploads\/3P0A9131-410x273.jpg\" alt=\"\" width=\"455\" height=\"303\" srcset=\"https:\/\/innocentia-inviolata.fr\/wp-content\/uploads\/3P0A9131-410x273.jpg 410w, https:\/\/innocentia-inviolata.fr\/wp-content\/uploads\/3P0A9131-1024x683.jpg 1024w, https:\/\/innocentia-inviolata.fr\/wp-content\/uploads\/3P0A9131-768x512.jpg 768w, https:\/\/innocentia-inviolata.fr\/wp-content\/uploads\/3P0A9131-1536x1024.jpg 1536w, https:\/\/innocentia-inviolata.fr\/wp-content\/uploads\/3P0A9131-2048x1365.jpg 2048w\" sizes=\"(max-width: 455px) 100vw, 455px\" \/><\/p>","protected":false},"excerpt":{"rendered":"<p>https:\/\/www.youtube.com\/watch?v=f7s4rkGbimk Le Banquet. Cr\u00e9ation 2023-24 Conception \/ \u00c9criture \/ Mise en sc\u00e8ne : C\u00e9line Nogueira Interpr\u00e9tation : C\u00e9line Cohen, Julie Gallifet, Lucie Muratet, C\u00e9line Nogueira, Emilie Perrin, Haka Haris Resic, Wilfried Tisseyre Co-production \/ Partenaires : L\u2019Usine Cnarep Tournefeuille, l\u2019Espace Roguet Toulouse, l\u2019Uppa &amp; le Bel Ordinaire \u00e0 Pau Soutien :\u00a0 Drac Occitanie, Conseil d\u00e9partemental&nbsp;<a href=\"https:\/\/innocentia-inviolata.fr\/fr\/creations\/le-banquet\/\">Read more<\/a><\/p>\n","protected":false},"author":2,"featured_media":1484,"parent":7,"menu_order":1,"comment_status":"closed","ping_status":"closed","template":"cubes.php","meta":[],"categories":[6],"tags":[16,11,13,15,14,12],"yoast_head":"<!-- This site is optimized with the Yoast SEO plugin v18.1 - https:\/\/yoast.com\/wordpress\/plugins\/seo\/ -->\n<meta name=\"robots\" content=\"index, follow, max-snippet:-1, max-image-preview:large, max-video-preview:-1\" \/>\n<link rel=\"canonical\" href=\"https:\/\/innocentia-inviolata.fr\/fr\/creations\/the-banquet\/\" \/>\n<meta property=\"og:locale\" content=\"fr_FR\" \/>\n<meta property=\"og:type\" content=\"article\" \/>\n<meta property=\"og:title\" content=\"Le Banquet 2024 - INNOCENTIA INVIOLATA\" \/>\n<meta property=\"og:description\" content=\"https:\/\/www.youtube.com\/watch?v=f7s4rkGbimk Le Banquet. Cr\u00e9ation 2023-24 Conception \/ \u00c9criture \/ Mise en sc\u00e8ne : C\u00e9line Nogueira Interpr\u00e9tation : C\u00e9line Cohen, Julie Gallifet, Lucie Muratet, C\u00e9line Nogueira, Emilie Perrin, Haka Haris Resic, Wilfried Tisseyre Co-production \/ Partenaires : L\u2019Usine Cnarep Tournefeuille, l\u2019Espace Roguet Toulouse, l\u2019Uppa &amp; le Bel Ordinaire \u00e0 Pau Soutien :\u00a0 Drac Occitanie, Conseil d\u00e9partemental&nbsp;Read more\" \/>\n<meta property=\"og:url\" content=\"https:\/\/innocentia-inviolata.fr\/fr\/creations\/the-banquet\/\" \/>\n<meta property=\"og:site_name\" content=\"INNOCENTIA INVIOLATA\" \/>\n<meta property=\"article:publisher\" content=\"https:\/\/fr-fr.facebook.com\/innocentia.inviolata.9\" \/>\n<meta property=\"article:modified_time\" content=\"2025-09-20T10:11:04+00:00\" \/>\n<meta property=\"og:image\" content=\"https:\/\/innocentia-inviolata.fr\/wp-content\/uploads\/Le-Banquet-Emilie-Pic.jpeg\" \/>\n\t<meta property=\"og:image:width\" content=\"946\" \/>\n\t<meta property=\"og:image:height\" content=\"1182\" \/>\n\t<meta property=\"og:image:type\" content=\"image\/jpeg\" \/>\n<meta name=\"twitter:card\" content=\"summary_large_image\" \/>\n<meta name=\"twitter:label1\" content=\"Dur\u00e9e de lecture estim\u00e9e\" \/>\n\t<meta name=\"twitter:data1\" content=\"2 minutes\" \/>\n<script type=\"application\/ld+json\" class=\"yoast-schema-graph\">{\"@context\":\"https:\/\/schema.org\",\"@graph\":[{\"@type\":\"Organization\",\"@id\":\"https:\/\/innocentia-inviolata.fr\/fr\/#organization\",\"name\":\"Innocentia Inviolata\",\"url\":\"https:\/\/innocentia-inviolata.fr\/fr\/\",\"sameAs\":[\"https:\/\/fr-fr.facebook.com\/innocentia.inviolata.9\"],\"logo\":{\"@type\":\"ImageObject\",\"@id\":\"https:\/\/innocentia-inviolata.fr\/fr\/#logo\",\"inLanguage\":\"fr-FR\",\"url\":\"https:\/\/innocentia-inviolata.fr\/wp-content\/uploads\/screenshot.png\",\"contentUrl\":\"https:\/\/innocentia-inviolata.fr\/wp-content\/uploads\/screenshot.png\",\"width\":300,\"height\":225,\"caption\":\"Innocentia Inviolata\"},\"image\":{\"@id\":\"https:\/\/innocentia-inviolata.fr\/fr\/#logo\"}},{\"@type\":\"WebSite\",\"@id\":\"https:\/\/innocentia-inviolata.fr\/fr\/#website\",\"url\":\"https:\/\/innocentia-inviolata.fr\/fr\/\",\"name\":\"INNOCENTIA INVIOLATA\",\"description\":\"Direction C\u00e9line Nogueira\",\"publisher\":{\"@id\":\"https:\/\/innocentia-inviolata.fr\/fr\/#organization\"},\"potentialAction\":[{\"@type\":\"SearchAction\",\"target\":{\"@type\":\"EntryPoint\",\"urlTemplate\":\"https:\/\/innocentia-inviolata.fr\/fr\/?s={search_term_string}\"},\"query-input\":\"required name=search_term_string\"}],\"inLanguage\":\"fr-FR\"},{\"@type\":\"ImageObject\",\"@id\":\"https:\/\/innocentia-inviolata.fr\/fr\/creations\/the-banquet\/#primaryimage\",\"inLanguage\":\"fr-FR\",\"url\":\"https:\/\/innocentia-inviolata.fr\/wp-content\/uploads\/Le-Banquet-Emilie-Pic.jpeg\",\"contentUrl\":\"https:\/\/innocentia-inviolata.fr\/wp-content\/uploads\/Le-Banquet-Emilie-Pic.jpeg\",\"width\":946,\"height\":1182},{\"@type\":\"WebPage\",\"@id\":\"https:\/\/innocentia-inviolata.fr\/fr\/creations\/the-banquet\/#webpage\",\"url\":\"https:\/\/innocentia-inviolata.fr\/fr\/creations\/the-banquet\/\",\"name\":\"Le Banquet 2024 - INNOCENTIA INVIOLATA\",\"isPartOf\":{\"@id\":\"https:\/\/innocentia-inviolata.fr\/fr\/#website\"},\"primaryImageOfPage\":{\"@id\":\"https:\/\/innocentia-inviolata.fr\/fr\/creations\/the-banquet\/#primaryimage\"},\"datePublished\":\"2023-11-05T06:06:34+00:00\",\"dateModified\":\"2025-09-20T10:11:04+00:00\",\"breadcrumb\":{\"@id\":\"https:\/\/innocentia-inviolata.fr\/fr\/creations\/the-banquet\/#breadcrumb\"},\"inLanguage\":\"fr-FR\",\"potentialAction\":[{\"@type\":\"ReadAction\",\"target\":[[\"https:\/\/innocentia-inviolata.fr\/fr\/creations\/the-banquet\/\"]]}]},{\"@type\":\"BreadcrumbList\",\"@id\":\"https:\/\/innocentia-inviolata.fr\/fr\/creations\/the-banquet\/#breadcrumb\",\"itemListElement\":[{\"@type\":\"ListItem\",\"position\":1,\"name\":\"Home\",\"item\":\"https:\/\/innocentia-inviolata.fr\/fr\/\"},{\"@type\":\"ListItem\",\"position\":2,\"name\":\"ALL productions\",\"item\":\"https:\/\/innocentia-inviolata.fr\/fr\/creations\/\"},{\"@type\":\"ListItem\",\"position\":3,\"name\":\"The Banquet 2024\"}]}]}<\/script>\n<!-- \/ Yoast SEO plugin. -->","yoast_head_json":{"robots":{"index":"index","follow":"follow","max-snippet":"max-snippet:-1","max-image-preview":"max-image-preview:large","max-video-preview":"max-video-preview:-1"},"canonical":"https:\/\/innocentia-inviolata.fr\/fr\/creations\/the-banquet\/","og_locale":"fr_FR","og_type":"article","og_title":"Le Banquet 2024 - INNOCENTIA INVIOLATA","og_description":"https:\/\/www.youtube.com\/watch?v=f7s4rkGbimk Le Banquet. Cr\u00e9ation 2023-24 Conception \/ \u00c9criture \/ Mise en sc\u00e8ne : C\u00e9line Nogueira Interpr\u00e9tation : C\u00e9line Cohen, Julie Gallifet, Lucie Muratet, C\u00e9line Nogueira, Emilie Perrin, Haka Haris Resic, Wilfried Tisseyre Co-production \/ Partenaires : L\u2019Usine Cnarep Tournefeuille, l\u2019Espace Roguet Toulouse, l\u2019Uppa &amp; le Bel Ordinaire \u00e0 Pau Soutien :\u00a0 Drac Occitanie, Conseil d\u00e9partemental&nbsp;Read more","og_url":"https:\/\/innocentia-inviolata.fr\/fr\/creations\/the-banquet\/","og_site_name":"INNOCENTIA INVIOLATA","article_publisher":"https:\/\/fr-fr.facebook.com\/innocentia.inviolata.9","article_modified_time":"2025-09-20T10:11:04+00:00","og_image":[{"width":946,"height":1182,"url":"https:\/\/innocentia-inviolata.fr\/wp-content\/uploads\/Le-Banquet-Emilie-Pic.jpeg","type":"image\/jpeg"}],"twitter_card":"summary_large_image","twitter_misc":{"Dur\u00e9e de lecture estim\u00e9e":"2 minutes"},"schema":{"@context":"https:\/\/schema.org","@graph":[{"@type":"Organization","@id":"https:\/\/innocentia-inviolata.fr\/fr\/#organization","name":"Innocentia Inviolata","url":"https:\/\/innocentia-inviolata.fr\/fr\/","sameAs":["https:\/\/fr-fr.facebook.com\/innocentia.inviolata.9"],"logo":{"@type":"ImageObject","@id":"https:\/\/innocentia-inviolata.fr\/fr\/#logo","inLanguage":"fr-FR","url":"https:\/\/innocentia-inviolata.fr\/wp-content\/uploads\/screenshot.png","contentUrl":"https:\/\/innocentia-inviolata.fr\/wp-content\/uploads\/screenshot.png","width":300,"height":225,"caption":"Innocentia Inviolata"},"image":{"@id":"https:\/\/innocentia-inviolata.fr\/fr\/#logo"}},{"@type":"WebSite","@id":"https:\/\/innocentia-inviolata.fr\/fr\/#website","url":"https:\/\/innocentia-inviolata.fr\/fr\/","name":"INNOCENTIA INVIOLATA","description":"Direction C\u00e9line Nogueira","publisher":{"@id":"https:\/\/innocentia-inviolata.fr\/fr\/#organization"},"potentialAction":[{"@type":"SearchAction","target":{"@type":"EntryPoint","urlTemplate":"https:\/\/innocentia-inviolata.fr\/fr\/?s={search_term_string}"},"query-input":"required name=search_term_string"}],"inLanguage":"fr-FR"},{"@type":"ImageObject","@id":"https:\/\/innocentia-inviolata.fr\/fr\/creations\/the-banquet\/#primaryimage","inLanguage":"fr-FR","url":"https:\/\/innocentia-inviolata.fr\/wp-content\/uploads\/Le-Banquet-Emilie-Pic.jpeg","contentUrl":"https:\/\/innocentia-inviolata.fr\/wp-content\/uploads\/Le-Banquet-Emilie-Pic.jpeg","width":946,"height":1182},{"@type":"WebPage","@id":"https:\/\/innocentia-inviolata.fr\/fr\/creations\/the-banquet\/#webpage","url":"https:\/\/innocentia-inviolata.fr\/fr\/creations\/the-banquet\/","name":"Le Banquet 2024 - INNOCENTIA INVIOLATA","isPartOf":{"@id":"https:\/\/innocentia-inviolata.fr\/fr\/#website"},"primaryImageOfPage":{"@id":"https:\/\/innocentia-inviolata.fr\/fr\/creations\/the-banquet\/#primaryimage"},"datePublished":"2023-11-05T06:06:34+00:00","dateModified":"2025-09-20T10:11:04+00:00","breadcrumb":{"@id":"https:\/\/innocentia-inviolata.fr\/fr\/creations\/the-banquet\/#breadcrumb"},"inLanguage":"fr-FR","potentialAction":[{"@type":"ReadAction","target":[["https:\/\/innocentia-inviolata.fr\/fr\/creations\/the-banquet\/"]]}]},{"@type":"BreadcrumbList","@id":"https:\/\/innocentia-inviolata.fr\/fr\/creations\/the-banquet\/#breadcrumb","itemListElement":[{"@type":"ListItem","position":1,"name":"Home","item":"https:\/\/innocentia-inviolata.fr\/fr\/"},{"@type":"ListItem","position":2,"name":"ALL productions","item":"https:\/\/innocentia-inviolata.fr\/fr\/creations\/"},{"@type":"ListItem","position":3,"name":"The Banquet 2024"}]}]}},"_links":{"self":[{"href":"https:\/\/innocentia-inviolata.fr\/fr\/wp-json\/wp\/v2\/pages\/1409"}],"collection":[{"href":"https:\/\/innocentia-inviolata.fr\/fr\/wp-json\/wp\/v2\/pages"}],"about":[{"href":"https:\/\/innocentia-inviolata.fr\/fr\/wp-json\/wp\/v2\/types\/page"}],"author":[{"embeddable":true,"href":"https:\/\/innocentia-inviolata.fr\/fr\/wp-json\/wp\/v2\/users\/2"}],"replies":[{"embeddable":true,"href":"https:\/\/innocentia-inviolata.fr\/fr\/wp-json\/wp\/v2\/comments?post=1409"}],"version-history":[{"count":41,"href":"https:\/\/innocentia-inviolata.fr\/fr\/wp-json\/wp\/v2\/pages\/1409\/revisions"}],"predecessor-version":[{"id":1974,"href":"https:\/\/innocentia-inviolata.fr\/fr\/wp-json\/wp\/v2\/pages\/1409\/revisions\/1974"}],"up":[{"embeddable":true,"href":"https:\/\/innocentia-inviolata.fr\/fr\/wp-json\/wp\/v2\/pages\/7"}],"wp:featuredmedia":[{"embeddable":true,"href":"https:\/\/innocentia-inviolata.fr\/fr\/wp-json\/wp\/v2\/media\/1484"}],"wp:attachment":[{"href":"https:\/\/innocentia-inviolata.fr\/fr\/wp-json\/wp\/v2\/media?parent=1409"}],"wp:term":[{"taxonomy":"category","embeddable":true,"href":"https:\/\/innocentia-inviolata.fr\/fr\/wp-json\/wp\/v2\/categories?post=1409"},{"taxonomy":"post_tag","embeddable":true,"href":"https:\/\/innocentia-inviolata.fr\/fr\/wp-json\/wp\/v2\/tags?post=1409"}],"curies":[{"name":"wp","href":"https:\/\/api.w.org\/{rel}","templated":true}]}}