{"id":1222,"date":"2022-02-20T14:54:22","date_gmt":"2022-02-20T14:54:22","guid":{"rendered":"https:\/\/innocentia-inviolata.fr\/en\/?page_id=1222"},"modified":"2024-04-08T15:50:51","modified_gmt":"2024-04-08T15:50:51","slug":"writings","status":"publish","type":"page","link":"https:\/\/innocentia-inviolata.fr\/fr\/ecrits\/","title":{"rendered":"\u00c9crits"},"content":{"rendered":"<p><img loading=\"lazy\" class=\"\" src=\"https:\/\/m.media-amazon.com\/images\/I\/61ep6noPW2L._AC_UF1000,1000_QL80_.jpg\" alt=\"NE ME TOUCHE PAS\" width=\"205\" height=\"287\" \/><\/p>\n<ul>\n<li><strong>Noli me tangere \/ Ne me touche pas, \u00e9d. Indigo (2014)<\/strong><\/li>\n<\/ul>\n<p>\u00a0\u00bb Le texte de C\u00e9line Nogueira est beau, fort, difficile. Il est, pour tout dire, f\u00e9minin au possible, et terrible dans ses d\u00e9tresses, \u00e2pre m\u00eame dans la douceur.\u00a0\u00bb Jacques-Olivier Badia, Le Clou dans la planche.<\/p>\n<p>&nbsp;<\/p>\n<p><img loading=\"lazy\" class=\"alignnone wp-image-1637\" src=\"https:\/\/innocentia-inviolata.fr\/wp-content\/uploads\/Capture-de\u0301cran-2024-04-08-a\u0300-17.19.24-272x410.png\" alt=\"\" width=\"190\" height=\"286\" srcset=\"https:\/\/innocentia-inviolata.fr\/wp-content\/uploads\/Capture-de\u0301cran-2024-04-08-a\u0300-17.19.24-272x410.png 272w, https:\/\/innocentia-inviolata.fr\/wp-content\/uploads\/Capture-de\u0301cran-2024-04-08-a\u0300-17.19.24-680x1024.png 680w, https:\/\/innocentia-inviolata.fr\/wp-content\/uploads\/Capture-de\u0301cran-2024-04-08-a\u0300-17.19.24-768x1157.png 768w, https:\/\/innocentia-inviolata.fr\/wp-content\/uploads\/Capture-de\u0301cran-2024-04-08-a\u0300-17.19.24.png 806w\" sizes=\"(max-width: 190px) 100vw, 190px\" \/><\/p>\n<ul>\n<li><strong>Cr\u00e9atures Quantiques (2024)<\/strong><\/li>\n<\/ul>\n<p>\u00ab\u00a0Je respire pour deux : une inspire pour moi, une inspire pour toi. Je ne pleure pas j\u2019inonde, je ne crie pas je fais vibrer le monde, je ne mets pas au monde je cr\u00e9e le vivant, je ne grogne pas je rugis. Je ne te sens pas\u2026 toute ma chair mon sang ma g\u00e9n\u00e9alogie te vis.<\/p>\n<p><span class=\"s1\">\u00ab\u00a0Paresseuse ou femmes lascive d\u2019une autre soci\u00e9t\u00e9, femme charnelle et licencieuse d\u2019un si\u00e8cle d\u00e9suet, femme \u00e9rotique et luxurieuse d\u2019un palais aux murs de velours \u00e9carlat\u00e9s, aux murs \u00e0 l\u2019odeur de poudre comme une poudre interdite, une poudre magique, une poudre que l\u2019on pose \u00e0 l\u2019exc\u00e8s sur une joue trop impudique sur une joue passionn\u00e9e dans un bordel tol\u00e9r\u00e9. <\/span><span class=\"s1\">Je suis ph\u00e9nom\u00e9nale!\u00a0\u00bb\u00a0<\/span><\/p>\n<p>\u00ab\u00a0Je veux le caf\u00e9 du matin avec toi dans mon lit.<br \/>\nJe veux que tu m\u2019inondes de tes sons- un autre monde, ton monde. Je veux ton monde dans mon lit.<br \/>\nJe veux enfoncer mes doigts dans ta chevelure de corbeau de malheur pour l\u2019\u00e9ternit\u00e9- qu\u2019elle dure<br \/>\nune heure, une journ\u00e9e, quelques ann\u00e9es ou \u00e0 jamais. Le pr\u00e9sent me suffira. Je veux une cr\u00e9ature<br \/>\ndans le pr\u00e9sent.<br \/>\nJe veux t\u2019appeler \u00ab ma cr\u00e9ature \u00bb.<\/p>\n<ul>\n<li>Pa.tri.ar.chy (2017)<\/li>\n<\/ul>\n<p><span class=\"s2\">\u00a0\u00bb Je veux \u00eatre libre Maman. Libre. Libre d\u2019aimer qui je veux quand je veux comme je veux. Libre de faire ce que je veux de dire ce que je veux de manger de porter de boire ce que je veux. De courir nue dans les champs et dans les rues, de chanter et crier et \u00eatre en col\u00e8re si je veux. De pleurer devant qui je veux et de rire \u00e0 gorge d\u00e9ploy\u00e9e. De me perdre en pleine nuit dans n\u2019importe quelle rue de n\u2019importe quel pays, libre de traverser la foret les yeux ferm\u00e9s, libre de cr\u00e9er ou de ne pas cr\u00e9er. Libre de me laisser toucher par toi<\/span> <span class=\"s2\">ou de me caresser moi. Libre de dire \u00ab\u00a0non\u00a0\u00bb sans avoir peur. Libre d\u2019assumer que jamais je n\u2019enfanterai ou libre de porter ma prog\u00e9niture en gloire ! J\u2019ai peur maman, j\u2019ai tellement peur !<\/span><\/p>\n<p>&nbsp;<\/p>\n<p><a href=\"https:\/\/blogs.mediapart.fr\/celinenogueira\/blog\" target=\"_blank\" rel=\"noopener\">Le blog de C\u00e9line Nogueira sur Mediapart\u00a0<\/a><\/p>\n<p>&nbsp;<\/p>\n<p><strong>PERSONA<\/strong> : Texts <strong>C\u00e9line Nogueira<\/strong> Voice <strong>C\u00e9line Cohen<\/strong><\/p>\n<p><iframe loading=\"lazy\" title=\"Persona 1\" width=\"100%\" height=\"120\" src=\"https:\/\/www.mixcloud.com\/widget\/iframe\/?feed=https%3A%2F%2Fwww.mixcloud.com%2FRadioRadioToulouse%2Fpersona-1%2F&amp;hide_cover=1\" frameborder=\"0\"><\/iframe><\/p>\n<p><iframe loading=\"lazy\" title=\"Persona : La Delicatesse Du Toucher\" width=\"100%\" height=\"120\" src=\"https:\/\/www.mixcloud.com\/widget\/iframe\/?feed=https%3A%2F%2Fwww.mixcloud.com%2FRadioRadioToulouse%2Fpersona-la-delicatesse%2F&amp;hide_cover=1\" frameborder=\"0\"><\/iframe><\/p>\n<p><iframe loading=\"lazy\" title=\"Persona : Memento Mori. Souviens-Toi Que Tu Vas Mourir\" width=\"100%\" height=\"120\" src=\"https:\/\/www.mixcloud.com\/widget\/iframe\/?feed=https%3A%2F%2Fwww.mixcloud.com%2FRadioRadioToulouse%2Fpersona-memento-mori%2F&amp;hide_cover=1\" frameborder=\"0\"><\/iframe><\/p>\n<p><iframe loading=\"lazy\" title=\"Persona : L&#039;Espoir Le Desir Et Le Talent\" width=\"100%\" height=\"120\" src=\"https:\/\/www.mixcloud.com\/widget\/iframe\/?feed=https%3A%2F%2Fwww.mixcloud.com%2FRadioRadioToulouse%2Fpersona-l-espoir-le-desir-et-le-destin%2F&amp;hide_cover=1\" frameborder=\"0\"><\/iframe><\/p>\n<p><iframe loading=\"lazy\" title=\"Persona : Un Plan Pour La Culture Le Phallus En Moins\" width=\"100%\" height=\"120\" src=\"https:\/\/www.mixcloud.com\/widget\/iframe\/?feed=https%3A%2F%2Fwww.mixcloud.com%2FRadioRadioToulouse%2Fpersona-un-plan-pour-la-culture-le-phallus-en-moins%2F&amp;hide_cover=1\" frameborder=\"0\"><\/iframe><\/p>\n<p>&nbsp;<\/p>\n<p>&nbsp;<\/p>\n<p>&nbsp;<\/p>","protected":false},"excerpt":{"rendered":"<p>Noli me tangere \/ Ne me touche pas, \u00e9d. Indigo (2014) \u00a0\u00bb Le texte de C\u00e9line Nogueira est beau, fort, difficile. Il est, pour tout dire, f\u00e9minin au possible, et terrible dans ses d\u00e9tresses, \u00e2pre m\u00eame dans la douceur.\u00a0\u00bb Jacques-Olivier Badia, Le Clou dans la planche. &nbsp; Cr\u00e9atures Quantiques (2024) \u00ab\u00a0Je respire pour deux :&nbsp;<a href=\"https:\/\/innocentia-inviolata.fr\/fr\/ecrits\/\">Read more<\/a><\/p>\n","protected":false},"author":2,"featured_media":0,"parent":0,"menu_order":7,"comment_status":"closed","ping_status":"closed","template":"home.php","meta":[],"categories":[],"tags":[],"yoast_head":"<!-- This site is optimized with the Yoast SEO plugin v18.1 - https:\/\/yoast.com\/wordpress\/plugins\/seo\/ -->\n<meta name=\"robots\" content=\"index, follow, max-snippet:-1, max-image-preview:large, max-video-preview:-1\" \/>\n<link rel=\"canonical\" href=\"https:\/\/innocentia-inviolata.fr\/fr\/writings\/\" \/>\n<meta property=\"og:locale\" content=\"fr_FR\" \/>\n<meta property=\"og:type\" content=\"article\" \/>\n<meta property=\"og:title\" content=\"\u00c9crits - INNOCENTIA INVIOLATA\" \/>\n<meta property=\"og:description\" content=\"Noli me tangere \/ Ne me touche pas, \u00e9d. Indigo (2014) \u00a0\u00bb Le texte de C\u00e9line Nogueira est beau, fort, difficile. Il est, pour tout dire, f\u00e9minin au possible, et terrible dans ses d\u00e9tresses, \u00e2pre m\u00eame dans la douceur.\u00a0\u00bb Jacques-Olivier Badia, Le Clou dans la planche. &nbsp; Cr\u00e9atures Quantiques (2024) \u00ab\u00a0Je respire pour deux :&nbsp;Read more\" \/>\n<meta property=\"og:url\" content=\"https:\/\/innocentia-inviolata.fr\/fr\/writings\/\" \/>\n<meta property=\"og:site_name\" content=\"INNOCENTIA INVIOLATA\" \/>\n<meta property=\"article:publisher\" content=\"https:\/\/fr-fr.facebook.com\/innocentia.inviolata.9\" \/>\n<meta property=\"article:modified_time\" content=\"2024-04-08T15:50:51+00:00\" \/>\n<meta property=\"og:image\" content=\"https:\/\/m.media-amazon.com\/images\/I\/61ep6noPW2L._AC_UF1000,1000_QL80_.jpg\" \/>\n<meta name=\"twitter:card\" content=\"summary_large_image\" \/>\n<meta name=\"twitter:label1\" content=\"Dur\u00e9e de lecture estim\u00e9e\" \/>\n\t<meta name=\"twitter:data1\" content=\"3 minutes\" \/>\n<script type=\"application\/ld+json\" class=\"yoast-schema-graph\">{\"@context\":\"https:\/\/schema.org\",\"@graph\":[{\"@type\":\"Organization\",\"@id\":\"https:\/\/innocentia-inviolata.fr\/fr\/#organization\",\"name\":\"Innocentia Inviolata\",\"url\":\"https:\/\/innocentia-inviolata.fr\/fr\/\",\"sameAs\":[\"https:\/\/fr-fr.facebook.com\/innocentia.inviolata.9\"],\"logo\":{\"@type\":\"ImageObject\",\"@id\":\"https:\/\/innocentia-inviolata.fr\/fr\/#logo\",\"inLanguage\":\"fr-FR\",\"url\":\"https:\/\/innocentia-inviolata.fr\/wp-content\/uploads\/screenshot.png\",\"contentUrl\":\"https:\/\/innocentia-inviolata.fr\/wp-content\/uploads\/screenshot.png\",\"width\":300,\"height\":225,\"caption\":\"Innocentia Inviolata\"},\"image\":{\"@id\":\"https:\/\/innocentia-inviolata.fr\/fr\/#logo\"}},{\"@type\":\"WebSite\",\"@id\":\"https:\/\/innocentia-inviolata.fr\/fr\/#website\",\"url\":\"https:\/\/innocentia-inviolata.fr\/fr\/\",\"name\":\"INNOCENTIA INVIOLATA\",\"description\":\"Direction C\u00e9line Nogueira\",\"publisher\":{\"@id\":\"https:\/\/innocentia-inviolata.fr\/fr\/#organization\"},\"potentialAction\":[{\"@type\":\"SearchAction\",\"target\":{\"@type\":\"EntryPoint\",\"urlTemplate\":\"https:\/\/innocentia-inviolata.fr\/fr\/?s={search_term_string}\"},\"query-input\":\"required name=search_term_string\"}],\"inLanguage\":\"fr-FR\"},{\"@type\":\"ImageObject\",\"@id\":\"https:\/\/innocentia-inviolata.fr\/fr\/writings\/#primaryimage\",\"inLanguage\":\"fr-FR\",\"url\":\"https:\/\/m.media-amazon.com\/images\/I\/61ep6noPW2L._AC_UF1000,1000_QL80_.jpg\",\"contentUrl\":\"https:\/\/m.media-amazon.com\/images\/I\/61ep6noPW2L._AC_UF1000,1000_QL80_.jpg\"},{\"@type\":\"WebPage\",\"@id\":\"https:\/\/innocentia-inviolata.fr\/fr\/writings\/#webpage\",\"url\":\"https:\/\/innocentia-inviolata.fr\/fr\/writings\/\",\"name\":\"\u00c9crits - INNOCENTIA INVIOLATA\",\"isPartOf\":{\"@id\":\"https:\/\/innocentia-inviolata.fr\/fr\/#website\"},\"primaryImageOfPage\":{\"@id\":\"https:\/\/innocentia-inviolata.fr\/fr\/writings\/#primaryimage\"},\"datePublished\":\"2022-02-20T14:54:22+00:00\",\"dateModified\":\"2024-04-08T15:50:51+00:00\",\"breadcrumb\":{\"@id\":\"https:\/\/innocentia-inviolata.fr\/fr\/writings\/#breadcrumb\"},\"inLanguage\":\"fr-FR\",\"potentialAction\":[{\"@type\":\"ReadAction\",\"target\":[[\"https:\/\/innocentia-inviolata.fr\/fr\/writings\/\"]]}]},{\"@type\":\"BreadcrumbList\",\"@id\":\"https:\/\/innocentia-inviolata.fr\/fr\/writings\/#breadcrumb\",\"itemListElement\":[{\"@type\":\"ListItem\",\"position\":1,\"name\":\"Home\",\"item\":\"https:\/\/innocentia-inviolata.fr\/fr\/\"},{\"@type\":\"ListItem\",\"position\":2,\"name\":\"Writings\"}]}]}<\/script>\n<!-- \/ Yoast SEO plugin. -->","yoast_head_json":{"robots":{"index":"index","follow":"follow","max-snippet":"max-snippet:-1","max-image-preview":"max-image-preview:large","max-video-preview":"max-video-preview:-1"},"canonical":"https:\/\/innocentia-inviolata.fr\/fr\/writings\/","og_locale":"fr_FR","og_type":"article","og_title":"\u00c9crits - INNOCENTIA INVIOLATA","og_description":"Noli me tangere \/ Ne me touche pas, \u00e9d. Indigo (2014) \u00a0\u00bb Le texte de C\u00e9line Nogueira est beau, fort, difficile. Il est, pour tout dire, f\u00e9minin au possible, et terrible dans ses d\u00e9tresses, \u00e2pre m\u00eame dans la douceur.\u00a0\u00bb Jacques-Olivier Badia, Le Clou dans la planche. &nbsp; Cr\u00e9atures Quantiques (2024) \u00ab\u00a0Je respire pour deux :&nbsp;Read more","og_url":"https:\/\/innocentia-inviolata.fr\/fr\/writings\/","og_site_name":"INNOCENTIA INVIOLATA","article_publisher":"https:\/\/fr-fr.facebook.com\/innocentia.inviolata.9","article_modified_time":"2024-04-08T15:50:51+00:00","og_image":[{"url":"https:\/\/m.media-amazon.com\/images\/I\/61ep6noPW2L._AC_UF1000,1000_QL80_.jpg"}],"twitter_card":"summary_large_image","twitter_misc":{"Dur\u00e9e de lecture estim\u00e9e":"3 minutes"},"schema":{"@context":"https:\/\/schema.org","@graph":[{"@type":"Organization","@id":"https:\/\/innocentia-inviolata.fr\/fr\/#organization","name":"Innocentia Inviolata","url":"https:\/\/innocentia-inviolata.fr\/fr\/","sameAs":["https:\/\/fr-fr.facebook.com\/innocentia.inviolata.9"],"logo":{"@type":"ImageObject","@id":"https:\/\/innocentia-inviolata.fr\/fr\/#logo","inLanguage":"fr-FR","url":"https:\/\/innocentia-inviolata.fr\/wp-content\/uploads\/screenshot.png","contentUrl":"https:\/\/innocentia-inviolata.fr\/wp-content\/uploads\/screenshot.png","width":300,"height":225,"caption":"Innocentia Inviolata"},"image":{"@id":"https:\/\/innocentia-inviolata.fr\/fr\/#logo"}},{"@type":"WebSite","@id":"https:\/\/innocentia-inviolata.fr\/fr\/#website","url":"https:\/\/innocentia-inviolata.fr\/fr\/","name":"INNOCENTIA INVIOLATA","description":"Direction C\u00e9line Nogueira","publisher":{"@id":"https:\/\/innocentia-inviolata.fr\/fr\/#organization"},"potentialAction":[{"@type":"SearchAction","target":{"@type":"EntryPoint","urlTemplate":"https:\/\/innocentia-inviolata.fr\/fr\/?s={search_term_string}"},"query-input":"required name=search_term_string"}],"inLanguage":"fr-FR"},{"@type":"ImageObject","@id":"https:\/\/innocentia-inviolata.fr\/fr\/writings\/#primaryimage","inLanguage":"fr-FR","url":"https:\/\/m.media-amazon.com\/images\/I\/61ep6noPW2L._AC_UF1000,1000_QL80_.jpg","contentUrl":"https:\/\/m.media-amazon.com\/images\/I\/61ep6noPW2L._AC_UF1000,1000_QL80_.jpg"},{"@type":"WebPage","@id":"https:\/\/innocentia-inviolata.fr\/fr\/writings\/#webpage","url":"https:\/\/innocentia-inviolata.fr\/fr\/writings\/","name":"\u00c9crits - INNOCENTIA INVIOLATA","isPartOf":{"@id":"https:\/\/innocentia-inviolata.fr\/fr\/#website"},"primaryImageOfPage":{"@id":"https:\/\/innocentia-inviolata.fr\/fr\/writings\/#primaryimage"},"datePublished":"2022-02-20T14:54:22+00:00","dateModified":"2024-04-08T15:50:51+00:00","breadcrumb":{"@id":"https:\/\/innocentia-inviolata.fr\/fr\/writings\/#breadcrumb"},"inLanguage":"fr-FR","potentialAction":[{"@type":"ReadAction","target":[["https:\/\/innocentia-inviolata.fr\/fr\/writings\/"]]}]},{"@type":"BreadcrumbList","@id":"https:\/\/innocentia-inviolata.fr\/fr\/writings\/#breadcrumb","itemListElement":[{"@type":"ListItem","position":1,"name":"Home","item":"https:\/\/innocentia-inviolata.fr\/fr\/"},{"@type":"ListItem","position":2,"name":"Writings"}]}]}},"_links":{"self":[{"href":"https:\/\/innocentia-inviolata.fr\/fr\/wp-json\/wp\/v2\/pages\/1222"}],"collection":[{"href":"https:\/\/innocentia-inviolata.fr\/fr\/wp-json\/wp\/v2\/pages"}],"about":[{"href":"https:\/\/innocentia-inviolata.fr\/fr\/wp-json\/wp\/v2\/types\/page"}],"author":[{"embeddable":true,"href":"https:\/\/innocentia-inviolata.fr\/fr\/wp-json\/wp\/v2\/users\/2"}],"replies":[{"embeddable":true,"href":"https:\/\/innocentia-inviolata.fr\/fr\/wp-json\/wp\/v2\/comments?post=1222"}],"version-history":[{"count":34,"href":"https:\/\/innocentia-inviolata.fr\/fr\/wp-json\/wp\/v2\/pages\/1222\/revisions"}],"predecessor-version":[{"id":1653,"href":"https:\/\/innocentia-inviolata.fr\/fr\/wp-json\/wp\/v2\/pages\/1222\/revisions\/1653"}],"wp:attachment":[{"href":"https:\/\/innocentia-inviolata.fr\/fr\/wp-json\/wp\/v2\/media?parent=1222"}],"wp:term":[{"taxonomy":"category","embeddable":true,"href":"https:\/\/innocentia-inviolata.fr\/fr\/wp-json\/wp\/v2\/categories?post=1222"},{"taxonomy":"post_tag","embeddable":true,"href":"https:\/\/innocentia-inviolata.fr\/fr\/wp-json\/wp\/v2\/tags?post=1222"}],"curies":[{"name":"wp","href":"https:\/\/api.w.org\/{rel}","templated":true}]}}