{"id":11,"date":"2013-06-17T20:36:32","date_gmt":"2013-06-17T20:36:32","guid":{"rendered":"https:\/\/innocentia-inviolata.fr\/?page_id=11"},"modified":"2025-02-21T16:38:04","modified_gmt":"2025-02-21T16:38:04","slug":"partners","status":"publish","type":"page","link":"https:\/\/innocentia-inviolata.fr\/fr\/partenaires\/","title":{"rendered":"Partenaires"},"content":{"rendered":"<p>Drac Occitanie, la Ville de Toulouse, Toulouse Metropole, Mission \u00e9galit\u00e9 Femme\/Homme, le Conseil d\u00e9partemental de la Haute Garonne,<\/p>\n<p><a href=\"https:\/\/www.lusine.net\/\" target=\"_blank\" rel=\"noopener\">L&rsquo;Usine cnarep Tournefeuille<\/a>, <a href=\"https:\/\/www.quaidessavoirs.fr\/\" target=\"_blank\" rel=\"noopener\">Le Quai des Savoirs<\/a>, Espace Roguet, Centre Culturel Bonnefoy, Centre Culturel Alban Minville, Centre Culturel Hanri Desbals, <a href=\"http:\/\/www.cave-poesie.com\/\">La Cave Po\u00e9sie<\/a>, <a href=\"https:\/\/www.theatregaronne.com\/\" target=\"_blank\" rel=\"noopener\">Th\u00e9\u00e2tre Garonne<\/a>, <a href=\"https:\/\/theatre-cite.com\/\" target=\"_blank\" rel=\"noopener\">Th\u00e9\u00e2tre National de Toulouse<\/a>, la Gare aux Artistes, Theatre Le Ring<\/p>\n<p><a href=\"https:\/\/www.stellaadler.com\/about\/\">Stella Adler Studio of Acting in New York<\/a>, New York University, <a href=\"https:\/\/lucidbody.com\/\" target=\"_blank\" rel=\"noopener\">Lucid Body Center,<\/a> INSPE &#8211; La Sorbonne, Paris 8, <a href=\"https:\/\/jamescarles.com\/\">Centre chor\u00e9graphique James Carl\u00e8s<\/a>, <a href=\"https:\/\/www.univ-tlse2.fr\/\">Universit\u00e9 Toulouse Jean Jaur\u00e8s<\/a>, Les S\u0153urs Fatales, <a href=\"https:\/\/www.univ-pau.fr\/fr\/index.html\"><em>Universit\u00e9 de Pau et des Pays de l&rsquo;Adour<\/em><\/a>\u00a0(<em>UPPA<\/em>)\/ <a href=\"https:\/\/belordinaire.agglo-pau.fr\/\">Le Bel Ordinaire\u00a0<\/a><\/p>\n<p>La Marche Mondiale des Femmes, Osez le Feminisme 31, Le Mouvement du Nid, Abandon de Famille Tol\u00e9rance z\u00e9ro, l&rsquo;Apiaf<\/p>\n<p><a href=\"https:\/\/cacaofages.com\/\" target=\"_blank\" rel=\"noopener\">Cacaofages<\/a>, Veho Constructions, Radio Radio, Decl\u00e9or Cosm\u00e9tiques, ECAM Cartonnerie, CB Constructions, Cr\u00e9dit Agricole Midi-Pyr\u00e9n\u00e9es<\/p>\n","protected":false},"excerpt":{"rendered":"<p>Drac Occitanie, la Ville de Toulouse, Toulouse Metropole, Mission \u00e9galit\u00e9 Femme\/Homme, le Conseil d\u00e9partemental de la Haute Garonne, L&rsquo;Usine cnarep Tournefeuille, Le Quai des Savoirs, Espace Roguet, Centre Culturel Bonnefoy, Centre Culturel Alban Minville, Centre Culturel Hanri Desbals, La Cave Po\u00e9sie, Th\u00e9\u00e2tre Garonne, Th\u00e9\u00e2tre National de Toulouse, la Gare aux Artistes, Theatre Le Ring Stella&nbsp;<a href=\"https:\/\/innocentia-inviolata.fr\/fr\/partenaires\/\">Read more<\/a><\/p>\n","protected":false},"author":1,"featured_media":1038,"parent":0,"menu_order":8,"comment_status":"closed","ping_status":"open","template":"home.php","meta":[],"categories":[],"tags":[],"yoast_head":"<!-- This site is optimized with the Yoast SEO plugin v18.1 - https:\/\/yoast.com\/wordpress\/plugins\/seo\/ -->\n<meta name=\"robots\" content=\"index, follow, max-snippet:-1, max-image-preview:large, max-video-preview:-1\" \/>\n<link rel=\"canonical\" href=\"https:\/\/innocentia-inviolata.fr\/fr\/partners\/\" \/>\n<meta property=\"og:locale\" content=\"fr_FR\" \/>\n<meta property=\"og:type\" content=\"article\" \/>\n<meta property=\"og:title\" content=\"Partenaires - INNOCENTIA INVIOLATA\" \/>\n<meta property=\"og:description\" content=\"Drac Occitanie, la Ville de Toulouse, Toulouse Metropole, Mission \u00e9galit\u00e9 Femme\/Homme, le Conseil d\u00e9partemental de la Haute Garonne, L&rsquo;Usine cnarep Tournefeuille, Le Quai des Savoirs, Espace Roguet, Centre Culturel Bonnefoy, Centre Culturel Alban Minville, Centre Culturel Hanri Desbals, La Cave Po\u00e9sie, Th\u00e9\u00e2tre Garonne, Th\u00e9\u00e2tre National de Toulouse, la Gare aux Artistes, Theatre Le Ring Stella&nbsp;Read more\" \/>\n<meta property=\"og:url\" content=\"https:\/\/innocentia-inviolata.fr\/fr\/partners\/\" \/>\n<meta property=\"og:site_name\" content=\"INNOCENTIA INVIOLATA\" \/>\n<meta property=\"article:publisher\" content=\"https:\/\/fr-fr.facebook.com\/innocentia.inviolata.9\" \/>\n<meta property=\"article:modified_time\" content=\"2025-02-21T16:38:04+00:00\" \/>\n<meta property=\"og:image\" content=\"https:\/\/innocentia-inviolata.fr\/wp-content\/uploads\/CJC-Exploration-de-M.O.I-My-Own-Identity.jpg\" \/>\n\t<meta property=\"og:image:width\" content=\"2300\" \/>\n\t<meta property=\"og:image:height\" content=\"1536\" \/>\n\t<meta property=\"og:image:type\" content=\"image\/jpeg\" \/>\n<meta name=\"twitter:card\" content=\"summary_large_image\" \/>\n<meta name=\"twitter:label1\" content=\"Dur\u00e9e de lecture estim\u00e9e\" \/>\n\t<meta name=\"twitter:data1\" content=\"1 minute\" \/>\n<script type=\"application\/ld+json\" class=\"yoast-schema-graph\">{\"@context\":\"https:\/\/schema.org\",\"@graph\":[{\"@type\":\"Organization\",\"@id\":\"https:\/\/innocentia-inviolata.fr\/fr\/#organization\",\"name\":\"Innocentia Inviolata\",\"url\":\"https:\/\/innocentia-inviolata.fr\/fr\/\",\"sameAs\":[\"https:\/\/fr-fr.facebook.com\/innocentia.inviolata.9\"],\"logo\":{\"@type\":\"ImageObject\",\"@id\":\"https:\/\/innocentia-inviolata.fr\/fr\/#logo\",\"inLanguage\":\"fr-FR\",\"url\":\"https:\/\/innocentia-inviolata.fr\/wp-content\/uploads\/screenshot.png\",\"contentUrl\":\"https:\/\/innocentia-inviolata.fr\/wp-content\/uploads\/screenshot.png\",\"width\":300,\"height\":225,\"caption\":\"Innocentia Inviolata\"},\"image\":{\"@id\":\"https:\/\/innocentia-inviolata.fr\/fr\/#logo\"}},{\"@type\":\"WebSite\",\"@id\":\"https:\/\/innocentia-inviolata.fr\/fr\/#website\",\"url\":\"https:\/\/innocentia-inviolata.fr\/fr\/\",\"name\":\"INNOCENTIA INVIOLATA\",\"description\":\"Direction C\u00e9line Nogueira\",\"publisher\":{\"@id\":\"https:\/\/innocentia-inviolata.fr\/fr\/#organization\"},\"potentialAction\":[{\"@type\":\"SearchAction\",\"target\":{\"@type\":\"EntryPoint\",\"urlTemplate\":\"https:\/\/innocentia-inviolata.fr\/fr\/?s={search_term_string}\"},\"query-input\":\"required name=search_term_string\"}],\"inLanguage\":\"fr-FR\"},{\"@type\":\"ImageObject\",\"@id\":\"https:\/\/innocentia-inviolata.fr\/fr\/partners\/#primaryimage\",\"inLanguage\":\"fr-FR\",\"url\":\"https:\/\/innocentia-inviolata.fr\/wp-content\/uploads\/CJC-Exploration-de-M.O.I-My-Own-Identity.jpg\",\"contentUrl\":\"https:\/\/innocentia-inviolata.fr\/wp-content\/uploads\/CJC-Exploration-de-M.O.I-My-Own-Identity.jpg\",\"width\":2300,\"height\":1536},{\"@type\":\"WebPage\",\"@id\":\"https:\/\/innocentia-inviolata.fr\/fr\/partners\/#webpage\",\"url\":\"https:\/\/innocentia-inviolata.fr\/fr\/partners\/\",\"name\":\"Partenaires - INNOCENTIA INVIOLATA\",\"isPartOf\":{\"@id\":\"https:\/\/innocentia-inviolata.fr\/fr\/#website\"},\"primaryImageOfPage\":{\"@id\":\"https:\/\/innocentia-inviolata.fr\/fr\/partners\/#primaryimage\"},\"datePublished\":\"2013-06-17T20:36:32+00:00\",\"dateModified\":\"2025-02-21T16:38:04+00:00\",\"breadcrumb\":{\"@id\":\"https:\/\/innocentia-inviolata.fr\/fr\/partners\/#breadcrumb\"},\"inLanguage\":\"fr-FR\",\"potentialAction\":[{\"@type\":\"ReadAction\",\"target\":[[\"https:\/\/innocentia-inviolata.fr\/fr\/partners\/\"]]}]},{\"@type\":\"BreadcrumbList\",\"@id\":\"https:\/\/innocentia-inviolata.fr\/fr\/partners\/#breadcrumb\",\"itemListElement\":[{\"@type\":\"ListItem\",\"position\":1,\"name\":\"Home\",\"item\":\"https:\/\/innocentia-inviolata.fr\/fr\/\"},{\"@type\":\"ListItem\",\"position\":2,\"name\":\"Partners\"}]}]}<\/script>\n<!-- \/ Yoast SEO plugin. -->","yoast_head_json":{"robots":{"index":"index","follow":"follow","max-snippet":"max-snippet:-1","max-image-preview":"max-image-preview:large","max-video-preview":"max-video-preview:-1"},"canonical":"https:\/\/innocentia-inviolata.fr\/fr\/partners\/","og_locale":"fr_FR","og_type":"article","og_title":"Partenaires - INNOCENTIA INVIOLATA","og_description":"Drac Occitanie, la Ville de Toulouse, Toulouse Metropole, Mission \u00e9galit\u00e9 Femme\/Homme, le Conseil d\u00e9partemental de la Haute Garonne, L&rsquo;Usine cnarep Tournefeuille, Le Quai des Savoirs, Espace Roguet, Centre Culturel Bonnefoy, Centre Culturel Alban Minville, Centre Culturel Hanri Desbals, La Cave Po\u00e9sie, Th\u00e9\u00e2tre Garonne, Th\u00e9\u00e2tre National de Toulouse, la Gare aux Artistes, Theatre Le Ring Stella&nbsp;Read more","og_url":"https:\/\/innocentia-inviolata.fr\/fr\/partners\/","og_site_name":"INNOCENTIA INVIOLATA","article_publisher":"https:\/\/fr-fr.facebook.com\/innocentia.inviolata.9","article_modified_time":"2025-02-21T16:38:04+00:00","og_image":[{"width":2300,"height":1536,"url":"https:\/\/innocentia-inviolata.fr\/wp-content\/uploads\/CJC-Exploration-de-M.O.I-My-Own-Identity.jpg","type":"image\/jpeg"}],"twitter_card":"summary_large_image","twitter_misc":{"Dur\u00e9e de lecture estim\u00e9e":"1 minute"},"schema":{"@context":"https:\/\/schema.org","@graph":[{"@type":"Organization","@id":"https:\/\/innocentia-inviolata.fr\/fr\/#organization","name":"Innocentia Inviolata","url":"https:\/\/innocentia-inviolata.fr\/fr\/","sameAs":["https:\/\/fr-fr.facebook.com\/innocentia.inviolata.9"],"logo":{"@type":"ImageObject","@id":"https:\/\/innocentia-inviolata.fr\/fr\/#logo","inLanguage":"fr-FR","url":"https:\/\/innocentia-inviolata.fr\/wp-content\/uploads\/screenshot.png","contentUrl":"https:\/\/innocentia-inviolata.fr\/wp-content\/uploads\/screenshot.png","width":300,"height":225,"caption":"Innocentia Inviolata"},"image":{"@id":"https:\/\/innocentia-inviolata.fr\/fr\/#logo"}},{"@type":"WebSite","@id":"https:\/\/innocentia-inviolata.fr\/fr\/#website","url":"https:\/\/innocentia-inviolata.fr\/fr\/","name":"INNOCENTIA INVIOLATA","description":"Direction C\u00e9line Nogueira","publisher":{"@id":"https:\/\/innocentia-inviolata.fr\/fr\/#organization"},"potentialAction":[{"@type":"SearchAction","target":{"@type":"EntryPoint","urlTemplate":"https:\/\/innocentia-inviolata.fr\/fr\/?s={search_term_string}"},"query-input":"required name=search_term_string"}],"inLanguage":"fr-FR"},{"@type":"ImageObject","@id":"https:\/\/innocentia-inviolata.fr\/fr\/partners\/#primaryimage","inLanguage":"fr-FR","url":"https:\/\/innocentia-inviolata.fr\/wp-content\/uploads\/CJC-Exploration-de-M.O.I-My-Own-Identity.jpg","contentUrl":"https:\/\/innocentia-inviolata.fr\/wp-content\/uploads\/CJC-Exploration-de-M.O.I-My-Own-Identity.jpg","width":2300,"height":1536},{"@type":"WebPage","@id":"https:\/\/innocentia-inviolata.fr\/fr\/partners\/#webpage","url":"https:\/\/innocentia-inviolata.fr\/fr\/partners\/","name":"Partenaires - INNOCENTIA INVIOLATA","isPartOf":{"@id":"https:\/\/innocentia-inviolata.fr\/fr\/#website"},"primaryImageOfPage":{"@id":"https:\/\/innocentia-inviolata.fr\/fr\/partners\/#primaryimage"},"datePublished":"2013-06-17T20:36:32+00:00","dateModified":"2025-02-21T16:38:04+00:00","breadcrumb":{"@id":"https:\/\/innocentia-inviolata.fr\/fr\/partners\/#breadcrumb"},"inLanguage":"fr-FR","potentialAction":[{"@type":"ReadAction","target":[["https:\/\/innocentia-inviolata.fr\/fr\/partners\/"]]}]},{"@type":"BreadcrumbList","@id":"https:\/\/innocentia-inviolata.fr\/fr\/partners\/#breadcrumb","itemListElement":[{"@type":"ListItem","position":1,"name":"Home","item":"https:\/\/innocentia-inviolata.fr\/fr\/"},{"@type":"ListItem","position":2,"name":"Partners"}]}]}},"_links":{"self":[{"href":"https:\/\/innocentia-inviolata.fr\/fr\/wp-json\/wp\/v2\/pages\/11"}],"collection":[{"href":"https:\/\/innocentia-inviolata.fr\/fr\/wp-json\/wp\/v2\/pages"}],"about":[{"href":"https:\/\/innocentia-inviolata.fr\/fr\/wp-json\/wp\/v2\/types\/page"}],"author":[{"embeddable":true,"href":"https:\/\/innocentia-inviolata.fr\/fr\/wp-json\/wp\/v2\/users\/1"}],"replies":[{"embeddable":true,"href":"https:\/\/innocentia-inviolata.fr\/fr\/wp-json\/wp\/v2\/comments?post=11"}],"version-history":[{"count":20,"href":"https:\/\/innocentia-inviolata.fr\/fr\/wp-json\/wp\/v2\/pages\/11\/revisions"}],"predecessor-version":[{"id":1606,"href":"https:\/\/innocentia-inviolata.fr\/fr\/wp-json\/wp\/v2\/pages\/11\/revisions\/1606"}],"wp:featuredmedia":[{"embeddable":true,"href":"https:\/\/innocentia-inviolata.fr\/fr\/wp-json\/wp\/v2\/media\/1038"}],"wp:attachment":[{"href":"https:\/\/innocentia-inviolata.fr\/fr\/wp-json\/wp\/v2\/media?parent=11"}],"wp:term":[{"taxonomy":"category","embeddable":true,"href":"https:\/\/innocentia-inviolata.fr\/fr\/wp-json\/wp\/v2\/categories?post=11"},{"taxonomy":"post_tag","embeddable":true,"href":"https:\/\/innocentia-inviolata.fr\/fr\/wp-json\/wp\/v2\/tags?post=11"}],"curies":[{"name":"wp","href":"https:\/\/api.w.org\/{rel}","templated":true}]}}