{"id":1030,"date":"2022-02-02T13:03:58","date_gmt":"2022-02-02T13:03:58","guid":{"rendered":"https:\/\/innocentia-inviolata.fr\/en\/?page_id=1030"},"modified":"2025-10-29T15:39:48","modified_gmt":"2025-10-29T15:39:48","slug":"lucid-body","status":"publish","type":"page","link":"https:\/\/innocentia-inviolata.fr\/fr\/stages-ateliers-coaching\/english-lucid-body\/","title":{"rendered":"Lucid Body"},"content":{"rendered":"<p>Partenaire du <a href=\"https:\/\/lucidbody.com\/about\/\">Lucid Body Center<\/a> depuis 2012 dans le cadre de ses tourn\u00e9es europ\u00e9ennes, nous organisons des stages intensifs pour acteurs et non acteurs avec Fay Simpson &amp; C\u00e9line Nogueira &#8211;\u00a0 <strong>Lucid Body &amp; Contact &#8211; <\/strong>qui allie les techniques originales du Lucid Body avec l&rsquo;approche d&rsquo;interpr\u00e9tation et d&rsquo;exploration sensorielle de C\u00e9line Nogueira qui vise \u00e0 accompagner au contact bienveillant et \u00e0 sensibiliser aux probl\u00e9matiques du (non)consentement au plateau et au quotidien.<\/p>\n<p><a href=\"https:\/\/lucidbody.com\/le-corps-lucide\/\" target=\"_blank\" rel=\"noopener\"><em>The Lucid Body, de Fay Simpson <\/em><\/a>traduction en fran\u00e7ais de C\u00e9line Nogueira<\/p>\n<p><a href=\"https:\/\/journals.openedition.org\/miranda\/8348\" target=\"_blank\" rel=\"noopener\">Lucid Body, c&rsquo;est quoi ?<\/a><\/p>\n<p><img loading=\"lazy\" class=\"aligncenter\" src=\"https:\/\/scontent.fbod1-1.fna.fbcdn.net\/v\/t1.6435-9\/43649055_10156659581449361_5616352875543265280_n.jpg?_nc_cat=102&amp;ccb=1-7&amp;_nc_sid=127cfc&amp;_nc_ohc=Yefg8QtGKTYQ7kNvwG3Ak2o&amp;_nc_oc=Adk8oTaoYYxHPGACTX4dOqYKnx02JZJyXtUPe9r7jTkgaPY1h5vFGsbIWF4dzwxQpfA&amp;_nc_zt=23&amp;_nc_ht=scontent.fbod1-1.fna&amp;_nc_gid=RRi1FW7Q0ddITl2K46WQLQ&amp;oh=00_AffIGwRm4UCx5hGHyx-PNTcOQE-p-DhXep74LcD8MCzzzg&amp;oe=6929BCF6\" alt=\"Aucune description de photo disponible.\" width=\"331\" height=\"481\" \/><\/p>\n<p><img class=\"aligncenter\" src=\"https:\/\/images-na.ssl-images-amazon.com\/images\/I\/41Azm8jnSJL._SX331_BO1,204,203,200_.jpg\" \/><\/p>\n<p>&nbsp;<\/p>","protected":false},"excerpt":{"rendered":"<p>Partenaire du Lucid Body Center depuis 2012 dans le cadre de ses tourn\u00e9es europ\u00e9ennes, nous organisons des stages intensifs pour acteurs et non acteurs avec Fay Simpson &amp; C\u00e9line Nogueira &#8211;\u00a0 Lucid Body &amp; Contact &#8211; qui allie les techniques originales du Lucid Body avec l&rsquo;approche d&rsquo;interpr\u00e9tation et d&rsquo;exploration sensorielle de C\u00e9line Nogueira qui vise&nbsp;<a href=\"https:\/\/innocentia-inviolata.fr\/fr\/stages-ateliers-coaching\/english-lucid-body\/\">Read more<\/a><\/p>\n","protected":false},"author":2,"featured_media":0,"parent":44,"menu_order":2,"comment_status":"closed","ping_status":"closed","template":"","meta":[],"categories":[],"tags":[],"yoast_head":"<!-- This site is optimized with the Yoast SEO plugin v18.1 - https:\/\/yoast.com\/wordpress\/plugins\/seo\/ -->\n<meta name=\"robots\" content=\"index, follow, max-snippet:-1, max-image-preview:large, max-video-preview:-1\" \/>\n<link rel=\"canonical\" href=\"https:\/\/innocentia-inviolata.fr\/fr\/training-courses-workshops-coaching\/lucid-body\/\" \/>\n<meta property=\"og:locale\" content=\"fr_FR\" \/>\n<meta property=\"og:type\" content=\"article\" \/>\n<meta property=\"og:title\" content=\"Lucid Body - INNOCENTIA INVIOLATA\" \/>\n<meta property=\"og:description\" content=\"Partenaire du Lucid Body Center depuis 2012 dans le cadre de ses tourn\u00e9es europ\u00e9ennes, nous organisons des stages intensifs pour acteurs et non acteurs avec Fay Simpson &amp; C\u00e9line Nogueira &#8211;\u00a0 Lucid Body &amp; Contact &#8211; qui allie les techniques originales du Lucid Body avec l&rsquo;approche d&rsquo;interpr\u00e9tation et d&rsquo;exploration sensorielle de C\u00e9line Nogueira qui vise&nbsp;Read more\" \/>\n<meta property=\"og:url\" content=\"https:\/\/innocentia-inviolata.fr\/fr\/training-courses-workshops-coaching\/lucid-body\/\" \/>\n<meta property=\"og:site_name\" content=\"INNOCENTIA INVIOLATA\" \/>\n<meta property=\"article:publisher\" content=\"https:\/\/fr-fr.facebook.com\/innocentia.inviolata.9\" \/>\n<meta property=\"article:modified_time\" content=\"2025-10-29T15:39:48+00:00\" \/>\n<meta property=\"og:image\" content=\"https:\/\/scontent.fbod1-1.fna.fbcdn.net\/v\/t1.6435-9\/43649055_10156659581449361_5616352875543265280_n.jpg?_nc_cat=102&#038;ccb=1-7&#038;_nc_sid=127cfc&#038;_nc_ohc=Yefg8QtGKTYQ7kNvwG3Ak2o&#038;_nc_oc=Adk8oTaoYYxHPGACTX4dOqYKnx02JZJyXtUPe9r7jTkgaPY1h5vFGsbIWF4dzwxQpfA&#038;_nc_zt=23&#038;_nc_ht=scontent.fbod1-1.fna&#038;_nc_gid=RRi1FW7Q0ddITl2K46WQLQ&#038;oh=00_AffIGwRm4UCx5hGHyx-PNTcOQE-p-DhXep74LcD8MCzzzg&#038;oe=6929BCF6\" \/>\n<meta name=\"twitter:card\" content=\"summary_large_image\" \/>\n<meta name=\"twitter:label1\" content=\"Dur\u00e9e de lecture estim\u00e9e\" \/>\n\t<meta name=\"twitter:data1\" content=\"1 minute\" \/>\n<script type=\"application\/ld+json\" class=\"yoast-schema-graph\">{\"@context\":\"https:\/\/schema.org\",\"@graph\":[{\"@type\":\"Organization\",\"@id\":\"https:\/\/innocentia-inviolata.fr\/fr\/#organization\",\"name\":\"Innocentia Inviolata\",\"url\":\"https:\/\/innocentia-inviolata.fr\/fr\/\",\"sameAs\":[\"https:\/\/fr-fr.facebook.com\/innocentia.inviolata.9\"],\"logo\":{\"@type\":\"ImageObject\",\"@id\":\"https:\/\/innocentia-inviolata.fr\/fr\/#logo\",\"inLanguage\":\"fr-FR\",\"url\":\"https:\/\/innocentia-inviolata.fr\/wp-content\/uploads\/screenshot.png\",\"contentUrl\":\"https:\/\/innocentia-inviolata.fr\/wp-content\/uploads\/screenshot.png\",\"width\":300,\"height\":225,\"caption\":\"Innocentia Inviolata\"},\"image\":{\"@id\":\"https:\/\/innocentia-inviolata.fr\/fr\/#logo\"}},{\"@type\":\"WebSite\",\"@id\":\"https:\/\/innocentia-inviolata.fr\/fr\/#website\",\"url\":\"https:\/\/innocentia-inviolata.fr\/fr\/\",\"name\":\"INNOCENTIA INVIOLATA\",\"description\":\"Direction C\u00e9line Nogueira\",\"publisher\":{\"@id\":\"https:\/\/innocentia-inviolata.fr\/fr\/#organization\"},\"potentialAction\":[{\"@type\":\"SearchAction\",\"target\":{\"@type\":\"EntryPoint\",\"urlTemplate\":\"https:\/\/innocentia-inviolata.fr\/fr\/?s={search_term_string}\"},\"query-input\":\"required name=search_term_string\"}],\"inLanguage\":\"fr-FR\"},{\"@type\":\"ImageObject\",\"@id\":\"https:\/\/innocentia-inviolata.fr\/fr\/training-courses-workshops-coaching\/lucid-body\/#primaryimage\",\"inLanguage\":\"fr-FR\",\"url\":\"https:\/\/scontent.fbod1-1.fna.fbcdn.net\/v\/t1.6435-9\/43649055_10156659581449361_5616352875543265280_n.jpg?_nc_cat=102&amp;ccb=1-7&amp;_nc_sid=127cfc&amp;_nc_ohc=Yefg8QtGKTYQ7kNvwG3Ak2o&amp;_nc_oc=Adk8oTaoYYxHPGACTX4dOqYKnx02JZJyXtUPe9r7jTkgaPY1h5vFGsbIWF4dzwxQpfA&amp;_nc_zt=23&amp;_nc_ht=scontent.fbod1-1.fna&amp;_nc_gid=RRi1FW7Q0ddITl2K46WQLQ&amp;oh=00_AffIGwRm4UCx5hGHyx-PNTcOQE-p-DhXep74LcD8MCzzzg&amp;oe=6929BCF6\",\"contentUrl\":\"https:\/\/scontent.fbod1-1.fna.fbcdn.net\/v\/t1.6435-9\/43649055_10156659581449361_5616352875543265280_n.jpg?_nc_cat=102&amp;ccb=1-7&amp;_nc_sid=127cfc&amp;_nc_ohc=Yefg8QtGKTYQ7kNvwG3Ak2o&amp;_nc_oc=Adk8oTaoYYxHPGACTX4dOqYKnx02JZJyXtUPe9r7jTkgaPY1h5vFGsbIWF4dzwxQpfA&amp;_nc_zt=23&amp;_nc_ht=scontent.fbod1-1.fna&amp;_nc_gid=RRi1FW7Q0ddITl2K46WQLQ&amp;oh=00_AffIGwRm4UCx5hGHyx-PNTcOQE-p-DhXep74LcD8MCzzzg&amp;oe=6929BCF6\"},{\"@type\":\"WebPage\",\"@id\":\"https:\/\/innocentia-inviolata.fr\/fr\/training-courses-workshops-coaching\/lucid-body\/#webpage\",\"url\":\"https:\/\/innocentia-inviolata.fr\/fr\/training-courses-workshops-coaching\/lucid-body\/\",\"name\":\"Lucid Body - INNOCENTIA INVIOLATA\",\"isPartOf\":{\"@id\":\"https:\/\/innocentia-inviolata.fr\/fr\/#website\"},\"primaryImageOfPage\":{\"@id\":\"https:\/\/innocentia-inviolata.fr\/fr\/training-courses-workshops-coaching\/lucid-body\/#primaryimage\"},\"datePublished\":\"2022-02-02T13:03:58+00:00\",\"dateModified\":\"2025-10-29T15:39:48+00:00\",\"breadcrumb\":{\"@id\":\"https:\/\/innocentia-inviolata.fr\/fr\/training-courses-workshops-coaching\/lucid-body\/#breadcrumb\"},\"inLanguage\":\"fr-FR\",\"potentialAction\":[{\"@type\":\"ReadAction\",\"target\":[[\"https:\/\/innocentia-inviolata.fr\/fr\/training-courses-workshops-coaching\/lucid-body\/\"]]}]},{\"@type\":\"BreadcrumbList\",\"@id\":\"https:\/\/innocentia-inviolata.fr\/fr\/training-courses-workshops-coaching\/lucid-body\/#breadcrumb\",\"itemListElement\":[{\"@type\":\"ListItem\",\"position\":1,\"name\":\"Home\",\"item\":\"https:\/\/innocentia-inviolata.fr\/fr\/\"},{\"@type\":\"ListItem\",\"position\":2,\"name\":\"International Training Program\",\"item\":\"https:\/\/innocentia-inviolata.fr\/fr\/training-courses-workshops-coaching\/\"},{\"@type\":\"ListItem\",\"position\":3,\"name\":\"Lucid Body\"}]}]}<\/script>\n<!-- \/ Yoast SEO plugin. -->","yoast_head_json":{"robots":{"index":"index","follow":"follow","max-snippet":"max-snippet:-1","max-image-preview":"max-image-preview:large","max-video-preview":"max-video-preview:-1"},"canonical":"https:\/\/innocentia-inviolata.fr\/fr\/training-courses-workshops-coaching\/lucid-body\/","og_locale":"fr_FR","og_type":"article","og_title":"Lucid Body - INNOCENTIA INVIOLATA","og_description":"Partenaire du Lucid Body Center depuis 2012 dans le cadre de ses tourn\u00e9es europ\u00e9ennes, nous organisons des stages intensifs pour acteurs et non acteurs avec Fay Simpson &amp; C\u00e9line Nogueira &#8211;\u00a0 Lucid Body &amp; Contact &#8211; qui allie les techniques originales du Lucid Body avec l&rsquo;approche d&rsquo;interpr\u00e9tation et d&rsquo;exploration sensorielle de C\u00e9line Nogueira qui vise&nbsp;Read more","og_url":"https:\/\/innocentia-inviolata.fr\/fr\/training-courses-workshops-coaching\/lucid-body\/","og_site_name":"INNOCENTIA INVIOLATA","article_publisher":"https:\/\/fr-fr.facebook.com\/innocentia.inviolata.9","article_modified_time":"2025-10-29T15:39:48+00:00","og_image":[{"url":"https:\/\/scontent.fbod1-1.fna.fbcdn.net\/v\/t1.6435-9\/43649055_10156659581449361_5616352875543265280_n.jpg?_nc_cat=102&amp;ccb=1-7&amp;_nc_sid=127cfc&amp;_nc_ohc=Yefg8QtGKTYQ7kNvwG3Ak2o&amp;_nc_oc=Adk8oTaoYYxHPGACTX4dOqYKnx02JZJyXtUPe9r7jTkgaPY1h5vFGsbIWF4dzwxQpfA&amp;_nc_zt=23&amp;_nc_ht=scontent.fbod1-1.fna&amp;_nc_gid=RRi1FW7Q0ddITl2K46WQLQ&amp;oh=00_AffIGwRm4UCx5hGHyx-PNTcOQE-p-DhXep74LcD8MCzzzg&amp;oe=6929BCF6"}],"twitter_card":"summary_large_image","twitter_misc":{"Dur\u00e9e de lecture estim\u00e9e":"1 minute"},"schema":{"@context":"https:\/\/schema.org","@graph":[{"@type":"Organization","@id":"https:\/\/innocentia-inviolata.fr\/fr\/#organization","name":"Innocentia Inviolata","url":"https:\/\/innocentia-inviolata.fr\/fr\/","sameAs":["https:\/\/fr-fr.facebook.com\/innocentia.inviolata.9"],"logo":{"@type":"ImageObject","@id":"https:\/\/innocentia-inviolata.fr\/fr\/#logo","inLanguage":"fr-FR","url":"https:\/\/innocentia-inviolata.fr\/wp-content\/uploads\/screenshot.png","contentUrl":"https:\/\/innocentia-inviolata.fr\/wp-content\/uploads\/screenshot.png","width":300,"height":225,"caption":"Innocentia Inviolata"},"image":{"@id":"https:\/\/innocentia-inviolata.fr\/fr\/#logo"}},{"@type":"WebSite","@id":"https:\/\/innocentia-inviolata.fr\/fr\/#website","url":"https:\/\/innocentia-inviolata.fr\/fr\/","name":"INNOCENTIA INVIOLATA","description":"Direction C\u00e9line Nogueira","publisher":{"@id":"https:\/\/innocentia-inviolata.fr\/fr\/#organization"},"potentialAction":[{"@type":"SearchAction","target":{"@type":"EntryPoint","urlTemplate":"https:\/\/innocentia-inviolata.fr\/fr\/?s={search_term_string}"},"query-input":"required name=search_term_string"}],"inLanguage":"fr-FR"},{"@type":"ImageObject","@id":"https:\/\/innocentia-inviolata.fr\/fr\/training-courses-workshops-coaching\/lucid-body\/#primaryimage","inLanguage":"fr-FR","url":"https:\/\/scontent.fbod1-1.fna.fbcdn.net\/v\/t1.6435-9\/43649055_10156659581449361_5616352875543265280_n.jpg?_nc_cat=102&amp;ccb=1-7&amp;_nc_sid=127cfc&amp;_nc_ohc=Yefg8QtGKTYQ7kNvwG3Ak2o&amp;_nc_oc=Adk8oTaoYYxHPGACTX4dOqYKnx02JZJyXtUPe9r7jTkgaPY1h5vFGsbIWF4dzwxQpfA&amp;_nc_zt=23&amp;_nc_ht=scontent.fbod1-1.fna&amp;_nc_gid=RRi1FW7Q0ddITl2K46WQLQ&amp;oh=00_AffIGwRm4UCx5hGHyx-PNTcOQE-p-DhXep74LcD8MCzzzg&amp;oe=6929BCF6","contentUrl":"https:\/\/scontent.fbod1-1.fna.fbcdn.net\/v\/t1.6435-9\/43649055_10156659581449361_5616352875543265280_n.jpg?_nc_cat=102&amp;ccb=1-7&amp;_nc_sid=127cfc&amp;_nc_ohc=Yefg8QtGKTYQ7kNvwG3Ak2o&amp;_nc_oc=Adk8oTaoYYxHPGACTX4dOqYKnx02JZJyXtUPe9r7jTkgaPY1h5vFGsbIWF4dzwxQpfA&amp;_nc_zt=23&amp;_nc_ht=scontent.fbod1-1.fna&amp;_nc_gid=RRi1FW7Q0ddITl2K46WQLQ&amp;oh=00_AffIGwRm4UCx5hGHyx-PNTcOQE-p-DhXep74LcD8MCzzzg&amp;oe=6929BCF6"},{"@type":"WebPage","@id":"https:\/\/innocentia-inviolata.fr\/fr\/training-courses-workshops-coaching\/lucid-body\/#webpage","url":"https:\/\/innocentia-inviolata.fr\/fr\/training-courses-workshops-coaching\/lucid-body\/","name":"Lucid Body - INNOCENTIA INVIOLATA","isPartOf":{"@id":"https:\/\/innocentia-inviolata.fr\/fr\/#website"},"primaryImageOfPage":{"@id":"https:\/\/innocentia-inviolata.fr\/fr\/training-courses-workshops-coaching\/lucid-body\/#primaryimage"},"datePublished":"2022-02-02T13:03:58+00:00","dateModified":"2025-10-29T15:39:48+00:00","breadcrumb":{"@id":"https:\/\/innocentia-inviolata.fr\/fr\/training-courses-workshops-coaching\/lucid-body\/#breadcrumb"},"inLanguage":"fr-FR","potentialAction":[{"@type":"ReadAction","target":[["https:\/\/innocentia-inviolata.fr\/fr\/training-courses-workshops-coaching\/lucid-body\/"]]}]},{"@type":"BreadcrumbList","@id":"https:\/\/innocentia-inviolata.fr\/fr\/training-courses-workshops-coaching\/lucid-body\/#breadcrumb","itemListElement":[{"@type":"ListItem","position":1,"name":"Home","item":"https:\/\/innocentia-inviolata.fr\/fr\/"},{"@type":"ListItem","position":2,"name":"International Training Program","item":"https:\/\/innocentia-inviolata.fr\/fr\/training-courses-workshops-coaching\/"},{"@type":"ListItem","position":3,"name":"Lucid Body"}]}]}},"_links":{"self":[{"href":"https:\/\/innocentia-inviolata.fr\/fr\/wp-json\/wp\/v2\/pages\/1030"}],"collection":[{"href":"https:\/\/innocentia-inviolata.fr\/fr\/wp-json\/wp\/v2\/pages"}],"about":[{"href":"https:\/\/innocentia-inviolata.fr\/fr\/wp-json\/wp\/v2\/types\/page"}],"author":[{"embeddable":true,"href":"https:\/\/innocentia-inviolata.fr\/fr\/wp-json\/wp\/v2\/users\/2"}],"replies":[{"embeddable":true,"href":"https:\/\/innocentia-inviolata.fr\/fr\/wp-json\/wp\/v2\/comments?post=1030"}],"version-history":[{"count":16,"href":"https:\/\/innocentia-inviolata.fr\/fr\/wp-json\/wp\/v2\/pages\/1030\/revisions"}],"predecessor-version":[{"id":2019,"href":"https:\/\/innocentia-inviolata.fr\/fr\/wp-json\/wp\/v2\/pages\/1030\/revisions\/2019"}],"up":[{"embeddable":true,"href":"https:\/\/innocentia-inviolata.fr\/fr\/wp-json\/wp\/v2\/pages\/44"}],"wp:attachment":[{"href":"https:\/\/innocentia-inviolata.fr\/fr\/wp-json\/wp\/v2\/media?parent=1030"}],"wp:term":[{"taxonomy":"category","embeddable":true,"href":"https:\/\/innocentia-inviolata.fr\/fr\/wp-json\/wp\/v2\/categories?post=1030"},{"taxonomy":"post_tag","embeddable":true,"href":"https:\/\/innocentia-inviolata.fr\/fr\/wp-json\/wp\/v2\/tags?post=1030"}],"curies":[{"name":"wp","href":"https:\/\/api.w.org\/{rel}","templated":true}]}}