{"id":976,"date":"2022-02-01T18:58:26","date_gmt":"2022-02-01T18:58:26","guid":{"rendered":"https:\/\/innocentia-inviolata.fr\/en\/?page_id=976"},"modified":"2025-09-20T09:49:11","modified_gmt":"2025-09-20T09:49:11","slug":"976-2","status":"publish","type":"page","link":"https:\/\/innocentia-inviolata.fr\/en\/creations\/976-2\/","title":{"rendered":"Stand Up For Bastards ! 2019"},"content":{"rendered":"<p>https:\/\/www.youtube.com\/watch?v=A-CaiSMkTGI<\/p>\n<p>&nbsp;<\/p>\n<p>&nbsp;<\/p>\n<p><img loading=\"lazy\" class=\"alignnone size-medium wp-image-1082\" src=\"https:\/\/innocentia-inviolata.fr\/wp-content\/uploads\/DSC_8600-410x273.jpg\" alt=\"\" width=\"410\" height=\"273\" srcset=\"https:\/\/innocentia-inviolata.fr\/wp-content\/uploads\/DSC_8600-410x273.jpg 410w, https:\/\/innocentia-inviolata.fr\/wp-content\/uploads\/DSC_8600-1024x681.jpg 1024w, https:\/\/innocentia-inviolata.fr\/wp-content\/uploads\/DSC_8600-768x511.jpg 768w, https:\/\/innocentia-inviolata.fr\/wp-content\/uploads\/DSC_8600-1536x1022.jpg 1536w, https:\/\/innocentia-inviolata.fr\/wp-content\/uploads\/DSC_8600-2048x1363.jpg 2048w\" sizes=\"(max-width: 410px) 100vw, 410px\" \/><img loading=\"lazy\" class=\"alignnone size-medium wp-image-1081\" src=\"https:\/\/innocentia-inviolata.fr\/wp-content\/uploads\/DSC_8510-410x273.jpg\" alt=\"\" width=\"410\" height=\"273\" srcset=\"https:\/\/innocentia-inviolata.fr\/wp-content\/uploads\/DSC_8510-410x273.jpg 410w, https:\/\/innocentia-inviolata.fr\/wp-content\/uploads\/DSC_8510-1024x681.jpg 1024w, https:\/\/innocentia-inviolata.fr\/wp-content\/uploads\/DSC_8510-768x511.jpg 768w, https:\/\/innocentia-inviolata.fr\/wp-content\/uploads\/DSC_8510-1536x1022.jpg 1536w, https:\/\/innocentia-inviolata.fr\/wp-content\/uploads\/DSC_8510-2048x1363.jpg 2048w\" sizes=\"(max-width: 410px) 100vw, 410px\" \/><img loading=\"lazy\" class=\"alignnone size-medium wp-image-1070\" src=\"https:\/\/innocentia-inviolata.fr\/wp-content\/uploads\/JPM-Le\u0301o-HamletDSC_8630-273x410.jpg\" alt=\"\" width=\"273\" height=\"410\" srcset=\"https:\/\/innocentia-inviolata.fr\/wp-content\/uploads\/JPM-Le\u0301o-HamletDSC_8630-273x410.jpg 273w, https:\/\/innocentia-inviolata.fr\/wp-content\/uploads\/JPM-Le\u0301o-HamletDSC_8630-681x1024.jpg 681w, https:\/\/innocentia-inviolata.fr\/wp-content\/uploads\/JPM-Le\u0301o-HamletDSC_8630-768x1154.jpg 768w, https:\/\/innocentia-inviolata.fr\/wp-content\/uploads\/JPM-Le\u0301o-HamletDSC_8630-1022x1536.jpg 1022w, https:\/\/innocentia-inviolata.fr\/wp-content\/uploads\/JPM-Le\u0301o-HamletDSC_8630-1363x2048.jpg 1363w, https:\/\/innocentia-inviolata.fr\/wp-content\/uploads\/JPM-Le\u0301o-HamletDSC_8630-scaled.jpg 1703w\" sizes=\"(max-width: 273px) 100vw, 273px\" \/><img loading=\"lazy\" class=\"alignnone size-medium wp-image-1085\" src=\"https:\/\/innocentia-inviolata.fr\/wp-content\/uploads\/DSC_8635-273x410.jpg\" alt=\"\" width=\"273\" height=\"410\" srcset=\"https:\/\/innocentia-inviolata.fr\/wp-content\/uploads\/DSC_8635-273x410.jpg 273w, https:\/\/innocentia-inviolata.fr\/wp-content\/uploads\/DSC_8635-681x1024.jpg 681w, https:\/\/innocentia-inviolata.fr\/wp-content\/uploads\/DSC_8635-768x1155.jpg 768w, https:\/\/innocentia-inviolata.fr\/wp-content\/uploads\/DSC_8635-1021x1536.jpg 1021w, https:\/\/innocentia-inviolata.fr\/wp-content\/uploads\/DSC_8635-1362x2048.jpg 1362w, https:\/\/innocentia-inviolata.fr\/wp-content\/uploads\/DSC_8635-scaled.jpg 1702w\" sizes=\"(max-width: 273px) 100vw, 273px\" \/><\/p>\n<p>&#8211;<strong style=\"font-style: italic;\"> Stand Up For Bastards ! &#8211; 2019<\/strong><\/p>\n<p>W. Shakesperae \/ C. Nogueira<\/p>\n<p>Dir. C\u00e9line Nogueira<\/p>\n<p>March 2019<\/p>\n<p>With : Giovanni Caster, J\u00e9r\u00e9my Falconetti, Jos\u00e9phina Jos\u00e9phina Le Hellay, Danae Tsiamis, C\u00e9line Trouchaud, L\u00e9o Pentecote, Assistants : Belinda Bluthe Lights : Georges Malka TRAILER : Sarah Munro<\/p>\n<p>Created with Les Soeurs Fatales at the Festival Universc\u00e8nes, Toulouse Jean-Jaur\u00e8s University,<\/p>","protected":false},"excerpt":{"rendered":"<p>https:\/\/www.youtube.com\/watch?v=A-CaiSMkTGI &nbsp; &nbsp; &#8211; Stand Up For Bastards ! &#8211; 2019 W. Shakesperae \/ C. Nogueira Dir. C\u00e9line Nogueira March 2019 With : Giovanni Caster, J\u00e9r\u00e9my Falconetti, Jos\u00e9phina Jos\u00e9phina Le Hellay, Danae Tsiamis, C\u00e9line Trouchaud, L\u00e9o Pentecote, Assistants : Belinda Bluthe Lights : Georges Malka TRAILER : Sarah Munro Created with Les Soeurs Fatales at&nbsp;<a href=\"https:\/\/innocentia-inviolata.fr\/en\/creations\/976-2\/\">Read more<\/a><\/p>\n","protected":false},"author":2,"featured_media":1067,"parent":7,"menu_order":3,"comment_status":"closed","ping_status":"closed","template":"cubes.php","meta":[],"categories":[9],"tags":[],"yoast_head":"<!-- This site is optimized with the Yoast SEO plugin v18.1 - https:\/\/yoast.com\/wordpress\/plugins\/seo\/ -->\n<meta name=\"robots\" content=\"index, follow, max-snippet:-1, max-image-preview:large, max-video-preview:-1\" \/>\n<link rel=\"canonical\" href=\"https:\/\/innocentia-inviolata.fr\/en\/creations\/976-2\/\" \/>\n<meta property=\"og:locale\" content=\"en_US\" \/>\n<meta property=\"og:type\" content=\"article\" \/>\n<meta property=\"og:title\" content=\"Stand Up For Bastards ! 2019 - INNOCENTIA INVIOLATA\" \/>\n<meta property=\"og:description\" content=\"https:\/\/www.youtube.com\/watch?v=A-CaiSMkTGI &nbsp; &nbsp; &#8211; Stand Up For Bastards ! &#8211; 2019 W. Shakesperae \/ C. Nogueira Dir. C\u00e9line Nogueira March 2019 With : Giovanni Caster, J\u00e9r\u00e9my Falconetti, Jos\u00e9phina Jos\u00e9phina Le Hellay, Danae Tsiamis, C\u00e9line Trouchaud, L\u00e9o Pentecote, Assistants : Belinda Bluthe Lights : Georges Malka TRAILER : Sarah Munro Created with Les Soeurs Fatales at&nbsp;Read more\" \/>\n<meta property=\"og:url\" content=\"https:\/\/innocentia-inviolata.fr\/en\/creations\/976-2\/\" \/>\n<meta property=\"og:site_name\" content=\"INNOCENTIA INVIOLATA\" \/>\n<meta property=\"article:publisher\" content=\"https:\/\/fr-fr.facebook.com\/innocentia.inviolata.9\" \/>\n<meta property=\"article:modified_time\" content=\"2025-09-20T09:49:11+00:00\" \/>\n<meta property=\"og:image\" content=\"https:\/\/innocentia-inviolata.fr\/wp-content\/uploads\/JPM-Le\u0301o-DSC_8578-scaled.jpg\" \/>\n\t<meta property=\"og:image:width\" content=\"1703\" \/>\n\t<meta property=\"og:image:height\" content=\"2560\" \/>\n\t<meta property=\"og:image:type\" content=\"image\/jpeg\" \/>\n<meta name=\"twitter:card\" content=\"summary_large_image\" \/>\n<meta name=\"twitter:label1\" content=\"Est. reading time\" \/>\n\t<meta name=\"twitter:data1\" content=\"1 minute\" \/>\n<script type=\"application\/ld+json\" class=\"yoast-schema-graph\">{\"@context\":\"https:\/\/schema.org\",\"@graph\":[{\"@type\":\"Organization\",\"@id\":\"https:\/\/innocentia-inviolata.fr\/en\/#organization\",\"name\":\"Innocentia Inviolata\",\"url\":\"https:\/\/innocentia-inviolata.fr\/en\/\",\"sameAs\":[\"https:\/\/fr-fr.facebook.com\/innocentia.inviolata.9\"],\"logo\":{\"@type\":\"ImageObject\",\"@id\":\"https:\/\/innocentia-inviolata.fr\/en\/#logo\",\"inLanguage\":\"en-US\",\"url\":\"https:\/\/innocentia-inviolata.fr\/wp-content\/uploads\/screenshot.png\",\"contentUrl\":\"https:\/\/innocentia-inviolata.fr\/wp-content\/uploads\/screenshot.png\",\"width\":300,\"height\":225,\"caption\":\"Innocentia Inviolata\"},\"image\":{\"@id\":\"https:\/\/innocentia-inviolata.fr\/en\/#logo\"}},{\"@type\":\"WebSite\",\"@id\":\"https:\/\/innocentia-inviolata.fr\/en\/#website\",\"url\":\"https:\/\/innocentia-inviolata.fr\/en\/\",\"name\":\"INNOCENTIA INVIOLATA\",\"description\":\"Direction C\u00e9line Nogueira\",\"publisher\":{\"@id\":\"https:\/\/innocentia-inviolata.fr\/en\/#organization\"},\"potentialAction\":[{\"@type\":\"SearchAction\",\"target\":{\"@type\":\"EntryPoint\",\"urlTemplate\":\"https:\/\/innocentia-inviolata.fr\/en\/?s={search_term_string}\"},\"query-input\":\"required name=search_term_string\"}],\"inLanguage\":\"en-US\"},{\"@type\":\"ImageObject\",\"@id\":\"https:\/\/innocentia-inviolata.fr\/en\/creations\/976-2\/#primaryimage\",\"inLanguage\":\"en-US\",\"url\":\"https:\/\/innocentia-inviolata.fr\/wp-content\/uploads\/JPM-Le\u0301o-DSC_8578-scaled.jpg\",\"contentUrl\":\"https:\/\/innocentia-inviolata.fr\/wp-content\/uploads\/JPM-Le\u0301o-DSC_8578-scaled.jpg\",\"width\":1703,\"height\":2560},{\"@type\":\"WebPage\",\"@id\":\"https:\/\/innocentia-inviolata.fr\/en\/creations\/976-2\/#webpage\",\"url\":\"https:\/\/innocentia-inviolata.fr\/en\/creations\/976-2\/\",\"name\":\"Stand Up For Bastards ! 2019 - INNOCENTIA INVIOLATA\",\"isPartOf\":{\"@id\":\"https:\/\/innocentia-inviolata.fr\/en\/#website\"},\"primaryImageOfPage\":{\"@id\":\"https:\/\/innocentia-inviolata.fr\/en\/creations\/976-2\/#primaryimage\"},\"datePublished\":\"2022-02-01T18:58:26+00:00\",\"dateModified\":\"2025-09-20T09:49:11+00:00\",\"breadcrumb\":{\"@id\":\"https:\/\/innocentia-inviolata.fr\/en\/creations\/976-2\/#breadcrumb\"},\"inLanguage\":\"en-US\",\"potentialAction\":[{\"@type\":\"ReadAction\",\"target\":[[\"https:\/\/innocentia-inviolata.fr\/en\/creations\/976-2\/\"]]}]},{\"@type\":\"BreadcrumbList\",\"@id\":\"https:\/\/innocentia-inviolata.fr\/en\/creations\/976-2\/#breadcrumb\",\"itemListElement\":[{\"@type\":\"ListItem\",\"position\":1,\"name\":\"Home\",\"item\":\"https:\/\/innocentia-inviolata.fr\/en\/\"},{\"@type\":\"ListItem\",\"position\":2,\"name\":\"ALL productions\",\"item\":\"https:\/\/innocentia-inviolata.fr\/en\/creations\/\"},{\"@type\":\"ListItem\",\"position\":3,\"name\":\"Stand Up For Bastards ! 2019\"}]}]}<\/script>\n<!-- \/ Yoast SEO plugin. -->","yoast_head_json":{"robots":{"index":"index","follow":"follow","max-snippet":"max-snippet:-1","max-image-preview":"max-image-preview:large","max-video-preview":"max-video-preview:-1"},"canonical":"https:\/\/innocentia-inviolata.fr\/en\/creations\/976-2\/","og_locale":"en_US","og_type":"article","og_title":"Stand Up For Bastards ! 2019 - INNOCENTIA INVIOLATA","og_description":"https:\/\/www.youtube.com\/watch?v=A-CaiSMkTGI &nbsp; &nbsp; &#8211; Stand Up For Bastards ! &#8211; 2019 W. Shakesperae \/ C. Nogueira Dir. C\u00e9line Nogueira March 2019 With : Giovanni Caster, J\u00e9r\u00e9my Falconetti, Jos\u00e9phina Jos\u00e9phina Le Hellay, Danae Tsiamis, C\u00e9line Trouchaud, L\u00e9o Pentecote, Assistants : Belinda Bluthe Lights : Georges Malka TRAILER : Sarah Munro Created with Les Soeurs Fatales at&nbsp;Read more","og_url":"https:\/\/innocentia-inviolata.fr\/en\/creations\/976-2\/","og_site_name":"INNOCENTIA INVIOLATA","article_publisher":"https:\/\/fr-fr.facebook.com\/innocentia.inviolata.9","article_modified_time":"2025-09-20T09:49:11+00:00","og_image":[{"width":1703,"height":2560,"url":"https:\/\/innocentia-inviolata.fr\/wp-content\/uploads\/JPM-Le\u0301o-DSC_8578-scaled.jpg","type":"image\/jpeg"}],"twitter_card":"summary_large_image","twitter_misc":{"Est. reading time":"1 minute"},"schema":{"@context":"https:\/\/schema.org","@graph":[{"@type":"Organization","@id":"https:\/\/innocentia-inviolata.fr\/en\/#organization","name":"Innocentia Inviolata","url":"https:\/\/innocentia-inviolata.fr\/en\/","sameAs":["https:\/\/fr-fr.facebook.com\/innocentia.inviolata.9"],"logo":{"@type":"ImageObject","@id":"https:\/\/innocentia-inviolata.fr\/en\/#logo","inLanguage":"en-US","url":"https:\/\/innocentia-inviolata.fr\/wp-content\/uploads\/screenshot.png","contentUrl":"https:\/\/innocentia-inviolata.fr\/wp-content\/uploads\/screenshot.png","width":300,"height":225,"caption":"Innocentia Inviolata"},"image":{"@id":"https:\/\/innocentia-inviolata.fr\/en\/#logo"}},{"@type":"WebSite","@id":"https:\/\/innocentia-inviolata.fr\/en\/#website","url":"https:\/\/innocentia-inviolata.fr\/en\/","name":"INNOCENTIA INVIOLATA","description":"Direction C\u00e9line Nogueira","publisher":{"@id":"https:\/\/innocentia-inviolata.fr\/en\/#organization"},"potentialAction":[{"@type":"SearchAction","target":{"@type":"EntryPoint","urlTemplate":"https:\/\/innocentia-inviolata.fr\/en\/?s={search_term_string}"},"query-input":"required name=search_term_string"}],"inLanguage":"en-US"},{"@type":"ImageObject","@id":"https:\/\/innocentia-inviolata.fr\/en\/creations\/976-2\/#primaryimage","inLanguage":"en-US","url":"https:\/\/innocentia-inviolata.fr\/wp-content\/uploads\/JPM-Le\u0301o-DSC_8578-scaled.jpg","contentUrl":"https:\/\/innocentia-inviolata.fr\/wp-content\/uploads\/JPM-Le\u0301o-DSC_8578-scaled.jpg","width":1703,"height":2560},{"@type":"WebPage","@id":"https:\/\/innocentia-inviolata.fr\/en\/creations\/976-2\/#webpage","url":"https:\/\/innocentia-inviolata.fr\/en\/creations\/976-2\/","name":"Stand Up For Bastards ! 2019 - INNOCENTIA INVIOLATA","isPartOf":{"@id":"https:\/\/innocentia-inviolata.fr\/en\/#website"},"primaryImageOfPage":{"@id":"https:\/\/innocentia-inviolata.fr\/en\/creations\/976-2\/#primaryimage"},"datePublished":"2022-02-01T18:58:26+00:00","dateModified":"2025-09-20T09:49:11+00:00","breadcrumb":{"@id":"https:\/\/innocentia-inviolata.fr\/en\/creations\/976-2\/#breadcrumb"},"inLanguage":"en-US","potentialAction":[{"@type":"ReadAction","target":[["https:\/\/innocentia-inviolata.fr\/en\/creations\/976-2\/"]]}]},{"@type":"BreadcrumbList","@id":"https:\/\/innocentia-inviolata.fr\/en\/creations\/976-2\/#breadcrumb","itemListElement":[{"@type":"ListItem","position":1,"name":"Home","item":"https:\/\/innocentia-inviolata.fr\/en\/"},{"@type":"ListItem","position":2,"name":"ALL productions","item":"https:\/\/innocentia-inviolata.fr\/en\/creations\/"},{"@type":"ListItem","position":3,"name":"Stand Up For Bastards ! 2019"}]}]}},"_links":{"self":[{"href":"https:\/\/innocentia-inviolata.fr\/en\/wp-json\/wp\/v2\/pages\/976"}],"collection":[{"href":"https:\/\/innocentia-inviolata.fr\/en\/wp-json\/wp\/v2\/pages"}],"about":[{"href":"https:\/\/innocentia-inviolata.fr\/en\/wp-json\/wp\/v2\/types\/page"}],"author":[{"embeddable":true,"href":"https:\/\/innocentia-inviolata.fr\/en\/wp-json\/wp\/v2\/users\/2"}],"replies":[{"embeddable":true,"href":"https:\/\/innocentia-inviolata.fr\/en\/wp-json\/wp\/v2\/comments?post=976"}],"version-history":[{"count":9,"href":"https:\/\/innocentia-inviolata.fr\/en\/wp-json\/wp\/v2\/pages\/976\/revisions"}],"predecessor-version":[{"id":1092,"href":"https:\/\/innocentia-inviolata.fr\/en\/wp-json\/wp\/v2\/pages\/976\/revisions\/1092"}],"up":[{"embeddable":true,"href":"https:\/\/innocentia-inviolata.fr\/en\/wp-json\/wp\/v2\/pages\/7"}],"wp:featuredmedia":[{"embeddable":true,"href":"https:\/\/innocentia-inviolata.fr\/en\/wp-json\/wp\/v2\/media\/1067"}],"wp:attachment":[{"href":"https:\/\/innocentia-inviolata.fr\/en\/wp-json\/wp\/v2\/media?parent=976"}],"wp:term":[{"taxonomy":"category","embeddable":true,"href":"https:\/\/innocentia-inviolata.fr\/en\/wp-json\/wp\/v2\/categories?post=976"},{"taxonomy":"post_tag","embeddable":true,"href":"https:\/\/innocentia-inviolata.fr\/en\/wp-json\/wp\/v2\/tags?post=976"}],"curies":[{"name":"wp","href":"https:\/\/api.w.org\/{rel}","templated":true}]}}