{"id":831,"date":"2022-01-16T20:20:59","date_gmt":"2022-01-16T20:20:59","guid":{"rendered":"https:\/\/innocentia-inviolata.fr\/en\/?page_id=831"},"modified":"2024-12-17T14:44:06","modified_gmt":"2024-12-17T14:44:06","slug":"francais-actions-mediation","status":"publish","type":"page","link":"https:\/\/innocentia-inviolata.fr\/en\/francais-actions-mediation\/","title":{"rendered":"The Art of Emancipation &#8211; outreach program"},"content":{"rendered":"<p><\/p>\n<p style=\"text-align: center;\"><i><span style=\"font-weight: 400;\">Promoting gender equality, preventing sexism and sexual violences, gender stereotypes, harassment, and discrimination.<\/span><\/i><\/p>\n<p style=\"text-align: center;\"><i><span style=\"font-weight: 400;\">With an artistic, academic and activist approach, C\u00e9line Nogueira, author, director and acting coach, builds and stands up for a creative act and a pedagogy which are synonymous with emancipation and empowerment.<\/span><\/i><\/p>\n<p style=\"text-align: center;\"><i><span style=\"font-weight: 400;\">Inspired by the works of Stella Adler and Rita Laura Segato, C\u00e9line Nogueira has been building a pedagogy for emancipation <\/span><\/i><i><span style=\"font-weight: 400;\">using<\/span><\/i><i><span style=\"font-weight: 400;\"> tools and exercises from theatre, dance and somatic practices <\/span><\/i><i><span style=\"font-weight: 400;\">for school and business audiences.<\/span><\/i><\/p>\n<p style=\"text-align: center;\">*<\/p>\n<p><b><i>Workshops &amp; training for all audiences<\/i><\/b><i><span style=\"font-weight: 400;\"> \u201cContact, Consent, Touch\u201d; \u201cIntimacy on stage\u201d, and <\/span><\/i><i><span style=\"font-weight: 400;\">\u201cSexism, sexual violences and coercive behaviors in the workplace\u201d\u00a0<\/span><\/i><\/p>\n<p>&nbsp;<\/p>\n<p><i><span style=\"font-weight: 400;\">The outreach program <\/span><\/i><a href=\"https:\/\/innocentia-inviolata.fr\/en\/francais-actions-mediation\/my-body-my-territory\/\" target=\"_blank\" rel=\"noopener\"><b><i>My body, my territory !<\/i><\/b><\/a><i><span style=\"font-weight: 400;\"> is 3 times winner of <\/span><\/i><i><span style=\"font-weight: 400;\">calls for projects from the City of Toulouse <\/span><\/i><i><span style=\"font-weight: 400;\">to Reduce sexist and sexual violence against girls and young women, to deconstruct gender stereotypes through sport practice, to fight discriminations, racism, anti-Semitism, <em>LGBTQ-phobia<\/em><\/span><\/i><i><span style=\"font-weight: 400;\">,<\/span><\/i><i><span style=\"font-weight: 400;\"> and to promote cultural diversity.<\/span><\/i><\/p>\n<p><b>Workshops &amp; Panel discussions<\/b><i><span style=\"font-weight: 400;\">\u00a0\u201c(in)visible violences against the body\u201d, \u201cThe place of women in the public sphere\u201d<\/span><\/i><\/p>\n<p>&nbsp;<\/p>\n<p><b>Artistic, scientific and activist federating projects to promote gender equality <\/b><i><span style=\"font-weight: 400;\">\u201cExperience Pa.tri.ar.chy\u201d, \u201cAmerican Theatre Project\u201d, \u201cTrans. Lab\u201d<\/span><\/i><\/p>\n<p>&nbsp;<\/p>\n<p><b>Projects related to the events<\/b><span style=\"font-weight: 400;\">\u00a0<\/span><i><span style=\"font-weight: 400;\">\u201c<\/span><\/i><a href=\"https:\/\/www.youtube.com\/watch?v=tpjf1U862iI\"><i><span style=\"font-weight: 400;\">Pa.tri.ar.chy<\/span><\/i><\/a><i><span style=\"font-weight: 400;\">\u201d, \u201c<\/span><\/i><a href=\"https:\/\/www.youtube.com\/watch?v=NSHX73McaWI\"><i><span style=\"font-weight: 400;\">Cr\u00e9atures d&#8217;Amour et de D\u00e9sirs<\/span><\/i><\/a><i><span style=\"font-weight: 400;\">\u201d, \u201c<\/span><\/i><a href=\"https:\/\/www.youtube.com\/watch?v=f7s4rkGbimk\"><i><span style=\"font-weight: 400;\">Le Banquet<\/span><\/i><\/a><i><span style=\"font-weight: 400;\">\u201d<\/span><\/i><\/p>\n<p>&nbsp;<\/p>\n<p><strong>Support <\/strong><i><span style=\"font-weight: 400;\">Drac Occitanie, Ville de Toulouse, Mission \u00e9galit\u00e9 femmes-hommes, Mission \u00e9galit\u00e9 diversit\u00e9s, Toulouse M\u00e9tropole, Conseil d\u00e9partemental de la Haute Garonne, Veho Constructions<\/span><\/i><\/p>\n<p>&nbsp;<\/p>\n<p><b><i>Partners<\/i><\/b><span style=\"font-weight: 400;\"> : <\/span><i><span style=\"font-weight: 400;\">Espace Diversit\u00e9s La\u00efcit\u00e9, Centre Culturel Henri Desbals, Centre culturel Bellegarde, Centre culturel Bonnefoy, Centre Culturel Alban Minville, Espace Roguet, L\u2019Usine cnarep \u00e0 Tournefeuille, le Quai des Savoirs, La Cave Po&#8217;, l&#8217;Inspe de Sorbonne Universit\u00e9, Universit\u00e9 Toulouse Jean Jaur\u00e8s, Universit\u00e9 de Pau et des Pays de l&#8217;Adour (UPPA), Lyc\u00e9e Ozenne, Lyc\u00e9e Pierre-Paul Riquet, CLAE \u00e9cole \u00e9l\u00e9mentaire Sermet, Coll\u00e8ge les Chalets, Thales Alenia Space, Radio Radio, Radio ter, Le Petit Cowboy, Marche mondiale des femmes, Osez le f\u00e9minisme 31, Le Mouvement du Nid, Abandon de famille Tol\u00e9rance z\u00e9ro<\/span><\/i><\/p>\n<p>&nbsp;<\/p>\n<p>&nbsp;<\/p>\n<p>&nbsp;<\/p>\n<p>&nbsp;<\/p>\n<p>&nbsp;<\/p>","protected":false},"excerpt":{"rendered":"<p>Promoting gender equality, preventing sexism and sexual violences, gender stereotypes, harassment, and discrimination. With an artistic, academic and activist approach, C\u00e9line Nogueira, author, director and acting coach, builds and stands up for a creative act and a pedagogy which are synonymous with emancipation and empowerment. Inspired by the works of Stella Adler and Rita Laura&nbsp;<a href=\"https:\/\/innocentia-inviolata.fr\/en\/francais-actions-mediation\/\">Read more<\/a><\/p>\n","protected":false},"author":2,"featured_media":503,"parent":0,"menu_order":2,"comment_status":"closed","ping_status":"closed","template":"","meta":[],"categories":[],"tags":[],"yoast_head":"<!-- This site is optimized with the Yoast SEO plugin v18.1 - https:\/\/yoast.com\/wordpress\/plugins\/seo\/ -->\n<meta name=\"robots\" content=\"index, follow, max-snippet:-1, max-image-preview:large, max-video-preview:-1\" \/>\n<link rel=\"canonical\" href=\"https:\/\/innocentia-inviolata.fr\/en\/francais-actions-mediation\/\" \/>\n<meta property=\"og:locale\" content=\"en_US\" \/>\n<meta property=\"og:type\" content=\"article\" \/>\n<meta property=\"og:title\" content=\"The Art of Emancipation - outreach program - INNOCENTIA INVIOLATA\" \/>\n<meta property=\"og:description\" content=\"Promoting gender equality, preventing sexism and sexual violences, gender stereotypes, harassment, and discrimination. With an artistic, academic and activist approach, C\u00e9line Nogueira, author, director and acting coach, builds and stands up for a creative act and a pedagogy which are synonymous with emancipation and empowerment. Inspired by the works of Stella Adler and Rita Laura&nbsp;Read more\" \/>\n<meta property=\"og:url\" content=\"https:\/\/innocentia-inviolata.fr\/en\/francais-actions-mediation\/\" \/>\n<meta property=\"og:site_name\" content=\"INNOCENTIA INVIOLATA\" \/>\n<meta property=\"article:publisher\" content=\"https:\/\/fr-fr.facebook.com\/innocentia.inviolata.9\" \/>\n<meta property=\"article:modified_time\" content=\"2024-12-17T14:44:06+00:00\" \/>\n<meta property=\"og:image\" content=\"https:\/\/innocentia-inviolata.fr\/wp-content\/uploads\/DSC_5082.jpg\" \/>\n\t<meta property=\"og:image:width\" content=\"1000\" \/>\n\t<meta property=\"og:image:height\" content=\"1504\" \/>\n\t<meta property=\"og:image:type\" content=\"image\/jpeg\" \/>\n<meta name=\"twitter:card\" content=\"summary_large_image\" \/>\n<meta name=\"twitter:label1\" content=\"Est. reading time\" \/>\n\t<meta name=\"twitter:data1\" content=\"2 minutes\" \/>\n<script type=\"application\/ld+json\" class=\"yoast-schema-graph\">{\"@context\":\"https:\/\/schema.org\",\"@graph\":[{\"@type\":\"Organization\",\"@id\":\"https:\/\/innocentia-inviolata.fr\/en\/#organization\",\"name\":\"Innocentia Inviolata\",\"url\":\"https:\/\/innocentia-inviolata.fr\/en\/\",\"sameAs\":[\"https:\/\/fr-fr.facebook.com\/innocentia.inviolata.9\"],\"logo\":{\"@type\":\"ImageObject\",\"@id\":\"https:\/\/innocentia-inviolata.fr\/en\/#logo\",\"inLanguage\":\"en-US\",\"url\":\"https:\/\/innocentia-inviolata.fr\/wp-content\/uploads\/screenshot.png\",\"contentUrl\":\"https:\/\/innocentia-inviolata.fr\/wp-content\/uploads\/screenshot.png\",\"width\":300,\"height\":225,\"caption\":\"Innocentia Inviolata\"},\"image\":{\"@id\":\"https:\/\/innocentia-inviolata.fr\/en\/#logo\"}},{\"@type\":\"WebSite\",\"@id\":\"https:\/\/innocentia-inviolata.fr\/en\/#website\",\"url\":\"https:\/\/innocentia-inviolata.fr\/en\/\",\"name\":\"INNOCENTIA INVIOLATA\",\"description\":\"Direction C\u00e9line Nogueira\",\"publisher\":{\"@id\":\"https:\/\/innocentia-inviolata.fr\/en\/#organization\"},\"potentialAction\":[{\"@type\":\"SearchAction\",\"target\":{\"@type\":\"EntryPoint\",\"urlTemplate\":\"https:\/\/innocentia-inviolata.fr\/en\/?s={search_term_string}\"},\"query-input\":\"required name=search_term_string\"}],\"inLanguage\":\"en-US\"},{\"@type\":\"ImageObject\",\"@id\":\"https:\/\/innocentia-inviolata.fr\/en\/francais-actions-mediation\/#primaryimage\",\"inLanguage\":\"en-US\",\"url\":\"https:\/\/innocentia-inviolata.fr\/wp-content\/uploads\/DSC_5082.jpg\",\"contentUrl\":\"https:\/\/innocentia-inviolata.fr\/wp-content\/uploads\/DSC_5082.jpg\",\"width\":1000,\"height\":1504},{\"@type\":\"WebPage\",\"@id\":\"https:\/\/innocentia-inviolata.fr\/en\/francais-actions-mediation\/#webpage\",\"url\":\"https:\/\/innocentia-inviolata.fr\/en\/francais-actions-mediation\/\",\"name\":\"The Art of Emancipation - outreach program - INNOCENTIA INVIOLATA\",\"isPartOf\":{\"@id\":\"https:\/\/innocentia-inviolata.fr\/en\/#website\"},\"primaryImageOfPage\":{\"@id\":\"https:\/\/innocentia-inviolata.fr\/en\/francais-actions-mediation\/#primaryimage\"},\"datePublished\":\"2022-01-16T20:20:59+00:00\",\"dateModified\":\"2024-12-17T14:44:06+00:00\",\"breadcrumb\":{\"@id\":\"https:\/\/innocentia-inviolata.fr\/en\/francais-actions-mediation\/#breadcrumb\"},\"inLanguage\":\"en-US\",\"potentialAction\":[{\"@type\":\"ReadAction\",\"target\":[[\"https:\/\/innocentia-inviolata.fr\/en\/francais-actions-mediation\/\"]]}]},{\"@type\":\"BreadcrumbList\",\"@id\":\"https:\/\/innocentia-inviolata.fr\/en\/francais-actions-mediation\/#breadcrumb\",\"itemListElement\":[{\"@type\":\"ListItem\",\"position\":1,\"name\":\"Home\",\"item\":\"https:\/\/innocentia-inviolata.fr\/en\/\"},{\"@type\":\"ListItem\",\"position\":2,\"name\":\"The Art of Emancipation &#8211; outreach program\"}]}]}<\/script>\n<!-- \/ Yoast SEO plugin. -->","yoast_head_json":{"robots":{"index":"index","follow":"follow","max-snippet":"max-snippet:-1","max-image-preview":"max-image-preview:large","max-video-preview":"max-video-preview:-1"},"canonical":"https:\/\/innocentia-inviolata.fr\/en\/francais-actions-mediation\/","og_locale":"en_US","og_type":"article","og_title":"The Art of Emancipation - outreach program - INNOCENTIA INVIOLATA","og_description":"Promoting gender equality, preventing sexism and sexual violences, gender stereotypes, harassment, and discrimination. With an artistic, academic and activist approach, C\u00e9line Nogueira, author, director and acting coach, builds and stands up for a creative act and a pedagogy which are synonymous with emancipation and empowerment. Inspired by the works of Stella Adler and Rita Laura&nbsp;Read more","og_url":"https:\/\/innocentia-inviolata.fr\/en\/francais-actions-mediation\/","og_site_name":"INNOCENTIA INVIOLATA","article_publisher":"https:\/\/fr-fr.facebook.com\/innocentia.inviolata.9","article_modified_time":"2024-12-17T14:44:06+00:00","og_image":[{"width":1000,"height":1504,"url":"https:\/\/innocentia-inviolata.fr\/wp-content\/uploads\/DSC_5082.jpg","type":"image\/jpeg"}],"twitter_card":"summary_large_image","twitter_misc":{"Est. reading time":"2 minutes"},"schema":{"@context":"https:\/\/schema.org","@graph":[{"@type":"Organization","@id":"https:\/\/innocentia-inviolata.fr\/en\/#organization","name":"Innocentia Inviolata","url":"https:\/\/innocentia-inviolata.fr\/en\/","sameAs":["https:\/\/fr-fr.facebook.com\/innocentia.inviolata.9"],"logo":{"@type":"ImageObject","@id":"https:\/\/innocentia-inviolata.fr\/en\/#logo","inLanguage":"en-US","url":"https:\/\/innocentia-inviolata.fr\/wp-content\/uploads\/screenshot.png","contentUrl":"https:\/\/innocentia-inviolata.fr\/wp-content\/uploads\/screenshot.png","width":300,"height":225,"caption":"Innocentia Inviolata"},"image":{"@id":"https:\/\/innocentia-inviolata.fr\/en\/#logo"}},{"@type":"WebSite","@id":"https:\/\/innocentia-inviolata.fr\/en\/#website","url":"https:\/\/innocentia-inviolata.fr\/en\/","name":"INNOCENTIA INVIOLATA","description":"Direction C\u00e9line Nogueira","publisher":{"@id":"https:\/\/innocentia-inviolata.fr\/en\/#organization"},"potentialAction":[{"@type":"SearchAction","target":{"@type":"EntryPoint","urlTemplate":"https:\/\/innocentia-inviolata.fr\/en\/?s={search_term_string}"},"query-input":"required name=search_term_string"}],"inLanguage":"en-US"},{"@type":"ImageObject","@id":"https:\/\/innocentia-inviolata.fr\/en\/francais-actions-mediation\/#primaryimage","inLanguage":"en-US","url":"https:\/\/innocentia-inviolata.fr\/wp-content\/uploads\/DSC_5082.jpg","contentUrl":"https:\/\/innocentia-inviolata.fr\/wp-content\/uploads\/DSC_5082.jpg","width":1000,"height":1504},{"@type":"WebPage","@id":"https:\/\/innocentia-inviolata.fr\/en\/francais-actions-mediation\/#webpage","url":"https:\/\/innocentia-inviolata.fr\/en\/francais-actions-mediation\/","name":"The Art of Emancipation - outreach program - INNOCENTIA INVIOLATA","isPartOf":{"@id":"https:\/\/innocentia-inviolata.fr\/en\/#website"},"primaryImageOfPage":{"@id":"https:\/\/innocentia-inviolata.fr\/en\/francais-actions-mediation\/#primaryimage"},"datePublished":"2022-01-16T20:20:59+00:00","dateModified":"2024-12-17T14:44:06+00:00","breadcrumb":{"@id":"https:\/\/innocentia-inviolata.fr\/en\/francais-actions-mediation\/#breadcrumb"},"inLanguage":"en-US","potentialAction":[{"@type":"ReadAction","target":[["https:\/\/innocentia-inviolata.fr\/en\/francais-actions-mediation\/"]]}]},{"@type":"BreadcrumbList","@id":"https:\/\/innocentia-inviolata.fr\/en\/francais-actions-mediation\/#breadcrumb","itemListElement":[{"@type":"ListItem","position":1,"name":"Home","item":"https:\/\/innocentia-inviolata.fr\/en\/"},{"@type":"ListItem","position":2,"name":"The Art of Emancipation &#8211; outreach program"}]}]}},"_links":{"self":[{"href":"https:\/\/innocentia-inviolata.fr\/en\/wp-json\/wp\/v2\/pages\/831"}],"collection":[{"href":"https:\/\/innocentia-inviolata.fr\/en\/wp-json\/wp\/v2\/pages"}],"about":[{"href":"https:\/\/innocentia-inviolata.fr\/en\/wp-json\/wp\/v2\/types\/page"}],"author":[{"embeddable":true,"href":"https:\/\/innocentia-inviolata.fr\/en\/wp-json\/wp\/v2\/users\/2"}],"replies":[{"embeddable":true,"href":"https:\/\/innocentia-inviolata.fr\/en\/wp-json\/wp\/v2\/comments?post=831"}],"version-history":[{"count":103,"href":"https:\/\/innocentia-inviolata.fr\/en\/wp-json\/wp\/v2\/pages\/831\/revisions"}],"predecessor-version":[{"id":1921,"href":"https:\/\/innocentia-inviolata.fr\/en\/wp-json\/wp\/v2\/pages\/831\/revisions\/1921"}],"wp:featuredmedia":[{"embeddable":true,"href":"https:\/\/innocentia-inviolata.fr\/en\/wp-json\/wp\/v2\/media\/503"}],"wp:attachment":[{"href":"https:\/\/innocentia-inviolata.fr\/en\/wp-json\/wp\/v2\/media?parent=831"}],"wp:term":[{"taxonomy":"category","embeddable":true,"href":"https:\/\/innocentia-inviolata.fr\/en\/wp-json\/wp\/v2\/categories?post=831"},{"taxonomy":"post_tag","embeddable":true,"href":"https:\/\/innocentia-inviolata.fr\/en\/wp-json\/wp\/v2\/tags?post=831"}],"curies":[{"name":"wp","href":"https:\/\/api.w.org\/{rel}","templated":true}]}}