{"id":808,"date":"2022-01-16T19:41:12","date_gmt":"2022-01-16T19:41:12","guid":{"rendered":"https:\/\/innocentia-inviolata.fr\/en\/?page_id=808"},"modified":"2026-03-31T07:14:53","modified_gmt":"2026-03-31T07:14:53","slug":"press","status":"publish","type":"page","link":"https:\/\/innocentia-inviolata.fr\/en\/press\/","title":{"rendered":"PRESSE &#8211; RADIO"},"content":{"rendered":"<p>RADIO<\/p>\n<p><iframe loading=\"lazy\" title=\"En Prise - C\u00e9line Nogueira &amp; C\u00e9line Cohen &amp; Emilie Perrin - Le Banquet !\" width=\"100%\" height=\"120\" src=\"https:\/\/www.mixcloud.com\/widget\/iframe\/?feed=https%3A%2F%2Fwww.mixcloud.com%2FRadioRadioToulouse%2Fen-prise-celine-nogueira-celine-cohen-emilie-perrin-le-banquet%2F&amp;hide_cover=1\" frameborder=\"0\" allow=\"encrypted-media; fullscreen; autoplay; idle-detection; speaker-selection; web-share;\"><\/iframe><\/p>\n<p><a href=\"http:\/\/www.canalsud.net\/spip.php?article5580\" target=\"_blank\" rel=\"noopener\">Le Banquet, interview Canal Sud<\/a><\/p>\n<p><iframe loading=\"lazy\" title=\"En Prise - C\u00e9line Nogueira Portrait\" width=\"100%\" height=\"120\" src=\"https:\/\/www.mixcloud.com\/widget\/iframe\/?feed=https%3A%2F%2Fwww.mixcloud.com%2FRadioRadioToulouse%2Fen-prise-celine-nogueira%2F&amp;hide_cover=1\" frameborder=\"0\" allow=\"encrypted-media; fullscreen; autoplay; idle-detection; speaker-selection; web-share;\"><\/iframe><\/p>\n<p><iframe loading=\"lazy\" title=\"A Suivre - La Nuit Bleue De C\u00e9line Nogueira Et Ses Cr\u00e9atures\" width=\"100%\" height=\"120\" src=\"https:\/\/www.mixcloud.com\/widget\/iframe\/?feed=https%3A%2F%2Fwww.mixcloud.com%2FRadioRadioToulouse%2Fa-suivre-la-nuit-bleue-de-celine-nogueira-et-ses-creatures%2F&amp;hide_cover=1\" frameborder=\"0\" allow=\"encrypted-media; fullscreen; autoplay; idle-detection; speaker-selection; web-share;\"><\/iframe><\/p>\n<p><iframe loading=\"lazy\" title=\"En Prise - La Nuit Bleue De C\u00e9line Nogueira\" width=\"100%\" height=\"120\" src=\"https:\/\/www.mixcloud.com\/widget\/iframe\/?feed=https%3A%2F%2Fwww.mixcloud.com%2FRadioRadioToulouse%2Fen-prise-la-nuit-bleue-de-celine-nogueira%2F&amp;hide_cover=1\" frameborder=\"0\" allow=\"encrypted-media; fullscreen; autoplay; idle-detection; speaker-selection; web-share;\"><\/iframe><\/p>\n<p><iframe loading=\"lazy\" title=\"La Midinale#32 - La Nuit Bleue#07 Avec C\u00e9line Nogueira - 15.12.20\" width=\"100%\" height=\"120\" src=\"https:\/\/www.mixcloud.com\/widget\/iframe\/?feed=https%3A%2F%2Fwww.mixcloud.com%2FCampusFM%2Fmidinale-32s2%2F&amp;hide_cover=1\" frameborder=\"0\" allow=\"encrypted-media; fullscreen; autoplay; idle-detection; speaker-selection; web-share;\"><\/iframe><\/p>\n<p>&nbsp;<\/p>\n<p>PRESSE<\/p>\n<p><a href=\"https:\/\/innocentia-inviolata.fr\/wp-content\/uploads\/Presse-Intramuros-mars-2026.pdf\" target=\"_blank\" rel=\"noopener\">INNOCENTIA INVIOLATA : 20 ans !\u00a0<\/a><\/p>\n<p><a href=\"https:\/\/www.univ-tlse2.fr\/accueil\/universite\/en-bref\/la-compagnie-%C2%AB-les-soeurs-fatales-%C2%BB-primee-au-festival-de-theatre-universitaire-de-tanger-2023\" target=\"_blank\" rel=\"noopener\">Hamlet : Valentino Cocks receives the Award for Best Male Actor at the intrenational Festival in Tanger<\/a><\/p>\n<p><a href=\"https:\/\/www.lemonde.fr\/campus\/article\/2021\/10\/26\/harcelement-psychologique-agressions-sexuelles-des-eleves-d-ecoles-de-theatre-denoncent-une-culture-de-la-violence_6099890_4401467.html\" target=\"_blank\" rel=\"noopener\">Le Monde : Dans les \u00e9coles de th\u00e9\u00e2tre, des \u00e9l\u00e8ves d\u00e9noncent une culture de la violence (ITW C. Nogueira 2021)<\/a><\/p>\n<p><a href=\"https:\/\/innocentia-inviolata.fr\/wp-content\/uploads\/Intramuros-The-People-page-9.pdf\" target=\"_blank\" rel=\"noopener\">Intramuros-The People-Festival Universc\u00e8ne 2022<\/a><\/p>\n<p><a href=\"https:\/\/innocentia-inviolata.fr\/wp-content\/uploads\/Intramuros-Critique-Cre\u0301atures-dAmour-et-de-De\u0301sirs.pdf\">Intramuros Mensuel Culturel : Critique Cre\u0301atures d&#8217;Amour et de De\u0301sirs &#8211; 2021\u00a0<\/a><\/p>\n<p><a href=\"https:\/\/innocentia-inviolata.fr\/wp-content\/uploads\/Nuit-Bleue-Intramuros.pdf\">Intramuros &#8211; Nuit Bleue &#8211; 2020<\/a><\/p>\n<p><a href=\"https:\/\/innocentia-inviolata.fr\/wp-content\/uploads\/Critique-Freaks-Party-Festival-Universce\u0300nes-a\u0300-la-Fabrique-de-lUniversite\u0301-Jean-Jaure\u0300s.pdf\">Culture 31 &#8211; Stand Up For Bastards ! Freaks party &#8211; 2019<\/a><\/p>\n<p><a href=\"https:\/\/innocentia-inviolata.fr\/wp-content\/uploads\/Entretien-Intramuros-RJ.pdf\">Intramuros &#8211; ITW Romeo &amp; Juliet -2018<\/a><\/p>\n<p><a href=\"https:\/\/innocentia-inviolata.fr\/wp-content\/uploads\/LB26_CELINE_N.pdf\">Le Brigadier -_Celine NOGUEIRA, La passeuse\u00a0 &#8211; 2017<\/a><\/p>\n<p><a href=\"https:\/\/innocentia-inviolata.fr\/wp-content\/uploads\/LB26_CELINE_N-ENCART.pdf\">Le Brigadier &#8211; Celine NOGUEIRA : Elles parlent ! &#8211; 2017<\/a><\/p>\n<p><a href=\"https:\/\/innocentia-inviolata.fr\/wp-content\/uploads\/Critique-Pa.tr_.ia_.rc_.hy_.pdf\">Le Clou dans la Planche &#8211; Pa.tri.ar.chy &#8211; 2017<\/a><\/p>\n<p class=\"p1\"><span class=\"s1\">Intramuros \/Culture 31 &#8211; Pa.tri.ar.chy &#8211; 2017<\/span><\/p>\n<p class=\"p1\"><span class=\"s1\">&#8220;Th\u00e9\u00e2tre du fragment et de la rupture, navigant entre avant-garde et cabaret, l\u2019\u00e9criture ambitieuse de C\u00e9line Nogueira est servie par une vaste troupe h\u00e9t\u00e9roclite et peu exp\u00e9riment\u00e9e de jeunes gens, com\u00e9diens en formation ou \u00e9tudiants. Le r\u00e9sultat ne souffre pourtant jamais de la moindre trace d\u2019amateurisme, tant la direction d\u2019acteur exploite avec intelligence les potentialit\u00e9s de chacun.&#8221; (J\u00e9r\u00f4me Gac)<\/span><\/p>\n<p><a href=\"https:\/\/www.radiofrance.fr\/franceculture\/method-acting-une-immersion-dans-l-univers-du-jeu-realiste-americain-a-l-ecran-1776006\" target=\"_blank\" rel=\"noopener\">France Culture : Immersion dans le jeu r\u00e9aliste am\u00e9ricain &#8211; 2016<\/a><\/p>\n<p><a href=\"https:\/\/www.ladepeche.fr\/article\/2016\/05\/31\/2355709-tout-sur-le-realisme-americain.html\" target=\"_blank\" rel=\"noopener\">La D\u00e9p\u00eache &#8211; Tout sur le r\u00e9alisme am\u00e9ricain &#8211; 2016<\/a><\/p>\n<p><a href=\"https:\/\/innocentia-inviolata.fr\/wp-content\/uploads\/INTRAMUROS-Cine\u0301mathe\u0300que.pdf\">INTRAMUROS American Theatre Project &#8211; La Cine\u0301mathe\u0300que de Toulouse<\/a> &#8211; 2016<\/p>\n<p><a href=\"https:\/\/innocentia-inviolata.fr\/wp-content\/uploads\/UNIVERSCENES-2016.pdf\">INTRAMUROS &#8211; Dunsinane &#8211; 2016<\/a><\/p>\n<p>&#8220;<em>Avec C\u00e9line Nogueira, les S\u0153urs Fatales versent dans cette \u00e9nergie sombre et provocante qui fait l\u2019identit\u00e9 des cr\u00e9ations. la mise en sc\u00e8ne choisit plut\u00f4t de maintenir le spectateur entre d\u00e9rangement et fascination&#8230;Le spectacle b\u00e9n\u00e9ficie ainsi d\u2019un travail important sur le jeu corporel, qui tend parfois jusqu\u2019\u00e0 la chor\u00e9graphie, \u00e0 un romantisme noir. Un plaisir.<\/em>&#8220;- The Talking Cure, Le Clou dans la Planche, 2009.<\/p>\n<p>&#8220;<em>C\u2019est une interpr\u00e9tation d\u00e9coiffante qui ne laisse au spectateur aucun moment de r\u00e9pit et qui force l\u2019admiration. Une unit\u00e9 visuelle des plus ing\u00e9nieuses, une pr\u00e9cision remarquable, C\u00e9line Nogueira prend grand soin de filer la laine de la provocation<\/em>&#8221; &#8211; The UN Inspector, Le Clou dans la planche, 2008.<\/p>\n<p><strong><em>Noli me tangere &#8211; 2009<\/em><\/strong><\/p>\n<p><img loading=\"lazy\" class=\"alignnone size-medium wp-image-1122\" src=\"https:\/\/innocentia-inviolata.fr\/wp-content\/uploads\/Intramuros-Mai-2009-299x410.jpg\" alt=\"\" width=\"299\" height=\"410\" srcset=\"https:\/\/innocentia-inviolata.fr\/wp-content\/uploads\/Intramuros-Mai-2009-299x410.jpg 299w, https:\/\/innocentia-inviolata.fr\/wp-content\/uploads\/Intramuros-Mai-2009-747x1024.jpg 747w, https:\/\/innocentia-inviolata.fr\/wp-content\/uploads\/Intramuros-Mai-2009-768x1052.jpg 768w, https:\/\/innocentia-inviolata.fr\/wp-content\/uploads\/Intramuros-Mai-2009-1121x1536.jpg 1121w, https:\/\/innocentia-inviolata.fr\/wp-content\/uploads\/Intramuros-Mai-2009-1495x2048.jpg 1495w, https:\/\/innocentia-inviolata.fr\/wp-content\/uploads\/Intramuros-Mai-2009-scaled.jpg 1868w\" sizes=\"(max-width: 299px) 100vw, 299px\" \/><\/p>\n<p><em><strong>Phaedra&#8217;s Love &#8211; 2005<\/strong><\/em><\/p>\n<p><img loading=\"lazy\" class=\"alignnone size-medium wp-image-1205\" src=\"https:\/\/innocentia-inviolata.fr\/wp-content\/uploads\/La-De\u0301pe\u0302che-Tarnscope-24-01-05-300x410.jpg\" alt=\"\" width=\"300\" height=\"410\" srcset=\"https:\/\/innocentia-inviolata.fr\/wp-content\/uploads\/La-De\u0301pe\u0302che-Tarnscope-24-01-05-300x410.jpg 300w, https:\/\/innocentia-inviolata.fr\/wp-content\/uploads\/La-De\u0301pe\u0302che-Tarnscope-24-01-05-749x1024.jpg 749w, https:\/\/innocentia-inviolata.fr\/wp-content\/uploads\/La-De\u0301pe\u0302che-Tarnscope-24-01-05-768x1050.jpg 768w, https:\/\/innocentia-inviolata.fr\/wp-content\/uploads\/La-De\u0301pe\u0302che-Tarnscope-24-01-05-1124x1536.jpg 1124w, https:\/\/innocentia-inviolata.fr\/wp-content\/uploads\/La-De\u0301pe\u0302che-Tarnscope-24-01-05-1498x2048.jpg 1498w, https:\/\/innocentia-inviolata.fr\/wp-content\/uploads\/La-De\u0301pe\u0302che-Tarnscope-24-01-05-scaled.jpg 1873w\" sizes=\"(max-width: 300px) 100vw, 300px\" \/><img loading=\"lazy\" class=\"alignnone size-medium wp-image-1207\" src=\"https:\/\/innocentia-inviolata.fr\/wp-content\/uploads\/La-De\u0301pe\u0302che-Tarnscope-sam-5-fe\u0301v-410x295.jpg\" alt=\"\" width=\"410\" height=\"295\" srcset=\"https:\/\/innocentia-inviolata.fr\/wp-content\/uploads\/La-De\u0301pe\u0302che-Tarnscope-sam-5-fe\u0301v-410x295.jpg 410w, https:\/\/innocentia-inviolata.fr\/wp-content\/uploads\/La-De\u0301pe\u0302che-Tarnscope-sam-5-fe\u0301v-1024x737.jpg 1024w, https:\/\/innocentia-inviolata.fr\/wp-content\/uploads\/La-De\u0301pe\u0302che-Tarnscope-sam-5-fe\u0301v-768x553.jpg 768w, https:\/\/innocentia-inviolata.fr\/wp-content\/uploads\/La-De\u0301pe\u0302che-Tarnscope-sam-5-fe\u0301v.jpg 1234w\" sizes=\"(max-width: 410px) 100vw, 410px\" \/> <img loading=\"lazy\" class=\"alignnone size-medium wp-image-1206\" src=\"https:\/\/innocentia-inviolata.fr\/wp-content\/uploads\/La-De\u0301pe\u0302che-Tarnscope-mer-02-02-05-410x308.jpg\" alt=\"\" width=\"410\" height=\"308\" srcset=\"https:\/\/innocentia-inviolata.fr\/wp-content\/uploads\/La-De\u0301pe\u0302che-Tarnscope-mer-02-02-05-410x308.jpg 410w, https:\/\/innocentia-inviolata.fr\/wp-content\/uploads\/La-De\u0301pe\u0302che-Tarnscope-mer-02-02-05-1024x768.jpg 1024w, https:\/\/innocentia-inviolata.fr\/wp-content\/uploads\/La-De\u0301pe\u0302che-Tarnscope-mer-02-02-05-768x576.jpg 768w, https:\/\/innocentia-inviolata.fr\/wp-content\/uploads\/La-De\u0301pe\u0302che-Tarnscope-mer-02-02-05.jpg 1406w\" sizes=\"(max-width: 410px) 100vw, 410px\" \/><img loading=\"lazy\" class=\"alignnone size-medium wp-image-1208\" src=\"https:\/\/innocentia-inviolata.fr\/wp-content\/uploads\/LE-MAGAZINE-CA-janvier-05-291x410.jpg\" alt=\"\" width=\"291\" height=\"410\" srcset=\"https:\/\/innocentia-inviolata.fr\/wp-content\/uploads\/LE-MAGAZINE-CA-janvier-05-291x410.jpg 291w, https:\/\/innocentia-inviolata.fr\/wp-content\/uploads\/LE-MAGAZINE-CA-janvier-05-727x1024.jpg 727w, https:\/\/innocentia-inviolata.fr\/wp-content\/uploads\/LE-MAGAZINE-CA-janvier-05-768x1082.jpg 768w, https:\/\/innocentia-inviolata.fr\/wp-content\/uploads\/LE-MAGAZINE-CA-janvier-05-1091x1536.jpg 1091w, https:\/\/innocentia-inviolata.fr\/wp-content\/uploads\/LE-MAGAZINE-CA-janvier-05.jpg 1246w\" sizes=\"(max-width: 291px) 100vw, 291px\" \/><\/p>\n<p>&nbsp;<\/p>","protected":false},"excerpt":{"rendered":"<p>RADIO Le Banquet, interview Canal Sud &nbsp; PRESSE INNOCENTIA INVIOLATA : 20 ans !\u00a0 Hamlet : Valentino Cocks receives the Award for Best Male Actor at the intrenational Festival in Tanger Le Monde : Dans les \u00e9coles de th\u00e9\u00e2tre, des \u00e9l\u00e8ves d\u00e9noncent une culture de la violence (ITW C. Nogueira 2021) Intramuros-The People-Festival Universc\u00e8ne 2022&nbsp;<a href=\"https:\/\/innocentia-inviolata.fr\/en\/press\/\">Read more<\/a><\/p>\n","protected":false},"author":2,"featured_media":1086,"parent":0,"menu_order":3,"comment_status":"closed","ping_status":"closed","template":"home.php","meta":[],"categories":[],"tags":[],"yoast_head":"<!-- This site is optimized with the Yoast SEO plugin v18.1 - https:\/\/yoast.com\/wordpress\/plugins\/seo\/ -->\n<meta name=\"robots\" content=\"index, follow, max-snippet:-1, max-image-preview:large, max-video-preview:-1\" \/>\n<link rel=\"canonical\" href=\"https:\/\/innocentia-inviolata.fr\/en\/press\/\" \/>\n<meta property=\"og:locale\" content=\"en_US\" \/>\n<meta property=\"og:type\" content=\"article\" \/>\n<meta property=\"og:title\" content=\"PRESSE - RADIO - INNOCENTIA INVIOLATA\" \/>\n<meta property=\"og:description\" content=\"RADIO Le Banquet, interview Canal Sud &nbsp; PRESSE INNOCENTIA INVIOLATA : 20 ans !\u00a0 Hamlet : Valentino Cocks receives the Award for Best Male Actor at the intrenational Festival in Tanger Le Monde : Dans les \u00e9coles de th\u00e9\u00e2tre, des \u00e9l\u00e8ves d\u00e9noncent une culture de la violence (ITW C. Nogueira 2021) Intramuros-The People-Festival Universc\u00e8ne 2022&nbsp;Read more\" \/>\n<meta property=\"og:url\" content=\"https:\/\/innocentia-inviolata.fr\/en\/press\/\" \/>\n<meta property=\"og:site_name\" content=\"INNOCENTIA INVIOLATA\" \/>\n<meta property=\"article:publisher\" content=\"https:\/\/fr-fr.facebook.com\/innocentia.inviolata.9\" \/>\n<meta property=\"article:modified_time\" content=\"2026-03-31T07:14:53+00:00\" \/>\n<meta property=\"og:image\" content=\"https:\/\/innocentia-inviolata.fr\/wp-content\/uploads\/DSC_8657-scaled.jpg\" \/>\n\t<meta property=\"og:image:width\" content=\"2560\" \/>\n\t<meta property=\"og:image:height\" content=\"1702\" \/>\n\t<meta property=\"og:image:type\" content=\"image\/jpeg\" \/>\n<meta name=\"twitter:card\" content=\"summary_large_image\" \/>\n<meta name=\"twitter:label1\" content=\"Est. reading time\" \/>\n\t<meta name=\"twitter:data1\" content=\"3 minutes\" \/>\n<script type=\"application\/ld+json\" class=\"yoast-schema-graph\">{\"@context\":\"https:\/\/schema.org\",\"@graph\":[{\"@type\":\"Organization\",\"@id\":\"https:\/\/innocentia-inviolata.fr\/en\/#organization\",\"name\":\"Innocentia Inviolata\",\"url\":\"https:\/\/innocentia-inviolata.fr\/en\/\",\"sameAs\":[\"https:\/\/fr-fr.facebook.com\/innocentia.inviolata.9\"],\"logo\":{\"@type\":\"ImageObject\",\"@id\":\"https:\/\/innocentia-inviolata.fr\/en\/#logo\",\"inLanguage\":\"en-US\",\"url\":\"https:\/\/innocentia-inviolata.fr\/wp-content\/uploads\/screenshot.png\",\"contentUrl\":\"https:\/\/innocentia-inviolata.fr\/wp-content\/uploads\/screenshot.png\",\"width\":300,\"height\":225,\"caption\":\"Innocentia Inviolata\"},\"image\":{\"@id\":\"https:\/\/innocentia-inviolata.fr\/en\/#logo\"}},{\"@type\":\"WebSite\",\"@id\":\"https:\/\/innocentia-inviolata.fr\/en\/#website\",\"url\":\"https:\/\/innocentia-inviolata.fr\/en\/\",\"name\":\"INNOCENTIA INVIOLATA\",\"description\":\"Direction C\u00e9line Nogueira\",\"publisher\":{\"@id\":\"https:\/\/innocentia-inviolata.fr\/en\/#organization\"},\"potentialAction\":[{\"@type\":\"SearchAction\",\"target\":{\"@type\":\"EntryPoint\",\"urlTemplate\":\"https:\/\/innocentia-inviolata.fr\/en\/?s={search_term_string}\"},\"query-input\":\"required name=search_term_string\"}],\"inLanguage\":\"en-US\"},{\"@type\":\"ImageObject\",\"@id\":\"https:\/\/innocentia-inviolata.fr\/en\/press\/#primaryimage\",\"inLanguage\":\"en-US\",\"url\":\"https:\/\/innocentia-inviolata.fr\/wp-content\/uploads\/DSC_8657-scaled.jpg\",\"contentUrl\":\"https:\/\/innocentia-inviolata.fr\/wp-content\/uploads\/DSC_8657-scaled.jpg\",\"width\":2560,\"height\":1702},{\"@type\":\"WebPage\",\"@id\":\"https:\/\/innocentia-inviolata.fr\/en\/press\/#webpage\",\"url\":\"https:\/\/innocentia-inviolata.fr\/en\/press\/\",\"name\":\"PRESSE - RADIO - INNOCENTIA INVIOLATA\",\"isPartOf\":{\"@id\":\"https:\/\/innocentia-inviolata.fr\/en\/#website\"},\"primaryImageOfPage\":{\"@id\":\"https:\/\/innocentia-inviolata.fr\/en\/press\/#primaryimage\"},\"datePublished\":\"2022-01-16T19:41:12+00:00\",\"dateModified\":\"2026-03-31T07:14:53+00:00\",\"breadcrumb\":{\"@id\":\"https:\/\/innocentia-inviolata.fr\/en\/press\/#breadcrumb\"},\"inLanguage\":\"en-US\",\"potentialAction\":[{\"@type\":\"ReadAction\",\"target\":[[\"https:\/\/innocentia-inviolata.fr\/en\/press\/\"]]}]},{\"@type\":\"BreadcrumbList\",\"@id\":\"https:\/\/innocentia-inviolata.fr\/en\/press\/#breadcrumb\",\"itemListElement\":[{\"@type\":\"ListItem\",\"position\":1,\"name\":\"Home\",\"item\":\"https:\/\/innocentia-inviolata.fr\/en\/\"},{\"@type\":\"ListItem\",\"position\":2,\"name\":\"PRESSE &#8211; RADIO\"}]}]}<\/script>\n<!-- \/ Yoast SEO plugin. -->","yoast_head_json":{"robots":{"index":"index","follow":"follow","max-snippet":"max-snippet:-1","max-image-preview":"max-image-preview:large","max-video-preview":"max-video-preview:-1"},"canonical":"https:\/\/innocentia-inviolata.fr\/en\/press\/","og_locale":"en_US","og_type":"article","og_title":"PRESSE - RADIO - INNOCENTIA INVIOLATA","og_description":"RADIO Le Banquet, interview Canal Sud &nbsp; PRESSE INNOCENTIA INVIOLATA : 20 ans !\u00a0 Hamlet : Valentino Cocks receives the Award for Best Male Actor at the intrenational Festival in Tanger Le Monde : Dans les \u00e9coles de th\u00e9\u00e2tre, des \u00e9l\u00e8ves d\u00e9noncent une culture de la violence (ITW C. Nogueira 2021) Intramuros-The People-Festival Universc\u00e8ne 2022&nbsp;Read more","og_url":"https:\/\/innocentia-inviolata.fr\/en\/press\/","og_site_name":"INNOCENTIA INVIOLATA","article_publisher":"https:\/\/fr-fr.facebook.com\/innocentia.inviolata.9","article_modified_time":"2026-03-31T07:14:53+00:00","og_image":[{"width":2560,"height":1702,"url":"https:\/\/innocentia-inviolata.fr\/wp-content\/uploads\/DSC_8657-scaled.jpg","type":"image\/jpeg"}],"twitter_card":"summary_large_image","twitter_misc":{"Est. reading time":"3 minutes"},"schema":{"@context":"https:\/\/schema.org","@graph":[{"@type":"Organization","@id":"https:\/\/innocentia-inviolata.fr\/en\/#organization","name":"Innocentia Inviolata","url":"https:\/\/innocentia-inviolata.fr\/en\/","sameAs":["https:\/\/fr-fr.facebook.com\/innocentia.inviolata.9"],"logo":{"@type":"ImageObject","@id":"https:\/\/innocentia-inviolata.fr\/en\/#logo","inLanguage":"en-US","url":"https:\/\/innocentia-inviolata.fr\/wp-content\/uploads\/screenshot.png","contentUrl":"https:\/\/innocentia-inviolata.fr\/wp-content\/uploads\/screenshot.png","width":300,"height":225,"caption":"Innocentia Inviolata"},"image":{"@id":"https:\/\/innocentia-inviolata.fr\/en\/#logo"}},{"@type":"WebSite","@id":"https:\/\/innocentia-inviolata.fr\/en\/#website","url":"https:\/\/innocentia-inviolata.fr\/en\/","name":"INNOCENTIA INVIOLATA","description":"Direction C\u00e9line Nogueira","publisher":{"@id":"https:\/\/innocentia-inviolata.fr\/en\/#organization"},"potentialAction":[{"@type":"SearchAction","target":{"@type":"EntryPoint","urlTemplate":"https:\/\/innocentia-inviolata.fr\/en\/?s={search_term_string}"},"query-input":"required name=search_term_string"}],"inLanguage":"en-US"},{"@type":"ImageObject","@id":"https:\/\/innocentia-inviolata.fr\/en\/press\/#primaryimage","inLanguage":"en-US","url":"https:\/\/innocentia-inviolata.fr\/wp-content\/uploads\/DSC_8657-scaled.jpg","contentUrl":"https:\/\/innocentia-inviolata.fr\/wp-content\/uploads\/DSC_8657-scaled.jpg","width":2560,"height":1702},{"@type":"WebPage","@id":"https:\/\/innocentia-inviolata.fr\/en\/press\/#webpage","url":"https:\/\/innocentia-inviolata.fr\/en\/press\/","name":"PRESSE - RADIO - INNOCENTIA INVIOLATA","isPartOf":{"@id":"https:\/\/innocentia-inviolata.fr\/en\/#website"},"primaryImageOfPage":{"@id":"https:\/\/innocentia-inviolata.fr\/en\/press\/#primaryimage"},"datePublished":"2022-01-16T19:41:12+00:00","dateModified":"2026-03-31T07:14:53+00:00","breadcrumb":{"@id":"https:\/\/innocentia-inviolata.fr\/en\/press\/#breadcrumb"},"inLanguage":"en-US","potentialAction":[{"@type":"ReadAction","target":[["https:\/\/innocentia-inviolata.fr\/en\/press\/"]]}]},{"@type":"BreadcrumbList","@id":"https:\/\/innocentia-inviolata.fr\/en\/press\/#breadcrumb","itemListElement":[{"@type":"ListItem","position":1,"name":"Home","item":"https:\/\/innocentia-inviolata.fr\/en\/"},{"@type":"ListItem","position":2,"name":"PRESSE &#8211; RADIO"}]}]}},"_links":{"self":[{"href":"https:\/\/innocentia-inviolata.fr\/en\/wp-json\/wp\/v2\/pages\/808"}],"collection":[{"href":"https:\/\/innocentia-inviolata.fr\/en\/wp-json\/wp\/v2\/pages"}],"about":[{"href":"https:\/\/innocentia-inviolata.fr\/en\/wp-json\/wp\/v2\/types\/page"}],"author":[{"embeddable":true,"href":"https:\/\/innocentia-inviolata.fr\/en\/wp-json\/wp\/v2\/users\/2"}],"replies":[{"embeddable":true,"href":"https:\/\/innocentia-inviolata.fr\/en\/wp-json\/wp\/v2\/comments?post=808"}],"version-history":[{"count":63,"href":"https:\/\/innocentia-inviolata.fr\/en\/wp-json\/wp\/v2\/pages\/808\/revisions"}],"predecessor-version":[{"id":2097,"href":"https:\/\/innocentia-inviolata.fr\/en\/wp-json\/wp\/v2\/pages\/808\/revisions\/2097"}],"wp:featuredmedia":[{"embeddable":true,"href":"https:\/\/innocentia-inviolata.fr\/en\/wp-json\/wp\/v2\/media\/1086"}],"wp:attachment":[{"href":"https:\/\/innocentia-inviolata.fr\/en\/wp-json\/wp\/v2\/media?parent=808"}],"wp:term":[{"taxonomy":"category","embeddable":true,"href":"https:\/\/innocentia-inviolata.fr\/en\/wp-json\/wp\/v2\/categories?post=808"},{"taxonomy":"post_tag","embeddable":true,"href":"https:\/\/innocentia-inviolata.fr\/en\/wp-json\/wp\/v2\/tags?post=808"}],"curies":[{"name":"wp","href":"https:\/\/api.w.org\/{rel}","templated":true}]}}