{"id":44,"date":"2013-06-17T22:38:21","date_gmt":"2013-06-17T22:38:21","guid":{"rendered":"https:\/\/innocentia-inviolata.fr\/?page_id=44"},"modified":"2025-10-29T15:30:39","modified_gmt":"2025-10-29T15:30:39","slug":"training-courses-workshops-coaching","status":"publish","type":"page","link":"https:\/\/innocentia-inviolata.fr\/en\/training-courses-workshops-coaching\/","title":{"rendered":"International Training Program"},"content":{"rendered":"<p><\/p>\n<article class=\"text-token-text-primary w-full focus:outline-none [--shadow-height:45px] has-data-writing-block:pointer-events-none has-data-writing-block:-mt-(--shadow-height) has-data-writing-block:pt-(--shadow-height) [&amp;:has([data-writing-block])&gt;*]:pointer-events-auto scroll-mt-(--header-height)\" dir=\"auto\" tabindex=\"-1\" data-turn-id=\"f8ff4b01-0a2a-40cf-9d83-d36c8b19d943\" data-testid=\"conversation-turn-1\" data-scroll-anchor=\"false\" data-turn=\"user\">\n<div class=\"text-base my-auto mx-auto pt-3 [--thread-content-margin:--spacing(4)] thread-sm:[--thread-content-margin:--spacing(6)] thread-lg:[--thread-content-margin:--spacing(16)] px-(--thread-content-margin)\">\n<div class=\"[--thread-content-max-width:40rem] thread-lg:[--thread-content-max-width:48rem] mx-auto max-w-(--thread-content-max-width) flex-1 group\/turn-messages focus-visible:outline-hidden mb-10 relative flex w-full min-w-0 flex-col\" tabindex=\"-1\">\n<div class=\"flex max-w-full flex-col grow\">\n<div class=\"min-h-8 text-message relative flex w-full flex-col items-end gap-2 text-start break-words whitespace-normal [.text-message+&amp;]:mt-1\" dir=\"auto\" data-message-author-role=\"user\" data-message-id=\"f8ff4b01-0a2a-40cf-9d83-d36c8b19d943\">\n<div class=\"flex w-full flex-col gap-1 empty:hidden items-end rtl:items-start\">\n<div class=\"user-message-bubble-color relative rounded-[18px] px-4 py-1.5 data-[multiline]:py-3 max-w-[var(--user-chat-width,70%)]\" data-multiline=\"\">\n<div class=\"whitespace-pre-wrap\" style=\"padding-left: 40px;\">&#8220;C\u00e9line Nogueira is a born educator and has initiated many workshops with the Stella Adler Studio of Acting working closely with our master teachers. I count her among very few who truly understand and appreciate the work and spirit of Stella Adler.&#8221;<\/div>\n<div class=\"whitespace-pre-wrap\" style=\"padding-left: 40px;\">\u2014 <em data-start=\"324\" data-end=\"394\" data-is-last-node=\"\">Tom Oppenheim, Artistic director of the Stella Adler Studio of Acting<\/em><\/div>\n<\/div>\n<\/div>\n<\/div>\n<\/div>\n<\/div>\n<\/div>\n<\/article>\n<p>&nbsp;<\/p>\n<p><iframe loading=\"lazy\" title=\"Rencontre avec Jacques Demange et C\u00e9line Nogueira\" width=\"410\" height=\"231\" src=\"https:\/\/www.youtube.com\/embed\/GgCzTlhJU_U?feature=oembed\" frameborder=\"0\" allow=\"accelerometer; autoplay; clipboard-write; encrypted-media; gyroscope; picture-in-picture; web-share\" referrerpolicy=\"strict-origin-when-cross-origin\" allowfullscreen><\/iframe><\/p>\n<p>&nbsp;<\/p>\n<p><img loading=\"lazy\" class=\"alignnone wp-image-1524\" src=\"https:\/\/innocentia-inviolata.fr\/wp-content\/uploads\/PIC-stage-Ron6-308x410.jpeg\" alt=\"\" width=\"196\" height=\"261\" srcset=\"https:\/\/innocentia-inviolata.fr\/wp-content\/uploads\/PIC-stage-Ron6-308x410.jpeg 308w, https:\/\/innocentia-inviolata.fr\/wp-content\/uploads\/PIC-stage-Ron6-768x1024.jpeg 768w, https:\/\/innocentia-inviolata.fr\/wp-content\/uploads\/PIC-stage-Ron6-1152x1536.jpeg 1152w, https:\/\/innocentia-inviolata.fr\/wp-content\/uploads\/PIC-stage-Ron6.jpeg 1512w\" sizes=\"(max-width: 196px) 100vw, 196px\" \/><img loading=\"lazy\" class=\"alignnone wp-image-1519\" src=\"https:\/\/innocentia-inviolata.fr\/wp-content\/uploads\/PIC-Stage-ron--410x403.jpeg\" alt=\"\" width=\"264\" height=\"259\" srcset=\"https:\/\/innocentia-inviolata.fr\/wp-content\/uploads\/PIC-Stage-ron--410x403.jpeg 410w, https:\/\/innocentia-inviolata.fr\/wp-content\/uploads\/PIC-Stage-ron--1024x1006.jpeg 1024w, https:\/\/innocentia-inviolata.fr\/wp-content\/uploads\/PIC-Stage-ron--768x755.jpeg 768w, https:\/\/innocentia-inviolata.fr\/wp-content\/uploads\/PIC-Stage-ron--1536x1510.jpeg 1536w, https:\/\/innocentia-inviolata.fr\/wp-content\/uploads\/PIC-Stage-ron-.jpeg 1923w\" sizes=\"(max-width: 264px) 100vw, 264px\" \/><span style=\"color: #993366;\">C\u00e9line Nogueira &amp; Ron Burrus<\/span><img loading=\"lazy\" class=\"alignnone wp-image-1523\" src=\"https:\/\/innocentia-inviolata.fr\/wp-content\/uploads\/pic-stage-ron-5-410x308.jpeg\" alt=\"\" width=\"344\" height=\"258\" srcset=\"https:\/\/innocentia-inviolata.fr\/wp-content\/uploads\/pic-stage-ron-5-410x308.jpeg 410w, https:\/\/innocentia-inviolata.fr\/wp-content\/uploads\/pic-stage-ron-5-1024x768.jpeg 1024w, https:\/\/innocentia-inviolata.fr\/wp-content\/uploads\/pic-stage-ron-5-768x576.jpeg 768w, https:\/\/innocentia-inviolata.fr\/wp-content\/uploads\/pic-stage-ron-5-1536x1152.jpeg 1536w, https:\/\/innocentia-inviolata.fr\/wp-content\/uploads\/pic-stage-ron-5.jpeg 2016w\" sizes=\"(max-width: 344px) 100vw, 344px\" \/><span style=\"color: #993366;\">\u00a0<\/span><\/p>\n<p>Not only does she transmit the words and specific definitions of Stella Adler, but she also passes on the philosophy and the very &#8220;art of life&#8221; which lies underneath the tools, exercices and techniques.<\/p>\n<p>Besides her weekly and monthly training-events, she has been transmitting the techniques and her own organic approach through classes, workshops, master classes and conferences : La Cin\u00e9math\u00e8que de Toulouse, Th\u00e9\u00e2tre La Cit\u00e9, Conservatoire d&#8217;Art Dramatique de Toulouse, Centre chor\u00e9graphique James Carl\u00e8s, Universit\u00e9 Toulouse Jean Jaur\u00e8s, L&#8217;Universit\u00e9 de Pau et des Pays de l&#8217;Adour , Th\u00e9\u00e2tre Le Ring, HEC Paris, Inspe Sorbonne Universit\u00e9, Th\u00e9\u00e2tre Les Th\u00e9nardiers, Paris.<\/p>\n<p>She has been teaching and directing <a href=\"https:\/\/innocentia-inviolata.fr\/fr\/creations\/\" target=\"_blank\" rel=\"noopener\">2 movement pieces<\/a> at Stella Adler Studio of New York<\/p>\n<p>Incorporating inputs from different cultures bringing together movement, yoga, voice, sensorial exploration and writing to create a specific approach and understanding of the techniques, C\u00e9line&#8217;s teachings are inspired by her experiences with Ron Burrus, Yoshi Oida, Slava Dolgatchev, Jimmy Tripp, Philip Seymour Hoffman, Fay Simpson, Ariane Mnouchkine, Ehrard Stiefel, Heddy Maalem.<\/p>\n<p style=\"text-align: left; padding-left: 40px;\">&#8220;<em>C\u00e9line Nogueira is the perfect partner for us (&#8230;) She is a wonderful actress with a very broad understanding of performance, a strong director and theater maker, and a very capable thinker and writer about theater and drama.<\/em>&#8221; &#8211; Tom Oppenheim, director of the New York Stella Adler Studio of Acting.<\/p>\n<p style=\"text-align: left; padding-left: 40px;\"><em>\u201cC\u00e9line\u2019s approach is strong and disciplined. The project gave me a source of inspiration that I had forgotten\u201d<\/em>\u2013 Ritesh, NYU actor<\/p>\n<p style=\"text-align: left; padding-left: 40px;\"><em>&#8220;There is a method in her madness. And just the right amount of madness in her method&#8221;<\/em> &#8211; Luke Askance, English Artist.<\/p>\n<p>&nbsp;<\/p>\n<p style=\"text-align: center;\"><strong>Acting in English <\/strong><\/p>\n<p style=\"text-align: center;\"><strong>Intensive Workshops <\/strong><\/p>\n<p style=\"text-align: center;\"><strong>Coaching<\/strong><\/p>\n<p style=\"text-align: center;\"><strong>Communication Seminars <\/strong><\/p>\n<p style=\"text-align: center;\">contact@innocentia-inviolata.fr<\/p>\n<p style=\"text-align: center;\">\n<p><\/p>","protected":false},"excerpt":{"rendered":"<p>&#8220;C\u00e9line Nogueira is a born educator and has initiated many workshops with the Stella Adler Studio of Acting working closely with our master teachers. I count her among very few who truly understand and appreciate the work and spirit of Stella Adler.&#8221; \u2014 Tom Oppenheim, Artistic director of the Stella Adler Studio of Acting &nbsp;&nbsp;<a href=\"https:\/\/innocentia-inviolata.fr\/en\/training-courses-workshops-coaching\/\">Read more<\/a><\/p>\n","protected":false},"author":1,"featured_media":1520,"parent":0,"menu_order":2,"comment_status":"closed","ping_status":"open","template":"","meta":[],"categories":[],"tags":[],"yoast_head":"<!-- This site is optimized with the Yoast SEO plugin v18.1 - https:\/\/yoast.com\/wordpress\/plugins\/seo\/ -->\n<meta name=\"robots\" content=\"index, follow, max-snippet:-1, max-image-preview:large, max-video-preview:-1\" \/>\n<link rel=\"canonical\" href=\"https:\/\/innocentia-inviolata.fr\/en\/training-courses-workshops-coaching\/\" \/>\n<meta property=\"og:locale\" content=\"en_US\" \/>\n<meta property=\"og:type\" content=\"article\" \/>\n<meta property=\"og:title\" content=\"International Training Program - INNOCENTIA INVIOLATA\" \/>\n<meta property=\"og:description\" content=\"&#8220;C\u00e9line Nogueira is a born educator and has initiated many workshops with the Stella Adler Studio of Acting working closely with our master teachers. I count her among very few who truly understand and appreciate the work and spirit of Stella Adler.&#8221; \u2014 Tom Oppenheim, Artistic director of the Stella Adler Studio of Acting &nbsp;&nbsp;Read more\" \/>\n<meta property=\"og:url\" content=\"https:\/\/innocentia-inviolata.fr\/en\/training-courses-workshops-coaching\/\" \/>\n<meta property=\"og:site_name\" content=\"INNOCENTIA INVIOLATA\" \/>\n<meta property=\"article:publisher\" content=\"https:\/\/fr-fr.facebook.com\/innocentia.inviolata.9\" \/>\n<meta property=\"article:modified_time\" content=\"2025-10-29T15:30:39+00:00\" \/>\n<meta property=\"og:image\" content=\"https:\/\/innocentia-inviolata.fr\/wp-content\/uploads\/PIC-stage-ron-2.jpeg\" \/>\n\t<meta property=\"og:image:width\" content=\"1891\" \/>\n\t<meta property=\"og:image:height\" content=\"1512\" \/>\n\t<meta property=\"og:image:type\" content=\"image\/jpeg\" \/>\n<meta name=\"twitter:card\" content=\"summary_large_image\" \/>\n<meta name=\"twitter:label1\" content=\"Est. reading time\" \/>\n\t<meta name=\"twitter:data1\" content=\"2 minutes\" \/>\n<script type=\"application\/ld+json\" class=\"yoast-schema-graph\">{\"@context\":\"https:\/\/schema.org\",\"@graph\":[{\"@type\":\"Organization\",\"@id\":\"https:\/\/innocentia-inviolata.fr\/en\/#organization\",\"name\":\"Innocentia Inviolata\",\"url\":\"https:\/\/innocentia-inviolata.fr\/en\/\",\"sameAs\":[\"https:\/\/fr-fr.facebook.com\/innocentia.inviolata.9\"],\"logo\":{\"@type\":\"ImageObject\",\"@id\":\"https:\/\/innocentia-inviolata.fr\/en\/#logo\",\"inLanguage\":\"en-US\",\"url\":\"https:\/\/innocentia-inviolata.fr\/wp-content\/uploads\/screenshot.png\",\"contentUrl\":\"https:\/\/innocentia-inviolata.fr\/wp-content\/uploads\/screenshot.png\",\"width\":300,\"height\":225,\"caption\":\"Innocentia Inviolata\"},\"image\":{\"@id\":\"https:\/\/innocentia-inviolata.fr\/en\/#logo\"}},{\"@type\":\"WebSite\",\"@id\":\"https:\/\/innocentia-inviolata.fr\/en\/#website\",\"url\":\"https:\/\/innocentia-inviolata.fr\/en\/\",\"name\":\"INNOCENTIA INVIOLATA\",\"description\":\"Direction C\u00e9line Nogueira\",\"publisher\":{\"@id\":\"https:\/\/innocentia-inviolata.fr\/en\/#organization\"},\"potentialAction\":[{\"@type\":\"SearchAction\",\"target\":{\"@type\":\"EntryPoint\",\"urlTemplate\":\"https:\/\/innocentia-inviolata.fr\/en\/?s={search_term_string}\"},\"query-input\":\"required name=search_term_string\"}],\"inLanguage\":\"en-US\"},{\"@type\":\"ImageObject\",\"@id\":\"https:\/\/innocentia-inviolata.fr\/en\/training-courses-workshops-coaching\/#primaryimage\",\"inLanguage\":\"en-US\",\"url\":\"https:\/\/innocentia-inviolata.fr\/wp-content\/uploads\/PIC-stage-ron-2.jpeg\",\"contentUrl\":\"https:\/\/innocentia-inviolata.fr\/wp-content\/uploads\/PIC-stage-ron-2.jpeg\",\"width\":1891,\"height\":1512},{\"@type\":\"WebPage\",\"@id\":\"https:\/\/innocentia-inviolata.fr\/en\/training-courses-workshops-coaching\/#webpage\",\"url\":\"https:\/\/innocentia-inviolata.fr\/en\/training-courses-workshops-coaching\/\",\"name\":\"International Training Program - INNOCENTIA INVIOLATA\",\"isPartOf\":{\"@id\":\"https:\/\/innocentia-inviolata.fr\/en\/#website\"},\"primaryImageOfPage\":{\"@id\":\"https:\/\/innocentia-inviolata.fr\/en\/training-courses-workshops-coaching\/#primaryimage\"},\"datePublished\":\"2013-06-17T22:38:21+00:00\",\"dateModified\":\"2025-10-29T15:30:39+00:00\",\"breadcrumb\":{\"@id\":\"https:\/\/innocentia-inviolata.fr\/en\/training-courses-workshops-coaching\/#breadcrumb\"},\"inLanguage\":\"en-US\",\"potentialAction\":[{\"@type\":\"ReadAction\",\"target\":[[\"https:\/\/innocentia-inviolata.fr\/en\/training-courses-workshops-coaching\/\"]]}]},{\"@type\":\"BreadcrumbList\",\"@id\":\"https:\/\/innocentia-inviolata.fr\/en\/training-courses-workshops-coaching\/#breadcrumb\",\"itemListElement\":[{\"@type\":\"ListItem\",\"position\":1,\"name\":\"Home\",\"item\":\"https:\/\/innocentia-inviolata.fr\/en\/\"},{\"@type\":\"ListItem\",\"position\":2,\"name\":\"International Training Program\"}]}]}<\/script>\n<!-- \/ Yoast SEO plugin. -->","yoast_head_json":{"robots":{"index":"index","follow":"follow","max-snippet":"max-snippet:-1","max-image-preview":"max-image-preview:large","max-video-preview":"max-video-preview:-1"},"canonical":"https:\/\/innocentia-inviolata.fr\/en\/training-courses-workshops-coaching\/","og_locale":"en_US","og_type":"article","og_title":"International Training Program - INNOCENTIA INVIOLATA","og_description":"&#8220;C\u00e9line Nogueira is a born educator and has initiated many workshops with the Stella Adler Studio of Acting working closely with our master teachers. I count her among very few who truly understand and appreciate the work and spirit of Stella Adler.&#8221; \u2014 Tom Oppenheim, Artistic director of the Stella Adler Studio of Acting &nbsp;&nbsp;Read more","og_url":"https:\/\/innocentia-inviolata.fr\/en\/training-courses-workshops-coaching\/","og_site_name":"INNOCENTIA INVIOLATA","article_publisher":"https:\/\/fr-fr.facebook.com\/innocentia.inviolata.9","article_modified_time":"2025-10-29T15:30:39+00:00","og_image":[{"width":1891,"height":1512,"url":"https:\/\/innocentia-inviolata.fr\/wp-content\/uploads\/PIC-stage-ron-2.jpeg","type":"image\/jpeg"}],"twitter_card":"summary_large_image","twitter_misc":{"Est. reading time":"2 minutes"},"schema":{"@context":"https:\/\/schema.org","@graph":[{"@type":"Organization","@id":"https:\/\/innocentia-inviolata.fr\/en\/#organization","name":"Innocentia Inviolata","url":"https:\/\/innocentia-inviolata.fr\/en\/","sameAs":["https:\/\/fr-fr.facebook.com\/innocentia.inviolata.9"],"logo":{"@type":"ImageObject","@id":"https:\/\/innocentia-inviolata.fr\/en\/#logo","inLanguage":"en-US","url":"https:\/\/innocentia-inviolata.fr\/wp-content\/uploads\/screenshot.png","contentUrl":"https:\/\/innocentia-inviolata.fr\/wp-content\/uploads\/screenshot.png","width":300,"height":225,"caption":"Innocentia Inviolata"},"image":{"@id":"https:\/\/innocentia-inviolata.fr\/en\/#logo"}},{"@type":"WebSite","@id":"https:\/\/innocentia-inviolata.fr\/en\/#website","url":"https:\/\/innocentia-inviolata.fr\/en\/","name":"INNOCENTIA INVIOLATA","description":"Direction C\u00e9line Nogueira","publisher":{"@id":"https:\/\/innocentia-inviolata.fr\/en\/#organization"},"potentialAction":[{"@type":"SearchAction","target":{"@type":"EntryPoint","urlTemplate":"https:\/\/innocentia-inviolata.fr\/en\/?s={search_term_string}"},"query-input":"required name=search_term_string"}],"inLanguage":"en-US"},{"@type":"ImageObject","@id":"https:\/\/innocentia-inviolata.fr\/en\/training-courses-workshops-coaching\/#primaryimage","inLanguage":"en-US","url":"https:\/\/innocentia-inviolata.fr\/wp-content\/uploads\/PIC-stage-ron-2.jpeg","contentUrl":"https:\/\/innocentia-inviolata.fr\/wp-content\/uploads\/PIC-stage-ron-2.jpeg","width":1891,"height":1512},{"@type":"WebPage","@id":"https:\/\/innocentia-inviolata.fr\/en\/training-courses-workshops-coaching\/#webpage","url":"https:\/\/innocentia-inviolata.fr\/en\/training-courses-workshops-coaching\/","name":"International Training Program - INNOCENTIA INVIOLATA","isPartOf":{"@id":"https:\/\/innocentia-inviolata.fr\/en\/#website"},"primaryImageOfPage":{"@id":"https:\/\/innocentia-inviolata.fr\/en\/training-courses-workshops-coaching\/#primaryimage"},"datePublished":"2013-06-17T22:38:21+00:00","dateModified":"2025-10-29T15:30:39+00:00","breadcrumb":{"@id":"https:\/\/innocentia-inviolata.fr\/en\/training-courses-workshops-coaching\/#breadcrumb"},"inLanguage":"en-US","potentialAction":[{"@type":"ReadAction","target":[["https:\/\/innocentia-inviolata.fr\/en\/training-courses-workshops-coaching\/"]]}]},{"@type":"BreadcrumbList","@id":"https:\/\/innocentia-inviolata.fr\/en\/training-courses-workshops-coaching\/#breadcrumb","itemListElement":[{"@type":"ListItem","position":1,"name":"Home","item":"https:\/\/innocentia-inviolata.fr\/en\/"},{"@type":"ListItem","position":2,"name":"International Training Program"}]}]}},"_links":{"self":[{"href":"https:\/\/innocentia-inviolata.fr\/en\/wp-json\/wp\/v2\/pages\/44"}],"collection":[{"href":"https:\/\/innocentia-inviolata.fr\/en\/wp-json\/wp\/v2\/pages"}],"about":[{"href":"https:\/\/innocentia-inviolata.fr\/en\/wp-json\/wp\/v2\/types\/page"}],"author":[{"embeddable":true,"href":"https:\/\/innocentia-inviolata.fr\/en\/wp-json\/wp\/v2\/users\/1"}],"replies":[{"embeddable":true,"href":"https:\/\/innocentia-inviolata.fr\/en\/wp-json\/wp\/v2\/comments?post=44"}],"version-history":[{"count":97,"href":"https:\/\/innocentia-inviolata.fr\/en\/wp-json\/wp\/v2\/pages\/44\/revisions"}],"predecessor-version":[{"id":2012,"href":"https:\/\/innocentia-inviolata.fr\/en\/wp-json\/wp\/v2\/pages\/44\/revisions\/2012"}],"wp:featuredmedia":[{"embeddable":true,"href":"https:\/\/innocentia-inviolata.fr\/en\/wp-json\/wp\/v2\/media\/1520"}],"wp:attachment":[{"href":"https:\/\/innocentia-inviolata.fr\/en\/wp-json\/wp\/v2\/media?parent=44"}],"wp:term":[{"taxonomy":"category","embeddable":true,"href":"https:\/\/innocentia-inviolata.fr\/en\/wp-json\/wp\/v2\/categories?post=44"},{"taxonomy":"post_tag","embeddable":true,"href":"https:\/\/innocentia-inviolata.fr\/en\/wp-json\/wp\/v2\/tags?post=44"}],"curies":[{"name":"wp","href":"https:\/\/api.w.org\/{rel}","templated":true}]}}