{"id":41,"date":"2013-06-17T22:30:30","date_gmt":"2013-06-17T22:30:30","guid":{"rendered":"https:\/\/innocentia-inviolata.fr\/?page_id=41"},"modified":"2025-09-20T09:57:21","modified_gmt":"2025-09-20T09:57:21","slug":"universities","status":"publish","type":"page","link":"https:\/\/innocentia-inviolata.fr\/en\/training-courses-workshops-coaching\/universities\/","title":{"rendered":"Toulouse Jean Jaur\u00e8s University (VOST)"},"content":{"rendered":"<p><\/p>\n<pre style=\"text-align: center;\"><em><span class=\"s1\">\"These productions were not merely performances; they were transformative journeys that have marked me deeply. \r\nThrough C\u00e9line\u2019s encouragement and guidance, I have begun to discover something of my creative potential. \r\nShe constantly encourages me to explore new perspectives, to go beyond the limits of my vulnerability, \r\nand to strive for excellence on and off the stage.\" \r\n(Richard, actor &amp; former teacher)\r\n\r\n<\/span><\/em><\/pre>\n<p><span class=\"s1\">Since 2009, C\u00e9line Nogueira has directed 12 plays in English, Portuguese and Sign language with the students at the Toulouse Jean-Jaur\u00e8s University- for the Theatre Festival <strong>Universc\u00e8nes<\/strong>.<\/span><\/p>\n<p><span class=\"s1\">With limited technical support and time, she develops a rigorous methodology, great compliance and inventiveness to overstep all normal bounds using all available means to meet her artistic priorities. These projects made her create homogeneous ensembles where all individualities would shine turning her attention towards uplifting individual stakes welcoming personal &amp; cultural sensitivities.<\/span><\/p>\n<p>The english-speaking and University-based Compagnie <strong>Les Soeurs Fatales<\/strong>\u00a0(french for the Weird Sisters), has entrusted C\u00e9line Nogueira\/Innocentia Inviolata with the direction of 9 artistic projects.<\/p>\n<p>With the portuguese-speaking company <strong>Brastugas<\/strong>, C\u00e9line Nogueira has directed &#8220;Todos o Nenhum&#8221; written by Joao Menino Vargas<\/p>\n<p>During 6 months students are professionnally trained and led to act in a play from the english-speaking repertoire.<\/p>\n<p>Shows : Th\u00e9\u00e2tre Les Mazades, La Fabrique, Th\u00e9\u00e2tre Sorano, Mac Chapou (Toulouse), La Gare aux Artistes (Montrab\u00e9), Ritu (Li\u00e8ge, Belgium), Fitut (Tanger, Morroco).<\/p>\n<p>&nbsp;<\/p>\n<p><img loading=\"lazy\" class=\"alignnone size-medium wp-image-1442\" src=\"https:\/\/innocentia-inviolata.fr\/wp-content\/uploads\/Hamlet-Valentino-Cocks-bis-404x410.jpeg\" alt=\"\" width=\"404\" height=\"410\" srcset=\"https:\/\/innocentia-inviolata.fr\/wp-content\/uploads\/Hamlet-Valentino-Cocks-bis-404x410.jpeg 404w, https:\/\/innocentia-inviolata.fr\/wp-content\/uploads\/Hamlet-Valentino-Cocks-bis-768x780.jpeg 768w, https:\/\/innocentia-inviolata.fr\/wp-content\/uploads\/Hamlet-Valentino-Cocks-bis.jpeg 780w\" sizes=\"(max-width: 404px) 100vw, 404px\" \/><\/p>\n<p><em>&#8220;C\u00e9line&#8217;s directing has nurtured my journey toward emancipation of the mind, body and spirit.<\/em><br \/>\n<em>Her keen eye for detail, akin to that of an eagle, has inspired me to cultivate a similar level of<\/em><br \/>\n<em>attention. Under her wing, what began as a simple curiosity has since incubated, hatched, and<\/em><br \/>\n<em>taken flight, evolving into a way of life both on and off the stage. For that, I am truly grateful.&#8221;<\/em><\/p>\n<p>Valentino, training actor, recipient of the &#8220;Best Male Actor&#8221; Prize at the International University Theatre Festival of Tanger, 2023.<\/p>\n<p><iframe loading=\"lazy\" title=\"Patriarchy (Trailer VOstFR) Dir. C\u00e9line Nogueira\" width=\"410\" height=\"231\" src=\"https:\/\/www.youtube.com\/embed\/tpjf1U862iI?feature=oembed\" frameborder=\"0\" allow=\"accelerometer; autoplay; clipboard-write; encrypted-media; gyroscope; picture-in-picture; web-share\" referrerpolicy=\"strict-origin-when-cross-origin\" allowfullscreen><\/iframe><\/p>\n<p><iframe loading=\"lazy\" title=\"Macbeth  \/ Celine Nogueira \/ cie les soeurs fatales\" width=\"410\" height=\"231\" src=\"https:\/\/www.youtube.com\/embed\/tlkQI--42tU?feature=oembed\" frameborder=\"0\" allow=\"accelerometer; autoplay; clipboard-write; encrypted-media; gyroscope; picture-in-picture; web-share\" referrerpolicy=\"strict-origin-when-cross-origin\" allowfullscreen><\/iframe><\/p>\n<p><iframe loading=\"lazy\" title=\"STAND UP FOR BASTARDS ! (Trailer VO) Dir. C\u00e9line Nogueira\" width=\"410\" height=\"231\" src=\"https:\/\/www.youtube.com\/embed\/A-CaiSMkTGI?feature=oembed\" frameborder=\"0\" allow=\"accelerometer; autoplay; clipboard-write; encrypted-media; gyroscope; picture-in-picture; web-share\" referrerpolicy=\"strict-origin-when-cross-origin\" allowfullscreen><\/iframe><\/p>\n<p>https:\/\/www.youtube.com\/watch?v=_3yq0t2vnFE<\/p>","protected":false},"excerpt":{"rendered":"<p>&#8220;These productions were not merely performances; they were transformative journeys that have marked me deeply. Through C\u00e9line\u2019s encouragement and guidance, I have begun to discover something of my creative potential. She constantly encourages me to explore new perspectives, to go beyond the limits of my vulnerability, and to strive for excellence on and off the&nbsp;<a href=\"https:\/\/innocentia-inviolata.fr\/en\/training-courses-workshops-coaching\/universities\/\">Read more<\/a><\/p>\n","protected":false},"author":1,"featured_media":667,"parent":44,"menu_order":4,"comment_status":"closed","ping_status":"closed","template":"home.php","meta":[],"categories":[17],"tags":[],"yoast_head":"<!-- This site is optimized with the Yoast SEO plugin v18.1 - https:\/\/yoast.com\/wordpress\/plugins\/seo\/ -->\n<meta name=\"robots\" content=\"index, follow, max-snippet:-1, max-image-preview:large, max-video-preview:-1\" \/>\n<link rel=\"canonical\" href=\"https:\/\/innocentia-inviolata.fr\/en\/training-courses-workshops-coaching\/universities\/\" \/>\n<meta property=\"og:locale\" content=\"en_US\" \/>\n<meta property=\"og:type\" content=\"article\" \/>\n<meta property=\"og:title\" content=\"Toulouse Jean Jaur\u00e8s University (VOST) - INNOCENTIA INVIOLATA\" \/>\n<meta property=\"og:description\" content=\"&quot;These productions were not merely performances; they were transformative journeys that have marked me deeply. Through C\u00e9line\u2019s encouragement and guidance, I have begun to discover something of my creative potential. She constantly encourages me to explore new perspectives, to go beyond the limits of my vulnerability, and to strive for excellence on and off the&nbsp;Read more\" \/>\n<meta property=\"og:url\" content=\"https:\/\/innocentia-inviolata.fr\/en\/training-courses-workshops-coaching\/universities\/\" \/>\n<meta property=\"og:site_name\" content=\"INNOCENTIA INVIOLATA\" \/>\n<meta property=\"article:publisher\" content=\"https:\/\/fr-fr.facebook.com\/innocentia.inviolata.9\" \/>\n<meta property=\"article:modified_time\" content=\"2025-09-20T09:57:21+00:00\" \/>\n<meta property=\"og:image\" content=\"https:\/\/innocentia-inviolata.fr\/wp-content\/uploads\/thetalkingcure.gif\" \/>\n\t<meta property=\"og:image:width\" content=\"1143\" \/>\n\t<meta property=\"og:image:height\" content=\"703\" \/>\n\t<meta property=\"og:image:type\" content=\"image\/gif\" \/>\n<meta name=\"twitter:card\" content=\"summary_large_image\" \/>\n<meta name=\"twitter:label1\" content=\"Est. reading time\" \/>\n\t<meta name=\"twitter:data1\" content=\"1 minute\" \/>\n<script type=\"application\/ld+json\" class=\"yoast-schema-graph\">{\"@context\":\"https:\/\/schema.org\",\"@graph\":[{\"@type\":\"Organization\",\"@id\":\"https:\/\/innocentia-inviolata.fr\/en\/#organization\",\"name\":\"Innocentia Inviolata\",\"url\":\"https:\/\/innocentia-inviolata.fr\/en\/\",\"sameAs\":[\"https:\/\/fr-fr.facebook.com\/innocentia.inviolata.9\"],\"logo\":{\"@type\":\"ImageObject\",\"@id\":\"https:\/\/innocentia-inviolata.fr\/en\/#logo\",\"inLanguage\":\"en-US\",\"url\":\"https:\/\/innocentia-inviolata.fr\/wp-content\/uploads\/screenshot.png\",\"contentUrl\":\"https:\/\/innocentia-inviolata.fr\/wp-content\/uploads\/screenshot.png\",\"width\":300,\"height\":225,\"caption\":\"Innocentia Inviolata\"},\"image\":{\"@id\":\"https:\/\/innocentia-inviolata.fr\/en\/#logo\"}},{\"@type\":\"WebSite\",\"@id\":\"https:\/\/innocentia-inviolata.fr\/en\/#website\",\"url\":\"https:\/\/innocentia-inviolata.fr\/en\/\",\"name\":\"INNOCENTIA INVIOLATA\",\"description\":\"Direction C\u00e9line Nogueira\",\"publisher\":{\"@id\":\"https:\/\/innocentia-inviolata.fr\/en\/#organization\"},\"potentialAction\":[{\"@type\":\"SearchAction\",\"target\":{\"@type\":\"EntryPoint\",\"urlTemplate\":\"https:\/\/innocentia-inviolata.fr\/en\/?s={search_term_string}\"},\"query-input\":\"required name=search_term_string\"}],\"inLanguage\":\"en-US\"},{\"@type\":\"ImageObject\",\"@id\":\"https:\/\/innocentia-inviolata.fr\/en\/training-courses-workshops-coaching\/universities\/#primaryimage\",\"inLanguage\":\"en-US\",\"url\":\"https:\/\/innocentia-inviolata.fr\/wp-content\/uploads\/thetalkingcure.gif\",\"contentUrl\":\"https:\/\/innocentia-inviolata.fr\/wp-content\/uploads\/thetalkingcure.gif\",\"width\":1143,\"height\":703},{\"@type\":\"WebPage\",\"@id\":\"https:\/\/innocentia-inviolata.fr\/en\/training-courses-workshops-coaching\/universities\/#webpage\",\"url\":\"https:\/\/innocentia-inviolata.fr\/en\/training-courses-workshops-coaching\/universities\/\",\"name\":\"Toulouse Jean Jaur\u00e8s University (VOST) - INNOCENTIA INVIOLATA\",\"isPartOf\":{\"@id\":\"https:\/\/innocentia-inviolata.fr\/en\/#website\"},\"primaryImageOfPage\":{\"@id\":\"https:\/\/innocentia-inviolata.fr\/en\/training-courses-workshops-coaching\/universities\/#primaryimage\"},\"datePublished\":\"2013-06-17T22:30:30+00:00\",\"dateModified\":\"2025-09-20T09:57:21+00:00\",\"breadcrumb\":{\"@id\":\"https:\/\/innocentia-inviolata.fr\/en\/training-courses-workshops-coaching\/universities\/#breadcrumb\"},\"inLanguage\":\"en-US\",\"potentialAction\":[{\"@type\":\"ReadAction\",\"target\":[[\"https:\/\/innocentia-inviolata.fr\/en\/training-courses-workshops-coaching\/universities\/\"]]}]},{\"@type\":\"BreadcrumbList\",\"@id\":\"https:\/\/innocentia-inviolata.fr\/en\/training-courses-workshops-coaching\/universities\/#breadcrumb\",\"itemListElement\":[{\"@type\":\"ListItem\",\"position\":1,\"name\":\"Home\",\"item\":\"https:\/\/innocentia-inviolata.fr\/en\/\"},{\"@type\":\"ListItem\",\"position\":2,\"name\":\"International Training Program\",\"item\":\"https:\/\/innocentia-inviolata.fr\/en\/training-courses-workshops-coaching\/\"},{\"@type\":\"ListItem\",\"position\":3,\"name\":\"Toulouse Jean Jaur\u00e8s University (VOST)\"}]}]}<\/script>\n<!-- \/ Yoast SEO plugin. -->","yoast_head_json":{"robots":{"index":"index","follow":"follow","max-snippet":"max-snippet:-1","max-image-preview":"max-image-preview:large","max-video-preview":"max-video-preview:-1"},"canonical":"https:\/\/innocentia-inviolata.fr\/en\/training-courses-workshops-coaching\/universities\/","og_locale":"en_US","og_type":"article","og_title":"Toulouse Jean Jaur\u00e8s University (VOST) - INNOCENTIA INVIOLATA","og_description":"\"These productions were not merely performances; they were transformative journeys that have marked me deeply. Through C\u00e9line\u2019s encouragement and guidance, I have begun to discover something of my creative potential. She constantly encourages me to explore new perspectives, to go beyond the limits of my vulnerability, and to strive for excellence on and off the&nbsp;Read more","og_url":"https:\/\/innocentia-inviolata.fr\/en\/training-courses-workshops-coaching\/universities\/","og_site_name":"INNOCENTIA INVIOLATA","article_publisher":"https:\/\/fr-fr.facebook.com\/innocentia.inviolata.9","article_modified_time":"2025-09-20T09:57:21+00:00","og_image":[{"width":1143,"height":703,"url":"https:\/\/innocentia-inviolata.fr\/wp-content\/uploads\/thetalkingcure.gif","type":"image\/gif"}],"twitter_card":"summary_large_image","twitter_misc":{"Est. reading time":"1 minute"},"schema":{"@context":"https:\/\/schema.org","@graph":[{"@type":"Organization","@id":"https:\/\/innocentia-inviolata.fr\/en\/#organization","name":"Innocentia Inviolata","url":"https:\/\/innocentia-inviolata.fr\/en\/","sameAs":["https:\/\/fr-fr.facebook.com\/innocentia.inviolata.9"],"logo":{"@type":"ImageObject","@id":"https:\/\/innocentia-inviolata.fr\/en\/#logo","inLanguage":"en-US","url":"https:\/\/innocentia-inviolata.fr\/wp-content\/uploads\/screenshot.png","contentUrl":"https:\/\/innocentia-inviolata.fr\/wp-content\/uploads\/screenshot.png","width":300,"height":225,"caption":"Innocentia Inviolata"},"image":{"@id":"https:\/\/innocentia-inviolata.fr\/en\/#logo"}},{"@type":"WebSite","@id":"https:\/\/innocentia-inviolata.fr\/en\/#website","url":"https:\/\/innocentia-inviolata.fr\/en\/","name":"INNOCENTIA INVIOLATA","description":"Direction C\u00e9line Nogueira","publisher":{"@id":"https:\/\/innocentia-inviolata.fr\/en\/#organization"},"potentialAction":[{"@type":"SearchAction","target":{"@type":"EntryPoint","urlTemplate":"https:\/\/innocentia-inviolata.fr\/en\/?s={search_term_string}"},"query-input":"required name=search_term_string"}],"inLanguage":"en-US"},{"@type":"ImageObject","@id":"https:\/\/innocentia-inviolata.fr\/en\/training-courses-workshops-coaching\/universities\/#primaryimage","inLanguage":"en-US","url":"https:\/\/innocentia-inviolata.fr\/wp-content\/uploads\/thetalkingcure.gif","contentUrl":"https:\/\/innocentia-inviolata.fr\/wp-content\/uploads\/thetalkingcure.gif","width":1143,"height":703},{"@type":"WebPage","@id":"https:\/\/innocentia-inviolata.fr\/en\/training-courses-workshops-coaching\/universities\/#webpage","url":"https:\/\/innocentia-inviolata.fr\/en\/training-courses-workshops-coaching\/universities\/","name":"Toulouse Jean Jaur\u00e8s University (VOST) - INNOCENTIA INVIOLATA","isPartOf":{"@id":"https:\/\/innocentia-inviolata.fr\/en\/#website"},"primaryImageOfPage":{"@id":"https:\/\/innocentia-inviolata.fr\/en\/training-courses-workshops-coaching\/universities\/#primaryimage"},"datePublished":"2013-06-17T22:30:30+00:00","dateModified":"2025-09-20T09:57:21+00:00","breadcrumb":{"@id":"https:\/\/innocentia-inviolata.fr\/en\/training-courses-workshops-coaching\/universities\/#breadcrumb"},"inLanguage":"en-US","potentialAction":[{"@type":"ReadAction","target":[["https:\/\/innocentia-inviolata.fr\/en\/training-courses-workshops-coaching\/universities\/"]]}]},{"@type":"BreadcrumbList","@id":"https:\/\/innocentia-inviolata.fr\/en\/training-courses-workshops-coaching\/universities\/#breadcrumb","itemListElement":[{"@type":"ListItem","position":1,"name":"Home","item":"https:\/\/innocentia-inviolata.fr\/en\/"},{"@type":"ListItem","position":2,"name":"International Training Program","item":"https:\/\/innocentia-inviolata.fr\/en\/training-courses-workshops-coaching\/"},{"@type":"ListItem","position":3,"name":"Toulouse Jean Jaur\u00e8s University (VOST)"}]}]}},"_links":{"self":[{"href":"https:\/\/innocentia-inviolata.fr\/en\/wp-json\/wp\/v2\/pages\/41"}],"collection":[{"href":"https:\/\/innocentia-inviolata.fr\/en\/wp-json\/wp\/v2\/pages"}],"about":[{"href":"https:\/\/innocentia-inviolata.fr\/en\/wp-json\/wp\/v2\/types\/page"}],"author":[{"embeddable":true,"href":"https:\/\/innocentia-inviolata.fr\/en\/wp-json\/wp\/v2\/users\/1"}],"replies":[{"embeddable":true,"href":"https:\/\/innocentia-inviolata.fr\/en\/wp-json\/wp\/v2\/comments?post=41"}],"version-history":[{"count":90,"href":"https:\/\/innocentia-inviolata.fr\/en\/wp-json\/wp\/v2\/pages\/41\/revisions"}],"predecessor-version":[{"id":1962,"href":"https:\/\/innocentia-inviolata.fr\/en\/wp-json\/wp\/v2\/pages\/41\/revisions\/1962"}],"up":[{"embeddable":true,"href":"https:\/\/innocentia-inviolata.fr\/en\/wp-json\/wp\/v2\/pages\/44"}],"wp:featuredmedia":[{"embeddable":true,"href":"https:\/\/innocentia-inviolata.fr\/en\/wp-json\/wp\/v2\/media\/667"}],"wp:attachment":[{"href":"https:\/\/innocentia-inviolata.fr\/en\/wp-json\/wp\/v2\/media?parent=41"}],"wp:term":[{"taxonomy":"category","embeddable":true,"href":"https:\/\/innocentia-inviolata.fr\/en\/wp-json\/wp\/v2\/categories?post=41"},{"taxonomy":"post_tag","embeddable":true,"href":"https:\/\/innocentia-inviolata.fr\/en\/wp-json\/wp\/v2\/tags?post=41"}],"curies":[{"name":"wp","href":"https:\/\/api.w.org\/{rel}","templated":true}]}}