{"id":35,"date":"2013-06-17T22:21:18","date_gmt":"2013-06-17T22:21:18","guid":{"rendered":"https:\/\/innocentia-inviolata.fr\/?page_id=35"},"modified":"2024-02-09T10:33:31","modified_gmt":"2024-02-09T10:33:31","slug":"hysterica-passio","status":"publish","type":"page","link":"https:\/\/innocentia-inviolata.fr\/en\/creations\/murder-ballads-w-i-p-inspired-by-blue-beard\/","title":{"rendered":"MURDER BALLADS 2010"},"content":{"rendered":"<p>Work in progress inspired by Blue Beard<br \/>\nDirection : C\u00e9line Nogueira<br \/>\n@The\u00e2tre de La Digue, Toulouse, 2010<\/p>\n<p><iframe loading=\"lazy\" title=\"MURDER BALLADS \/ Barbe Bleue (Trailer) Dir. C\u00e9line Nogueira\" width=\"410\" height=\"231\" src=\"https:\/\/www.youtube.com\/embed\/SLBL0gRNz-w?feature=oembed\" frameborder=\"0\" allow=\"accelerometer; autoplay; clipboard-write; encrypted-media; gyroscope; picture-in-picture; web-share\" allowfullscreen><\/iframe><\/p>\n<p>With Catherine Beilin, Laureline Dalmau, William Deslandes, Nicolas Giret-Famin, C\u00e9line Nogueira, Luke Tinsen<\/p>\n<p><img loading=\"lazy\" class=\"alignnone size-medium wp-image-202\" src=\"https:\/\/innocentia-inviolata.fr\/wp-content\/uploads\/barbe-bleue5-300x240.gif\" alt=\"\" width=\"300\" height=\"240\" \/><br \/>\n<img loading=\"lazy\" src=\"https:\/\/innocentia-inviolata.fr\/wp-content\/uploads\/barbe-bleue91-300x240.gif\" alt=\"barbe bleue9\" width=\"300\" height=\"240\" \/><br \/>\n<img loading=\"lazy\" src=\"https:\/\/innocentia-inviolata.fr\/wp-content\/uploads\/barbe-bleue10-300x240.gif\" alt=\"barbe bleue10\" width=\"300\" height=\"240\" \/><br \/>\n<img loading=\"lazy\" src=\"https:\/\/innocentia-inviolata.fr\/wp-content\/uploads\/barbe-bleue11-300x240.gif\" alt=\"barbe bleue11\" width=\"300\" height=\"240\" \/><br \/>\n<img loading=\"lazy\" src=\"https:\/\/innocentia-inviolata.fr\/wp-content\/uploads\/barbe-bleue14-300x240.gif\" alt=\"barbe bleue14\" width=\"300\" height=\"240\" \/><br \/>\n<img loading=\"lazy\" src=\"https:\/\/innocentia-inviolata.fr\/wp-content\/uploads\/barbe-bleue17-300x240.gif\" alt=\"barbe bleue17\" width=\"300\" height=\"240\" \/><br \/>\n<img loading=\"lazy\" src=\"https:\/\/innocentia-inviolata.fr\/wp-content\/uploads\/barbe-bleue18-300x240.gif\" alt=\"barbe bleue18\" width=\"300\" height=\"240\" \/><br \/>\n<img loading=\"lazy\" src=\"https:\/\/innocentia-inviolata.fr\/wp-content\/uploads\/barbe-bleue20-300x240.gif\" alt=\"barbe bleue20\" width=\"300\" height=\"240\" \/><br \/>\n<img loading=\"lazy\" src=\"https:\/\/innocentia-inviolata.fr\/wp-content\/uploads\/barbe-bleue27-300x240.gif\" alt=\"barbe bleue27\" width=\"300\" height=\"240\" \/><br \/>\n<img loading=\"lazy\" src=\"https:\/\/innocentia-inviolata.fr\/wp-content\/uploads\/barbe-bleue31-300x240.gif\" alt=\"barbe bleue31\" width=\"300\" height=\"240\" \/><br \/>\n<img loading=\"lazy\" class=\"alignnone size-medium wp-image-244\" src=\"https:\/\/innocentia-inviolata.fr\/wp-content\/uploads\/barbe-bleue48-300x240.gif\" alt=\"\" width=\"300\" height=\"240\" \/><br \/>\n<img loading=\"lazy\" class=\"alignnone size-medium wp-image-245\" src=\"https:\/\/innocentia-inviolata.fr\/wp-content\/uploads\/barbe-bleue49-300x240.gif\" alt=\"\" width=\"300\" height=\"240\" \/><br \/>\n<img loading=\"lazy\" class=\"alignnone size-medium wp-image-255\" src=\"https:\/\/innocentia-inviolata.fr\/wp-content\/uploads\/barbe-bleue60-300x240.gif\" alt=\"\" width=\"300\" height=\"240\" \/><br \/>\n<img loading=\"lazy\" class=\"alignnone size-medium wp-image-258\" src=\"https:\/\/innocentia-inviolata.fr\/wp-content\/uploads\/barbe-bleue64-300x240.gif\" alt=\"\" width=\"300\" height=\"240\" \/><br \/>\nWith : Laureline Dalmau \/ Catherine Beilin \/ William Deslandes \/ Nicolas Giret-Famin \/ C\u00e9line Nogueira \/ Luke Tinsen<\/p>\n<p>Direction : C\u00e9line Nogueira<\/p>\n<p><img loading=\"lazy\" class=\"alignnone size-medium wp-image-202\" src=\"https:\/\/innocentia-inviolata.fr\/wp-content\/uploads\/barbe-bleue5-300x240.gif\" alt=\"barbe bleue5\" width=\"300\" height=\"240\" \/> <img loading=\"lazy\" class=\"alignnone size-medium wp-image-203\" src=\"https:\/\/innocentia-inviolata.fr\/wp-content\/uploads\/barbe-bleue6-300x240.gif\" alt=\"barbe bleue6\" width=\"300\" height=\"240\" \/> <img loading=\"lazy\" class=\"alignnone size-medium wp-image-206\" src=\"https:\/\/innocentia-inviolata.fr\/wp-content\/uploads\/barbe-bleue91-300x240.gif\" alt=\"barbe bleue9\" width=\"300\" height=\"240\" \/> <img loading=\"lazy\" class=\"alignnone size-medium wp-image-207\" src=\"https:\/\/innocentia-inviolata.fr\/wp-content\/uploads\/barbe-bleue10-300x240.gif\" alt=\"barbe bleue10\" width=\"300\" height=\"240\" \/> <img loading=\"lazy\" class=\"alignnone size-medium wp-image-208\" src=\"https:\/\/innocentia-inviolata.fr\/wp-content\/uploads\/barbe-bleue11-300x240.gif\" alt=\"barbe bleue11\" width=\"300\" height=\"240\" \/> <img loading=\"lazy\" class=\"alignnone size-medium wp-image-211\" src=\"https:\/\/innocentia-inviolata.fr\/wp-content\/uploads\/barbe-bleue14-300x240.gif\" alt=\"barbe bleue14\" width=\"300\" height=\"240\" \/> <img loading=\"lazy\" class=\"alignnone size-medium wp-image-213\" src=\"https:\/\/innocentia-inviolata.fr\/wp-content\/uploads\/barbe-bleue16-300x240.gif\" alt=\"barbe bleue16\" width=\"300\" height=\"240\" \/> <img loading=\"lazy\" class=\"alignnone size-medium wp-image-214\" src=\"https:\/\/innocentia-inviolata.fr\/wp-content\/uploads\/barbe-bleue17-300x240.gif\" alt=\"barbe bleue17\" width=\"300\" height=\"240\" \/> <img loading=\"lazy\" class=\"alignnone size-medium wp-image-215\" src=\"https:\/\/innocentia-inviolata.fr\/wp-content\/uploads\/barbe-bleue18-300x240.gif\" alt=\"barbe bleue18\" width=\"300\" height=\"240\" \/> <img loading=\"lazy\" class=\"alignnone size-medium wp-image-216\" src=\"https:\/\/innocentia-inviolata.fr\/wp-content\/uploads\/barbe-bleue19-300x240.gif\" alt=\"barbe bleue19\" width=\"300\" height=\"240\" \/> <img loading=\"lazy\" class=\"alignnone size-medium wp-image-217\" src=\"https:\/\/innocentia-inviolata.fr\/wp-content\/uploads\/barbe-bleue20-300x240.gif\" alt=\"barbe bleue20\" width=\"300\" height=\"240\" \/> <img loading=\"lazy\" class=\"alignnone size-medium wp-image-220\" src=\"https:\/\/innocentia-inviolata.fr\/wp-content\/uploads\/barbe-bleue23-300x240.gif\" alt=\"barbe bleue23\" width=\"300\" height=\"240\" \/> <img loading=\"lazy\" class=\"alignnone size-medium wp-image-221\" src=\"https:\/\/innocentia-inviolata.fr\/wp-content\/uploads\/barbe-bleue24-300x240.gif\" alt=\"barbe bleue24\" width=\"300\" height=\"240\" \/> <img loading=\"lazy\" class=\"alignnone size-medium wp-image-224\" src=\"https:\/\/innocentia-inviolata.fr\/wp-content\/uploads\/barbe-bleue27-300x240.gif\" alt=\"barbe bleue27\" width=\"300\" height=\"240\" \/> <img loading=\"lazy\" class=\"alignnone size-medium wp-image-225\" src=\"https:\/\/innocentia-inviolata.fr\/wp-content\/uploads\/barbe-bleue28-300x240.gif\" alt=\"barbe bleue28\" width=\"300\" height=\"240\" \/> <img loading=\"lazy\" class=\"alignnone size-medium wp-image-228\" src=\"https:\/\/innocentia-inviolata.fr\/wp-content\/uploads\/barbe-bleue31-300x240.gif\" alt=\"barbe bleue31\" width=\"300\" height=\"240\" \/> <img loading=\"lazy\" class=\"alignnone size-medium wp-image-229\" src=\"https:\/\/innocentia-inviolata.fr\/wp-content\/uploads\/barbe-bleue32-300x240.gif\" alt=\"barbe bleue32\" width=\"300\" height=\"240\" \/> <img loading=\"lazy\" class=\"alignnone size-medium wp-image-234\" src=\"https:\/\/innocentia-inviolata.fr\/wp-content\/uploads\/barbe-bleue38-300x240.gif\" alt=\"barbe bleue38\" width=\"300\" height=\"240\" \/> <img loading=\"lazy\" class=\"alignnone size-medium wp-image-240\" src=\"https:\/\/innocentia-inviolata.fr\/wp-content\/uploads\/barbe-bleue44-300x240.gif\" alt=\"barbe bleue44\" width=\"300\" height=\"240\" \/> <img loading=\"lazy\" class=\"alignnone size-medium wp-image-242\" src=\"https:\/\/innocentia-inviolata.fr\/wp-content\/uploads\/barbe-bleue46-300x240.gif\" alt=\"barbe bleue46\" width=\"300\" height=\"240\" \/> <img loading=\"lazy\" class=\"alignnone size-medium wp-image-244\" src=\"https:\/\/innocentia-inviolata.fr\/wp-content\/uploads\/barbe-bleue48-300x240.gif\" alt=\"barbe bleue48\" width=\"300\" height=\"240\" \/> <img loading=\"lazy\" class=\"alignnone size-medium wp-image-245\" src=\"https:\/\/innocentia-inviolata.fr\/wp-content\/uploads\/barbe-bleue49-300x240.gif\" alt=\"barbe bleue49\" width=\"300\" height=\"240\" \/> <img loading=\"lazy\" class=\"alignnone size-medium wp-image-246\" src=\"https:\/\/innocentia-inviolata.fr\/wp-content\/uploads\/barbe-bleue50-300x240.gif\" alt=\"barbe bleue50\" width=\"300\" height=\"240\" \/> <img loading=\"lazy\" class=\"alignnone size-medium wp-image-249\" src=\"https:\/\/innocentia-inviolata.fr\/wp-content\/uploads\/barbe-bleue53-300x240.gif\" alt=\"barbe bleue53\" width=\"300\" height=\"240\" \/> <img loading=\"lazy\" class=\"alignnone size-medium wp-image-252\" src=\"https:\/\/innocentia-inviolata.fr\/wp-content\/uploads\/barbe-bleue57-300x240.gif\" alt=\"barbe bleue57\" width=\"300\" height=\"240\" \/> <img loading=\"lazy\" class=\"alignnone size-medium wp-image-254\" src=\"https:\/\/innocentia-inviolata.fr\/wp-content\/uploads\/barbe-bleue59-300x240.gif\" alt=\"barbe bleue59\" width=\"300\" height=\"240\" \/> <img loading=\"lazy\" class=\"alignnone size-medium wp-image-255\" src=\"https:\/\/innocentia-inviolata.fr\/wp-content\/uploads\/barbe-bleue60-300x240.gif\" alt=\"barbe bleue60\" width=\"300\" height=\"240\" \/> <img loading=\"lazy\" class=\"alignnone size-medium wp-image-256\" src=\"https:\/\/innocentia-inviolata.fr\/wp-content\/uploads\/barbe-bleue62-300x240.gif\" alt=\"barbe bleue62\" width=\"300\" height=\"240\" \/> <img loading=\"lazy\" class=\"alignnone size-medium wp-image-257\" src=\"https:\/\/innocentia-inviolata.fr\/wp-content\/uploads\/barbe-bleue63-300x240.gif\" alt=\"barbe bleue63\" width=\"300\" height=\"240\" \/> <img loading=\"lazy\" class=\"alignnone size-medium wp-image-258\" src=\"https:\/\/innocentia-inviolata.fr\/wp-content\/uploads\/barbe-bleue64-300x240.gif\" alt=\"barbe bleue64\" width=\"300\" height=\"240\" \/> <img loading=\"lazy\" class=\"alignnone size-medium wp-image-260\" src=\"https:\/\/innocentia-inviolata.fr\/wp-content\/uploads\/barbe-bleue66-300x240.gif\" alt=\"barbe bleue66\" width=\"300\" height=\"240\" \/> <img loading=\"lazy\" class=\"alignnone size-medium wp-image-261\" src=\"https:\/\/innocentia-inviolata.fr\/wp-content\/uploads\/barbe-bleue67-300x240.gif\" alt=\"barbe bleue67\" width=\"300\" height=\"240\" \/> <img loading=\"lazy\" class=\"alignnone size-medium wp-image-262\" src=\"https:\/\/innocentia-inviolata.fr\/wp-content\/uploads\/barbe-bleue68gif-300x240.gif\" alt=\"barbe bleue68gif\" width=\"300\" height=\"240\" \/> <img loading=\"lazy\" class=\"alignnone size-medium wp-image-263\" src=\"https:\/\/innocentia-inviolata.fr\/wp-content\/uploads\/disco-300x240.gif\" alt=\"disco\" width=\"300\" height=\"240\" \/> <img loading=\"lazy\" class=\"alignnone size-medium wp-image-264\" src=\"https:\/\/innocentia-inviolata.fr\/wp-content\/uploads\/disco2-300x240.gif\" alt=\"disco2\" width=\"300\" height=\"240\" \/><\/p>","protected":false},"excerpt":{"rendered":"<p>Work in progress inspired by Blue Beard Direction : C\u00e9line Nogueira @The\u00e2tre de La Digue, Toulouse, 2010 With Catherine Beilin, Laureline Dalmau, William Deslandes, Nicolas Giret-Famin, C\u00e9line Nogueira, Luke Tinsen With : Laureline Dalmau \/ Catherine Beilin \/ William Deslandes \/ Nicolas Giret-Famin \/ C\u00e9line Nogueira \/ Luke Tinsen Direction : C\u00e9line Nogueira<\/p>\n","protected":false},"author":1,"featured_media":674,"parent":7,"menu_order":5,"comment_status":"closed","ping_status":"closed","template":"cubes.php","meta":[],"categories":[6],"tags":[],"yoast_head":"<!-- This site is optimized with the Yoast SEO plugin v18.1 - https:\/\/yoast.com\/wordpress\/plugins\/seo\/ -->\n<meta name=\"robots\" content=\"index, follow, max-snippet:-1, max-image-preview:large, max-video-preview:-1\" \/>\n<link rel=\"canonical\" href=\"https:\/\/innocentia-inviolata.fr\/en\/creations\/murder-ballads-w-i-p-inspired-by-blue-beard\/\" \/>\n<meta property=\"og:locale\" content=\"en_US\" \/>\n<meta property=\"og:type\" content=\"article\" \/>\n<meta property=\"og:title\" content=\"MURDER BALLADS 2010 - INNOCENTIA INVIOLATA\" \/>\n<meta property=\"og:description\" content=\"Work in progress inspired by Blue Beard Direction : C\u00e9line Nogueira @The\u00e2tre de La Digue, Toulouse, 2010 With Catherine Beilin, Laureline Dalmau, William Deslandes, Nicolas Giret-Famin, C\u00e9line Nogueira, Luke Tinsen With : Laureline Dalmau \/ Catherine Beilin \/ William Deslandes \/ Nicolas Giret-Famin \/ C\u00e9line Nogueira \/ Luke Tinsen Direction : C\u00e9line Nogueira\" \/>\n<meta property=\"og:url\" content=\"https:\/\/innocentia-inviolata.fr\/en\/creations\/murder-ballads-w-i-p-inspired-by-blue-beard\/\" \/>\n<meta property=\"og:site_name\" content=\"INNOCENTIA INVIOLATA\" \/>\n<meta property=\"article:publisher\" content=\"https:\/\/fr-fr.facebook.com\/innocentia.inviolata.9\" \/>\n<meta property=\"article:modified_time\" content=\"2024-02-09T10:33:31+00:00\" \/>\n<meta property=\"og:image\" content=\"https:\/\/innocentia-inviolata.fr\/wp-content\/uploads\/barbebleue.gif\" \/>\n\t<meta property=\"og:image:width\" content=\"560\" \/>\n\t<meta property=\"og:image:height\" content=\"322\" \/>\n\t<meta property=\"og:image:type\" content=\"image\/gif\" \/>\n<meta name=\"twitter:card\" content=\"summary_large_image\" \/>\n<meta name=\"twitter:label1\" content=\"Est. reading time\" \/>\n\t<meta name=\"twitter:data1\" content=\"1 minute\" \/>\n<script type=\"application\/ld+json\" class=\"yoast-schema-graph\">{\"@context\":\"https:\/\/schema.org\",\"@graph\":[{\"@type\":\"Organization\",\"@id\":\"https:\/\/innocentia-inviolata.fr\/en\/#organization\",\"name\":\"Innocentia Inviolata\",\"url\":\"https:\/\/innocentia-inviolata.fr\/en\/\",\"sameAs\":[\"https:\/\/fr-fr.facebook.com\/innocentia.inviolata.9\"],\"logo\":{\"@type\":\"ImageObject\",\"@id\":\"https:\/\/innocentia-inviolata.fr\/en\/#logo\",\"inLanguage\":\"en-US\",\"url\":\"https:\/\/innocentia-inviolata.fr\/wp-content\/uploads\/screenshot.png\",\"contentUrl\":\"https:\/\/innocentia-inviolata.fr\/wp-content\/uploads\/screenshot.png\",\"width\":300,\"height\":225,\"caption\":\"Innocentia Inviolata\"},\"image\":{\"@id\":\"https:\/\/innocentia-inviolata.fr\/en\/#logo\"}},{\"@type\":\"WebSite\",\"@id\":\"https:\/\/innocentia-inviolata.fr\/en\/#website\",\"url\":\"https:\/\/innocentia-inviolata.fr\/en\/\",\"name\":\"INNOCENTIA INVIOLATA\",\"description\":\"Direction C\u00e9line Nogueira\",\"publisher\":{\"@id\":\"https:\/\/innocentia-inviolata.fr\/en\/#organization\"},\"potentialAction\":[{\"@type\":\"SearchAction\",\"target\":{\"@type\":\"EntryPoint\",\"urlTemplate\":\"https:\/\/innocentia-inviolata.fr\/en\/?s={search_term_string}\"},\"query-input\":\"required name=search_term_string\"}],\"inLanguage\":\"en-US\"},{\"@type\":\"ImageObject\",\"@id\":\"https:\/\/innocentia-inviolata.fr\/en\/creations\/murder-ballads-w-i-p-inspired-by-blue-beard\/#primaryimage\",\"inLanguage\":\"en-US\",\"url\":\"https:\/\/innocentia-inviolata.fr\/wp-content\/uploads\/barbebleue.gif\",\"contentUrl\":\"https:\/\/innocentia-inviolata.fr\/wp-content\/uploads\/barbebleue.gif\",\"width\":560,\"height\":322},{\"@type\":\"WebPage\",\"@id\":\"https:\/\/innocentia-inviolata.fr\/en\/creations\/murder-ballads-w-i-p-inspired-by-blue-beard\/#webpage\",\"url\":\"https:\/\/innocentia-inviolata.fr\/en\/creations\/murder-ballads-w-i-p-inspired-by-blue-beard\/\",\"name\":\"MURDER BALLADS 2010 - INNOCENTIA INVIOLATA\",\"isPartOf\":{\"@id\":\"https:\/\/innocentia-inviolata.fr\/en\/#website\"},\"primaryImageOfPage\":{\"@id\":\"https:\/\/innocentia-inviolata.fr\/en\/creations\/murder-ballads-w-i-p-inspired-by-blue-beard\/#primaryimage\"},\"datePublished\":\"2013-06-17T22:21:18+00:00\",\"dateModified\":\"2024-02-09T10:33:31+00:00\",\"breadcrumb\":{\"@id\":\"https:\/\/innocentia-inviolata.fr\/en\/creations\/murder-ballads-w-i-p-inspired-by-blue-beard\/#breadcrumb\"},\"inLanguage\":\"en-US\",\"potentialAction\":[{\"@type\":\"ReadAction\",\"target\":[[\"https:\/\/innocentia-inviolata.fr\/en\/creations\/murder-ballads-w-i-p-inspired-by-blue-beard\/\"]]}]},{\"@type\":\"BreadcrumbList\",\"@id\":\"https:\/\/innocentia-inviolata.fr\/en\/creations\/murder-ballads-w-i-p-inspired-by-blue-beard\/#breadcrumb\",\"itemListElement\":[{\"@type\":\"ListItem\",\"position\":1,\"name\":\"Home\",\"item\":\"https:\/\/innocentia-inviolata.fr\/en\/\"},{\"@type\":\"ListItem\",\"position\":2,\"name\":\"ALL productions\",\"item\":\"https:\/\/innocentia-inviolata.fr\/en\/creations\/\"},{\"@type\":\"ListItem\",\"position\":3,\"name\":\"MURDER BALLADS 2010\"}]}]}<\/script>\n<!-- \/ Yoast SEO plugin. -->","yoast_head_json":{"robots":{"index":"index","follow":"follow","max-snippet":"max-snippet:-1","max-image-preview":"max-image-preview:large","max-video-preview":"max-video-preview:-1"},"canonical":"https:\/\/innocentia-inviolata.fr\/en\/creations\/murder-ballads-w-i-p-inspired-by-blue-beard\/","og_locale":"en_US","og_type":"article","og_title":"MURDER BALLADS 2010 - INNOCENTIA INVIOLATA","og_description":"Work in progress inspired by Blue Beard Direction : C\u00e9line Nogueira @The\u00e2tre de La Digue, Toulouse, 2010 With Catherine Beilin, Laureline Dalmau, William Deslandes, Nicolas Giret-Famin, C\u00e9line Nogueira, Luke Tinsen With : Laureline Dalmau \/ Catherine Beilin \/ William Deslandes \/ Nicolas Giret-Famin \/ C\u00e9line Nogueira \/ Luke Tinsen Direction : C\u00e9line Nogueira","og_url":"https:\/\/innocentia-inviolata.fr\/en\/creations\/murder-ballads-w-i-p-inspired-by-blue-beard\/","og_site_name":"INNOCENTIA INVIOLATA","article_publisher":"https:\/\/fr-fr.facebook.com\/innocentia.inviolata.9","article_modified_time":"2024-02-09T10:33:31+00:00","og_image":[{"width":560,"height":322,"url":"https:\/\/innocentia-inviolata.fr\/wp-content\/uploads\/barbebleue.gif","type":"image\/gif"}],"twitter_card":"summary_large_image","twitter_misc":{"Est. reading time":"1 minute"},"schema":{"@context":"https:\/\/schema.org","@graph":[{"@type":"Organization","@id":"https:\/\/innocentia-inviolata.fr\/en\/#organization","name":"Innocentia Inviolata","url":"https:\/\/innocentia-inviolata.fr\/en\/","sameAs":["https:\/\/fr-fr.facebook.com\/innocentia.inviolata.9"],"logo":{"@type":"ImageObject","@id":"https:\/\/innocentia-inviolata.fr\/en\/#logo","inLanguage":"en-US","url":"https:\/\/innocentia-inviolata.fr\/wp-content\/uploads\/screenshot.png","contentUrl":"https:\/\/innocentia-inviolata.fr\/wp-content\/uploads\/screenshot.png","width":300,"height":225,"caption":"Innocentia Inviolata"},"image":{"@id":"https:\/\/innocentia-inviolata.fr\/en\/#logo"}},{"@type":"WebSite","@id":"https:\/\/innocentia-inviolata.fr\/en\/#website","url":"https:\/\/innocentia-inviolata.fr\/en\/","name":"INNOCENTIA INVIOLATA","description":"Direction C\u00e9line Nogueira","publisher":{"@id":"https:\/\/innocentia-inviolata.fr\/en\/#organization"},"potentialAction":[{"@type":"SearchAction","target":{"@type":"EntryPoint","urlTemplate":"https:\/\/innocentia-inviolata.fr\/en\/?s={search_term_string}"},"query-input":"required name=search_term_string"}],"inLanguage":"en-US"},{"@type":"ImageObject","@id":"https:\/\/innocentia-inviolata.fr\/en\/creations\/murder-ballads-w-i-p-inspired-by-blue-beard\/#primaryimage","inLanguage":"en-US","url":"https:\/\/innocentia-inviolata.fr\/wp-content\/uploads\/barbebleue.gif","contentUrl":"https:\/\/innocentia-inviolata.fr\/wp-content\/uploads\/barbebleue.gif","width":560,"height":322},{"@type":"WebPage","@id":"https:\/\/innocentia-inviolata.fr\/en\/creations\/murder-ballads-w-i-p-inspired-by-blue-beard\/#webpage","url":"https:\/\/innocentia-inviolata.fr\/en\/creations\/murder-ballads-w-i-p-inspired-by-blue-beard\/","name":"MURDER BALLADS 2010 - INNOCENTIA INVIOLATA","isPartOf":{"@id":"https:\/\/innocentia-inviolata.fr\/en\/#website"},"primaryImageOfPage":{"@id":"https:\/\/innocentia-inviolata.fr\/en\/creations\/murder-ballads-w-i-p-inspired-by-blue-beard\/#primaryimage"},"datePublished":"2013-06-17T22:21:18+00:00","dateModified":"2024-02-09T10:33:31+00:00","breadcrumb":{"@id":"https:\/\/innocentia-inviolata.fr\/en\/creations\/murder-ballads-w-i-p-inspired-by-blue-beard\/#breadcrumb"},"inLanguage":"en-US","potentialAction":[{"@type":"ReadAction","target":[["https:\/\/innocentia-inviolata.fr\/en\/creations\/murder-ballads-w-i-p-inspired-by-blue-beard\/"]]}]},{"@type":"BreadcrumbList","@id":"https:\/\/innocentia-inviolata.fr\/en\/creations\/murder-ballads-w-i-p-inspired-by-blue-beard\/#breadcrumb","itemListElement":[{"@type":"ListItem","position":1,"name":"Home","item":"https:\/\/innocentia-inviolata.fr\/en\/"},{"@type":"ListItem","position":2,"name":"ALL productions","item":"https:\/\/innocentia-inviolata.fr\/en\/creations\/"},{"@type":"ListItem","position":3,"name":"MURDER BALLADS 2010"}]}]}},"_links":{"self":[{"href":"https:\/\/innocentia-inviolata.fr\/en\/wp-json\/wp\/v2\/pages\/35"}],"collection":[{"href":"https:\/\/innocentia-inviolata.fr\/en\/wp-json\/wp\/v2\/pages"}],"about":[{"href":"https:\/\/innocentia-inviolata.fr\/en\/wp-json\/wp\/v2\/types\/page"}],"author":[{"embeddable":true,"href":"https:\/\/innocentia-inviolata.fr\/en\/wp-json\/wp\/v2\/users\/1"}],"replies":[{"embeddable":true,"href":"https:\/\/innocentia-inviolata.fr\/en\/wp-json\/wp\/v2\/comments?post=35"}],"version-history":[{"count":38,"href":"https:\/\/innocentia-inviolata.fr\/en\/wp-json\/wp\/v2\/pages\/35\/revisions"}],"predecessor-version":[{"id":1112,"href":"https:\/\/innocentia-inviolata.fr\/en\/wp-json\/wp\/v2\/pages\/35\/revisions\/1112"}],"up":[{"embeddable":true,"href":"https:\/\/innocentia-inviolata.fr\/en\/wp-json\/wp\/v2\/pages\/7"}],"wp:featuredmedia":[{"embeddable":true,"href":"https:\/\/innocentia-inviolata.fr\/en\/wp-json\/wp\/v2\/media\/674"}],"wp:attachment":[{"href":"https:\/\/innocentia-inviolata.fr\/en\/wp-json\/wp\/v2\/media?parent=35"}],"wp:term":[{"taxonomy":"category","embeddable":true,"href":"https:\/\/innocentia-inviolata.fr\/en\/wp-json\/wp\/v2\/categories?post=35"},{"taxonomy":"post_tag","embeddable":true,"href":"https:\/\/innocentia-inviolata.fr\/en\/wp-json\/wp\/v2\/tags?post=35"}],"curies":[{"name":"wp","href":"https:\/\/api.w.org\/{rel}","templated":true}]}}