{"id":25,"date":"2013-06-17T21:51:57","date_gmt":"2013-06-17T21:51:57","guid":{"rendered":"https:\/\/innocentia-inviolata.fr\/?page_id=25"},"modified":"2022-02-09T19:03:36","modified_gmt":"2022-02-09T19:03:36","slug":"phaedras-love","status":"publish","type":"page","link":"https:\/\/innocentia-inviolata.fr\/en\/creations\/phaedras-love\/","title":{"rendered":"Ph\u00e6dra&#8217;s Love 2005-06"},"content":{"rendered":"<p><em>\u00ab Ph\u00e6dra&#8217;s love \/ L&#8217;Amour de Ph\u00e8dre \u00bb<\/em><br \/>\n<em>Sarah Kane\/C\u00e9line Nogueira<\/em><br \/>\n<em>Co-production : Th\u00e9\u00e2tre Le Colombier, Cordes (Tarn)<\/em><br \/>\n<em>@Th\u00e9\u00e2tre Le Colombier\u00a0 4,5,6 f\u00e9vrier 2005<\/em><br \/>\n<em>@Th\u00e9\u00e2tre Les Mazades : 13,14 avril 2006<\/em><\/p>\n<p>Partners : la Ville de Toulouse, le Conseil G\u00e9n\u00e9ral de la Haute Garonne, Th\u00e9\u00e2tre National de Toulouse, Th\u00e9\u00e2tre Sorano Toulouse , ECAM, CB Constructions.<br \/>\nRecipient of the Cr\u00e9dit Agricole Bank Foundation for the <strong>Artistic Project of the Year 2005<\/strong><\/p>\n<p>https:\/\/www.youtube.com\/watch?v=7NfQo5TFk8s<\/p>","protected":false},"excerpt":{"rendered":"<p>\u00ab Ph\u00e6dra&#8217;s love \/ L&#8217;Amour de Ph\u00e8dre \u00bb Sarah Kane\/C\u00e9line Nogueira Co-production : Th\u00e9\u00e2tre Le Colombier, Cordes (Tarn) @Th\u00e9\u00e2tre Le Colombier\u00a0 4,5,6 f\u00e9vrier 2005 @Th\u00e9\u00e2tre Les Mazades : 13,14 avril 2006 Partners : la Ville de Toulouse, le Conseil G\u00e9n\u00e9ral de la Haute Garonne, Th\u00e9\u00e2tre National de Toulouse, Th\u00e9\u00e2tre Sorano Toulouse , ECAM, CB Constructions.&nbsp;<a href=\"https:\/\/innocentia-inviolata.fr\/en\/creations\/phaedras-love\/\">Read more<\/a><\/p>\n","protected":false},"author":1,"featured_media":670,"parent":7,"menu_order":7,"comment_status":"closed","ping_status":"closed","template":"cubes.php","meta":[],"categories":[6],"tags":[],"yoast_head":"<!-- This site is optimized with the Yoast SEO plugin v18.1 - https:\/\/yoast.com\/wordpress\/plugins\/seo\/ -->\n<meta name=\"robots\" content=\"index, follow, max-snippet:-1, max-image-preview:large, max-video-preview:-1\" \/>\n<link rel=\"canonical\" href=\"https:\/\/innocentia-inviolata.fr\/en\/creations\/phaedras-love\/\" \/>\n<meta property=\"og:locale\" content=\"en_US\" \/>\n<meta property=\"og:type\" content=\"article\" \/>\n<meta property=\"og:title\" content=\"Ph\u00e6dra&#039;s Love 2005-06 - INNOCENTIA INVIOLATA\" \/>\n<meta property=\"og:description\" content=\"\u00ab Ph\u00e6dra&#8217;s love \/ L&#8217;Amour de Ph\u00e8dre \u00bb Sarah Kane\/C\u00e9line Nogueira Co-production : Th\u00e9\u00e2tre Le Colombier, Cordes (Tarn) @Th\u00e9\u00e2tre Le Colombier\u00a0 4,5,6 f\u00e9vrier 2005 @Th\u00e9\u00e2tre Les Mazades : 13,14 avril 2006 Partners : la Ville de Toulouse, le Conseil G\u00e9n\u00e9ral de la Haute Garonne, Th\u00e9\u00e2tre National de Toulouse, Th\u00e9\u00e2tre Sorano Toulouse , ECAM, CB Constructions.&nbsp;Read more\" \/>\n<meta property=\"og:url\" content=\"https:\/\/innocentia-inviolata.fr\/en\/creations\/phaedras-love\/\" \/>\n<meta property=\"og:site_name\" content=\"INNOCENTIA INVIOLATA\" \/>\n<meta property=\"article:publisher\" content=\"https:\/\/fr-fr.facebook.com\/innocentia.inviolata.9\" \/>\n<meta property=\"article:modified_time\" content=\"2022-02-09T19:03:36+00:00\" \/>\n<meta property=\"og:image\" content=\"https:\/\/innocentia-inviolata.fr\/wp-content\/uploads\/phedre2.gif\" \/>\n\t<meta property=\"og:image:width\" content=\"720\" \/>\n\t<meta property=\"og:image:height\" content=\"457\" \/>\n\t<meta property=\"og:image:type\" content=\"image\/gif\" \/>\n<meta name=\"twitter:card\" content=\"summary_large_image\" \/>\n<meta name=\"twitter:label1\" content=\"Est. reading time\" \/>\n\t<meta name=\"twitter:data1\" content=\"2 minutes\" \/>\n<script type=\"application\/ld+json\" class=\"yoast-schema-graph\">{\"@context\":\"https:\/\/schema.org\",\"@graph\":[{\"@type\":\"Organization\",\"@id\":\"https:\/\/innocentia-inviolata.fr\/en\/#organization\",\"name\":\"Innocentia Inviolata\",\"url\":\"https:\/\/innocentia-inviolata.fr\/en\/\",\"sameAs\":[\"https:\/\/fr-fr.facebook.com\/innocentia.inviolata.9\"],\"logo\":{\"@type\":\"ImageObject\",\"@id\":\"https:\/\/innocentia-inviolata.fr\/en\/#logo\",\"inLanguage\":\"en-US\",\"url\":\"https:\/\/innocentia-inviolata.fr\/wp-content\/uploads\/screenshot.png\",\"contentUrl\":\"https:\/\/innocentia-inviolata.fr\/wp-content\/uploads\/screenshot.png\",\"width\":300,\"height\":225,\"caption\":\"Innocentia Inviolata\"},\"image\":{\"@id\":\"https:\/\/innocentia-inviolata.fr\/en\/#logo\"}},{\"@type\":\"WebSite\",\"@id\":\"https:\/\/innocentia-inviolata.fr\/en\/#website\",\"url\":\"https:\/\/innocentia-inviolata.fr\/en\/\",\"name\":\"INNOCENTIA INVIOLATA\",\"description\":\"Direction C\u00e9line Nogueira\",\"publisher\":{\"@id\":\"https:\/\/innocentia-inviolata.fr\/en\/#organization\"},\"potentialAction\":[{\"@type\":\"SearchAction\",\"target\":{\"@type\":\"EntryPoint\",\"urlTemplate\":\"https:\/\/innocentia-inviolata.fr\/en\/?s={search_term_string}\"},\"query-input\":\"required name=search_term_string\"}],\"inLanguage\":\"en-US\"},{\"@type\":\"ImageObject\",\"@id\":\"https:\/\/innocentia-inviolata.fr\/en\/creations\/phaedras-love\/#primaryimage\",\"inLanguage\":\"en-US\",\"url\":\"https:\/\/innocentia-inviolata.fr\/wp-content\/uploads\/phedre2.gif\",\"contentUrl\":\"https:\/\/innocentia-inviolata.fr\/wp-content\/uploads\/phedre2.gif\",\"width\":720,\"height\":457},{\"@type\":\"WebPage\",\"@id\":\"https:\/\/innocentia-inviolata.fr\/en\/creations\/phaedras-love\/#webpage\",\"url\":\"https:\/\/innocentia-inviolata.fr\/en\/creations\/phaedras-love\/\",\"name\":\"Ph\u00e6dra's Love 2005-06 - INNOCENTIA INVIOLATA\",\"isPartOf\":{\"@id\":\"https:\/\/innocentia-inviolata.fr\/en\/#website\"},\"primaryImageOfPage\":{\"@id\":\"https:\/\/innocentia-inviolata.fr\/en\/creations\/phaedras-love\/#primaryimage\"},\"datePublished\":\"2013-06-17T21:51:57+00:00\",\"dateModified\":\"2022-02-09T19:03:36+00:00\",\"breadcrumb\":{\"@id\":\"https:\/\/innocentia-inviolata.fr\/en\/creations\/phaedras-love\/#breadcrumb\"},\"inLanguage\":\"en-US\",\"potentialAction\":[{\"@type\":\"ReadAction\",\"target\":[[\"https:\/\/innocentia-inviolata.fr\/en\/creations\/phaedras-love\/\"]]}]},{\"@type\":\"BreadcrumbList\",\"@id\":\"https:\/\/innocentia-inviolata.fr\/en\/creations\/phaedras-love\/#breadcrumb\",\"itemListElement\":[{\"@type\":\"ListItem\",\"position\":1,\"name\":\"Home\",\"item\":\"https:\/\/innocentia-inviolata.fr\/en\/\"},{\"@type\":\"ListItem\",\"position\":2,\"name\":\"ALL productions\",\"item\":\"https:\/\/innocentia-inviolata.fr\/en\/creations\/\"},{\"@type\":\"ListItem\",\"position\":3,\"name\":\"Ph\u00e6dra&#8217;s Love 2005-06\"}]}]}<\/script>\n<!-- \/ Yoast SEO plugin. -->","yoast_head_json":{"robots":{"index":"index","follow":"follow","max-snippet":"max-snippet:-1","max-image-preview":"max-image-preview:large","max-video-preview":"max-video-preview:-1"},"canonical":"https:\/\/innocentia-inviolata.fr\/en\/creations\/phaedras-love\/","og_locale":"en_US","og_type":"article","og_title":"Ph\u00e6dra's Love 2005-06 - INNOCENTIA INVIOLATA","og_description":"\u00ab Ph\u00e6dra&#8217;s love \/ L&#8217;Amour de Ph\u00e8dre \u00bb Sarah Kane\/C\u00e9line Nogueira Co-production : Th\u00e9\u00e2tre Le Colombier, Cordes (Tarn) @Th\u00e9\u00e2tre Le Colombier\u00a0 4,5,6 f\u00e9vrier 2005 @Th\u00e9\u00e2tre Les Mazades : 13,14 avril 2006 Partners : la Ville de Toulouse, le Conseil G\u00e9n\u00e9ral de la Haute Garonne, Th\u00e9\u00e2tre National de Toulouse, Th\u00e9\u00e2tre Sorano Toulouse , ECAM, CB Constructions.&nbsp;Read more","og_url":"https:\/\/innocentia-inviolata.fr\/en\/creations\/phaedras-love\/","og_site_name":"INNOCENTIA INVIOLATA","article_publisher":"https:\/\/fr-fr.facebook.com\/innocentia.inviolata.9","article_modified_time":"2022-02-09T19:03:36+00:00","og_image":[{"width":720,"height":457,"url":"https:\/\/innocentia-inviolata.fr\/wp-content\/uploads\/phedre2.gif","type":"image\/gif"}],"twitter_card":"summary_large_image","twitter_misc":{"Est. reading time":"2 minutes"},"schema":{"@context":"https:\/\/schema.org","@graph":[{"@type":"Organization","@id":"https:\/\/innocentia-inviolata.fr\/en\/#organization","name":"Innocentia Inviolata","url":"https:\/\/innocentia-inviolata.fr\/en\/","sameAs":["https:\/\/fr-fr.facebook.com\/innocentia.inviolata.9"],"logo":{"@type":"ImageObject","@id":"https:\/\/innocentia-inviolata.fr\/en\/#logo","inLanguage":"en-US","url":"https:\/\/innocentia-inviolata.fr\/wp-content\/uploads\/screenshot.png","contentUrl":"https:\/\/innocentia-inviolata.fr\/wp-content\/uploads\/screenshot.png","width":300,"height":225,"caption":"Innocentia Inviolata"},"image":{"@id":"https:\/\/innocentia-inviolata.fr\/en\/#logo"}},{"@type":"WebSite","@id":"https:\/\/innocentia-inviolata.fr\/en\/#website","url":"https:\/\/innocentia-inviolata.fr\/en\/","name":"INNOCENTIA INVIOLATA","description":"Direction C\u00e9line Nogueira","publisher":{"@id":"https:\/\/innocentia-inviolata.fr\/en\/#organization"},"potentialAction":[{"@type":"SearchAction","target":{"@type":"EntryPoint","urlTemplate":"https:\/\/innocentia-inviolata.fr\/en\/?s={search_term_string}"},"query-input":"required name=search_term_string"}],"inLanguage":"en-US"},{"@type":"ImageObject","@id":"https:\/\/innocentia-inviolata.fr\/en\/creations\/phaedras-love\/#primaryimage","inLanguage":"en-US","url":"https:\/\/innocentia-inviolata.fr\/wp-content\/uploads\/phedre2.gif","contentUrl":"https:\/\/innocentia-inviolata.fr\/wp-content\/uploads\/phedre2.gif","width":720,"height":457},{"@type":"WebPage","@id":"https:\/\/innocentia-inviolata.fr\/en\/creations\/phaedras-love\/#webpage","url":"https:\/\/innocentia-inviolata.fr\/en\/creations\/phaedras-love\/","name":"Ph\u00e6dra's Love 2005-06 - INNOCENTIA INVIOLATA","isPartOf":{"@id":"https:\/\/innocentia-inviolata.fr\/en\/#website"},"primaryImageOfPage":{"@id":"https:\/\/innocentia-inviolata.fr\/en\/creations\/phaedras-love\/#primaryimage"},"datePublished":"2013-06-17T21:51:57+00:00","dateModified":"2022-02-09T19:03:36+00:00","breadcrumb":{"@id":"https:\/\/innocentia-inviolata.fr\/en\/creations\/phaedras-love\/#breadcrumb"},"inLanguage":"en-US","potentialAction":[{"@type":"ReadAction","target":[["https:\/\/innocentia-inviolata.fr\/en\/creations\/phaedras-love\/"]]}]},{"@type":"BreadcrumbList","@id":"https:\/\/innocentia-inviolata.fr\/en\/creations\/phaedras-love\/#breadcrumb","itemListElement":[{"@type":"ListItem","position":1,"name":"Home","item":"https:\/\/innocentia-inviolata.fr\/en\/"},{"@type":"ListItem","position":2,"name":"ALL productions","item":"https:\/\/innocentia-inviolata.fr\/en\/creations\/"},{"@type":"ListItem","position":3,"name":"Ph\u00e6dra&#8217;s Love 2005-06"}]}]}},"_links":{"self":[{"href":"https:\/\/innocentia-inviolata.fr\/en\/wp-json\/wp\/v2\/pages\/25"}],"collection":[{"href":"https:\/\/innocentia-inviolata.fr\/en\/wp-json\/wp\/v2\/pages"}],"about":[{"href":"https:\/\/innocentia-inviolata.fr\/en\/wp-json\/wp\/v2\/types\/page"}],"author":[{"embeddable":true,"href":"https:\/\/innocentia-inviolata.fr\/en\/wp-json\/wp\/v2\/users\/1"}],"replies":[{"embeddable":true,"href":"https:\/\/innocentia-inviolata.fr\/en\/wp-json\/wp\/v2\/comments?post=25"}],"version-history":[{"count":20,"href":"https:\/\/innocentia-inviolata.fr\/en\/wp-json\/wp\/v2\/pages\/25\/revisions"}],"predecessor-version":[{"id":1119,"href":"https:\/\/innocentia-inviolata.fr\/en\/wp-json\/wp\/v2\/pages\/25\/revisions\/1119"}],"up":[{"embeddable":true,"href":"https:\/\/innocentia-inviolata.fr\/en\/wp-json\/wp\/v2\/pages\/7"}],"wp:featuredmedia":[{"embeddable":true,"href":"https:\/\/innocentia-inviolata.fr\/en\/wp-json\/wp\/v2\/media\/670"}],"wp:attachment":[{"href":"https:\/\/innocentia-inviolata.fr\/en\/wp-json\/wp\/v2\/media?parent=25"}],"wp:term":[{"taxonomy":"category","embeddable":true,"href":"https:\/\/innocentia-inviolata.fr\/en\/wp-json\/wp\/v2\/categories?post=25"},{"taxonomy":"post_tag","embeddable":true,"href":"https:\/\/innocentia-inviolata.fr\/en\/wp-json\/wp\/v2\/tags?post=25"}],"curies":[{"name":"wp","href":"https:\/\/api.w.org\/{rel}","templated":true}]}}