{"id":1659,"date":"2024-04-09T09:49:07","date_gmt":"2024-04-09T09:49:07","guid":{"rendered":"https:\/\/innocentia-inviolata.fr\/en\/?page_id=1659"},"modified":"2024-10-17T12:53:43","modified_gmt":"2024-10-17T12:53:43","slug":"my-body-my-territory","status":"publish","type":"page","link":"https:\/\/innocentia-inviolata.fr\/en\/francais-actions-mediation\/my-body-my-territory\/","title":{"rendered":"Outreach program &#8211; My body, my territory !"},"content":{"rendered":"<p><em><strong>2023 : Danse-Foot&#8230; a gender issue<\/strong><\/em><\/p>\n<p><span class=\"s1\"><span class=\"s2\">Winning projects of the <a href=\"https:\/\/lopinion.com\/articles\/actualite\/18673_toulouse-appel-projets-deconstruire-stereotypes-genre-sport#:~:text=%C3%80%20l'approche%20d'une,%C3%A0%20travers%20la%20pratique%20sportive.\" target=\"_blank\" rel=\"noopener\">Call from the City of Toulouse to <\/a><\/span><\/span>deconstruct gender stereotypes through sports practice&#8221; with Clae\/\u00c9cole Sermet, Centre chor\u00e9graphique James Carl\u00e8s, TNFC.<\/p>\n<p>Innocentia Inviolata partnered with Inspe-La Sorbonne University within the framework of Irma Velez&#8217; programm : <a href=\"https:\/\/irmavelez07.wixsite.com\/lecinemadeleducation\/about-4\" target=\"_blank\" rel=\"noopener\">Education &amp; Cinema<\/a>.<\/p>\n<p><em><strong>2022 My Body, my Territory ! 2 &#8221; <\/strong><\/em>with the students of Lyc\u00e9e Ozenne. Partners La Cave Po\u00e9sie, Radio Radio, La Marche mondiale des femmes<\/p>\n<p><iframe loading=\"lazy\" title=\"A Suivre - Mon Corps Mon Territoire ! - Lycee Ozenne 2022-2023\" width=\"100%\" height=\"120\" src=\"https:\/\/www.mixcloud.com\/widget\/iframe\/?feed=https%3A%2F%2Fwww.mixcloud.com%2FRadioRadioToulouse%2Fa-suivre-mon-corps-mon-territoire-lycee-ozenne-2022-2023%2F&amp;hide_cover=1\" frameborder=\"0\"><\/iframe><\/p>\n<p>&nbsp;<\/p>\n<p><em><strong>2021 My Body, my Territory ! 1 <\/strong><\/em>with the children of L&#8217;\u00e9cole Sermet and our partners La Cave Po\u00e9sie &amp; Radio Radio<\/p>\n<p><iframe loading=\"lazy\" title=\"A Suivre - Mon Corps Mon Territoire ! - Ecole Sermet  2022-2023\" width=\"100%\" height=\"120\" src=\"https:\/\/www.mixcloud.com\/widget\/iframe\/?feed=https%3A%2F%2Fwww.mixcloud.com%2FRadioRadioToulouse%2Fa-suivre-mon-corps-mon-territoire-ecole-sermet-2022-2023%2F&amp;hide_cover=1\" frameborder=\"0\"><\/iframe><\/p>\n<p>Radio play <a href=\"https:\/\/soundcloud.com\/radiocavepo\/pad-01-lmt23-16h49-17h04-clae?in=radiocavepo\/sets\/love-me-tender-2023&amp;utm_source=clipboard&amp;utm_medium=text&amp;utm_campaign=social_sharing\" target=\"_blank\" rel=\"noopener\">&#8220;Love me oui, mais love me bien&#8221;<\/a>\u00a0 as part of the event Love me Tender at La Cave Po\u00e9sie, Toulouse.<\/p>\n<p>&nbsp;<\/p>\n<p class=\"p1\"><span class=\"s1\">With the Outreach Programs, our focus is to help emancipate and integrate isolated vulnerable women, men and youngsters and raise social accountability. <\/span><\/p>\n<p class=\"p1\"><span class=\"s1\">This hand-in-hand approach involves everyone committing to their own responsibility &#8211; the City, the social and activist organizations, schools, children &amp; teenagers welfare and Care Centers- so that everyone is on equal terms and may benefit from it. It is a horizontal approach, a nurturing movement where the responsible \u00ab\u00a0majority\u00a0\u00bb stands for the \u00ab minorities\u00a0\u00bb to best achieve the goals. The work is a process of body-voice-action training in which actors reconcile with their body, voice, thoughts, ideas and drive, to transform. And the transformation comes through their own action and projects in the outside world.<\/span><\/p>\n<p class=\"p1\"><span class=\"s1\">These persons are marginalized, submitted to a domination and the shame and fear that goes with it, restraining their access to education, employment and resources, making them dependent on external support and inhibit their integration. Once they get a grip of their physical capacities and boundaries, they can better confront themselves with the world. It is a nurturing process where there is no \u00ab\u00a0\u00a0knower\u00a0\u00bb who is above and saves the other, it is a circle of trust where everyone\u2019s ability, expertise and sensitivities participate in everyone\u2019s growth.<\/span><\/p>\n<p>&nbsp;<\/p>\n<p><em><strong>2022 : My Body, my Territory ! <\/strong><\/em><span class=\"s1\"><span class=\"s2\">(Winning projects in 2021, 2022 of the <a href=\"https:\/\/lopinion.com\/articles\/actualite\/10377_toulouse-un-appel-a-projets-pour-lutter-contre-les-violences-sexistes-et-sexuelles-subies-par-les-femmes\" target=\"_blank\" rel=\"noopener\">Call from the City of Toulouse to prevent sexism and sexist violences against young girls.)<\/a><\/span><\/span><\/p>\n<p>&nbsp;<\/p>\n<p class=\"p1\"><span class=\"s1\"><span class=\"s2\">&#8220;My Body, my Territory&#8221; is one of the winning project of\u00a0 <a href=\"https:\/\/lopinion.com\/articles\/actualite\/10377_toulouse-un-appel-a-projets-pour-lutter-contre-les-violences-sexistes-et-sexuelles-subies-par-les-femmes\" target=\"_blank\" rel=\"noopener\">the public call launched by the City of Toulouse<\/a> for the prevention of\u00a0 Sexism thought as a collaborative project to creatively empower grils and young women. It is inclusive and bonding and aims at emancipating girls and young women by deconstructing their habits and environment.\u00a0<\/span><\/span><\/p>\n<p class=\"p1\"><span class=\"s1\">It aims at enhancing each participants&#8217; voice through self-expression, writing and publicly reading their own creative material. Such is our belief for <\/span><span class=\"s1\">&#8220;empowerment&#8221; : taking ownership of one&#8217;s own body as a territory and envisage its participation in the geographical one so as to reconsider one&#8217;s occupation<\/span><span class=\"s1\"> of space, activities and responsibilities in one&#8217;s environment.<\/span><\/p>\n<p>&nbsp;<\/p>\n<p class=\"p4\" style=\"text-align: center;\">\n<p><\/p>","protected":false},"excerpt":{"rendered":"<p>2023 : Danse-Foot&#8230; a gender issue Winning projects of the Call from the City of Toulouse to deconstruct gender stereotypes through sports practice&#8221; with Clae\/\u00c9cole Sermet, Centre chor\u00e9graphique James Carl\u00e8s, TNFC. Innocentia Inviolata partnered with Inspe-La Sorbonne University within the framework of Irma Velez&#8217; programm : Education &amp; Cinema. 2022 My Body, my Territory !&nbsp;<a href=\"https:\/\/innocentia-inviolata.fr\/en\/francais-actions-mediation\/my-body-my-territory\/\">Read more<\/a><\/p>\n","protected":false},"author":2,"featured_media":0,"parent":831,"menu_order":1,"comment_status":"closed","ping_status":"closed","template":"","meta":[],"categories":[],"tags":[],"yoast_head":"<!-- This site is optimized with the Yoast SEO plugin v18.1 - https:\/\/yoast.com\/wordpress\/plugins\/seo\/ -->\n<meta name=\"robots\" content=\"index, follow, max-snippet:-1, max-image-preview:large, max-video-preview:-1\" \/>\n<link rel=\"canonical\" href=\"https:\/\/innocentia-inviolata.fr\/en\/francais-actions-mediation\/my-body-my-territory\/\" \/>\n<meta property=\"og:locale\" content=\"en_US\" \/>\n<meta property=\"og:type\" content=\"article\" \/>\n<meta property=\"og:title\" content=\"Outreach program - My body, my territory ! - INNOCENTIA INVIOLATA\" \/>\n<meta property=\"og:description\" content=\"2023 : Danse-Foot&#8230; a gender issue Winning projects of the Call from the City of Toulouse to deconstruct gender stereotypes through sports practice&#8221; with Clae\/\u00c9cole Sermet, Centre chor\u00e9graphique James Carl\u00e8s, TNFC. Innocentia Inviolata partnered with Inspe-La Sorbonne University within the framework of Irma Velez&#8217; programm : Education &amp; Cinema. 2022 My Body, my Territory !&nbsp;Read more\" \/>\n<meta property=\"og:url\" content=\"https:\/\/innocentia-inviolata.fr\/en\/francais-actions-mediation\/my-body-my-territory\/\" \/>\n<meta property=\"og:site_name\" content=\"INNOCENTIA INVIOLATA\" \/>\n<meta property=\"article:publisher\" content=\"https:\/\/fr-fr.facebook.com\/innocentia.inviolata.9\" \/>\n<meta property=\"article:modified_time\" content=\"2024-10-17T12:53:43+00:00\" \/>\n<meta property=\"og:image\" content=\"https:\/\/innocentia-inviolata.fr\/wp-content\/uploads\/screenshot.png\" \/>\n\t<meta property=\"og:image:width\" content=\"300\" \/>\n\t<meta property=\"og:image:height\" content=\"225\" \/>\n\t<meta property=\"og:image:type\" content=\"image\/png\" \/>\n<meta name=\"twitter:card\" content=\"summary_large_image\" \/>\n<meta name=\"twitter:label1\" content=\"Est. reading time\" \/>\n\t<meta name=\"twitter:data1\" content=\"2 minutes\" \/>\n<script type=\"application\/ld+json\" class=\"yoast-schema-graph\">{\"@context\":\"https:\/\/schema.org\",\"@graph\":[{\"@type\":\"Organization\",\"@id\":\"https:\/\/innocentia-inviolata.fr\/en\/#organization\",\"name\":\"Innocentia Inviolata\",\"url\":\"https:\/\/innocentia-inviolata.fr\/en\/\",\"sameAs\":[\"https:\/\/fr-fr.facebook.com\/innocentia.inviolata.9\"],\"logo\":{\"@type\":\"ImageObject\",\"@id\":\"https:\/\/innocentia-inviolata.fr\/en\/#logo\",\"inLanguage\":\"en-US\",\"url\":\"https:\/\/innocentia-inviolata.fr\/wp-content\/uploads\/screenshot.png\",\"contentUrl\":\"https:\/\/innocentia-inviolata.fr\/wp-content\/uploads\/screenshot.png\",\"width\":300,\"height\":225,\"caption\":\"Innocentia Inviolata\"},\"image\":{\"@id\":\"https:\/\/innocentia-inviolata.fr\/en\/#logo\"}},{\"@type\":\"WebSite\",\"@id\":\"https:\/\/innocentia-inviolata.fr\/en\/#website\",\"url\":\"https:\/\/innocentia-inviolata.fr\/en\/\",\"name\":\"INNOCENTIA INVIOLATA\",\"description\":\"Direction C\u00e9line Nogueira\",\"publisher\":{\"@id\":\"https:\/\/innocentia-inviolata.fr\/en\/#organization\"},\"potentialAction\":[{\"@type\":\"SearchAction\",\"target\":{\"@type\":\"EntryPoint\",\"urlTemplate\":\"https:\/\/innocentia-inviolata.fr\/en\/?s={search_term_string}\"},\"query-input\":\"required name=search_term_string\"}],\"inLanguage\":\"en-US\"},{\"@type\":\"WebPage\",\"@id\":\"https:\/\/innocentia-inviolata.fr\/en\/francais-actions-mediation\/my-body-my-territory\/#webpage\",\"url\":\"https:\/\/innocentia-inviolata.fr\/en\/francais-actions-mediation\/my-body-my-territory\/\",\"name\":\"Outreach program - My body, my territory ! - INNOCENTIA INVIOLATA\",\"isPartOf\":{\"@id\":\"https:\/\/innocentia-inviolata.fr\/en\/#website\"},\"datePublished\":\"2024-04-09T09:49:07+00:00\",\"dateModified\":\"2024-10-17T12:53:43+00:00\",\"breadcrumb\":{\"@id\":\"https:\/\/innocentia-inviolata.fr\/en\/francais-actions-mediation\/my-body-my-territory\/#breadcrumb\"},\"inLanguage\":\"en-US\",\"potentialAction\":[{\"@type\":\"ReadAction\",\"target\":[[\"https:\/\/innocentia-inviolata.fr\/en\/francais-actions-mediation\/my-body-my-territory\/\"]]}]},{\"@type\":\"BreadcrumbList\",\"@id\":\"https:\/\/innocentia-inviolata.fr\/en\/francais-actions-mediation\/my-body-my-territory\/#breadcrumb\",\"itemListElement\":[{\"@type\":\"ListItem\",\"position\":1,\"name\":\"Home\",\"item\":\"https:\/\/innocentia-inviolata.fr\/en\/\"},{\"@type\":\"ListItem\",\"position\":2,\"name\":\"The Art of Emancipation &#8211; outreach program\",\"item\":\"https:\/\/innocentia-inviolata.fr\/en\/francais-actions-mediation\/\"},{\"@type\":\"ListItem\",\"position\":3,\"name\":\"Outreach program &#8211; My body, my territory !\"}]}]}<\/script>\n<!-- \/ Yoast SEO plugin. -->","yoast_head_json":{"robots":{"index":"index","follow":"follow","max-snippet":"max-snippet:-1","max-image-preview":"max-image-preview:large","max-video-preview":"max-video-preview:-1"},"canonical":"https:\/\/innocentia-inviolata.fr\/en\/francais-actions-mediation\/my-body-my-territory\/","og_locale":"en_US","og_type":"article","og_title":"Outreach program - My body, my territory ! - INNOCENTIA INVIOLATA","og_description":"2023 : Danse-Foot&#8230; a gender issue Winning projects of the Call from the City of Toulouse to deconstruct gender stereotypes through sports practice&#8221; with Clae\/\u00c9cole Sermet, Centre chor\u00e9graphique James Carl\u00e8s, TNFC. Innocentia Inviolata partnered with Inspe-La Sorbonne University within the framework of Irma Velez&#8217; programm : Education &amp; Cinema. 2022 My Body, my Territory !&nbsp;Read more","og_url":"https:\/\/innocentia-inviolata.fr\/en\/francais-actions-mediation\/my-body-my-territory\/","og_site_name":"INNOCENTIA INVIOLATA","article_publisher":"https:\/\/fr-fr.facebook.com\/innocentia.inviolata.9","article_modified_time":"2024-10-17T12:53:43+00:00","og_image":[{"width":300,"height":225,"url":"https:\/\/innocentia-inviolata.fr\/wp-content\/uploads\/screenshot.png","type":"image\/png"}],"twitter_card":"summary_large_image","twitter_misc":{"Est. reading time":"2 minutes"},"schema":{"@context":"https:\/\/schema.org","@graph":[{"@type":"Organization","@id":"https:\/\/innocentia-inviolata.fr\/en\/#organization","name":"Innocentia Inviolata","url":"https:\/\/innocentia-inviolata.fr\/en\/","sameAs":["https:\/\/fr-fr.facebook.com\/innocentia.inviolata.9"],"logo":{"@type":"ImageObject","@id":"https:\/\/innocentia-inviolata.fr\/en\/#logo","inLanguage":"en-US","url":"https:\/\/innocentia-inviolata.fr\/wp-content\/uploads\/screenshot.png","contentUrl":"https:\/\/innocentia-inviolata.fr\/wp-content\/uploads\/screenshot.png","width":300,"height":225,"caption":"Innocentia Inviolata"},"image":{"@id":"https:\/\/innocentia-inviolata.fr\/en\/#logo"}},{"@type":"WebSite","@id":"https:\/\/innocentia-inviolata.fr\/en\/#website","url":"https:\/\/innocentia-inviolata.fr\/en\/","name":"INNOCENTIA INVIOLATA","description":"Direction C\u00e9line Nogueira","publisher":{"@id":"https:\/\/innocentia-inviolata.fr\/en\/#organization"},"potentialAction":[{"@type":"SearchAction","target":{"@type":"EntryPoint","urlTemplate":"https:\/\/innocentia-inviolata.fr\/en\/?s={search_term_string}"},"query-input":"required name=search_term_string"}],"inLanguage":"en-US"},{"@type":"WebPage","@id":"https:\/\/innocentia-inviolata.fr\/en\/francais-actions-mediation\/my-body-my-territory\/#webpage","url":"https:\/\/innocentia-inviolata.fr\/en\/francais-actions-mediation\/my-body-my-territory\/","name":"Outreach program - My body, my territory ! - INNOCENTIA INVIOLATA","isPartOf":{"@id":"https:\/\/innocentia-inviolata.fr\/en\/#website"},"datePublished":"2024-04-09T09:49:07+00:00","dateModified":"2024-10-17T12:53:43+00:00","breadcrumb":{"@id":"https:\/\/innocentia-inviolata.fr\/en\/francais-actions-mediation\/my-body-my-territory\/#breadcrumb"},"inLanguage":"en-US","potentialAction":[{"@type":"ReadAction","target":[["https:\/\/innocentia-inviolata.fr\/en\/francais-actions-mediation\/my-body-my-territory\/"]]}]},{"@type":"BreadcrumbList","@id":"https:\/\/innocentia-inviolata.fr\/en\/francais-actions-mediation\/my-body-my-territory\/#breadcrumb","itemListElement":[{"@type":"ListItem","position":1,"name":"Home","item":"https:\/\/innocentia-inviolata.fr\/en\/"},{"@type":"ListItem","position":2,"name":"The Art of Emancipation &#8211; outreach program","item":"https:\/\/innocentia-inviolata.fr\/en\/francais-actions-mediation\/"},{"@type":"ListItem","position":3,"name":"Outreach program &#8211; My body, my territory !"}]}]}},"_links":{"self":[{"href":"https:\/\/innocentia-inviolata.fr\/en\/wp-json\/wp\/v2\/pages\/1659"}],"collection":[{"href":"https:\/\/innocentia-inviolata.fr\/en\/wp-json\/wp\/v2\/pages"}],"about":[{"href":"https:\/\/innocentia-inviolata.fr\/en\/wp-json\/wp\/v2\/types\/page"}],"author":[{"embeddable":true,"href":"https:\/\/innocentia-inviolata.fr\/en\/wp-json\/wp\/v2\/users\/2"}],"replies":[{"embeddable":true,"href":"https:\/\/innocentia-inviolata.fr\/en\/wp-json\/wp\/v2\/comments?post=1659"}],"version-history":[{"count":9,"href":"https:\/\/innocentia-inviolata.fr\/en\/wp-json\/wp\/v2\/pages\/1659\/revisions"}],"predecessor-version":[{"id":1827,"href":"https:\/\/innocentia-inviolata.fr\/en\/wp-json\/wp\/v2\/pages\/1659\/revisions\/1827"}],"up":[{"embeddable":true,"href":"https:\/\/innocentia-inviolata.fr\/en\/wp-json\/wp\/v2\/pages\/831"}],"wp:attachment":[{"href":"https:\/\/innocentia-inviolata.fr\/en\/wp-json\/wp\/v2\/media?parent=1659"}],"wp:term":[{"taxonomy":"category","embeddable":true,"href":"https:\/\/innocentia-inviolata.fr\/en\/wp-json\/wp\/v2\/categories?post=1659"},{"taxonomy":"post_tag","embeddable":true,"href":"https:\/\/innocentia-inviolata.fr\/en\/wp-json\/wp\/v2\/tags?post=1659"}],"curies":[{"name":"wp","href":"https:\/\/api.w.org\/{rel}","templated":true}]}}