{"id":1433,"date":"2023-11-27T09:12:24","date_gmt":"2023-11-27T09:12:24","guid":{"rendered":"https:\/\/innocentia-inviolata.fr\/en\/?page_id=1433"},"modified":"2024-12-03T11:31:30","modified_gmt":"2024-12-03T11:31:30","slug":"hamlet","status":"publish","type":"page","link":"https:\/\/innocentia-inviolata.fr\/en\/creations\/hamlet\/","title":{"rendered":"Hamlet 2023"},"content":{"rendered":"<p>And the winner is &#8230;. Valentino Cocks receives the Award for Best Male Actor at the <a href=\"https:\/\/www.lopinion.ma\/Tanger-Festival-International-du-Theatre-Universitaire-Aventure-et-emerveillement-en-perspective_a45251.html\" target=\"_blank\" rel=\"noopener\">FITUT<\/a>&#8211; Tanger International Festival<\/p>\n<p><a href=\"https:\/\/innocentia-inviolata.fr\/wp-content\/uploads\/Hamlet-Critique.jpeg\" target=\"_blank\" rel=\"noopener\">Review Hamlet in Tanger<\/a><\/p>\n<p><img loading=\"lazy\" class=\"alignnone size-medium wp-image-1442\" src=\"https:\/\/innocentia-inviolata.fr\/wp-content\/uploads\/Hamlet-Valentino-Cocks-bis-404x410.jpeg\" alt=\"\" width=\"404\" height=\"410\" srcset=\"https:\/\/innocentia-inviolata.fr\/wp-content\/uploads\/Hamlet-Valentino-Cocks-bis-404x410.jpeg 404w, https:\/\/innocentia-inviolata.fr\/wp-content\/uploads\/Hamlet-Valentino-Cocks-bis-768x780.jpeg 768w, https:\/\/innocentia-inviolata.fr\/wp-content\/uploads\/Hamlet-Valentino-Cocks-bis.jpeg 780w\" sizes=\"(max-width: 404px) 100vw, 404px\" \/><\/p>\n<p>Production 2023 : Les Soeurs Fatales, Universit\u00e9 Toulouse Jean Jaur\u00e8s<\/p>\n<p>@Th\u00e9\u00e2tre La Fabrique @Salle Beckett \/Institut Fran\u00e7ais de Tanger.<\/p>\n<p>Direction : C\u00e9line Nogueira<\/p>\n<p>With : Emma Bateman, Elizabeth Burbidge, Valentino Cocks, Nathan Gleyses, Liam Gr\u00e9goriad\u00e8s, Icare Joyard, Vlad Mouvangui-Nze, Richard Oates, Lilith Royer<br \/>\nLights : Yarol Stuber<\/p>\n<p><iframe loading=\"lazy\" title=\"Hamlet - Les Soeurs Fatales \/ C\u00e9line Nogueira\" width=\"410\" height=\"231\" src=\"https:\/\/www.youtube.com\/embed\/_3yq0t2vnFE?feature=oembed\" frameborder=\"0\" allow=\"accelerometer; autoplay; clipboard-write; encrypted-media; gyroscope; picture-in-picture; web-share\" referrerpolicy=\"strict-origin-when-cross-origin\" allowfullscreen><\/iframe><\/p>\n<p><img loading=\"lazy\" class=\"alignnone size-medium wp-image-1463\" src=\"https:\/\/innocentia-inviolata.fr\/wp-content\/uploads\/DSC06768-410x264.jpg\" alt=\"\" width=\"410\" height=\"264\" srcset=\"https:\/\/innocentia-inviolata.fr\/wp-content\/uploads\/DSC06768-410x264.jpg 410w, https:\/\/innocentia-inviolata.fr\/wp-content\/uploads\/DSC06768-1024x659.jpg 1024w, https:\/\/innocentia-inviolata.fr\/wp-content\/uploads\/DSC06768-768x494.jpg 768w, https:\/\/innocentia-inviolata.fr\/wp-content\/uploads\/DSC06768-1536x988.jpg 1536w, https:\/\/innocentia-inviolata.fr\/wp-content\/uploads\/DSC06768-2048x1318.jpg 2048w\" sizes=\"(max-width: 410px) 100vw, 410px\" \/><\/p>\n<p><img loading=\"lazy\" class=\"alignnone size-medium wp-image-1457\" src=\"https:\/\/innocentia-inviolata.fr\/wp-content\/uploads\/JPM-Hamlet-Valentino-Cocks-DSC_2438-410x273.jpeg\" alt=\"\" width=\"410\" height=\"273\" srcset=\"https:\/\/innocentia-inviolata.fr\/wp-content\/uploads\/JPM-Hamlet-Valentino-Cocks-DSC_2438-410x273.jpeg 410w, https:\/\/innocentia-inviolata.fr\/wp-content\/uploads\/JPM-Hamlet-Valentino-Cocks-DSC_2438-1024x681.jpeg 1024w, https:\/\/innocentia-inviolata.fr\/wp-content\/uploads\/JPM-Hamlet-Valentino-Cocks-DSC_2438-768x511.jpeg 768w, https:\/\/innocentia-inviolata.fr\/wp-content\/uploads\/JPM-Hamlet-Valentino-Cocks-DSC_2438-1536x1022.jpeg 1536w, https:\/\/innocentia-inviolata.fr\/wp-content\/uploads\/JPM-Hamlet-Valentino-Cocks-DSC_2438-2048x1363.jpeg 2048w\" sizes=\"(max-width: 410px) 100vw, 410px\" \/><\/p>\n<p>&nbsp;<\/p>","protected":false},"excerpt":{"rendered":"<p>And the winner is &#8230;. Valentino Cocks receives the Award for Best Male Actor at the FITUT&#8211; Tanger International Festival Review Hamlet in Tanger Production 2023 : Les Soeurs Fatales, Universit\u00e9 Toulouse Jean Jaur\u00e8s @Th\u00e9\u00e2tre La Fabrique @Salle Beckett \/Institut Fran\u00e7ais de Tanger. Direction : C\u00e9line Nogueira With : Emma Bateman, Elizabeth Burbidge, Valentino Cocks,&nbsp;<a href=\"https:\/\/innocentia-inviolata.fr\/en\/creations\/hamlet\/\">Read more<\/a><\/p>\n","protected":false},"author":2,"featured_media":1462,"parent":7,"menu_order":2,"comment_status":"closed","ping_status":"closed","template":"cubes.php","meta":[],"categories":[9],"tags":[],"yoast_head":"<!-- This site is optimized with the Yoast SEO plugin v18.1 - https:\/\/yoast.com\/wordpress\/plugins\/seo\/ -->\n<meta name=\"robots\" content=\"index, follow, max-snippet:-1, max-image-preview:large, max-video-preview:-1\" \/>\n<link rel=\"canonical\" href=\"https:\/\/innocentia-inviolata.fr\/en\/creations\/hamlet\/\" \/>\n<meta property=\"og:locale\" content=\"en_US\" \/>\n<meta property=\"og:type\" content=\"article\" \/>\n<meta property=\"og:title\" content=\"Hamlet 2023 - INNOCENTIA INVIOLATA\" \/>\n<meta property=\"og:description\" content=\"And the winner is &#8230;. Valentino Cocks receives the Award for Best Male Actor at the FITUT&#8211; Tanger International Festival Review Hamlet in Tanger Production 2023 : Les Soeurs Fatales, Universit\u00e9 Toulouse Jean Jaur\u00e8s @Th\u00e9\u00e2tre La Fabrique @Salle Beckett \/Institut Fran\u00e7ais de Tanger. Direction : C\u00e9line Nogueira With : Emma Bateman, Elizabeth Burbidge, Valentino Cocks,&nbsp;Read more\" \/>\n<meta property=\"og:url\" content=\"https:\/\/innocentia-inviolata.fr\/en\/creations\/hamlet\/\" \/>\n<meta property=\"og:site_name\" content=\"INNOCENTIA INVIOLATA\" \/>\n<meta property=\"article:publisher\" content=\"https:\/\/fr-fr.facebook.com\/innocentia.inviolata.9\" \/>\n<meta property=\"article:modified_time\" content=\"2024-12-03T11:31:30+00:00\" \/>\n<meta property=\"og:image\" content=\"https:\/\/innocentia-inviolata.fr\/wp-content\/uploads\/DSC_2736.jpeg\" \/>\n\t<meta property=\"og:image:width\" content=\"2233\" \/>\n\t<meta property=\"og:image:height\" content=\"1485\" \/>\n\t<meta property=\"og:image:type\" content=\"image\/jpeg\" \/>\n<meta name=\"twitter:card\" content=\"summary_large_image\" \/>\n<meta name=\"twitter:label1\" content=\"Est. reading time\" \/>\n\t<meta name=\"twitter:data1\" content=\"1 minute\" \/>\n<script type=\"application\/ld+json\" class=\"yoast-schema-graph\">{\"@context\":\"https:\/\/schema.org\",\"@graph\":[{\"@type\":\"Organization\",\"@id\":\"https:\/\/innocentia-inviolata.fr\/en\/#organization\",\"name\":\"Innocentia Inviolata\",\"url\":\"https:\/\/innocentia-inviolata.fr\/en\/\",\"sameAs\":[\"https:\/\/fr-fr.facebook.com\/innocentia.inviolata.9\"],\"logo\":{\"@type\":\"ImageObject\",\"@id\":\"https:\/\/innocentia-inviolata.fr\/en\/#logo\",\"inLanguage\":\"en-US\",\"url\":\"https:\/\/innocentia-inviolata.fr\/wp-content\/uploads\/screenshot.png\",\"contentUrl\":\"https:\/\/innocentia-inviolata.fr\/wp-content\/uploads\/screenshot.png\",\"width\":300,\"height\":225,\"caption\":\"Innocentia Inviolata\"},\"image\":{\"@id\":\"https:\/\/innocentia-inviolata.fr\/en\/#logo\"}},{\"@type\":\"WebSite\",\"@id\":\"https:\/\/innocentia-inviolata.fr\/en\/#website\",\"url\":\"https:\/\/innocentia-inviolata.fr\/en\/\",\"name\":\"INNOCENTIA INVIOLATA\",\"description\":\"Direction C\u00e9line Nogueira\",\"publisher\":{\"@id\":\"https:\/\/innocentia-inviolata.fr\/en\/#organization\"},\"potentialAction\":[{\"@type\":\"SearchAction\",\"target\":{\"@type\":\"EntryPoint\",\"urlTemplate\":\"https:\/\/innocentia-inviolata.fr\/en\/?s={search_term_string}\"},\"query-input\":\"required name=search_term_string\"}],\"inLanguage\":\"en-US\"},{\"@type\":\"ImageObject\",\"@id\":\"https:\/\/innocentia-inviolata.fr\/en\/creations\/hamlet\/#primaryimage\",\"inLanguage\":\"en-US\",\"url\":\"https:\/\/innocentia-inviolata.fr\/wp-content\/uploads\/DSC_2736.jpeg\",\"contentUrl\":\"https:\/\/innocentia-inviolata.fr\/wp-content\/uploads\/DSC_2736.jpeg\",\"width\":2233,\"height\":1485},{\"@type\":\"WebPage\",\"@id\":\"https:\/\/innocentia-inviolata.fr\/en\/creations\/hamlet\/#webpage\",\"url\":\"https:\/\/innocentia-inviolata.fr\/en\/creations\/hamlet\/\",\"name\":\"Hamlet 2023 - INNOCENTIA INVIOLATA\",\"isPartOf\":{\"@id\":\"https:\/\/innocentia-inviolata.fr\/en\/#website\"},\"primaryImageOfPage\":{\"@id\":\"https:\/\/innocentia-inviolata.fr\/en\/creations\/hamlet\/#primaryimage\"},\"datePublished\":\"2023-11-27T09:12:24+00:00\",\"dateModified\":\"2024-12-03T11:31:30+00:00\",\"breadcrumb\":{\"@id\":\"https:\/\/innocentia-inviolata.fr\/en\/creations\/hamlet\/#breadcrumb\"},\"inLanguage\":\"en-US\",\"potentialAction\":[{\"@type\":\"ReadAction\",\"target\":[[\"https:\/\/innocentia-inviolata.fr\/en\/creations\/hamlet\/\"]]}]},{\"@type\":\"BreadcrumbList\",\"@id\":\"https:\/\/innocentia-inviolata.fr\/en\/creations\/hamlet\/#breadcrumb\",\"itemListElement\":[{\"@type\":\"ListItem\",\"position\":1,\"name\":\"Home\",\"item\":\"https:\/\/innocentia-inviolata.fr\/en\/\"},{\"@type\":\"ListItem\",\"position\":2,\"name\":\"ALL productions\",\"item\":\"https:\/\/innocentia-inviolata.fr\/en\/creations\/\"},{\"@type\":\"ListItem\",\"position\":3,\"name\":\"Hamlet 2023\"}]}]}<\/script>\n<!-- \/ Yoast SEO plugin. -->","yoast_head_json":{"robots":{"index":"index","follow":"follow","max-snippet":"max-snippet:-1","max-image-preview":"max-image-preview:large","max-video-preview":"max-video-preview:-1"},"canonical":"https:\/\/innocentia-inviolata.fr\/en\/creations\/hamlet\/","og_locale":"en_US","og_type":"article","og_title":"Hamlet 2023 - INNOCENTIA INVIOLATA","og_description":"And the winner is &#8230;. Valentino Cocks receives the Award for Best Male Actor at the FITUT&#8211; Tanger International Festival Review Hamlet in Tanger Production 2023 : Les Soeurs Fatales, Universit\u00e9 Toulouse Jean Jaur\u00e8s @Th\u00e9\u00e2tre La Fabrique @Salle Beckett \/Institut Fran\u00e7ais de Tanger. Direction : C\u00e9line Nogueira With : Emma Bateman, Elizabeth Burbidge, Valentino Cocks,&nbsp;Read more","og_url":"https:\/\/innocentia-inviolata.fr\/en\/creations\/hamlet\/","og_site_name":"INNOCENTIA INVIOLATA","article_publisher":"https:\/\/fr-fr.facebook.com\/innocentia.inviolata.9","article_modified_time":"2024-12-03T11:31:30+00:00","og_image":[{"width":2233,"height":1485,"url":"https:\/\/innocentia-inviolata.fr\/wp-content\/uploads\/DSC_2736.jpeg","type":"image\/jpeg"}],"twitter_card":"summary_large_image","twitter_misc":{"Est. reading time":"1 minute"},"schema":{"@context":"https:\/\/schema.org","@graph":[{"@type":"Organization","@id":"https:\/\/innocentia-inviolata.fr\/en\/#organization","name":"Innocentia Inviolata","url":"https:\/\/innocentia-inviolata.fr\/en\/","sameAs":["https:\/\/fr-fr.facebook.com\/innocentia.inviolata.9"],"logo":{"@type":"ImageObject","@id":"https:\/\/innocentia-inviolata.fr\/en\/#logo","inLanguage":"en-US","url":"https:\/\/innocentia-inviolata.fr\/wp-content\/uploads\/screenshot.png","contentUrl":"https:\/\/innocentia-inviolata.fr\/wp-content\/uploads\/screenshot.png","width":300,"height":225,"caption":"Innocentia Inviolata"},"image":{"@id":"https:\/\/innocentia-inviolata.fr\/en\/#logo"}},{"@type":"WebSite","@id":"https:\/\/innocentia-inviolata.fr\/en\/#website","url":"https:\/\/innocentia-inviolata.fr\/en\/","name":"INNOCENTIA INVIOLATA","description":"Direction C\u00e9line Nogueira","publisher":{"@id":"https:\/\/innocentia-inviolata.fr\/en\/#organization"},"potentialAction":[{"@type":"SearchAction","target":{"@type":"EntryPoint","urlTemplate":"https:\/\/innocentia-inviolata.fr\/en\/?s={search_term_string}"},"query-input":"required name=search_term_string"}],"inLanguage":"en-US"},{"@type":"ImageObject","@id":"https:\/\/innocentia-inviolata.fr\/en\/creations\/hamlet\/#primaryimage","inLanguage":"en-US","url":"https:\/\/innocentia-inviolata.fr\/wp-content\/uploads\/DSC_2736.jpeg","contentUrl":"https:\/\/innocentia-inviolata.fr\/wp-content\/uploads\/DSC_2736.jpeg","width":2233,"height":1485},{"@type":"WebPage","@id":"https:\/\/innocentia-inviolata.fr\/en\/creations\/hamlet\/#webpage","url":"https:\/\/innocentia-inviolata.fr\/en\/creations\/hamlet\/","name":"Hamlet 2023 - INNOCENTIA INVIOLATA","isPartOf":{"@id":"https:\/\/innocentia-inviolata.fr\/en\/#website"},"primaryImageOfPage":{"@id":"https:\/\/innocentia-inviolata.fr\/en\/creations\/hamlet\/#primaryimage"},"datePublished":"2023-11-27T09:12:24+00:00","dateModified":"2024-12-03T11:31:30+00:00","breadcrumb":{"@id":"https:\/\/innocentia-inviolata.fr\/en\/creations\/hamlet\/#breadcrumb"},"inLanguage":"en-US","potentialAction":[{"@type":"ReadAction","target":[["https:\/\/innocentia-inviolata.fr\/en\/creations\/hamlet\/"]]}]},{"@type":"BreadcrumbList","@id":"https:\/\/innocentia-inviolata.fr\/en\/creations\/hamlet\/#breadcrumb","itemListElement":[{"@type":"ListItem","position":1,"name":"Home","item":"https:\/\/innocentia-inviolata.fr\/en\/"},{"@type":"ListItem","position":2,"name":"ALL productions","item":"https:\/\/innocentia-inviolata.fr\/en\/creations\/"},{"@type":"ListItem","position":3,"name":"Hamlet 2023"}]}]}},"_links":{"self":[{"href":"https:\/\/innocentia-inviolata.fr\/en\/wp-json\/wp\/v2\/pages\/1433"}],"collection":[{"href":"https:\/\/innocentia-inviolata.fr\/en\/wp-json\/wp\/v2\/pages"}],"about":[{"href":"https:\/\/innocentia-inviolata.fr\/en\/wp-json\/wp\/v2\/types\/page"}],"author":[{"embeddable":true,"href":"https:\/\/innocentia-inviolata.fr\/en\/wp-json\/wp\/v2\/users\/2"}],"replies":[{"embeddable":true,"href":"https:\/\/innocentia-inviolata.fr\/en\/wp-json\/wp\/v2\/comments?post=1433"}],"version-history":[{"count":38,"href":"https:\/\/innocentia-inviolata.fr\/en\/wp-json\/wp\/v2\/pages\/1433\/revisions"}],"predecessor-version":[{"id":1869,"href":"https:\/\/innocentia-inviolata.fr\/en\/wp-json\/wp\/v2\/pages\/1433\/revisions\/1869"}],"up":[{"embeddable":true,"href":"https:\/\/innocentia-inviolata.fr\/en\/wp-json\/wp\/v2\/pages\/7"}],"wp:featuredmedia":[{"embeddable":true,"href":"https:\/\/innocentia-inviolata.fr\/en\/wp-json\/wp\/v2\/media\/1462"}],"wp:attachment":[{"href":"https:\/\/innocentia-inviolata.fr\/en\/wp-json\/wp\/v2\/media?parent=1433"}],"wp:term":[{"taxonomy":"category","embeddable":true,"href":"https:\/\/innocentia-inviolata.fr\/en\/wp-json\/wp\/v2\/categories?post=1433"},{"taxonomy":"post_tag","embeddable":true,"href":"https:\/\/innocentia-inviolata.fr\/en\/wp-json\/wp\/v2\/tags?post=1433"}],"curies":[{"name":"wp","href":"https:\/\/api.w.org\/{rel}","templated":true}]}}