{"id":1409,"date":"2023-11-05T06:06:34","date_gmt":"2023-11-05T06:06:34","guid":{"rendered":"https:\/\/innocentia-inviolata.fr\/en\/?page_id=1409"},"modified":"2025-09-20T10:11:04","modified_gmt":"2025-09-20T10:11:04","slug":"the-banquet","status":"publish","type":"page","link":"https:\/\/innocentia-inviolata.fr\/en\/creations\/the-banquet\/","title":{"rendered":"The Banquet 2024"},"content":{"rendered":"<p>https:\/\/www.youtube.com\/watch?v=f7s4rkGbimk<\/p>\n<p><span class=\"s1\"><strong>Written &amp; directed by<\/strong> C\u00e9line Nogueira<\/span><\/p>\n<p><strong>With<\/strong> C\u00e9line Cohen, Julie Gallifet, Lucie Muratet, C\u00e9line Nogueira, \u00c9milie Perrin, Haka Resic, Wilfried Tisseyre<\/p>\n<p><span class=\"s1\"><strong>Co-production \/ Partners<\/strong> L\u2019Usine Cnarep Tournefeuille, l\u2019Espace Roguet Toulouse, l\u2019Uppa &amp; le Bel Ordinaire in Pau<\/span><\/p>\n<p><span class=\"s1\"><strong>With the support of<\/strong> la Drac Occitanie, le Conseil d\u00e9partemental de la Haute Garonne, la Ville de Toulouse, VEHO Constructions.<\/span><\/p>\n<p>The Banquet explodes the conventional theatrical frame and invites you to meet differently through an immersive experience where the audience mingles with the artists. With this hybrid piece C\u00e9line Nogueira proposes an existential musical drama that is organic and choral and built with fragmented scenes so as to reveal the intimate states of being. Vibrant.<\/p>\n<p><img loading=\"lazy\" class=\"alignnone size-medium wp-image-1573\" src=\"https:\/\/innocentia-inviolata.fr\/wp-content\/uploads\/Visuel-Le-banquet-mail-410x308.jpeg\" alt=\"\" width=\"410\" height=\"308\" srcset=\"https:\/\/innocentia-inviolata.fr\/wp-content\/uploads\/Visuel-Le-banquet-mail-410x308.jpeg 410w, https:\/\/innocentia-inviolata.fr\/wp-content\/uploads\/Visuel-Le-banquet-mail-768x576.jpeg 768w, https:\/\/innocentia-inviolata.fr\/wp-content\/uploads\/Visuel-Le-banquet-mail.jpeg 800w\" sizes=\"(max-width: 410px) 100vw, 410px\" \/><\/p>\n<p><span style=\"color: #ffcc00;\"><a style=\"color: #ffcc00;\" href=\"https:\/\/www.lusine.net\/saison\/cie-innocentia-inviolata-celine-nogueira-le-banquet\/\" target=\"_blank\" rel=\"noopener\">HERE !<\/a><\/span><\/p>\n<p><span style=\"color: #ffcc00;\"><a style=\"color: #ffcc00;\" href=\"https:\/\/innocentia-inviolata.fr\/wp-content\/uploads\/2023110-Celine-Nogueira-Le-Banquet.pdf\">ARTISTIC PRESENTATION<\/a><\/span><\/p>\n<p class=\"p7\"><span class=\"s2\">Music : <b>C\u00e9line Cohen, Haka Haris Resic, Wilfried Tisseyre, <\/b><\/span><\/p>\n<p class=\"p7\"><span class=\"s2\">Lights :<b> Philippe Ferreira<\/b><\/span><\/p>\n<p class=\"p7\"><span class=\"s2\">Sound : <b>Thomas Gouaz\u00e9<\/b><\/span><\/p>\n<p class=\"p7\"><span class=\"s2\">Administration\/ production manager : <b>Louis Gry<\/b><\/span><\/p>\n<p><img loading=\"lazy\" class=\"alignnone size-medium wp-image-1412\" src=\"https:\/\/innocentia-inviolata.fr\/wp-content\/uploads\/Capture-de\u0301cran-2023-11-05-a\u0300-07.08.51-287x410.png\" alt=\"\" width=\"287\" height=\"410\" srcset=\"https:\/\/innocentia-inviolata.fr\/wp-content\/uploads\/Capture-de\u0301cran-2023-11-05-a\u0300-07.08.51-287x410.png 287w, https:\/\/innocentia-inviolata.fr\/wp-content\/uploads\/Capture-de\u0301cran-2023-11-05-a\u0300-07.08.51-717x1024.png 717w, https:\/\/innocentia-inviolata.fr\/wp-content\/uploads\/Capture-de\u0301cran-2023-11-05-a\u0300-07.08.51-768x1097.png 768w, https:\/\/innocentia-inviolata.fr\/wp-content\/uploads\/Capture-de\u0301cran-2023-11-05-a\u0300-07.08.51.png 788w\" sizes=\"(max-width: 287px) 100vw, 287px\" \/><\/p>\n<p>&nbsp;<\/p>","protected":false},"excerpt":{"rendered":"<p>https:\/\/www.youtube.com\/watch?v=f7s4rkGbimk Written &amp; directed by C\u00e9line Nogueira With C\u00e9line Cohen, Julie Gallifet, Lucie Muratet, C\u00e9line Nogueira, \u00c9milie Perrin, Haka Resic, Wilfried Tisseyre Co-production \/ Partners L\u2019Usine Cnarep Tournefeuille, l\u2019Espace Roguet Toulouse, l\u2019Uppa &amp; le Bel Ordinaire in Pau With the support of la Drac Occitanie, le Conseil d\u00e9partemental de la Haute Garonne, la Ville de&nbsp;<a href=\"https:\/\/innocentia-inviolata.fr\/en\/creations\/the-banquet\/\">Read more<\/a><\/p>\n","protected":false},"author":2,"featured_media":1484,"parent":7,"menu_order":1,"comment_status":"closed","ping_status":"closed","template":"cubes.php","meta":[],"categories":[6],"tags":[16,11,13,15,14,12],"yoast_head":"<!-- This site is optimized with the Yoast SEO plugin v18.1 - https:\/\/yoast.com\/wordpress\/plugins\/seo\/ -->\n<meta name=\"robots\" content=\"index, follow, max-snippet:-1, max-image-preview:large, max-video-preview:-1\" \/>\n<link rel=\"canonical\" href=\"https:\/\/innocentia-inviolata.fr\/en\/creations\/the-banquet\/\" \/>\n<meta property=\"og:locale\" content=\"en_US\" \/>\n<meta property=\"og:type\" content=\"article\" \/>\n<meta property=\"og:title\" content=\"The Banquet 2024 - INNOCENTIA INVIOLATA\" \/>\n<meta property=\"og:description\" content=\"https:\/\/www.youtube.com\/watch?v=f7s4rkGbimk Written &amp; directed by C\u00e9line Nogueira With C\u00e9line Cohen, Julie Gallifet, Lucie Muratet, C\u00e9line Nogueira, \u00c9milie Perrin, Haka Resic, Wilfried Tisseyre Co-production \/ Partners L\u2019Usine Cnarep Tournefeuille, l\u2019Espace Roguet Toulouse, l\u2019Uppa &amp; le Bel Ordinaire in Pau With the support of la Drac Occitanie, le Conseil d\u00e9partemental de la Haute Garonne, la Ville de&nbsp;Read more\" \/>\n<meta property=\"og:url\" content=\"https:\/\/innocentia-inviolata.fr\/en\/creations\/the-banquet\/\" \/>\n<meta property=\"og:site_name\" content=\"INNOCENTIA INVIOLATA\" \/>\n<meta property=\"article:publisher\" content=\"https:\/\/fr-fr.facebook.com\/innocentia.inviolata.9\" \/>\n<meta property=\"article:modified_time\" content=\"2025-09-20T10:11:04+00:00\" \/>\n<meta property=\"og:image\" content=\"https:\/\/innocentia-inviolata.fr\/wp-content\/uploads\/Le-Banquet-Emilie-Pic.jpeg\" \/>\n\t<meta property=\"og:image:width\" content=\"946\" \/>\n\t<meta property=\"og:image:height\" content=\"1182\" \/>\n\t<meta property=\"og:image:type\" content=\"image\/jpeg\" \/>\n<meta name=\"twitter:card\" content=\"summary_large_image\" \/>\n<meta name=\"twitter:label1\" content=\"Est. reading time\" \/>\n\t<meta name=\"twitter:data1\" content=\"2 minutes\" \/>\n<script type=\"application\/ld+json\" class=\"yoast-schema-graph\">{\"@context\":\"https:\/\/schema.org\",\"@graph\":[{\"@type\":\"Organization\",\"@id\":\"https:\/\/innocentia-inviolata.fr\/en\/#organization\",\"name\":\"Innocentia Inviolata\",\"url\":\"https:\/\/innocentia-inviolata.fr\/en\/\",\"sameAs\":[\"https:\/\/fr-fr.facebook.com\/innocentia.inviolata.9\"],\"logo\":{\"@type\":\"ImageObject\",\"@id\":\"https:\/\/innocentia-inviolata.fr\/en\/#logo\",\"inLanguage\":\"en-US\",\"url\":\"https:\/\/innocentia-inviolata.fr\/wp-content\/uploads\/screenshot.png\",\"contentUrl\":\"https:\/\/innocentia-inviolata.fr\/wp-content\/uploads\/screenshot.png\",\"width\":300,\"height\":225,\"caption\":\"Innocentia Inviolata\"},\"image\":{\"@id\":\"https:\/\/innocentia-inviolata.fr\/en\/#logo\"}},{\"@type\":\"WebSite\",\"@id\":\"https:\/\/innocentia-inviolata.fr\/en\/#website\",\"url\":\"https:\/\/innocentia-inviolata.fr\/en\/\",\"name\":\"INNOCENTIA INVIOLATA\",\"description\":\"Direction C\u00e9line Nogueira\",\"publisher\":{\"@id\":\"https:\/\/innocentia-inviolata.fr\/en\/#organization\"},\"potentialAction\":[{\"@type\":\"SearchAction\",\"target\":{\"@type\":\"EntryPoint\",\"urlTemplate\":\"https:\/\/innocentia-inviolata.fr\/en\/?s={search_term_string}\"},\"query-input\":\"required name=search_term_string\"}],\"inLanguage\":\"en-US\"},{\"@type\":\"ImageObject\",\"@id\":\"https:\/\/innocentia-inviolata.fr\/en\/creations\/the-banquet\/#primaryimage\",\"inLanguage\":\"en-US\",\"url\":\"https:\/\/innocentia-inviolata.fr\/wp-content\/uploads\/Le-Banquet-Emilie-Pic.jpeg\",\"contentUrl\":\"https:\/\/innocentia-inviolata.fr\/wp-content\/uploads\/Le-Banquet-Emilie-Pic.jpeg\",\"width\":946,\"height\":1182},{\"@type\":\"WebPage\",\"@id\":\"https:\/\/innocentia-inviolata.fr\/en\/creations\/the-banquet\/#webpage\",\"url\":\"https:\/\/innocentia-inviolata.fr\/en\/creations\/the-banquet\/\",\"name\":\"The Banquet 2024 - INNOCENTIA INVIOLATA\",\"isPartOf\":{\"@id\":\"https:\/\/innocentia-inviolata.fr\/en\/#website\"},\"primaryImageOfPage\":{\"@id\":\"https:\/\/innocentia-inviolata.fr\/en\/creations\/the-banquet\/#primaryimage\"},\"datePublished\":\"2023-11-05T06:06:34+00:00\",\"dateModified\":\"2025-09-20T10:11:04+00:00\",\"breadcrumb\":{\"@id\":\"https:\/\/innocentia-inviolata.fr\/en\/creations\/the-banquet\/#breadcrumb\"},\"inLanguage\":\"en-US\",\"potentialAction\":[{\"@type\":\"ReadAction\",\"target\":[[\"https:\/\/innocentia-inviolata.fr\/en\/creations\/the-banquet\/\"]]}]},{\"@type\":\"BreadcrumbList\",\"@id\":\"https:\/\/innocentia-inviolata.fr\/en\/creations\/the-banquet\/#breadcrumb\",\"itemListElement\":[{\"@type\":\"ListItem\",\"position\":1,\"name\":\"Home\",\"item\":\"https:\/\/innocentia-inviolata.fr\/en\/\"},{\"@type\":\"ListItem\",\"position\":2,\"name\":\"ALL productions\",\"item\":\"https:\/\/innocentia-inviolata.fr\/en\/creations\/\"},{\"@type\":\"ListItem\",\"position\":3,\"name\":\"The Banquet 2024\"}]}]}<\/script>\n<!-- \/ Yoast SEO plugin. -->","yoast_head_json":{"robots":{"index":"index","follow":"follow","max-snippet":"max-snippet:-1","max-image-preview":"max-image-preview:large","max-video-preview":"max-video-preview:-1"},"canonical":"https:\/\/innocentia-inviolata.fr\/en\/creations\/the-banquet\/","og_locale":"en_US","og_type":"article","og_title":"The Banquet 2024 - INNOCENTIA INVIOLATA","og_description":"https:\/\/www.youtube.com\/watch?v=f7s4rkGbimk Written &amp; directed by C\u00e9line Nogueira With C\u00e9line Cohen, Julie Gallifet, Lucie Muratet, C\u00e9line Nogueira, \u00c9milie Perrin, Haka Resic, Wilfried Tisseyre Co-production \/ Partners L\u2019Usine Cnarep Tournefeuille, l\u2019Espace Roguet Toulouse, l\u2019Uppa &amp; le Bel Ordinaire in Pau With the support of la Drac Occitanie, le Conseil d\u00e9partemental de la Haute Garonne, la Ville de&nbsp;Read more","og_url":"https:\/\/innocentia-inviolata.fr\/en\/creations\/the-banquet\/","og_site_name":"INNOCENTIA INVIOLATA","article_publisher":"https:\/\/fr-fr.facebook.com\/innocentia.inviolata.9","article_modified_time":"2025-09-20T10:11:04+00:00","og_image":[{"width":946,"height":1182,"url":"https:\/\/innocentia-inviolata.fr\/wp-content\/uploads\/Le-Banquet-Emilie-Pic.jpeg","type":"image\/jpeg"}],"twitter_card":"summary_large_image","twitter_misc":{"Est. reading time":"2 minutes"},"schema":{"@context":"https:\/\/schema.org","@graph":[{"@type":"Organization","@id":"https:\/\/innocentia-inviolata.fr\/en\/#organization","name":"Innocentia Inviolata","url":"https:\/\/innocentia-inviolata.fr\/en\/","sameAs":["https:\/\/fr-fr.facebook.com\/innocentia.inviolata.9"],"logo":{"@type":"ImageObject","@id":"https:\/\/innocentia-inviolata.fr\/en\/#logo","inLanguage":"en-US","url":"https:\/\/innocentia-inviolata.fr\/wp-content\/uploads\/screenshot.png","contentUrl":"https:\/\/innocentia-inviolata.fr\/wp-content\/uploads\/screenshot.png","width":300,"height":225,"caption":"Innocentia Inviolata"},"image":{"@id":"https:\/\/innocentia-inviolata.fr\/en\/#logo"}},{"@type":"WebSite","@id":"https:\/\/innocentia-inviolata.fr\/en\/#website","url":"https:\/\/innocentia-inviolata.fr\/en\/","name":"INNOCENTIA INVIOLATA","description":"Direction C\u00e9line Nogueira","publisher":{"@id":"https:\/\/innocentia-inviolata.fr\/en\/#organization"},"potentialAction":[{"@type":"SearchAction","target":{"@type":"EntryPoint","urlTemplate":"https:\/\/innocentia-inviolata.fr\/en\/?s={search_term_string}"},"query-input":"required name=search_term_string"}],"inLanguage":"en-US"},{"@type":"ImageObject","@id":"https:\/\/innocentia-inviolata.fr\/en\/creations\/the-banquet\/#primaryimage","inLanguage":"en-US","url":"https:\/\/innocentia-inviolata.fr\/wp-content\/uploads\/Le-Banquet-Emilie-Pic.jpeg","contentUrl":"https:\/\/innocentia-inviolata.fr\/wp-content\/uploads\/Le-Banquet-Emilie-Pic.jpeg","width":946,"height":1182},{"@type":"WebPage","@id":"https:\/\/innocentia-inviolata.fr\/en\/creations\/the-banquet\/#webpage","url":"https:\/\/innocentia-inviolata.fr\/en\/creations\/the-banquet\/","name":"The Banquet 2024 - INNOCENTIA INVIOLATA","isPartOf":{"@id":"https:\/\/innocentia-inviolata.fr\/en\/#website"},"primaryImageOfPage":{"@id":"https:\/\/innocentia-inviolata.fr\/en\/creations\/the-banquet\/#primaryimage"},"datePublished":"2023-11-05T06:06:34+00:00","dateModified":"2025-09-20T10:11:04+00:00","breadcrumb":{"@id":"https:\/\/innocentia-inviolata.fr\/en\/creations\/the-banquet\/#breadcrumb"},"inLanguage":"en-US","potentialAction":[{"@type":"ReadAction","target":[["https:\/\/innocentia-inviolata.fr\/en\/creations\/the-banquet\/"]]}]},{"@type":"BreadcrumbList","@id":"https:\/\/innocentia-inviolata.fr\/en\/creations\/the-banquet\/#breadcrumb","itemListElement":[{"@type":"ListItem","position":1,"name":"Home","item":"https:\/\/innocentia-inviolata.fr\/en\/"},{"@type":"ListItem","position":2,"name":"ALL productions","item":"https:\/\/innocentia-inviolata.fr\/en\/creations\/"},{"@type":"ListItem","position":3,"name":"The Banquet 2024"}]}]}},"_links":{"self":[{"href":"https:\/\/innocentia-inviolata.fr\/en\/wp-json\/wp\/v2\/pages\/1409"}],"collection":[{"href":"https:\/\/innocentia-inviolata.fr\/en\/wp-json\/wp\/v2\/pages"}],"about":[{"href":"https:\/\/innocentia-inviolata.fr\/en\/wp-json\/wp\/v2\/types\/page"}],"author":[{"embeddable":true,"href":"https:\/\/innocentia-inviolata.fr\/en\/wp-json\/wp\/v2\/users\/2"}],"replies":[{"embeddable":true,"href":"https:\/\/innocentia-inviolata.fr\/en\/wp-json\/wp\/v2\/comments?post=1409"}],"version-history":[{"count":41,"href":"https:\/\/innocentia-inviolata.fr\/en\/wp-json\/wp\/v2\/pages\/1409\/revisions"}],"predecessor-version":[{"id":1974,"href":"https:\/\/innocentia-inviolata.fr\/en\/wp-json\/wp\/v2\/pages\/1409\/revisions\/1974"}],"up":[{"embeddable":true,"href":"https:\/\/innocentia-inviolata.fr\/en\/wp-json\/wp\/v2\/pages\/7"}],"wp:featuredmedia":[{"embeddable":true,"href":"https:\/\/innocentia-inviolata.fr\/en\/wp-json\/wp\/v2\/media\/1484"}],"wp:attachment":[{"href":"https:\/\/innocentia-inviolata.fr\/en\/wp-json\/wp\/v2\/media?parent=1409"}],"wp:term":[{"taxonomy":"category","embeddable":true,"href":"https:\/\/innocentia-inviolata.fr\/en\/wp-json\/wp\/v2\/categories?post=1409"},{"taxonomy":"post_tag","embeddable":true,"href":"https:\/\/innocentia-inviolata.fr\/en\/wp-json\/wp\/v2\/tags?post=1409"}],"curies":[{"name":"wp","href":"https:\/\/api.w.org\/{rel}","templated":true}]}}