{"id":1174,"date":"2022-02-17T08:25:03","date_gmt":"2022-02-17T08:25:03","guid":{"rendered":"https:\/\/innocentia-inviolata.fr\/en\/?page_id=1174"},"modified":"2025-11-04T10:38:58","modified_gmt":"2025-11-04T10:38:58","slug":"american-theatre-project","status":"publish","type":"page","link":"https:\/\/innocentia-inviolata.fr\/en\/training-courses-workshops-coaching\/american-theatre-project\/","title":{"rendered":"American Theatre Project"},"content":{"rendered":"<p><\/p>\n<p data-start=\"115\" data-end=\"317\">Produced by Innocentia Inviolata, <strong data-start=\"115\" data-end=\"143\">American Theatre Project<\/strong> is an invitation to explore American Realism. It was born in 2016 at the invitation of professor \u00c9meline Jouve and the University of Toulouse\u2013Jean Jaur\u00e8s to C\u00e9line Nogueira who imagines a series of events to explore American Realism on stage and on screen.<\/p>\n<p data-start=\"319\" data-end=\"955\">On this occasion, C\u00e9line Nogueira chooses New York\u2013based choreographer <strong data-start=\"445\" data-end=\"460\">Fay Simpson and<\/strong>\u00a0long-time creative partner of <em data-start=\"493\" data-end=\"515\">Innocentia Inviolata<\/em>\u2014as guest of honour , and curated a rich programme including a <strong data-start=\"557\" data-end=\"580\">Lucid Body workshop<\/strong> in collaboration with the <strong data-start=\"607\" data-end=\"644\">James Carl\u00e8s Choreographic Center<\/strong>, a <strong data-start=\"648\" data-end=\"675\">\u201cMethod Acting\u201d weekend<\/strong> with <strong data-start=\"681\" data-end=\"712\">La Cin\u00e9math\u00e8que de Toulouse<\/strong>, and an exceptional conversation with <strong data-start=\"770\" data-end=\"785\">Fay Simpson<\/strong>, and <strong data-start=\"791\" data-end=\"808\">Patrick Pezin<\/strong> hosted by <strong data-start=\"751\" data-end=\"768\">Gilles Gonord <\/strong>at the bookstore <em data-start=\"833\" data-end=\"853\">Oh Les Beaux Jours<\/em>. She also selected the guest artists for the scholarly day \u201cRealism: Tradition or Transgression?\u201d<\/p>\n<p data-start=\"957\" data-end=\"1276\">C\u00e9line Nogueira renewed the experience in 2017 leading a <strong data-start=\"1024\" data-end=\"1054\">research-creation workshop<\/strong> centred on <em data-start=\"1066\" data-end=\"1075\">Trifles<\/em> by <strong data-start=\"1079\" data-end=\"1097\">Susan Glaspell<\/strong>, in collaboration with the trainees of <em data-start=\"1137\" data-end=\"1159\">Innocentia Inviolata<\/em>, as well as an acting &amp; movement<strong data-start=\"1174\" data-end=\"1195\">\u00a0workshop<\/strong> conducted by <strong data-start=\"1209\" data-end=\"1225\">James Carl\u00e8s<\/strong>, <strong data-start=\"1227\" data-end=\"1245\">Michel Mathieu<\/strong>, and <strong data-start=\"1251\" data-end=\"1275\">Hans Echnaton Schano<\/strong>.<\/p>\n<p>Artistic director : C\u00e9line Nogueira<\/p>\n<p>Scientific director (symposiums) : \u00c9meline Jouve<\/p>\n<p><img loading=\"lazy\" class=\"alignnone size-medium wp-image-1333\" src=\"https:\/\/innocentia-inviolata.fr\/wp-content\/uploads\/ATP-program-1-410x295.jpeg\" alt=\"\" width=\"410\" height=\"295\" srcset=\"https:\/\/innocentia-inviolata.fr\/wp-content\/uploads\/ATP-program-1-410x295.jpeg 410w, https:\/\/innocentia-inviolata.fr\/wp-content\/uploads\/ATP-program-1-1024x736.jpeg 1024w, https:\/\/innocentia-inviolata.fr\/wp-content\/uploads\/ATP-program-1-768x552.jpeg 768w, https:\/\/innocentia-inviolata.fr\/wp-content\/uploads\/ATP-program-1-1536x1103.jpeg 1536w, https:\/\/innocentia-inviolata.fr\/wp-content\/uploads\/ATP-program-1.jpeg 1825w\" sizes=\"(max-width: 410px) 100vw, 410px\" \/><\/p>\n<address>\n<address><a href=\"https:\/\/www.radiofrance.fr\/franceculture\/method-acting-une-immersion-dans-l-univers-du-jeu-realiste-americain-a-l-ecran-1776006\" target=\"_blank\" rel=\"noopener\">France Culture : Immersion dans le jeu r\u00e9aliste am\u00e9ricain<\/a><\/address>\n<address>\u00a0<\/address>\n<address><a href=\"https:\/\/www.ladepeche.fr\/article\/2016\/05\/31\/2355709-tout-sur-le-realisme-americain.html\" target=\"_blank\" rel=\"noopener\">La D\u00e9p\u00eache \u2013 Tout sur le r\u00e9alisme am\u00e9ricain <\/a><\/address>\n<address>\u00a0<\/address>\n<address><a href=\"https:\/\/innocentia-inviolata.fr\/wp-content\/uploads\/INTRAMUROS-Cine%CC%81mathe%CC%80que.pdf\" target=\"_blank\" rel=\"noopener\">INTRAMUROS American Theatre Project \u2013 La Cine\u0301mathe\u0300que de Toulouse<\/a>\u00a0<\/address>\n<address>\u00a0<\/address>\n<address><a href=\"https:\/\/journals.openedition.org\/miranda\/9607\" target=\"_blank\" rel=\"noopener\">Zoom sur le Weekend Method Acting<\/a> avec Franck Lubet &amp; C\u00e9line Nogueira<\/address>\n<address>\u00a0<\/address>\n<address>\u00a0<\/address>\n<\/address>\n<address>\n<address><a href=\"http:\/\/web.archive.org\/web\/20180818090057\/http:\/\/innocentia-inviolata.com\/v2_wp_html5\/wp-content\/uploads\/IMG_8825.jpg\"><img loading=\"lazy\" src=\"http:\/\/web.archive.org\/web\/20180818090057im_\/http:\/\/innocentia-inviolata.com\/v2_wp_html5\/wp-content\/uploads\/IMG_8825-410x410.jpg\" alt=\"IMG_8825\" width=\"410\" height=\"410\" \/><\/a><\/p>\n<address>\u00a0<\/address>\n<address>Lucid Body Workshops<\/address>\n<address><img loading=\"lazy\" class=\"alignnone wp-image-2030\" src=\"https:\/\/innocentia-inviolata.fr\/wp-content\/uploads\/ATP-JE-STage-23-273x410.jpg\" alt=\"\" width=\"114\" height=\"171\" srcset=\"https:\/\/innocentia-inviolata.fr\/wp-content\/uploads\/ATP-JE-STage-23-273x410.jpg 273w, https:\/\/innocentia-inviolata.fr\/wp-content\/uploads\/ATP-JE-STage-23-683x1024.jpg 683w, https:\/\/innocentia-inviolata.fr\/wp-content\/uploads\/ATP-JE-STage-23-768x1152.jpg 768w, https:\/\/innocentia-inviolata.fr\/wp-content\/uploads\/ATP-JE-STage-23-1024x1536.jpg 1024w, https:\/\/innocentia-inviolata.fr\/wp-content\/uploads\/ATP-JE-STage-23.jpg 1365w\" sizes=\"(max-width: 114px) 100vw, 114px\" \/> <img loading=\"lazy\" class=\"alignnone wp-image-2033\" src=\"https:\/\/innocentia-inviolata.fr\/wp-content\/uploads\/ATP-JE-STage-26-410x273.jpg\" alt=\"\" width=\"255\" height=\"170\" srcset=\"https:\/\/innocentia-inviolata.fr\/wp-content\/uploads\/ATP-JE-STage-26-410x273.jpg 410w, https:\/\/innocentia-inviolata.fr\/wp-content\/uploads\/ATP-JE-STage-26-1024x683.jpg 1024w, https:\/\/innocentia-inviolata.fr\/wp-content\/uploads\/ATP-JE-STage-26-768x512.jpg 768w, https:\/\/innocentia-inviolata.fr\/wp-content\/uploads\/ATP-JE-STage-26-1536x1024.jpg 1536w, https:\/\/innocentia-inviolata.fr\/wp-content\/uploads\/ATP-JE-STage-26.jpg 2048w\" sizes=\"(max-width: 255px) 100vw, 255px\" \/> <img loading=\"lazy\" class=\"alignnone wp-image-2037\" src=\"https:\/\/innocentia-inviolata.fr\/wp-content\/uploads\/ATP-JE-STage-31-410x273.jpg\" alt=\"\" width=\"254\" height=\"169\" srcset=\"https:\/\/innocentia-inviolata.fr\/wp-content\/uploads\/ATP-JE-STage-31-410x273.jpg 410w, https:\/\/innocentia-inviolata.fr\/wp-content\/uploads\/ATP-JE-STage-31-1024x683.jpg 1024w, https:\/\/innocentia-inviolata.fr\/wp-content\/uploads\/ATP-JE-STage-31-768x512.jpg 768w, https:\/\/innocentia-inviolata.fr\/wp-content\/uploads\/ATP-JE-STage-31-1536x1024.jpg 1536w, https:\/\/innocentia-inviolata.fr\/wp-content\/uploads\/ATP-JE-STage-31.jpg 2048w\" sizes=\"(max-width: 254px) 100vw, 254px\" \/> <img loading=\"lazy\" class=\"alignnone wp-image-2039\" src=\"https:\/\/innocentia-inviolata.fr\/wp-content\/uploads\/ATP-JE-STage-34-410x273.jpg\" alt=\"\" width=\"254\" height=\"169\" srcset=\"https:\/\/innocentia-inviolata.fr\/wp-content\/uploads\/ATP-JE-STage-34-410x273.jpg 410w, https:\/\/innocentia-inviolata.fr\/wp-content\/uploads\/ATP-JE-STage-34-1024x683.jpg 1024w, https:\/\/innocentia-inviolata.fr\/wp-content\/uploads\/ATP-JE-STage-34-768x512.jpg 768w, https:\/\/innocentia-inviolata.fr\/wp-content\/uploads\/ATP-JE-STage-34-1536x1024.jpg 1536w, https:\/\/innocentia-inviolata.fr\/wp-content\/uploads\/ATP-JE-STage-34.jpg 2048w\" sizes=\"(max-width: 254px) 100vw, 254px\" \/>\u00a0<img loading=\"lazy\" class=\"alignnone wp-image-2046\" src=\"https:\/\/innocentia-inviolata.fr\/wp-content\/uploads\/ATP-Ouverture-2-410x284.jpg\" alt=\"\" width=\"375\" height=\"260\" srcset=\"https:\/\/innocentia-inviolata.fr\/wp-content\/uploads\/ATP-Ouverture-2-410x284.jpg 410w, https:\/\/innocentia-inviolata.fr\/wp-content\/uploads\/ATP-Ouverture-2-1024x710.jpg 1024w, https:\/\/innocentia-inviolata.fr\/wp-content\/uploads\/ATP-Ouverture-2-768x533.jpg 768w, https:\/\/innocentia-inviolata.fr\/wp-content\/uploads\/ATP-Ouverture-2-1536x1065.jpg 1536w, https:\/\/innocentia-inviolata.fr\/wp-content\/uploads\/ATP-Ouverture-2.jpg 2048w\" sizes=\"(max-width: 375px) 100vw, 375px\" \/> <img loading=\"lazy\" class=\"alignnone wp-image-2047\" src=\"https:\/\/innocentia-inviolata.fr\/wp-content\/uploads\/ATP-Ouverture-4-410x273.jpg\" alt=\"\" width=\"387\" height=\"258\" srcset=\"https:\/\/innocentia-inviolata.fr\/wp-content\/uploads\/ATP-Ouverture-4-410x273.jpg 410w, https:\/\/innocentia-inviolata.fr\/wp-content\/uploads\/ATP-Ouverture-4-1024x683.jpg 1024w, https:\/\/innocentia-inviolata.fr\/wp-content\/uploads\/ATP-Ouverture-4-768x512.jpg 768w, https:\/\/innocentia-inviolata.fr\/wp-content\/uploads\/ATP-Ouverture-4-1536x1024.jpg 1536w, https:\/\/innocentia-inviolata.fr\/wp-content\/uploads\/ATP-Ouverture-4.jpg 2048w\" sizes=\"(max-width: 387px) 100vw, 387px\" \/> <img loading=\"lazy\" class=\"alignnone wp-image-2048\" src=\"https:\/\/innocentia-inviolata.fr\/wp-content\/uploads\/ATP-Ouverture-5-273x410.jpg\" alt=\"\" width=\"175\" height=\"263\" srcset=\"https:\/\/innocentia-inviolata.fr\/wp-content\/uploads\/ATP-Ouverture-5-273x410.jpg 273w, https:\/\/innocentia-inviolata.fr\/wp-content\/uploads\/ATP-Ouverture-5-683x1024.jpg 683w, https:\/\/innocentia-inviolata.fr\/wp-content\/uploads\/ATP-Ouverture-5-768x1152.jpg 768w, https:\/\/innocentia-inviolata.fr\/wp-content\/uploads\/ATP-Ouverture-5-1024x1536.jpg 1024w, https:\/\/innocentia-inviolata.fr\/wp-content\/uploads\/ATP-Ouverture-5.jpg 1365w\" sizes=\"(max-width: 175px) 100vw, 175px\" \/><img loading=\"lazy\" class=\"alignnone wp-image-2044\" src=\"https:\/\/innocentia-inviolata.fr\/wp-content\/uploads\/ATP-Ouverture--410x410.jpg\" alt=\"\" width=\"184\" height=\"184\" srcset=\"https:\/\/innocentia-inviolata.fr\/wp-content\/uploads\/ATP-Ouverture--410x410.jpg 410w, https:\/\/innocentia-inviolata.fr\/wp-content\/uploads\/ATP-Ouverture--1024x1024.jpg 1024w, https:\/\/innocentia-inviolata.fr\/wp-content\/uploads\/ATP-Ouverture--300x300.jpg 300w, https:\/\/innocentia-inviolata.fr\/wp-content\/uploads\/ATP-Ouverture--768x768.jpg 768w, https:\/\/innocentia-inviolata.fr\/wp-content\/uploads\/ATP-Ouverture-.jpg 1080w\" sizes=\"(max-width: 184px) 100vw, 184px\" \/><\/address>\n<\/address>\n<address>\n<address>\u00a0<\/address>\n<h6><\/h6>\n<p><img loading=\"lazy\" class=\"alignnone size-medium wp-image-1335\" src=\"https:\/\/innocentia-inviolata.fr\/wp-content\/uploads\/ATP-program-410x290.jpeg\" alt=\"\" width=\"410\" height=\"290\" srcset=\"https:\/\/innocentia-inviolata.fr\/wp-content\/uploads\/ATP-program-410x290.jpeg 410w, https:\/\/innocentia-inviolata.fr\/wp-content\/uploads\/ATP-program-1024x724.jpeg 1024w, https:\/\/innocentia-inviolata.fr\/wp-content\/uploads\/ATP-program-768x543.jpeg 768w, https:\/\/innocentia-inviolata.fr\/wp-content\/uploads\/ATP-program-1536x1086.jpeg 1536w, https:\/\/innocentia-inviolata.fr\/wp-content\/uploads\/ATP-program.jpeg 2048w\" sizes=\"(max-width: 410px) 100vw, 410px\" \/><\/p>\n<p>Symposium<\/p>\n<\/address>\n<\/address>\n<p>&nbsp;<\/p>\n<address>\u00a0<\/address>\n<address>\n<address>\u00a0<\/address>\n<\/address>\n<p><\/p>","protected":false},"excerpt":{"rendered":"<p>Produced by Innocentia Inviolata, American Theatre Project is an invitation to explore American Realism. It was born in 2016 at the invitation of professor \u00c9meline Jouve and the University of Toulouse\u2013Jean Jaur\u00e8s to C\u00e9line Nogueira who imagines a series of events to explore American Realism on stage and on screen. On this occasion, C\u00e9line Nogueira&nbsp;<a href=\"https:\/\/innocentia-inviolata.fr\/en\/training-courses-workshops-coaching\/american-theatre-project\/\">Read more<\/a><\/p>\n","protected":false},"author":2,"featured_media":0,"parent":44,"menu_order":4,"comment_status":"closed","ping_status":"closed","template":"","meta":[],"categories":[],"tags":[],"yoast_head":"<!-- This site is optimized with the Yoast SEO plugin v18.1 - https:\/\/yoast.com\/wordpress\/plugins\/seo\/ -->\n<meta name=\"robots\" content=\"index, follow, max-snippet:-1, max-image-preview:large, max-video-preview:-1\" \/>\n<link rel=\"canonical\" href=\"https:\/\/innocentia-inviolata.fr\/en\/training-courses-workshops-coaching\/american-theatre-project\/\" \/>\n<meta property=\"og:locale\" content=\"en_US\" \/>\n<meta property=\"og:type\" content=\"article\" \/>\n<meta property=\"og:title\" content=\"American Theatre Project - INNOCENTIA INVIOLATA\" \/>\n<meta property=\"og:description\" content=\"Produced by Innocentia Inviolata, American Theatre Project is an invitation to explore American Realism. It was born in 2016 at the invitation of professor \u00c9meline Jouve and the University of Toulouse\u2013Jean Jaur\u00e8s to C\u00e9line Nogueira who imagines a series of events to explore American Realism on stage and on screen. On this occasion, C\u00e9line Nogueira&nbsp;Read more\" \/>\n<meta property=\"og:url\" content=\"https:\/\/innocentia-inviolata.fr\/en\/training-courses-workshops-coaching\/american-theatre-project\/\" \/>\n<meta property=\"og:site_name\" content=\"INNOCENTIA INVIOLATA\" \/>\n<meta property=\"article:publisher\" content=\"https:\/\/fr-fr.facebook.com\/innocentia.inviolata.9\" \/>\n<meta property=\"article:modified_time\" content=\"2025-11-04T10:38:58+00:00\" \/>\n<meta property=\"og:image\" content=\"https:\/\/innocentia-inviolata.fr\/wp-content\/uploads\/ATP-program-1-410x295.jpeg\" \/>\n<meta name=\"twitter:card\" content=\"summary_large_image\" \/>\n<meta name=\"twitter:label1\" content=\"Est. reading time\" \/>\n\t<meta name=\"twitter:data1\" content=\"4 minutes\" \/>\n<script type=\"application\/ld+json\" class=\"yoast-schema-graph\">{\"@context\":\"https:\/\/schema.org\",\"@graph\":[{\"@type\":\"Organization\",\"@id\":\"https:\/\/innocentia-inviolata.fr\/en\/#organization\",\"name\":\"Innocentia Inviolata\",\"url\":\"https:\/\/innocentia-inviolata.fr\/en\/\",\"sameAs\":[\"https:\/\/fr-fr.facebook.com\/innocentia.inviolata.9\"],\"logo\":{\"@type\":\"ImageObject\",\"@id\":\"https:\/\/innocentia-inviolata.fr\/en\/#logo\",\"inLanguage\":\"en-US\",\"url\":\"https:\/\/innocentia-inviolata.fr\/wp-content\/uploads\/screenshot.png\",\"contentUrl\":\"https:\/\/innocentia-inviolata.fr\/wp-content\/uploads\/screenshot.png\",\"width\":300,\"height\":225,\"caption\":\"Innocentia Inviolata\"},\"image\":{\"@id\":\"https:\/\/innocentia-inviolata.fr\/en\/#logo\"}},{\"@type\":\"WebSite\",\"@id\":\"https:\/\/innocentia-inviolata.fr\/en\/#website\",\"url\":\"https:\/\/innocentia-inviolata.fr\/en\/\",\"name\":\"INNOCENTIA INVIOLATA\",\"description\":\"Direction C\u00e9line Nogueira\",\"publisher\":{\"@id\":\"https:\/\/innocentia-inviolata.fr\/en\/#organization\"},\"potentialAction\":[{\"@type\":\"SearchAction\",\"target\":{\"@type\":\"EntryPoint\",\"urlTemplate\":\"https:\/\/innocentia-inviolata.fr\/en\/?s={search_term_string}\"},\"query-input\":\"required name=search_term_string\"}],\"inLanguage\":\"en-US\"},{\"@type\":\"ImageObject\",\"@id\":\"https:\/\/innocentia-inviolata.fr\/en\/training-courses-workshops-coaching\/american-theatre-project\/#primaryimage\",\"inLanguage\":\"en-US\",\"url\":\"https:\/\/innocentia-inviolata.fr\/wp-content\/uploads\/ATP-program-1.jpeg\",\"contentUrl\":\"https:\/\/innocentia-inviolata.fr\/wp-content\/uploads\/ATP-program-1.jpeg\",\"width\":1825,\"height\":1311},{\"@type\":\"WebPage\",\"@id\":\"https:\/\/innocentia-inviolata.fr\/en\/training-courses-workshops-coaching\/american-theatre-project\/#webpage\",\"url\":\"https:\/\/innocentia-inviolata.fr\/en\/training-courses-workshops-coaching\/american-theatre-project\/\",\"name\":\"American Theatre Project - INNOCENTIA INVIOLATA\",\"isPartOf\":{\"@id\":\"https:\/\/innocentia-inviolata.fr\/en\/#website\"},\"primaryImageOfPage\":{\"@id\":\"https:\/\/innocentia-inviolata.fr\/en\/training-courses-workshops-coaching\/american-theatre-project\/#primaryimage\"},\"datePublished\":\"2022-02-17T08:25:03+00:00\",\"dateModified\":\"2025-11-04T10:38:58+00:00\",\"breadcrumb\":{\"@id\":\"https:\/\/innocentia-inviolata.fr\/en\/training-courses-workshops-coaching\/american-theatre-project\/#breadcrumb\"},\"inLanguage\":\"en-US\",\"potentialAction\":[{\"@type\":\"ReadAction\",\"target\":[[\"https:\/\/innocentia-inviolata.fr\/en\/training-courses-workshops-coaching\/american-theatre-project\/\"]]}]},{\"@type\":\"BreadcrumbList\",\"@id\":\"https:\/\/innocentia-inviolata.fr\/en\/training-courses-workshops-coaching\/american-theatre-project\/#breadcrumb\",\"itemListElement\":[{\"@type\":\"ListItem\",\"position\":1,\"name\":\"Home\",\"item\":\"https:\/\/innocentia-inviolata.fr\/en\/\"},{\"@type\":\"ListItem\",\"position\":2,\"name\":\"International Training Program\",\"item\":\"https:\/\/innocentia-inviolata.fr\/en\/training-courses-workshops-coaching\/\"},{\"@type\":\"ListItem\",\"position\":3,\"name\":\"American Theatre Project\"}]}]}<\/script>\n<!-- \/ Yoast SEO plugin. -->","yoast_head_json":{"robots":{"index":"index","follow":"follow","max-snippet":"max-snippet:-1","max-image-preview":"max-image-preview:large","max-video-preview":"max-video-preview:-1"},"canonical":"https:\/\/innocentia-inviolata.fr\/en\/training-courses-workshops-coaching\/american-theatre-project\/","og_locale":"en_US","og_type":"article","og_title":"American Theatre Project - INNOCENTIA INVIOLATA","og_description":"Produced by Innocentia Inviolata, American Theatre Project is an invitation to explore American Realism. It was born in 2016 at the invitation of professor \u00c9meline Jouve and the University of Toulouse\u2013Jean Jaur\u00e8s to C\u00e9line Nogueira who imagines a series of events to explore American Realism on stage and on screen. On this occasion, C\u00e9line Nogueira&nbsp;Read more","og_url":"https:\/\/innocentia-inviolata.fr\/en\/training-courses-workshops-coaching\/american-theatre-project\/","og_site_name":"INNOCENTIA INVIOLATA","article_publisher":"https:\/\/fr-fr.facebook.com\/innocentia.inviolata.9","article_modified_time":"2025-11-04T10:38:58+00:00","og_image":[{"url":"https:\/\/innocentia-inviolata.fr\/wp-content\/uploads\/ATP-program-1-410x295.jpeg"}],"twitter_card":"summary_large_image","twitter_misc":{"Est. reading time":"4 minutes"},"schema":{"@context":"https:\/\/schema.org","@graph":[{"@type":"Organization","@id":"https:\/\/innocentia-inviolata.fr\/en\/#organization","name":"Innocentia Inviolata","url":"https:\/\/innocentia-inviolata.fr\/en\/","sameAs":["https:\/\/fr-fr.facebook.com\/innocentia.inviolata.9"],"logo":{"@type":"ImageObject","@id":"https:\/\/innocentia-inviolata.fr\/en\/#logo","inLanguage":"en-US","url":"https:\/\/innocentia-inviolata.fr\/wp-content\/uploads\/screenshot.png","contentUrl":"https:\/\/innocentia-inviolata.fr\/wp-content\/uploads\/screenshot.png","width":300,"height":225,"caption":"Innocentia Inviolata"},"image":{"@id":"https:\/\/innocentia-inviolata.fr\/en\/#logo"}},{"@type":"WebSite","@id":"https:\/\/innocentia-inviolata.fr\/en\/#website","url":"https:\/\/innocentia-inviolata.fr\/en\/","name":"INNOCENTIA INVIOLATA","description":"Direction C\u00e9line Nogueira","publisher":{"@id":"https:\/\/innocentia-inviolata.fr\/en\/#organization"},"potentialAction":[{"@type":"SearchAction","target":{"@type":"EntryPoint","urlTemplate":"https:\/\/innocentia-inviolata.fr\/en\/?s={search_term_string}"},"query-input":"required name=search_term_string"}],"inLanguage":"en-US"},{"@type":"ImageObject","@id":"https:\/\/innocentia-inviolata.fr\/en\/training-courses-workshops-coaching\/american-theatre-project\/#primaryimage","inLanguage":"en-US","url":"https:\/\/innocentia-inviolata.fr\/wp-content\/uploads\/ATP-program-1.jpeg","contentUrl":"https:\/\/innocentia-inviolata.fr\/wp-content\/uploads\/ATP-program-1.jpeg","width":1825,"height":1311},{"@type":"WebPage","@id":"https:\/\/innocentia-inviolata.fr\/en\/training-courses-workshops-coaching\/american-theatre-project\/#webpage","url":"https:\/\/innocentia-inviolata.fr\/en\/training-courses-workshops-coaching\/american-theatre-project\/","name":"American Theatre Project - INNOCENTIA INVIOLATA","isPartOf":{"@id":"https:\/\/innocentia-inviolata.fr\/en\/#website"},"primaryImageOfPage":{"@id":"https:\/\/innocentia-inviolata.fr\/en\/training-courses-workshops-coaching\/american-theatre-project\/#primaryimage"},"datePublished":"2022-02-17T08:25:03+00:00","dateModified":"2025-11-04T10:38:58+00:00","breadcrumb":{"@id":"https:\/\/innocentia-inviolata.fr\/en\/training-courses-workshops-coaching\/american-theatre-project\/#breadcrumb"},"inLanguage":"en-US","potentialAction":[{"@type":"ReadAction","target":[["https:\/\/innocentia-inviolata.fr\/en\/training-courses-workshops-coaching\/american-theatre-project\/"]]}]},{"@type":"BreadcrumbList","@id":"https:\/\/innocentia-inviolata.fr\/en\/training-courses-workshops-coaching\/american-theatre-project\/#breadcrumb","itemListElement":[{"@type":"ListItem","position":1,"name":"Home","item":"https:\/\/innocentia-inviolata.fr\/en\/"},{"@type":"ListItem","position":2,"name":"International Training Program","item":"https:\/\/innocentia-inviolata.fr\/en\/training-courses-workshops-coaching\/"},{"@type":"ListItem","position":3,"name":"American Theatre Project"}]}]}},"_links":{"self":[{"href":"https:\/\/innocentia-inviolata.fr\/en\/wp-json\/wp\/v2\/pages\/1174"}],"collection":[{"href":"https:\/\/innocentia-inviolata.fr\/en\/wp-json\/wp\/v2\/pages"}],"about":[{"href":"https:\/\/innocentia-inviolata.fr\/en\/wp-json\/wp\/v2\/types\/page"}],"author":[{"embeddable":true,"href":"https:\/\/innocentia-inviolata.fr\/en\/wp-json\/wp\/v2\/users\/2"}],"replies":[{"embeddable":true,"href":"https:\/\/innocentia-inviolata.fr\/en\/wp-json\/wp\/v2\/comments?post=1174"}],"version-history":[{"count":89,"href":"https:\/\/innocentia-inviolata.fr\/en\/wp-json\/wp\/v2\/pages\/1174\/revisions"}],"predecessor-version":[{"id":2061,"href":"https:\/\/innocentia-inviolata.fr\/en\/wp-json\/wp\/v2\/pages\/1174\/revisions\/2061"}],"up":[{"embeddable":true,"href":"https:\/\/innocentia-inviolata.fr\/en\/wp-json\/wp\/v2\/pages\/44"}],"wp:attachment":[{"href":"https:\/\/innocentia-inviolata.fr\/en\/wp-json\/wp\/v2\/media?parent=1174"}],"wp:term":[{"taxonomy":"category","embeddable":true,"href":"https:\/\/innocentia-inviolata.fr\/en\/wp-json\/wp\/v2\/categories?post=1174"},{"taxonomy":"post_tag","embeddable":true,"href":"https:\/\/innocentia-inviolata.fr\/en\/wp-json\/wp\/v2\/tags?post=1174"}],"curies":[{"name":"wp","href":"https:\/\/api.w.org\/{rel}","templated":true}]}}