{"id":1027,"date":"2022-02-02T12:47:21","date_gmt":"2022-02-02T12:47:21","guid":{"rendered":"https:\/\/innocentia-inviolata.fr\/en\/?page_id=1027"},"modified":"2024-10-17T12:48:59","modified_gmt":"2024-10-17T12:48:59","slug":"stella-adler-i-center","status":"publish","type":"page","link":"https:\/\/innocentia-inviolata.fr\/en\/training-courses-workshops-coaching\/stella-adler-i-center\/","title":{"rendered":"STELLA ADLER I-CENTER"},"content":{"rendered":"<p><\/p>\n<p style=\"text-align: center;\">&#8220;<em>C\u00e9line Nogueira is the perfect partner for us. She is a wonderful actress with a very broad understanding of performance, a strong director and theater maker, and a very capable thinker and writer about theater and drama.<\/em>&#8221; &#8211; Tom Oppenheim, director of the <a href=\"https:\/\/stellaadler.com\/center\/stella-adler-i-center\/\" target=\"_blank\" rel=\"noopener\">Stella Adler Studio of Acting in New York<\/a><\/p>\n<p><iframe loading=\"lazy\" title=\"Rencontre avec Jacques Demange et C\u00e9line Nogueira\" width=\"410\" height=\"231\" src=\"https:\/\/www.youtube.com\/embed\/GgCzTlhJU_U?feature=oembed\" frameborder=\"0\" allow=\"accelerometer; autoplay; clipboard-write; encrypted-media; gyroscope; picture-in-picture; web-share\" referrerpolicy=\"strict-origin-when-cross-origin\" allowfullscreen><\/iframe><\/p>\n<p>C\u00e9line Nogueira has started importing the techniques of Stella Adler in France, back in 2002 after completing her training at the Stella Adler Studio in New York.<\/p>\n<p>Not only does she translates the words and their specific definitions, but she also passes on the philosophy and the very art of life which is at the core of the tools, the exercices and the techniques.<\/p>\n<p>Besides her weekly and monthly training-events, she has been transmitting the techniques and her own organic approach through classes, workshops, master classes and conferences at La Cin\u00e9math\u00e8que Toulouse, Th\u00e9\u00e2tre La Cit\u00e9, Conservatoire d&#8217;Art Dramatique de Toulouse, Centre chor\u00e9graphique James Carl\u00e8s, Universit\u00e9 Toulouse Jean Jaur\u00e8s, L&#8217;Universit\u00e9 de Pau et des Pays de l&#8217;Adour , La Sc\u00e8ne Nationale d&#8217;ALBI-Tarn, Th\u00e9\u00e2tre Le Ring, HEC Paris, Inspe La Sorbonne.<\/p>\n<p>She has been teaching and directing <a href=\"https:\/\/innocentia-inviolata.fr\/fr\/creations\/\" target=\"_blank\" rel=\"noopener\">2 movement pieces<\/a> at Stella Adler Studio of New York<\/p>\n<p>Incorporating inputs from different cultures bringing together movement, yoga, voice, sensorial exploration and writing to create a specific approach and understanding of the techniques.<\/p>\n<p>Since 2010, Innocentia Inviolata has partnered with the <a href=\"https:\/\/www.stellaadler.com\/cultural-center\/stella-adler-i-center\/\">Stella Adler Studio of Acting in New York<\/a> to develop and promote acting techniques through <strong>The Stella Adler Center for International Theater Studies and Exchange: I-Center. <\/strong>The Company has received Ron Burrus for 3 original intensive workshops (Paris &amp; Toulouse) led hand in hand with C\u00e9line Nogueira, and aimed at cinema and theatre practices.<\/p>\n<p>C\u00e9line Nogueira has started importing the techniques of Stella Adler in France, back in 2002 after completing her training at the Stella Adler Studio in New York.<\/p>\n<p><a href=\"https:\/\/journals.openedition.org\/miranda\/10082\" target=\"_blank\" rel=\"noopener\">Interview : Getting Personnl with Tom Oppenheim, dir of the Stella Adler Studio of Acting\u00a0<\/a><\/p>\n<p><img loading=\"lazy\" class=\"alignnone wp-image-1520\" src=\"https:\/\/innocentia-inviolata.fr\/wp-content\/uploads\/PIC-stage-ron-2-410x328.jpeg\" alt=\"\" width=\"325\" height=\"260\" srcset=\"https:\/\/innocentia-inviolata.fr\/wp-content\/uploads\/PIC-stage-ron-2-410x328.jpeg 410w, https:\/\/innocentia-inviolata.fr\/wp-content\/uploads\/PIC-stage-ron-2-1024x819.jpeg 1024w, https:\/\/innocentia-inviolata.fr\/wp-content\/uploads\/PIC-stage-ron-2-768x614.jpeg 768w, https:\/\/innocentia-inviolata.fr\/wp-content\/uploads\/PIC-stage-ron-2-1536x1228.jpeg 1536w, https:\/\/innocentia-inviolata.fr\/wp-content\/uploads\/PIC-stage-ron-2.jpeg 1891w\" sizes=\"(max-width: 325px) 100vw, 325px\" \/><img loading=\"lazy\" class=\"alignnone wp-image-1519\" src=\"https:\/\/innocentia-inviolata.fr\/wp-content\/uploads\/PIC-Stage-ron--410x403.jpeg\" alt=\"\" width=\"267\" height=\"263\" srcset=\"https:\/\/innocentia-inviolata.fr\/wp-content\/uploads\/PIC-Stage-ron--410x403.jpeg 410w, https:\/\/innocentia-inviolata.fr\/wp-content\/uploads\/PIC-Stage-ron--1024x1006.jpeg 1024w, https:\/\/innocentia-inviolata.fr\/wp-content\/uploads\/PIC-Stage-ron--768x755.jpeg 768w, https:\/\/innocentia-inviolata.fr\/wp-content\/uploads\/PIC-Stage-ron--1536x1510.jpeg 1536w, https:\/\/innocentia-inviolata.fr\/wp-content\/uploads\/PIC-Stage-ron-.jpeg 1923w\" sizes=\"(max-width: 267px) 100vw, 267px\" \/><img loading=\"lazy\" class=\"alignnone wp-image-1523\" src=\"https:\/\/innocentia-inviolata.fr\/wp-content\/uploads\/pic-stage-ron-5-410x308.jpeg\" alt=\"\" width=\"347\" height=\"261\" srcset=\"https:\/\/innocentia-inviolata.fr\/wp-content\/uploads\/pic-stage-ron-5-410x308.jpeg 410w, https:\/\/innocentia-inviolata.fr\/wp-content\/uploads\/pic-stage-ron-5-1024x768.jpeg 1024w, https:\/\/innocentia-inviolata.fr\/wp-content\/uploads\/pic-stage-ron-5-768x576.jpeg 768w, https:\/\/innocentia-inviolata.fr\/wp-content\/uploads\/pic-stage-ron-5-1536x1152.jpeg 1536w, https:\/\/innocentia-inviolata.fr\/wp-content\/uploads\/pic-stage-ron-5.jpeg 2016w\" sizes=\"(max-width: 347px) 100vw, 347px\" \/><img loading=\"lazy\" class=\"alignnone size-medium wp-image-1521\" src=\"https:\/\/innocentia-inviolata.fr\/wp-content\/uploads\/pic-stage-ron-3-273x410.jpeg\" alt=\"\" width=\"273\" height=\"410\" srcset=\"https:\/\/innocentia-inviolata.fr\/wp-content\/uploads\/pic-stage-ron-3-273x410.jpeg 273w, https:\/\/innocentia-inviolata.fr\/wp-content\/uploads\/pic-stage-ron-3-681x1024.jpeg 681w, https:\/\/innocentia-inviolata.fr\/wp-content\/uploads\/pic-stage-ron-3-768x1155.jpeg 768w, https:\/\/innocentia-inviolata.fr\/wp-content\/uploads\/pic-stage-ron-3-1021x1536.jpeg 1021w, https:\/\/innocentia-inviolata.fr\/wp-content\/uploads\/pic-stage-ron-3.jpeg 1360w\" sizes=\"(max-width: 273px) 100vw, 273px\" \/> <img loading=\"lazy\" class=\"alignnone size-medium wp-image-1522\" src=\"https:\/\/innocentia-inviolata.fr\/wp-content\/uploads\/pic-stage-ron-4-273x410.jpeg\" alt=\"\" width=\"273\" height=\"410\" srcset=\"https:\/\/innocentia-inviolata.fr\/wp-content\/uploads\/pic-stage-ron-4-273x410.jpeg 273w, https:\/\/innocentia-inviolata.fr\/wp-content\/uploads\/pic-stage-ron-4-682x1024.jpeg 682w, https:\/\/innocentia-inviolata.fr\/wp-content\/uploads\/pic-stage-ron-4-768x1154.jpeg 768w, https:\/\/innocentia-inviolata.fr\/wp-content\/uploads\/pic-stage-ron-4-1022x1536.jpeg 1022w, https:\/\/innocentia-inviolata.fr\/wp-content\/uploads\/pic-stage-ron-4.jpeg 1362w\" sizes=\"(max-width: 273px) 100vw, 273px\" \/> <img loading=\"lazy\" class=\"\" src=\"https:\/\/scontent.ftls1-1.fna.fbcdn.net\/v\/t31.18172-8\/14753359_10154577598509361_5827101834643099534_o.jpg?_nc_cat=102&amp;ccb=1-7&amp;_nc_sid=13d280&amp;_nc_ohc=iMb3pFjgWroQ7kNvgFDjBpN&amp;_nc_ht=scontent.ftls1-1.fna&amp;oh=00_AYBuPIb52j1fgCItivJgGSp7H3ReNhSAM9TkVxw_ML5SRw&amp;oe=66E58574\" alt=\"Aucune description de photo disponible.\" width=\"284\" height=\"408\" \/><img loading=\"lazy\" class=\"alignnone size-medium wp-image-1025\" src=\"https:\/\/innocentia-inviolata.fr\/wp-content\/uploads\/DSC03961-410x273.jpg\" alt=\"\" width=\"410\" height=\"273\" srcset=\"https:\/\/innocentia-inviolata.fr\/wp-content\/uploads\/DSC03961-410x273.jpg 410w, https:\/\/innocentia-inviolata.fr\/wp-content\/uploads\/DSC03961-1024x682.jpg 1024w, https:\/\/innocentia-inviolata.fr\/wp-content\/uploads\/DSC03961-768x511.jpg 768w, https:\/\/innocentia-inviolata.fr\/wp-content\/uploads\/DSC03961-1536x1022.jpg 1536w, https:\/\/innocentia-inviolata.fr\/wp-content\/uploads\/DSC03961-2048x1363.jpg 2048w\" sizes=\"(max-width: 410px) 100vw, 410px\" \/><img loading=\"lazy\" class=\"alignnone size-medium wp-image-1023\" src=\"https:\/\/innocentia-inviolata.fr\/wp-content\/uploads\/DSC03917-410x273.jpg\" alt=\"\" width=\"410\" height=\"273\" srcset=\"https:\/\/innocentia-inviolata.fr\/wp-content\/uploads\/DSC03917-410x273.jpg 410w, https:\/\/innocentia-inviolata.fr\/wp-content\/uploads\/DSC03917-1024x682.jpg 1024w, https:\/\/innocentia-inviolata.fr\/wp-content\/uploads\/DSC03917-768x511.jpg 768w, https:\/\/innocentia-inviolata.fr\/wp-content\/uploads\/DSC03917-1536x1022.jpg 1536w, https:\/\/innocentia-inviolata.fr\/wp-content\/uploads\/DSC03917-2048x1363.jpg 2048w\" sizes=\"(max-width: 410px) 100vw, 410px\" \/> <img loading=\"lazy\" class=\"alignnone size-medium wp-image-1022\" src=\"https:\/\/innocentia-inviolata.fr\/wp-content\/uploads\/DSC03914-410x273.jpg\" alt=\"\" width=\"410\" height=\"273\" srcset=\"https:\/\/innocentia-inviolata.fr\/wp-content\/uploads\/DSC03914-410x273.jpg 410w, https:\/\/innocentia-inviolata.fr\/wp-content\/uploads\/DSC03914-1024x682.jpg 1024w, https:\/\/innocentia-inviolata.fr\/wp-content\/uploads\/DSC03914-768x511.jpg 768w, https:\/\/innocentia-inviolata.fr\/wp-content\/uploads\/DSC03914-1536x1022.jpg 1536w, https:\/\/innocentia-inviolata.fr\/wp-content\/uploads\/DSC03914-2048x1363.jpg 2048w\" sizes=\"(max-width: 410px) 100vw, 410px\" \/> <img loading=\"lazy\" class=\"alignnone size-medium wp-image-1021\" src=\"https:\/\/innocentia-inviolata.fr\/wp-content\/uploads\/DSC03911-410x273.jpg\" alt=\"\" width=\"410\" height=\"273\" srcset=\"https:\/\/innocentia-inviolata.fr\/wp-content\/uploads\/DSC03911-410x273.jpg 410w, https:\/\/innocentia-inviolata.fr\/wp-content\/uploads\/DSC03911-1024x682.jpg 1024w, https:\/\/innocentia-inviolata.fr\/wp-content\/uploads\/DSC03911-768x511.jpg 768w, https:\/\/innocentia-inviolata.fr\/wp-content\/uploads\/DSC03911-1536x1022.jpg 1536w, https:\/\/innocentia-inviolata.fr\/wp-content\/uploads\/DSC03911-2048x1363.jpg 2048w\" sizes=\"(max-width: 410px) 100vw, 410px\" \/><\/p>","protected":false},"excerpt":{"rendered":"<p>&#8220;C\u00e9line Nogueira is the perfect partner for us. She is a wonderful actress with a very broad understanding of performance, a strong director and theater maker, and a very capable thinker and writer about theater and drama.&#8221; &#8211; Tom Oppenheim, director of the Stella Adler Studio of Acting in New York C\u00e9line Nogueira has started&nbsp;<a href=\"https:\/\/innocentia-inviolata.fr\/en\/training-courses-workshops-coaching\/stella-adler-i-center\/\">Read more<\/a><\/p>\n","protected":false},"author":2,"featured_media":0,"parent":44,"menu_order":1,"comment_status":"closed","ping_status":"closed","template":"","meta":[],"categories":[],"tags":[],"yoast_head":"<!-- This site is optimized with the Yoast SEO plugin v18.1 - https:\/\/yoast.com\/wordpress\/plugins\/seo\/ -->\n<meta name=\"robots\" content=\"index, follow, max-snippet:-1, max-image-preview:large, max-video-preview:-1\" \/>\n<link rel=\"canonical\" href=\"https:\/\/innocentia-inviolata.fr\/en\/training-courses-workshops-coaching\/stella-adler-i-center\/\" \/>\n<meta property=\"og:locale\" content=\"en_US\" \/>\n<meta property=\"og:type\" content=\"article\" \/>\n<meta property=\"og:title\" content=\"STELLA ADLER I-CENTER - INNOCENTIA INVIOLATA\" \/>\n<meta property=\"og:description\" content=\"&#8220;C\u00e9line Nogueira is the perfect partner for us. She is a wonderful actress with a very broad understanding of performance, a strong director and theater maker, and a very capable thinker and writer about theater and drama.&#8221; &#8211; Tom Oppenheim, director of the Stella Adler Studio of Acting in New York C\u00e9line Nogueira has started&nbsp;Read more\" \/>\n<meta property=\"og:url\" content=\"https:\/\/innocentia-inviolata.fr\/en\/training-courses-workshops-coaching\/stella-adler-i-center\/\" \/>\n<meta property=\"og:site_name\" content=\"INNOCENTIA INVIOLATA\" \/>\n<meta property=\"article:publisher\" content=\"https:\/\/fr-fr.facebook.com\/innocentia.inviolata.9\" \/>\n<meta property=\"article:modified_time\" content=\"2024-10-17T12:48:59+00:00\" \/>\n<meta property=\"og:image\" content=\"https:\/\/innocentia-inviolata.fr\/wp-content\/uploads\/PIC-stage-ron-2-410x328.jpeg\" \/>\n<meta name=\"twitter:card\" content=\"summary_large_image\" \/>\n<meta name=\"twitter:label1\" content=\"Est. reading time\" \/>\n\t<meta name=\"twitter:data1\" content=\"4 minutes\" \/>\n<script type=\"application\/ld+json\" class=\"yoast-schema-graph\">{\"@context\":\"https:\/\/schema.org\",\"@graph\":[{\"@type\":\"Organization\",\"@id\":\"https:\/\/innocentia-inviolata.fr\/en\/#organization\",\"name\":\"Innocentia Inviolata\",\"url\":\"https:\/\/innocentia-inviolata.fr\/en\/\",\"sameAs\":[\"https:\/\/fr-fr.facebook.com\/innocentia.inviolata.9\"],\"logo\":{\"@type\":\"ImageObject\",\"@id\":\"https:\/\/innocentia-inviolata.fr\/en\/#logo\",\"inLanguage\":\"en-US\",\"url\":\"https:\/\/innocentia-inviolata.fr\/wp-content\/uploads\/screenshot.png\",\"contentUrl\":\"https:\/\/innocentia-inviolata.fr\/wp-content\/uploads\/screenshot.png\",\"width\":300,\"height\":225,\"caption\":\"Innocentia Inviolata\"},\"image\":{\"@id\":\"https:\/\/innocentia-inviolata.fr\/en\/#logo\"}},{\"@type\":\"WebSite\",\"@id\":\"https:\/\/innocentia-inviolata.fr\/en\/#website\",\"url\":\"https:\/\/innocentia-inviolata.fr\/en\/\",\"name\":\"INNOCENTIA INVIOLATA\",\"description\":\"Direction C\u00e9line Nogueira\",\"publisher\":{\"@id\":\"https:\/\/innocentia-inviolata.fr\/en\/#organization\"},\"potentialAction\":[{\"@type\":\"SearchAction\",\"target\":{\"@type\":\"EntryPoint\",\"urlTemplate\":\"https:\/\/innocentia-inviolata.fr\/en\/?s={search_term_string}\"},\"query-input\":\"required name=search_term_string\"}],\"inLanguage\":\"en-US\"},{\"@type\":\"ImageObject\",\"@id\":\"https:\/\/innocentia-inviolata.fr\/en\/training-courses-workshops-coaching\/stella-adler-i-center\/#primaryimage\",\"inLanguage\":\"en-US\",\"url\":\"https:\/\/innocentia-inviolata.fr\/wp-content\/uploads\/PIC-stage-ron-2.jpeg\",\"contentUrl\":\"https:\/\/innocentia-inviolata.fr\/wp-content\/uploads\/PIC-stage-ron-2.jpeg\",\"width\":1891,\"height\":1512},{\"@type\":\"WebPage\",\"@id\":\"https:\/\/innocentia-inviolata.fr\/en\/training-courses-workshops-coaching\/stella-adler-i-center\/#webpage\",\"url\":\"https:\/\/innocentia-inviolata.fr\/en\/training-courses-workshops-coaching\/stella-adler-i-center\/\",\"name\":\"STELLA ADLER I-CENTER - INNOCENTIA INVIOLATA\",\"isPartOf\":{\"@id\":\"https:\/\/innocentia-inviolata.fr\/en\/#website\"},\"primaryImageOfPage\":{\"@id\":\"https:\/\/innocentia-inviolata.fr\/en\/training-courses-workshops-coaching\/stella-adler-i-center\/#primaryimage\"},\"datePublished\":\"2022-02-02T12:47:21+00:00\",\"dateModified\":\"2024-10-17T12:48:59+00:00\",\"breadcrumb\":{\"@id\":\"https:\/\/innocentia-inviolata.fr\/en\/training-courses-workshops-coaching\/stella-adler-i-center\/#breadcrumb\"},\"inLanguage\":\"en-US\",\"potentialAction\":[{\"@type\":\"ReadAction\",\"target\":[[\"https:\/\/innocentia-inviolata.fr\/en\/training-courses-workshops-coaching\/stella-adler-i-center\/\"]]}]},{\"@type\":\"BreadcrumbList\",\"@id\":\"https:\/\/innocentia-inviolata.fr\/en\/training-courses-workshops-coaching\/stella-adler-i-center\/#breadcrumb\",\"itemListElement\":[{\"@type\":\"ListItem\",\"position\":1,\"name\":\"Home\",\"item\":\"https:\/\/innocentia-inviolata.fr\/en\/\"},{\"@type\":\"ListItem\",\"position\":2,\"name\":\"International Training Program\",\"item\":\"https:\/\/innocentia-inviolata.fr\/en\/training-courses-workshops-coaching\/\"},{\"@type\":\"ListItem\",\"position\":3,\"name\":\"STELLA ADLER I-CENTER\"}]}]}<\/script>\n<!-- \/ Yoast SEO plugin. -->","yoast_head_json":{"robots":{"index":"index","follow":"follow","max-snippet":"max-snippet:-1","max-image-preview":"max-image-preview:large","max-video-preview":"max-video-preview:-1"},"canonical":"https:\/\/innocentia-inviolata.fr\/en\/training-courses-workshops-coaching\/stella-adler-i-center\/","og_locale":"en_US","og_type":"article","og_title":"STELLA ADLER I-CENTER - INNOCENTIA INVIOLATA","og_description":"&#8220;C\u00e9line Nogueira is the perfect partner for us. She is a wonderful actress with a very broad understanding of performance, a strong director and theater maker, and a very capable thinker and writer about theater and drama.&#8221; &#8211; Tom Oppenheim, director of the Stella Adler Studio of Acting in New York C\u00e9line Nogueira has started&nbsp;Read more","og_url":"https:\/\/innocentia-inviolata.fr\/en\/training-courses-workshops-coaching\/stella-adler-i-center\/","og_site_name":"INNOCENTIA INVIOLATA","article_publisher":"https:\/\/fr-fr.facebook.com\/innocentia.inviolata.9","article_modified_time":"2024-10-17T12:48:59+00:00","og_image":[{"url":"https:\/\/innocentia-inviolata.fr\/wp-content\/uploads\/PIC-stage-ron-2-410x328.jpeg"}],"twitter_card":"summary_large_image","twitter_misc":{"Est. reading time":"4 minutes"},"schema":{"@context":"https:\/\/schema.org","@graph":[{"@type":"Organization","@id":"https:\/\/innocentia-inviolata.fr\/en\/#organization","name":"Innocentia Inviolata","url":"https:\/\/innocentia-inviolata.fr\/en\/","sameAs":["https:\/\/fr-fr.facebook.com\/innocentia.inviolata.9"],"logo":{"@type":"ImageObject","@id":"https:\/\/innocentia-inviolata.fr\/en\/#logo","inLanguage":"en-US","url":"https:\/\/innocentia-inviolata.fr\/wp-content\/uploads\/screenshot.png","contentUrl":"https:\/\/innocentia-inviolata.fr\/wp-content\/uploads\/screenshot.png","width":300,"height":225,"caption":"Innocentia Inviolata"},"image":{"@id":"https:\/\/innocentia-inviolata.fr\/en\/#logo"}},{"@type":"WebSite","@id":"https:\/\/innocentia-inviolata.fr\/en\/#website","url":"https:\/\/innocentia-inviolata.fr\/en\/","name":"INNOCENTIA INVIOLATA","description":"Direction C\u00e9line Nogueira","publisher":{"@id":"https:\/\/innocentia-inviolata.fr\/en\/#organization"},"potentialAction":[{"@type":"SearchAction","target":{"@type":"EntryPoint","urlTemplate":"https:\/\/innocentia-inviolata.fr\/en\/?s={search_term_string}"},"query-input":"required name=search_term_string"}],"inLanguage":"en-US"},{"@type":"ImageObject","@id":"https:\/\/innocentia-inviolata.fr\/en\/training-courses-workshops-coaching\/stella-adler-i-center\/#primaryimage","inLanguage":"en-US","url":"https:\/\/innocentia-inviolata.fr\/wp-content\/uploads\/PIC-stage-ron-2.jpeg","contentUrl":"https:\/\/innocentia-inviolata.fr\/wp-content\/uploads\/PIC-stage-ron-2.jpeg","width":1891,"height":1512},{"@type":"WebPage","@id":"https:\/\/innocentia-inviolata.fr\/en\/training-courses-workshops-coaching\/stella-adler-i-center\/#webpage","url":"https:\/\/innocentia-inviolata.fr\/en\/training-courses-workshops-coaching\/stella-adler-i-center\/","name":"STELLA ADLER I-CENTER - INNOCENTIA INVIOLATA","isPartOf":{"@id":"https:\/\/innocentia-inviolata.fr\/en\/#website"},"primaryImageOfPage":{"@id":"https:\/\/innocentia-inviolata.fr\/en\/training-courses-workshops-coaching\/stella-adler-i-center\/#primaryimage"},"datePublished":"2022-02-02T12:47:21+00:00","dateModified":"2024-10-17T12:48:59+00:00","breadcrumb":{"@id":"https:\/\/innocentia-inviolata.fr\/en\/training-courses-workshops-coaching\/stella-adler-i-center\/#breadcrumb"},"inLanguage":"en-US","potentialAction":[{"@type":"ReadAction","target":[["https:\/\/innocentia-inviolata.fr\/en\/training-courses-workshops-coaching\/stella-adler-i-center\/"]]}]},{"@type":"BreadcrumbList","@id":"https:\/\/innocentia-inviolata.fr\/en\/training-courses-workshops-coaching\/stella-adler-i-center\/#breadcrumb","itemListElement":[{"@type":"ListItem","position":1,"name":"Home","item":"https:\/\/innocentia-inviolata.fr\/en\/"},{"@type":"ListItem","position":2,"name":"International Training Program","item":"https:\/\/innocentia-inviolata.fr\/en\/training-courses-workshops-coaching\/"},{"@type":"ListItem","position":3,"name":"STELLA ADLER I-CENTER"}]}]}},"_links":{"self":[{"href":"https:\/\/innocentia-inviolata.fr\/en\/wp-json\/wp\/v2\/pages\/1027"}],"collection":[{"href":"https:\/\/innocentia-inviolata.fr\/en\/wp-json\/wp\/v2\/pages"}],"about":[{"href":"https:\/\/innocentia-inviolata.fr\/en\/wp-json\/wp\/v2\/types\/page"}],"author":[{"embeddable":true,"href":"https:\/\/innocentia-inviolata.fr\/en\/wp-json\/wp\/v2\/users\/2"}],"replies":[{"embeddable":true,"href":"https:\/\/innocentia-inviolata.fr\/en\/wp-json\/wp\/v2\/comments?post=1027"}],"version-history":[{"count":26,"href":"https:\/\/innocentia-inviolata.fr\/en\/wp-json\/wp\/v2\/pages\/1027\/revisions"}],"predecessor-version":[{"id":1823,"href":"https:\/\/innocentia-inviolata.fr\/en\/wp-json\/wp\/v2\/pages\/1027\/revisions\/1823"}],"up":[{"embeddable":true,"href":"https:\/\/innocentia-inviolata.fr\/en\/wp-json\/wp\/v2\/pages\/44"}],"wp:attachment":[{"href":"https:\/\/innocentia-inviolata.fr\/en\/wp-json\/wp\/v2\/media?parent=1027"}],"wp:term":[{"taxonomy":"category","embeddable":true,"href":"https:\/\/innocentia-inviolata.fr\/en\/wp-json\/wp\/v2\/categories?post=1027"},{"taxonomy":"post_tag","embeddable":true,"href":"https:\/\/innocentia-inviolata.fr\/en\/wp-json\/wp\/v2\/tags?post=1027"}],"curies":[{"name":"wp","href":"https:\/\/api.w.org\/{rel}","templated":true}]}}